{"id":8944,"date":"2024-10-03T19:38:42","date_gmt":"2024-10-03T19:38:42","guid":{"rendered":"https:\/\/alt-edic.eu\/?page_id=8944"},"modified":"2025-01-29T14:36:58","modified_gmt":"2025-01-29T13:36:58","slug":"governance","status":"publish","type":"page","link":"https:\/\/www.alt-edic.eu\/sv\/governance\/","title":{"rendered":"<p>Styrning<\/p>"},"content":{"rendered":"<div data-elementor-type=\"wp-page\" data-elementor-id=\"8944\" class=\"elementor elementor-8944\" data-elementor-post-type=\"page\">\n\t\t\t\t\t\t<section class=\"elementor-section elementor-top-section elementor-element elementor-element-83d6e06 elementor-section-stretched elementor-section-boxed elementor-section-height-default elementor-section-height-default\" data-id=\"83d6e06\" data-element_type=\"section\" data-e-type=\"section\" data-settings='{\"stretch_section\":\"section-stretched\",\"background_background\":\"gradient\"}'>\n\t\t\t\t\t\t<div class=\"elementor-container elementor-column-gap-extended\">\n\t\t\t\t\t<div class=\"elementor-column elementor-col-50 elementor-top-column elementor-element elementor-element-5ad19a07\" data-id=\"5ad19a07\" data-element_type=\"column\" data-e-type=\"column\">\n\t\t\t<div class=\"elementor-widget-wrap elementor-element-populated\">\n\t\t\t\t\t\t<div class=\"elementor-element elementor-element-17b6f034 elementor-widget elementor-widget-heading\" data-id=\"17b6f034\" data-element_type=\"widget\" data-e-type=\"widget\" data-widget_type=\"heading.default\">\n\t\t\t\t<div class=\"elementor-widget-container\">\n\t\t\t\t\t<h1 class=\"elementor-heading-title elementor-size-default\">Styrning<\/h1>\t\t\t\t<\/div>\n\t\t\t\t<\/div>\n\t\t\t\t<div class=\"elementor-element elementor-element-793ec4e6 elementor-widget elementor-widget-text-editor\" data-id=\"793ec4e6\" data-element_type=\"widget\" data-e-type=\"widget\" data-widget_type=\"text-editor.default\">\n\t\t\t\t<div class=\"elementor-widget-container\">\n\t\t\t\t\t\t\t\t\t<p>Alliansen f\u00f6r spr\u00e5kteknologi (ALT-EDIC) \u00e4r en<span style=\"text-decoration: underline; color: #99ccff;\"> <a style=\"color: #99ccff; text-decoration: underline;\" href=\"https:\/\/digital-strategy.ec.europa.eu\/en\/policies\/edic\"><span style=\"color: #ffffff; text-decoration: underline;\">Europeiskt konsortium f\u00f6r digital infrastruktur<\/span><\/a><\/span>, en typ av r\u00e4ttslig struktur som inr\u00e4ttats inom ramen f\u00f6r <span style=\"text-decoration: underline; color: #ffffff;\"><span style=\"text-decoration: underline;\"><a style=\"color: #ffffff; text-decoration: underline;\" href=\"https:\/\/digital-strategy.ec.europa.eu\/en\/library\/digital-decade-policy-programme-2030\">Policyprogrammet f\u00f6r det digitala decenniet 2030<\/a><\/span><\/span>. Den styrs av en medlemsf\u00f6rsamling som best\u00e5r av medlemsstaterna i <span style=\"color: #ffffff;\"><a style=\"color: #ffffff;\" href=\"https:\/\/eur-lex.europa.eu\/EN\/legal-content\/summary\/agreement-on-the-european-economic-area.html\"><span style=\"text-decoration: underline;\">Europeiska ekonomiska samarbetsomr\u00e5det (EES)<\/span><\/a><\/span>&nbsp; och rapporterar till Europeiska kommissionen. <\/p>\t\t\t\t\t\t\t\t<\/div>\n\t\t\t\t<\/div>\n\t\t\t\t\t<\/div>\n\t\t<\/div>\n\t\t\t\t<div class=\"elementor-column elementor-col-50 elementor-top-column elementor-element elementor-element-75c15e62 elementor-hidden-tablet elementor-hidden-phone\" data-id=\"75c15e62\" data-element_type=\"column\" data-e-type=\"column\">\n\t\t\t<div class=\"elementor-widget-wrap\">\n\t\t\t\t\t\t\t<\/div>\n\t\t<\/div>\n\t\t\t\t\t<\/div>\n\t\t<\/section>\n\t\t\t\t<section class=\"elementor-section elementor-top-section elementor-element elementor-element-178c1fff elementor-section-stretched elementor-section-boxed elementor-section-height-default elementor-section-height-default\" data-id=\"178c1fff\" data-element_type=\"section\" data-e-type=\"section\" data-settings='{\"stretch_section\":\"section-stretched\"}'>\n\t\t\t\t\t\t<div class=\"elementor-container elementor-column-gap-extended\">\n\t\t\t\t\t<div class=\"elementor-column elementor-col-100 elementor-top-column elementor-element elementor-element-1c5552e\" data-id=\"1c5552e\" data-element_type=\"column\" data-e-type=\"column\">\n\t\t\t<div class=\"elementor-widget-wrap elementor-element-populated\">\n\t\t\t\t\t\t<div class=\"elementor-element elementor-element-4b36844 elementor-widget elementor-widget-text-editor\" data-id=\"4b36844\" data-element_type=\"widget\" data-e-type=\"widget\" data-widget_type=\"text-editor.default\">\n\t\t\t\t<div class=\"elementor-widget-container\">\n\t\t\t\t\t\t\t\t\t<h2>Beslutsfattande och r\u00e5dgivande organ<\/h2><p>Den <strong>Medlemsf\u00f6rsamling<\/strong> (AoM) \u00e4r det styrande organet f\u00f6r ALT-EDIC. Den v\u00e4ljer bland sina medlemmar en ordf\u00f6rande och en vice ordf\u00f6rande. AoM utser direkt\u00f6ren f\u00f6r ALT-EDIC.<\/p><p>Den <strong>Direkt\u00f6r<\/strong> \u00e4r ALT-EDIC:s r\u00e4ttsliga f\u00f6retr\u00e4dare, bedriver sin dagliga verksamhet och ansvarar f\u00f6r att genomf\u00f6ra AoM:s beslut.<\/p><p>Den <strong>Kommitt\u00e9n f\u00f6r strategisk orientering<\/strong>, best\u00e5ende av f\u00f6retr\u00e4dare f\u00f6r ledam\u00f6terna, valda av AoM och ALT-Edic?s <strong>Industrikonsortiet<\/strong>, st\u00f6der AoM och direkt\u00f6ren.<\/p><p>Den <strong>Vetenskaplig och teknisk r\u00e5dgivande n\u00e4mnd<\/strong> och <strong>Juridiska och etiska r\u00e5d<\/strong>, som b\u00e5da best\u00e5r av experter fr\u00e5n relevanta omr\u00e5den, utses av AoM.<\/p><h2>F\u00f6retr\u00e4dare f\u00f6r ALT-EDIC<\/h2><ul><li>Ordf\u00f6rande f\u00f6r AoM: Thibault GROUAS (kommun, CH-GR)<\/li><li>Vice ordf\u00f6rande f\u00f6r AoM: Juan Martinez SAMALEA Ordf\u00f6rande<\/li><\/ul><h2>Referensdokument<\/h2><h3>Kommissionens beslut om inr\u00e4ttande av ALT-EDIC<\/h3><ul><li><a href=\"https:\/\/eur-lex.europa.eu\/eli\/dec_impl\/2024\/458\/oj\">Kommissionens genomf\u00f6randebeslut om inr\u00e4ttande av ett europeiskt konsortium f\u00f6r digital infrastruktur f\u00f6r alliansen f\u00f6r spr\u00e5kteknik (ALT-EDIC)<\/a><\/li><\/ul><h3>ALT-EDIC:s stadgar<\/h3><ul><li><a style=\"color: #000000;\" href=\"https:\/\/alt-edic.eu\/wp-content\/uploads\/2025\/01\/2024-12-17-Adopted-ALT-EDIC-Statutes-v3.0.2.pdf\"><u>Engelskspr\u00e5kig version<\/u><\/a><\/li><li><a style=\"color: #000000;\" href=\"https:\/\/alt-edic.eu\/wp-content\/uploads\/2025\/01\/2024-12-17-Adopted-ALT-EDIC-Statutes-v3.0.2-FR.pdf\"><u>Franska versionen<\/u><\/a><\/li><\/ul><h3>ALT-EDIC AoM-resolutioner<\/h3><ul><li><span style=\"text-decoration: underline;\"><a style=\"outline: 0px;\" href=\"https:\/\/alt-edic.eu\/wp-content\/uploads\/2024\/12\/27-09-2024-Adopted-ALT-EDIC-Resolutions.pdf\">Antagen resolution fr\u00e5n ALT-EDIC den 27 september 2024<\/a><\/span><\/li><li><span style=\"text-decoration: underline;\"><a style=\"outline: 0px;\" href=\"https:\/\/alt-edic.eu\/wp-content\/uploads\/2024\/12\/28_08_2024-Adopted-ALT-EDIC-Resolution.pdf\">Antagen resolution fr\u00e5n ALT-EDIC den 28 augusti 2024<\/a><\/span><\/li><li><span style=\"text-decoration: underline;\"><a href=\"https:\/\/alt-edic.eu\/wp-content\/uploads\/2024\/12\/27-05-2024-Adopted-Resolutions.pdf\">Antagen resolution fr\u00e5n ALT-EDIC den 27 maj 2024<\/a><\/span><\/li><li><a href=\"https:\/\/alt-edic.eu\/wp-content\/uploads\/2024\/12\/8_03_2024-Adopted-ALT-EDIC-Resolution.pdf\"><span style=\"text-decoration: underline;\">Antagen resolution fr\u00e5n ALT-EDIC den 8 mars 2024<\/span><\/a><\/li><\/ul>\t\t\t\t\t\t\t\t<\/div>\n\t\t\t\t<\/div>\n\t\t\t\t\t<\/div>\n\t\t<\/div>\n\t\t\t\t\t<\/div>\n\t\t<\/section>\n\t\t\t\t<\/div>","protected":false},"excerpt":{"rendered":"<p>Styrning Alliansen f\u00f6r spr\u00e5kteknik (ALT-Edic) \u00e4r ett europeiskt konsortium f\u00f6r digital infrastruktur, en typ av r\u00e4ttslig struktur som inr\u00e4ttats inom ramen f\u00f6r policyprogrammet f\u00f6r det digitala decenniet 2030. Det styrs av en medlemsf\u00f6rsamling som best\u00e5r av medlemsstater i Europeiska ekonomiska samarbetsomr\u00e5det (EES) och rapporterar till Europeiska kommissionen. Beslutsfattande och r\u00e5dgivande organ [\u2026]<\/p>","protected":false},"author":1,"featured_media":0,"parent":0,"menu_order":0,"comment_status":"closed","ping_status":"closed","template":"","meta":{"footnotes":""},"class_list":["post-8944","page","type-page","status-publish","hentry"],"aioseo_notices":[],"_links":{"self":[{"href":"https:\/\/www.alt-edic.eu\/sv\/wp-json\/wp\/v2\/pages\/8944","targetHints":{"allow":["GET"]}}],"collection":[{"href":"https:\/\/www.alt-edic.eu\/sv\/wp-json\/wp\/v2\/pages"}],"about":[{"href":"https:\/\/www.alt-edic.eu\/sv\/wp-json\/wp\/v2\/types\/page"}],"author":[{"embeddable":true,"href":"https:\/\/www.alt-edic.eu\/sv\/wp-json\/wp\/v2\/users\/1"}],"replies":[{"embeddable":true,"href":"https:\/\/www.alt-edic.eu\/sv\/wp-json\/wp\/v2\/comments?post=8944"}],"version-history":[{"count":0,"href":"https:\/\/www.alt-edic.eu\/sv\/wp-json\/wp\/v2\/pages\/8944\/revisions"}],"wp:attachment":[{"href":"https:\/\/www.alt-edic.eu\/sv\/wp-json\/wp\/v2\/media?parent=8944"}],"curies":[{"name":"wp","href":"https:\/\/api.w.org\/{rel}","templated":true}]}}