{"id":8735,"date":"2024-08-19T13:30:19","date_gmt":"2024-08-19T13:30:19","guid":{"rendered":"https:\/\/alt-edic.eu\/?page_id=8735"},"modified":"2026-04-10T17:00:24","modified_gmt":"2026-04-10T16:00:24","slug":"about-us","status":"publish","type":"page","link":"https:\/\/www.alt-edic.eu\/sv\/about-us\/","title":{"rendered":"<p>Om oss<\/p>"},"content":{"rendered":"<div data-elementor-type=\"wp-page\" data-elementor-id=\"8735\" class=\"elementor elementor-8735\" data-elementor-post-type=\"page\">\n\t\t\t\t\t\t<section class=\"elementor-section elementor-top-section elementor-element elementor-element-2c377f48 elementor-section-stretched elementor-section-boxed elementor-section-height-default elementor-section-height-default\" data-id=\"2c377f48\" data-element_type=\"section\" data-e-type=\"section\" data-settings='{\"stretch_section\":\"section-stretched\",\"background_background\":\"gradient\"}'>\n\t\t\t\t\t\t<div class=\"elementor-container elementor-column-gap-extended\">\n\t\t\t\t\t<div class=\"elementor-column elementor-col-50 elementor-top-column elementor-element elementor-element-bf7721c\" data-id=\"bf7721c\" data-element_type=\"column\" data-e-type=\"column\">\n\t\t\t<div class=\"elementor-widget-wrap elementor-element-populated\">\n\t\t\t\t\t\t<div class=\"elementor-element elementor-element-d07f81e elementor-widget elementor-widget-heading\" data-id=\"d07f81e\" data-element_type=\"widget\" data-e-type=\"widget\" data-widget_type=\"heading.default\">\n\t\t\t\t<div class=\"elementor-widget-container\">\n\t\t\t\t\t<h1 class=\"elementor-heading-title elementor-size-default\">Om ALT-EDIC<\/h1>\t\t\t\t<\/div>\n\t\t\t\t<\/div>\n\t\t\t\t<div class=\"elementor-element elementor-element-24e9f9f3 elementor-widget elementor-widget-text-editor\" data-id=\"24e9f9f3\" data-element_type=\"widget\" data-e-type=\"widget\" data-widget_type=\"text-editor.default\">\n\t\t\t\t<div class=\"elementor-widget-container\">\n\t\t\t\t\t\t\t\t\t<p>Alliansen f\u00f6r spr\u00e5kteknologi (ALT-EDIC) \u00e4r en <strong><span style=\"text-decoration: underline; color: #ffffff;\"><a style=\"color: #ffffff; text-decoration: underline;\" href=\"https:\/\/digital-strategy.ec.europa.eu\/en\/policies\/edic\">Europeiskt konsortium f\u00f6r digital infrastruktur<\/a><\/span><\/strong> st\u00f6dja utvecklingen av spr\u00e5kteknologi. Det fr\u00e4mjar spetskompetens inom spr\u00e5kteknik och bidrar till att bevara Europas spr\u00e5kliga m\u00e5ngfald och kulturella rikedom.<\/p><p>Det f\u00f6reslogs av tio medlemsstater i december 2023 och inr\u00e4ttades officiellt av en<strong> <span style=\"text-decoration: underline;\"><span style=\"color: #ffffff;\"><a style=\"color: #ffffff; text-decoration: underline;\" href=\"https:\/\/eur-lex.europa.eu\/eli\/dec_impl\/2024\/458\/oj\">Kommissionens beslut<\/a><\/span><\/span> <\/strong>i februari 2024. Den har f\u00f6r n\u00e4rvarande 27 medlemmar och observat\u00f6rer. Det samordnas av Frankrike och dess stadgeenliga s\u00e4te ligger i den historiska platsen f\u00f6r <em>Ch\u00e2teau de Villers-Cotter\u00eats<\/em>.<\/p><p>En presentation med en \u00f6versikt \u00f6ver ALT-Edic-konsortiet kan laddas ner&nbsp;<u><b><a href=\"https:\/\/www.alt-edic.eu\/wp-content\/uploads\/2026\/03\/ALT-EDIC_presentation_20260307.pdf\">h\u00e4r<\/a><\/b><\/u><b>.<\/b>&nbsp;<\/p>\t\t\t\t\t\t\t\t<\/div>\n\t\t\t\t<\/div>\n\t\t\t\t\t<\/div>\n\t\t<\/div>\n\t\t\t\t<div class=\"elementor-column elementor-col-50 elementor-top-column elementor-element elementor-element-17328b68 elementor-hidden-tablet elementor-hidden-phone\" data-id=\"17328b68\" data-element_type=\"column\" data-e-type=\"column\">\n\t\t\t<div class=\"elementor-widget-wrap\">\n\t\t\t\t\t\t\t<\/div>\n\t\t<\/div>\n\t\t\t\t\t<\/div>\n\t\t<\/section>\n\t\t\t\t<section class=\"elementor-section elementor-top-section elementor-element elementor-element-5084f662 elementor-section-stretched elementor-section-boxed elementor-section-height-default elementor-section-height-default\" data-id=\"5084f662\" data-element_type=\"section\" data-e-type=\"section\" data-settings='{\"stretch_section\":\"section-stretched\"}'>\n\t\t\t\t\t\t<div class=\"elementor-container elementor-column-gap-extended\">\n\t\t\t\t\t<div class=\"elementor-column elementor-col-50 elementor-top-column elementor-element elementor-element-21db52d3 elementor-hidden-tablet elementor-hidden-phone elementor-invisible\" data-id=\"21db52d3\" data-element_type=\"column\" data-e-type=\"column\" data-settings='{\"animation\":\"slide-right\"}'>\n\t\t\t<div class=\"elementor-widget-wrap elementor-element-populated\">\n\t\t\t\t\t\t<div class=\"elementor-element elementor-element-4ef5943 elementor-widget elementor-widget-html\" data-id=\"4ef5943\" data-element_type=\"widget\" data-e-type=\"widget\" data-widget_type=\"html.default\">\n\t\t\t\t<div class=\"elementor-widget-container\">\n\t\t\t\t\t<object data=\"https:\/\/www.alt-edic.eu\/wp-content\/uploads\/2026\/04\/ALT-EDIC-Flyer-v1-A4.pdf\" type=\"application\/pdf\" width=\"720px\" height=\"680px\"> <\/object>\t\t\t\t<\/div>\n\t\t\t\t<\/div>\n\t\t\t\t\t<\/div>\n\t\t<\/div>\n\t\t\t\t<div class=\"elementor-column elementor-col-50 elementor-top-column elementor-element elementor-element-5f3d7e93 elementor-invisible\" data-id=\"5f3d7e93\" data-element_type=\"column\" data-e-type=\"column\" data-settings='{\"animation\":\"slide-left\",\"animation_delay\":200}'>\n\t\t\t<div class=\"elementor-widget-wrap elementor-element-populated\">\n\t\t\t\t\t\t<div class=\"elementor-element elementor-element-6f5ba8cd elementor-widget elementor-widget-heading\" data-id=\"6f5ba8cd\" data-element_type=\"widget\" data-e-type=\"widget\" data-widget_type=\"heading.default\">\n\t\t\t\t<div class=\"elementor-widget-container\">\n\t\t\t\t\t<h2 class=\"elementor-heading-title elementor-size-default\">ALT-EDIC st\u00f6der utvecklingen av spr\u00e5kteknologi<\/h2>\t\t\t\t<\/div>\n\t\t\t\t<\/div>\n\t\t\t\t<div class=\"elementor-element elementor-element-525183b7 elementor-widget elementor-widget-text-editor\" data-id=\"525183b7\" data-element_type=\"widget\" data-e-type=\"widget\" data-widget_type=\"text-editor.default\">\n\t\t\t\t<div class=\"elementor-widget-container\">\n\t\t\t\t\t\t\t\t\t<p>Alliansen f\u00f6r spr\u00e5kteknik tar itu med bristen p\u00e5 europeiska spr\u00e5kdata som finns tillg\u00e4ngliga f\u00f6r utbildning av stora spr\u00e5kmodeller (LLM) och benchmarking f\u00f6r s\u00e5dana modeller.<\/p><p>Detta kommer att leda till f\u00f6rb\u00e4ttrade l\u00f6sningar f\u00f6r artificiell intelligens (AI) som kan f\u00f6rst\u00e5 och generera spr\u00e5k med beaktande av Europas spr\u00e5kliga m\u00e5ngfald och kulturella rikedom.<\/p>\t\t\t\t\t\t\t\t<\/div>\n\t\t\t\t<\/div>\n\t\t\t\t\t<\/div>\n\t\t<\/div>\n\t\t\t\t\t<\/div>\n\t\t<\/section>\n\t\t\t\t<section class=\"elementor-section elementor-top-section elementor-element elementor-element-245ad23 elementor-section-stretched elementor-section-boxed elementor-section-height-default elementor-section-height-default elementor-invisible\" data-id=\"245ad23\" data-element_type=\"section\" data-e-type=\"section\" data-settings='{\"stretch_section\":\"section-stretched\",\"animation\":\"slide-up\"}'>\n\t\t\t\t\t\t<div class=\"elementor-container elementor-column-gap-extended\">\n\t\t\t\t\t<div class=\"elementor-column elementor-col-100 elementor-top-column elementor-element elementor-element-6381d6cd\" data-id=\"6381d6cd\" data-element_type=\"column\" data-e-type=\"column\">\n\t\t\t<div class=\"elementor-widget-wrap elementor-element-populated\">\n\t\t\t\t\t\t<div class=\"elementor-element elementor-element-6107c70 elementor-widget elementor-widget-heading\" data-id=\"6107c70\" data-element_type=\"widget\" data-e-type=\"widget\" data-widget_type=\"heading.default\">\n\t\t\t\t<div class=\"elementor-widget-container\">\n\t\t\t\t\t<h2 class=\"elementor-heading-title elementor-size-default\">ALT-Edics uppdrag \u00e4r inriktat p\u00e5 f\u00f6ljande fem \u00e5tg\u00e4rder:<\/h2>\t\t\t\t<\/div>\n\t\t\t\t<\/div>\n\t\t\t\t<div class=\"elementor-element elementor-element-6b8ccd5c elementor-widget elementor-widget-apus_element_features_box\" data-id=\"6b8ccd5c\" data-element_type=\"widget\" data-e-type=\"widget\" data-widget_type=\"apus_element_features_box.default\">\n\t\t\t\t<div class=\"elementor-widget-container\">\n\t\t\t\t\t            <div class=\"widget-features-box  style2\">\n                                    <div class=\"slick-carousel\" data-items=\"3\" data-smallmedium=\"2\" data-extrasmall=\"1\" data-pagination=\"false\" data-nav=\"true\">\n                                                    <div class=\"item\">\n                                <div class=\"item-inner\">\n                                    <div class=\"top-inner\">\n                                                                                <div class=\"features-box-image icon\"><i class=\"fa fa-database\"><\/i><\/div><\/div><div class=\"features-box-content\"><h3 class=\"title\">\u00c5tg\u00e4rd 1 \u2013 Uppgifter<\/h3><div class=\"description\">ALT-EDIC kommer att dra nytta av spr\u00e5kdataomr\u00e5det och sammanf\u00f6ra befintliga spr\u00e5kresurser och multimodala resurser fr\u00e5n EU och medlemsstaterna p\u00e5 alla europeiska, nationella och regionala spr\u00e5k, bland annat genom att skapa strategiska data f\u00f6r t.ex. spr\u00e5k med f\u00e5 talare (mindre \u00e4n 10 miljoner talare) d\u00e4r det finns inneboende begr\u00e4nsningar i utbildningen av stora spr\u00e5kmodeller.<\/div><\/div>\n                                <\/div>\n                            <\/div>\n                                                    <div class=\"item\">\n                                <div class=\"item-inner\">\n                                    <div class=\"top-inner\">\n                                                                                <div class=\"features-box-image icon\"><i class=\"fa fa-caret-right\"><\/i><\/div><\/div><div class=\"features-box-content\"><h3 class=\"title\">\u00c5tg\u00e4rd 2 ? Befintliga modeller<\/h3><div class=\"description\">ALT-EDIC kommer att skapa en databas \u00f6ver befintliga spr\u00e5kmodeller med \u00f6ppen k\u00e4llkod f\u00f6r \u00e5teranv\u00e4ndning av industriella akt\u00f6rer och utveckla s\u00e4rskilda metoder f\u00f6r finjustering, s\u00e4rskilt f\u00f6r sm\u00e5 och medelstora f\u00f6retag, och kommer att tillhandah\u00e5lla utv\u00e4rderings-, certifierings- och normaliseringsmetoder med s\u00e4rskilt fokus p\u00e5 potentiell diskriminering och partiskhet som inf\u00f6rts genom modeller f\u00f6r behandling av naturligt spr\u00e5k (NLP).<\/div><\/div>\n                                <\/div>\n                            <\/div>\n                                                    <div class=\"item\">\n                                <div class=\"item-inner\">\n                                    <div class=\"top-inner\">\n                                                                                <div class=\"features-box-image icon\"><i class=\"ti-fullscreen\"><\/i><\/div><\/div><div class=\"features-box-content\"><h3 class=\"title\">\u00c5tg\u00e4rd 3 ? Utveckling av modeller<\/h3><div class=\"description\">ALT-EDIC kommer att fungera som en s\u00e5ddfond som sammanf\u00f6r offentliga och privata resurser f\u00f6r att lansera och utveckla nya projekt med stora spr\u00e5kmodeller och stiftelsemodeller med multimodal kapacitet, bland annat genom att ge tillg\u00e5ng till n\u00f6dv\u00e4ndiga europeiska h\u00f6gpresterande datorsystem.<\/div><\/div>\n                                <\/div>\n                            <\/div>\n                                                    <div class=\"item\">\n                                <div class=\"item-inner\">\n                                    <div class=\"top-inner\">\n                                                                                <div class=\"features-box-image icon\"><i class=\"ti-layout-list-thumb-alt\"><\/i><\/div><\/div><div class=\"features-box-content\"><h3 class=\"title\">\u00c5tg\u00e4rd 4 ? Utv\u00e4rdering, certifiering och normalisering<\/h3><div class=\"description\">ALT-EDIC kommer att bidra till utvecklingen av utv\u00e4rderingsmetoder med s\u00e4rskilt fokus p\u00e5 potentiell diskriminering och snedvridning som inf\u00f6rs genom NLP-modeller samt f\u00f6r att tillhandah\u00e5lla s\u00e4rskilt st\u00f6d till institut f\u00f6r investeringar i l\u00e5ngsiktiga investeringar.<\/div><\/div>\n                                <\/div>\n                            <\/div>\n                                                    <div class=\"item\">\n                                <div class=\"item-inner\">\n                                    <div class=\"top-inner\">\n                                                                                <div class=\"features-box-image icon\"><i class=\"fa fa-link\"><\/i><\/div><\/div><div class=\"features-box-content\"><h3 class=\"title\">\u00c5tg\u00e4rd 5 - Ekosystem<\/h3><div class=\"description\">ALT-EDIC kommer att fungera som en r\u00e5dgivande punkt f\u00f6r offentliga f\u00f6rvaltningar samt n\u00e5 ut till allm\u00e4nheten genom ett kulturprogram som bygger p\u00e5 artificiell intelligens f\u00f6r spr\u00e5k och g\u00f6ra det m\u00f6jligt f\u00f6r slutanv\u00e4ndare av spr\u00e5kteknologi, som ocks\u00e5 \u00e4r dataproducenter, att ta sig an utmaningarna med artificiell intelligens och spr\u00e5kteknik i ett flerspr\u00e5kigt sammanhang och bidra till att upplysa EU-medborgarna om fr\u00e5gan om artificiell intelligens.<\/div><\/div>\n                                <\/div>\n                            <\/div>\n                                            <\/div>\n                            <\/div>\n            \t\t\t\t<\/div>\n\t\t\t\t<\/div>\n\t\t\t\t\t<\/div>\n\t\t<\/div>\n\t\t\t\t\t<\/div>\n\t\t<\/section>\n\t\t\t\t<\/div>","protected":false},"excerpt":{"rendered":"<p>Alliansen f\u00f6r spr\u00e5kteknologi (ALT-EDIC) \u00e4r ett europeiskt konsortium f\u00f6r digital infrastruktur som st\u00f6der utvecklingen av spr\u00e5kteknologi. Det fr\u00e4mjar spetskompetens inom spr\u00e5kteknik och bidrar till att bevara Europas spr\u00e5kliga m\u00e5ngfald och kulturella rikedom. Den f\u00f6reslogs av tio medlemsstater i december 2023 och inr\u00e4ttades officiellt av en kommission [\u2026]<\/p>","protected":false},"author":1,"featured_media":0,"parent":0,"menu_order":0,"comment_status":"closed","ping_status":"closed","template":"","meta":{"footnotes":""},"class_list":["post-8735","page","type-page","status-publish","hentry"],"aioseo_notices":[],"_links":{"self":[{"href":"https:\/\/www.alt-edic.eu\/sv\/wp-json\/wp\/v2\/pages\/8735","targetHints":{"allow":["GET"]}}],"collection":[{"href":"https:\/\/www.alt-edic.eu\/sv\/wp-json\/wp\/v2\/pages"}],"about":[{"href":"https:\/\/www.alt-edic.eu\/sv\/wp-json\/wp\/v2\/types\/page"}],"author":[{"embeddable":true,"href":"https:\/\/www.alt-edic.eu\/sv\/wp-json\/wp\/v2\/users\/1"}],"replies":[{"embeddable":true,"href":"https:\/\/www.alt-edic.eu\/sv\/wp-json\/wp\/v2\/comments?post=8735"}],"version-history":[{"count":16,"href":"https:\/\/www.alt-edic.eu\/sv\/wp-json\/wp\/v2\/pages\/8735\/revisions"}],"predecessor-version":[{"id":11353,"href":"https:\/\/www.alt-edic.eu\/sv\/wp-json\/wp\/v2\/pages\/8735\/revisions\/11353"}],"wp:attachment":[{"href":"https:\/\/www.alt-edic.eu\/sv\/wp-json\/wp\/v2\/media?parent=8735"}],"curies":[{"name":"wp","href":"https:\/\/api.w.org\/{rel}","templated":true}]}}