{"id":3,"date":"2024-08-18T14:41:06","date_gmt":"2024-08-18T14:41:06","guid":{"rendered":"https:\/\/alt-edic.eu\/?page_id=3"},"modified":"2024-12-13T10:53:32","modified_gmt":"2024-12-13T09:53:32","slug":"privacy-policy","status":"publish","type":"page","link":"https:\/\/www.alt-edic.eu\/sl\/privacy-policy\/","title":{"rendered":"<p>Politika zasebnosti<\/p>"},"content":{"rendered":"<p><p>Vsaka obdelava osebnih podatkov s spletnega mesta alt-edic.eu se izvaja v skladu z Uredbo (EU) 2016\/679 Evropskega parlamenta in Sveta z dne 27. aprila 2016 (znana kot RGPD) in francoskim zakonom \u0161t. 78-17 z dne 6. januarja 1978 v zvezi z informacijsko tehnologijo, datotekami in svobo\u0161\u010dinami.<\/p><h2 class=\"wp-block-heading\">Upravljanje pi\u0161kotkov<\/h2><p>Ko obi\u0161\u010dete <strong>alt-edic.eu <\/strong>Pi\u0161kotki se lahko namestijo na va\u0161 ra\u010dunalnik, mobilni telefon ali tabli\u010dni ra\u010dunalnik. Ko dostopate do spletnega mesta, se prika\u017ee pasica, ki ozna\u010duje prisotnost pi\u0161kotkov in vam daje mo\u017enost, da jih sprejmete, zavrnete ali upravljate s pi\u0161kotki.<\/p><p>Uporabljata se dve vrsti pi\u0161kotkov:<\/p><ul class=\"wp-block-list\">\n<li>Pi\u0161kotki, potrebni za pravilno delovanje spletnega mesta, ki ne shranjujejo nobenih osebnih podatkov in zato v skladu s priporo\u010dili CNIL ne zahtevajo predhodnega soglasja. Ti pi\u0161kotki se aktivirajo neposredno, tudi brez kakr\u0161nega koli pozitivnega dejanja uporabnika.<\/li>\n\n\n\n<li>Pi\u0161kotki za merjenje ob\u010dinstva, zbrani z orodjem za analizo prometa Matomo (razli\u010dica odprte kode je na voljo na spletnem naslovu <a href=\"https:\/\/fr.matomo.org\/\">https:\/\/fr.matomo.org\/<\/a>): Ti pi\u0161kotki shranjujejo osebne podatke (IP naslov, lokacija). Ti podatki se hranijo na stre\u017eniku OVH (stre\u017enik, ki se nahaja v Franciji s strani francoskega gostitelja) in se hranijo 6 mesecev. Ti pi\u0161kotki se uporabljajo samo za merjenje anonimnih statisti\u010dnih podatkov o prometu in uporabi spletnega mesta, za namene spremljanja in izbolj\u0161anja storitev. Ne uporabljajo se za sledenje uporabnikovim brskalnim navadam na drugih spletnih mestih. Zbiranje teh pi\u0161kotkov je odvisno od tega, ali uporabnik sprejme pasico, ki se pojavi ob odprtju spletnega mesta.<\/li>\n<\/ul><p>Spletno mesto ponuja tudi funkcije za deljenje na dru\u017ebenem omre\u017eju LinkedIn. V zvezi s tem upo\u0161tevajte, da bo uporaba funkcij, ki jih ponuja to dru\u017eabno omre\u017eje, verjetno ustvarila pi\u0161kotke, ki jih upravlja in deponira spletno mesto LinkedIn. Ti pi\u0161kotki se lahko shranijo le pri uporabi funkcij LinkedIn, zlasti v okviru <strong>alt-edic.eu<\/strong>, pri deljenju na LinkedInu. Vabimo vas, da preberete LinkedInovo politiko upravljanja pi\u0161kotkov. \u017divljenjska doba teh pi\u0161kotkov ne presega 13 mesecev.<\/p><p>Uporabo pi\u0161kotkov, ki niso izvzeti iz soglasja, lahko zavrnete ali onemogo\u010dite njihovo shranjevanje na va\u0161em ra\u010dunalniku:<\/p><ul class=\"wp-block-list\">\n<li>Ko prvi\u010d uporabljate spletno mesto, s klikom na pasico za upravljanje pi\u0161kotkov, ki vam omogo\u010da, da sprejmete ali zavrnete vse pi\u0161kotke ali upravljate svoje nastavitve.<\/li>\n\n\n\n<li>Kadar koli s klikom na gumb \u201ePi\u0161kotki\u201c na dnu strani.<\/li>\n\n\n\n<li>Kadarkoli z uporabo nastavitev brskalnika: z uporabo namenske funkcije \u201ene sledi\u201c v va\u0161em brskalniku.<\/li>\n<\/ul><h2 class=\"wp-block-heading\">Uveljavljanje va\u0161ih pravic<\/h2><p>Imate pravico, da kadar koli dostopate do svojih osebnih podatkov, jih popravite, jim nasprotujete in jih izbri\u0161ete.<\/p><p>Za vse informacije ali uveljavljanje va\u0161ih pravic (pravica do dostopa, popravka ali izbrisa, pravica do omejitve obdelave, pravica do prenosljivosti podatkov in pravica do ugovora) v zvezi z obdelavo osebnih podatkov s strani ALT-EDIC in njegovih razli\u010dnih oddelkov se lahko obrnete na na\u0161o poobla\u0161\u010deno osebo za varstvo podatkov (DPO) na naslednjem naslovu: dpdalt-edic.eu.<\/p><p>Na poobla\u0161\u010deno osebo za varstvo podatkov se lahko obrnete tudi po po\u0161ti na naslednji naslov:<br>ALT-EDIC<br>Poobla\u0161\u010dena oseba za varstvo podatkov (DPO)<br>1 mesto Aristide Briand<br>02600 Villers-Cotter\u00eats<br>Francija<\/p><p>Prav tako imate pravico vlo\u017eiti prito\u017ebo pri pristojnem nadzornem organu (<a href=\"https:\/\/www.cnil.fr\/fr\" title=\"\">CNIL<\/a>) \u010de menite, da ALT-EDIC ni spo\u0161toval va\u0161ih pravic. Ve\u010d informacij o va\u0161ih pravicah: <a href=\"https:\/\/www.cnil.fr\/fr\/reglement-europeen-protection-donnees\/chapitre3\" title=\"\">CNIL \u2013 Droits de la personne<\/a> (v franco\u0161\u010dini)<\/p><h2 class=\"wp-block-heading\">Blagovna znamka<\/h2><p>Blagovna znamka Alt-Edic in njen logotip sta za\u0161\u010diteni s pravico industrijske lastnine.<\/p><p>Vsaka popolna ali delna reprodukcija te blagovne znamke in njenega logotipa brez izrecnega dovoljenja imetnikov pravic je zato strogo prepovedana in pomeni kaznivo dejanje ponarejanja v smislu zakonika o intelektualni lastnini.<\/p><h2 class=\"wp-block-heading\">Besedilne vsebine in slike<\/h2><p>Vse besedilne vsebine in slike, ki so na voljo na spletni strani Alt-Edic, so last Alt-Edic.<br>Kakr\u0161na koli popolna ali delna reprodukcija teh besedil in slik brez izrecnega dovoljenja imetnikov pravic je zato strogo prepovedana in pomeni kaznivo dejanje ponarejanja v smislu zakonika o intelektualni lastnini.<\/p><h2 class=\"wp-block-heading\">Hiperpovezave<\/h2><ul class=\"wp-block-list\">\n<li>1. Strani, ki se povezujejo na Alt-Edic<\/li>\n<\/ul><p>Alt-Edic ponuja globoke hiperpovezave, ki ka\u017eejo na spletna mesta tretjih oseb. Te povezave ali reference ne predstavljajo potrditve ali potrditve njihove vsebine. Alt-Edic v nobenem primeru ne odgovarja za vsebino teh spletnih strani in ne odgovarja za kakr\u0161no koli \u0161kodo ali \u0161kodo, ki izhaja iz njih.<\/p><p>Globoke hiperpovezave do drugih spletnih mest so uporabnikom na voljo izklju\u010dno zaradi priro\u010dnosti in ne povzro\u010dajo nobenih obveznosti na ra\u010dun Alt-Edic, ki nima sredstev za spremljanje in nadzor navedenih spletnih mest ali njihovega razvoja in posodobitev. Uporabniki se morajo sklicevati na pravna obvestila in splo\u0161ne pogoje uporabe spletnih mest partnerskih institucij.<\/p><ul class=\"wp-block-list\">\n<li>2. Strani, ki se povezujejo na Alt-Edic<\/li>\n<\/ul><p>Ustvarjanje hiperbesedilnih povezav do strani Alt-Edic je brezpla\u010dno, pod pogojem, da ne vpliva na materialne ali moralne interese Alt-Edic in ne ustvarja zmede glede vira storitev in \/ ali vsebine.<\/p><h2 class=\"wp-block-heading\">Odgovornost in napaka<\/h2><p>Informacije, prikazane na spletni strani Alt-Edic, so zgolj informativne narave. Lahko se spremeni kadarkoli in brez predhodnega obvestila.<\/p><p>Alt-Edic ne more biti odgovoren za neposredno ali posredno, predvidljivo ali nepredvidljivo \u0161kodo, kot je izguba zaslu\u017eka ali dobi\u010dka, izguba podatkov, izguba opreme in stro\u0161ki popravil, obnovitev ali razmno\u017eevanje, ki je posledica uporabe in \/ ali nezmo\u017enosti uporabe storitev in vsebine spletnega mesta.<\/p><p>Kljub skrbi in pregledom ekipe, odgovorne za Alt-Edic, lahko napake, hro\u0161\u010di ali nenamerne opustitve ostanejo. \u010ce nam \u017eelite poslati svoje pripombe ali prito\u017ebe, nas lahko kontaktirate na naslednji naslov:<br>ALT-EDIC<br>1 mesto Aristide Briand<br>02600 Villers-Cotter\u00eats<br>Francija<\/p><p><\/p><\/p>","protected":false},"excerpt":{"rendered":"<p>Vsaka obdelava osebnih podatkov s spletnega mesta alt-edic.eu se izvaja v skladu z Uredbo (EU) 2016\/679 Evropskega parlamenta in Sveta z dne 27. aprila 2016 (znana kot RGPD) in francoskim zakonom \u0161t. 78-17 z dne 6. januarja 1978 v zvezi z informacijsko tehnologijo, datotekami in svobo\u0161\u010dinami. Upravljanje pi\u0161kotkov, ko [...]<\/p>","protected":false},"author":1,"featured_media":0,"parent":0,"menu_order":0,"comment_status":"closed","ping_status":"closed","template":"","meta":{"footnotes":""},"class_list":["post-3","page","type-page","status-publish","hentry"],"aioseo_notices":[],"_links":{"self":[{"href":"https:\/\/www.alt-edic.eu\/sl\/wp-json\/wp\/v2\/pages\/3","targetHints":{"allow":["GET"]}}],"collection":[{"href":"https:\/\/www.alt-edic.eu\/sl\/wp-json\/wp\/v2\/pages"}],"about":[{"href":"https:\/\/www.alt-edic.eu\/sl\/wp-json\/wp\/v2\/types\/page"}],"author":[{"embeddable":true,"href":"https:\/\/www.alt-edic.eu\/sl\/wp-json\/wp\/v2\/users\/1"}],"replies":[{"embeddable":true,"href":"https:\/\/www.alt-edic.eu\/sl\/wp-json\/wp\/v2\/comments?post=3"}],"version-history":[{"count":0,"href":"https:\/\/www.alt-edic.eu\/sl\/wp-json\/wp\/v2\/pages\/3\/revisions"}],"wp:attachment":[{"href":"https:\/\/www.alt-edic.eu\/sl\/wp-json\/wp\/v2\/media?parent=3"}],"curies":[{"name":"wp","href":"https:\/\/api.w.org\/{rel}","templated":true}]}}