{"id":10714,"date":"2025-03-06T08:00:12","date_gmt":"2025-03-06T07:00:12","guid":{"rendered":"https:\/\/alt-edic.eu\/?page_id=10714"},"modified":"2026-02-26T12:21:06","modified_gmt":"2026-02-26T11:21:06","slug":"industrial-consortium","status":"publish","type":"page","link":"https:\/\/www.alt-edic.eu\/sl\/industrial-consortium\/","title":{"rendered":"<p>Industrijski konzorcij<\/p>"},"content":{"rendered":"<div data-elementor-type=\"wp-page\" data-elementor-id=\"10714\" class=\"elementor elementor-10714\" data-elementor-post-type=\"page\">\n\t\t\t\t\t\t<section class=\"elementor-section elementor-top-section elementor-element elementor-element-83d6e06 elementor-section-stretched elementor-section-boxed elementor-section-height-default elementor-section-height-default\" data-id=\"83d6e06\" data-element_type=\"section\" data-e-type=\"section\" data-settings='{\"stretch_section\":\"section-stretched\",\"background_background\":\"gradient\"}'>\n\t\t\t\t\t\t<div class=\"elementor-container elementor-column-gap-extended\">\n\t\t\t\t\t<div class=\"elementor-column elementor-col-50 elementor-top-column elementor-element elementor-element-5ad19a07\" data-id=\"5ad19a07\" data-element_type=\"column\" data-e-type=\"column\">\n\t\t\t<div class=\"elementor-widget-wrap elementor-element-populated\">\n\t\t\t\t\t\t<div class=\"elementor-element elementor-element-17b6f034 elementor-widget elementor-widget-heading\" data-id=\"17b6f034\" data-element_type=\"widget\" data-e-type=\"widget\" data-widget_type=\"heading.default\">\n\t\t\t\t<div class=\"elementor-widget-container\">\n\t\t\t\t\t<h1 class=\"elementor-heading-title elementor-size-default\">Industrijski konzorcij<\/h1>\t\t\t\t<\/div>\n\t\t\t\t<\/div>\n\t\t\t\t<div class=\"elementor-element elementor-element-793ec4e6 elementor-widget elementor-widget-text-editor\" data-id=\"793ec4e6\" data-element_type=\"widget\" data-e-type=\"widget\" data-widget_type=\"text-editor.default\">\n\t\t\t\t<div class=\"elementor-widget-container\">\n\t\t\t\t\t\t\t\t\t<p>Industrijski konzorcij ALT-EDIC zagotavlja smernice o prednostnih nalogah razvoja jezikovnih tehnologij za ALT-EDIC in ponuja forum za pripravo novih projektov.<\/p>\t\t\t\t\t\t\t\t<\/div>\n\t\t\t\t<\/div>\n\t\t\t\t\t<\/div>\n\t\t<\/div>\n\t\t\t\t<div class=\"elementor-column elementor-col-50 elementor-top-column elementor-element elementor-element-75c15e62 elementor-hidden-tablet elementor-hidden-phone\" data-id=\"75c15e62\" data-element_type=\"column\" data-e-type=\"column\">\n\t\t\t<div class=\"elementor-widget-wrap elementor-element-populated\">\n\t\t\t\t\t\t\t<\/div>\n\t\t<\/div>\n\t\t\t\t\t<\/div>\n\t\t<\/section>\n\t\t\t\t<section class=\"elementor-section elementor-top-section elementor-element elementor-element-178c1fff elementor-section-stretched elementor-section-boxed elementor-section-height-default elementor-section-height-default\" data-id=\"178c1fff\" data-element_type=\"section\" data-e-type=\"section\" data-settings='{\"stretch_section\":\"section-stretched\"}'>\n\t\t\t\t\t\t<div class=\"elementor-container elementor-column-gap-extended\">\n\t\t\t\t\t<div class=\"elementor-column elementor-col-100 elementor-top-column elementor-element elementor-element-1c5552e\" data-id=\"1c5552e\" data-element_type=\"column\" data-e-type=\"column\">\n\t\t\t<div class=\"elementor-widget-wrap elementor-element-populated\">\n\t\t\t\t\t\t<div class=\"elementor-element elementor-element-4b36844 elementor-widget elementor-widget-text-editor\" data-id=\"4b36844\" data-element_type=\"widget\" data-e-type=\"widget\" data-widget_type=\"text-editor.default\">\n\t\t\t\t<div class=\"elementor-widget-container\">\n\t\t\t\t\t\t\t\t\t<h2>Uvod<\/h2><p>Industrijski konzorcij ALT-EDIC prispeva k upravljanju ALT-EDIC. Njena formacija je bila <a href=\"https:\/\/www.alt-edic.eu\/sl\/news\/registration-to-join-the-alt-edic-industrial-consortium-is-open\/\"><u>Za\u010delo se je 6. marca 2025<\/u><\/a>.<\/p><p>Cilj zavezni\u0161tva za jezikovne tehnologije (ALT-EDIC) je razviti skupno evropsko infrastrukturo na podro\u010dju jezikovnih tehnologij, da bi pove\u010dali zmogljivost Evrope, pove\u010dali konkuren\u010dnost ter ohranili evropsko jezikovno raznolikost in kulturno bogastvo.<\/p><p>Digitalna infrastruktura in ekosistem okoli ALT-EDIC bosta imela pomembno vlogo pri vklju\u010devanju bogate dedi\u0161\u010dine evropskih jezikov v dobo umetne inteligence z zbiranjem in gostovanjem skupnih podatkovnih zbirk, zagotavljanjem objektivnih ocen, u\u010denjem jezikovnih modelov in uvajanjem storitev okoli teh modelov. Ti ukrepi bodo bistveni za ohranjanje evropskih kulturnih vsebin v dobi mno\u017ei\u010dne proizvodnje sistemov umetne inteligence. Evropsko sodelovanje pri teh ukrepih bo spodbudilo kriti\u010dno maso mo\u010di volje in tehnolo\u0161kega znanja za dosego tega cilja.<\/p><p>Vsi ti ukrepi bodo koristili evropski skupnosti na podro\u010dju umetne inteligence kot celoti, za njihovo izvajanje pa mora zavezni\u0161tvo zdru\u017eiti ponudnike tehnologije in storitev umetne inteligence, podjetja, raziskovalne organizacije in institucionalne akterje v vseh svojih dr\u017eavah \u010dlanicah. ALT-EDIC in njegovi partnerji bodo finan\u010dno podprti z odgovarjanjem na razpise za zbiranje predlogov v okviru programov Evropske unije.<\/p><h2>Sestava konzorcija<\/h2><p>Konzorcij je odprt za <strong>podjetja in organizacije za podporo podjetjem<\/strong> z zanimanjem za jezikovne tehnologije in <strong>s sede\u017eem v Evropskem gospodarskem prostoru (EGP)<\/strong>.<\/p><h2>Koristi<\/h2><p>\u010clani industrijskega konzorcija bodo <strong>zagotoviti smernice o prednostnih nalogah dolgoro\u010dnega razvoja <\/strong>in <strong>izvolitev predstavnikov<\/strong> <strong>v Odboru za strate\u0161ko usmeritev (SOC)<\/strong>. SOC sprejme letne ali ve\u010dletne strate\u0161ke usmeritve za izvajanje ALT-EDIC, ki se predlo\u017eijo skup\u0161\u010dini \u010dlanic ALT-EDIC v odobritev.<\/p><p>Konzorcij bo ponudil tudi <strong>Forum za razvoj sodelovanja in izdelavo novih projektov<\/strong> o jezikovnih tehnologijah, zlasti projektih, ki vklju\u010dujejo skupne podatke in primerjalne ocene, ki jih lahko podpira ALT-EDIC.<\/p><h2>Registracija in \u010dasovnica<\/h2><p>Organizacije lahko kadar koli zaprosijo za \u010dlanstvo v industrijskem konzorciju. Obrazec za registracijo je na voljo <a href=\"https:\/\/ec.europa.eu\/eusurvey\/runner\/ALT_EDIC_Industrial_Consortium_Registration_Form\"><u>tukaj<\/u><\/a>. U\u010dinkovito sodelovanje je odvisno od potrditve upravi\u010denosti organizacije.<\/p><p>Uvodni sestanek industrijskega konzorcija je predviden v prvem \u010detrtletju leta 2026. Nadaljnje seje bodo potekale vsaj dvakrat letno, prek spleta ali v hibridni obliki.<\/p>\t\t\t\t\t\t\t\t<\/div>\n\t\t\t\t<\/div>\n\t\t\t\t\t<\/div>\n\t\t<\/div>\n\t\t\t\t\t<\/div>\n\t\t<\/section>\n\t\t\t\t<\/div>","protected":false},"excerpt":{"rendered":"<p>Industrijski konzorcij ALT-EDIC zagotavlja smernice o prednostnih nalogah razvoja jezikovnih tehnologij za ALT-EDIC in ponuja forum za pripravo novih projektov. Uvod Industrijski konzorcij ALT-EDIC prispeva k upravljanju ALT-EDIC. Njegova ustanovitev se je za\u010dela 6. marca 2025. Zveza za jezikovne tehnologije (ALT-EDIC) si prizadeva za razvoj skupne evropske infrastrukture [...]<\/p>","protected":false},"author":1,"featured_media":0,"parent":0,"menu_order":0,"comment_status":"closed","ping_status":"closed","template":"","meta":{"footnotes":""},"class_list":["post-10714","page","type-page","status-publish","hentry"],"aioseo_notices":[],"_links":{"self":[{"href":"https:\/\/www.alt-edic.eu\/sl\/wp-json\/wp\/v2\/pages\/10714","targetHints":{"allow":["GET"]}}],"collection":[{"href":"https:\/\/www.alt-edic.eu\/sl\/wp-json\/wp\/v2\/pages"}],"about":[{"href":"https:\/\/www.alt-edic.eu\/sl\/wp-json\/wp\/v2\/types\/page"}],"author":[{"embeddable":true,"href":"https:\/\/www.alt-edic.eu\/sl\/wp-json\/wp\/v2\/users\/1"}],"replies":[{"embeddable":true,"href":"https:\/\/www.alt-edic.eu\/sl\/wp-json\/wp\/v2\/comments?post=10714"}],"version-history":[{"count":0,"href":"https:\/\/www.alt-edic.eu\/sl\/wp-json\/wp\/v2\/pages\/10714\/revisions"}],"wp:attachment":[{"href":"https:\/\/www.alt-edic.eu\/sl\/wp-json\/wp\/v2\/media?parent=10714"}],"curies":[{"name":"wp","href":"https:\/\/api.w.org\/{rel}","templated":true}]}}