{"id":10575,"date":"2025-02-04T07:44:01","date_gmt":"2025-02-04T06:44:01","guid":{"rendered":"https:\/\/alt-edic.eu\/?page_id=10575"},"modified":"2026-01-20T10:11:27","modified_gmt":"2026-01-20T09:11:27","slug":"openeurollm","status":"publish","type":"page","link":"https:\/\/www.alt-edic.eu\/sl\/projects\/openeurollm\/","title":{"rendered":"<p>OpenEuroLLM<\/p>"},"content":{"rendered":"<div data-elementor-type=\"wp-page\" data-elementor-id=\"10575\" class=\"elementor elementor-10575\" data-elementor-post-type=\"page\">\n\t\t\t\t\t\t<section class=\"elementor-section elementor-top-section elementor-element elementor-element-1577bd88 elementor-section-stretched elementor-section-boxed elementor-section-height-default elementor-section-height-default\" data-id=\"1577bd88\" data-element_type=\"section\" data-e-type=\"section\" data-settings='{\"stretch_section\":\"section-stretched\",\"background_background\":\"gradient\"}'>\n\t\t\t\t\t\t<div class=\"elementor-container elementor-column-gap-extended\">\n\t\t\t\t\t<div class=\"elementor-column elementor-col-50 elementor-top-column elementor-element elementor-element-70dc39ba\" data-id=\"70dc39ba\" data-element_type=\"column\" data-e-type=\"column\">\n\t\t\t<div class=\"elementor-widget-wrap elementor-element-populated\">\n\t\t\t\t\t\t<div class=\"elementor-element elementor-element-51cabebb elementor-widget elementor-widget-heading\" data-id=\"51cabebb\" data-element_type=\"widget\" data-e-type=\"widget\" data-widget_type=\"heading.default\">\n\t\t\t\t<div class=\"elementor-widget-container\">\n\t\t\t\t\t<h1 class=\"elementor-heading-title elementor-size-default\">OpenEuroLLM<\/h1>\t\t\t\t<\/div>\n\t\t\t\t<\/div>\n\t\t\t\t<div class=\"elementor-element elementor-element-1f4ee8af elementor-widget elementor-widget-text-editor\" data-id=\"1f4ee8af\" data-element_type=\"widget\" data-e-type=\"widget\" data-widget_type=\"text-editor.default\">\n\t\t\t\t<div class=\"elementor-widget-container\">\n\t\t\t\t\t\t\t\t\t<p><strong>Projekt OpenEuroLLM (Odprta evropska dru\u017eina velikih jezikovnih modelov) zdru\u017euje vodilna evropska podjetja in raziskovalne ustanove na podro\u010dju umetne inteligence pri razvoju odprtokodnih jezikovnih modelov naslednje generacije.<\/strong><\/p>\t\t\t\t\t\t\t\t<\/div>\n\t\t\t\t<\/div>\n\t\t\t\t\t<\/div>\n\t\t<\/div>\n\t\t\t\t<div class=\"elementor-column elementor-col-50 elementor-top-column elementor-element elementor-element-286565d9 elementor-hidden-tablet elementor-hidden-phone\" data-id=\"286565d9\" data-element_type=\"column\" data-e-type=\"column\">\n\t\t\t<div class=\"elementor-widget-wrap\">\n\t\t\t\t\t\t\t<\/div>\n\t\t<\/div>\n\t\t\t\t\t<\/div>\n\t\t<\/section>\n\t\t\t\t<section class=\"elementor-section elementor-top-section elementor-element elementor-element-2a82150a elementor-section-stretched elementor-section-boxed elementor-section-height-default elementor-section-height-default\" data-id=\"2a82150a\" data-element_type=\"section\" data-e-type=\"section\" data-settings='{\"stretch_section\":\"section-stretched\"}'>\n\t\t\t\t\t\t<div class=\"elementor-container elementor-column-gap-extended\">\n\t\t\t\t\t<div class=\"elementor-column elementor-col-50 elementor-top-column elementor-element elementor-element-4dc940b2 elementor-invisible\" data-id=\"4dc940b2\" data-element_type=\"column\" data-e-type=\"column\" data-settings='{\"animation\":\"slide-left\",\"animation_delay\":200}'>\n\t\t\t<div class=\"elementor-widget-wrap elementor-element-populated\">\n\t\t\t\t\t\t<div class=\"elementor-element elementor-element-2fa08fbe elementor-widget elementor-widget-text-editor\" data-id=\"2fa08fbe\" data-element_type=\"widget\" data-e-type=\"widget\" data-widget_type=\"text-editor.default\">\n\t\t\t\t<div class=\"elementor-widget-container\">\n\t\t\t\t\t\t\t\t\t<p>Projekt OpenEuroLLM bo ustvaril dru\u017eino visokozmogljivih, ve\u010djezi\u010dnih in velikih jezikovnih temeljnih modelov za komercialne, industrijske in javne storitve. Pregledni in skladni odprtokodni modeli bodo demokratizirali dostop do visokokakovostnih tehnologij umetne inteligence in okrepili sposobnost evropskih podjetij, da konkurirajo na svetovnem trgu, ter javnih organizacij, da zagotavljajo u\u010dinkovite javne storitve. Konzorcij projekta zdru\u017euje 20 vodilnih evropskih raziskovalnih ustanov in centrov EuroHPC, ki jih koordinira Karlova univerza (\u010ce\u0161ka) in skupaj vodi AMD Silo AI (Finska). ALT-EDIC v projekt prina\u0161a svoje sposobnosti za ustvarjanje in upravljanje jezikovnih podatkov, vrednotenje jezikovnih tehnologij in oblikovanje skupnosti.<\/p>\t\t\t\t\t\t\t\t<\/div>\n\t\t\t\t<\/div>\n\t\t\t\t\t<\/div>\n\t\t<\/div>\n\t\t\t\t<div class=\"elementor-column elementor-col-50 elementor-top-column elementor-element elementor-element-169741bd elementor-hidden-tablet elementor-hidden-phone elementor-invisible\" data-id=\"169741bd\" data-element_type=\"column\" data-e-type=\"column\" data-settings='{\"animation\":\"slide-right\"}'>\n\t\t\t<div class=\"elementor-widget-wrap elementor-element-populated\">\n\t\t\t\t\t\t<div class=\"elementor-element elementor-element-47d0ea elementor-widget elementor-widget-image\" data-id=\"47d0ea\" data-element_type=\"widget\" data-e-type=\"widget\" data-widget_type=\"image.default\">\n\t\t\t\t<div class=\"elementor-widget-container\">\n\t\t\t\t\t\t\t\t\t\t\t\t\t\t\t<img fetchpriority=\"high\" decoding=\"async\" width=\"800\" height=\"537\" src=\"https:\/\/www.alt-edic.eu\/wp-content\/uploads\/2026\/01\/Project-page-images-3-e1768900277855.png\" class=\"attachment-full size-full wp-image-11112\" alt=\"\" srcset=\"https:\/\/www.alt-edic.eu\/wp-content\/uploads\/2026\/01\/Project-page-images-3-e1768900277855.png 800w, https:\/\/www.alt-edic.eu\/wp-content\/uploads\/2026\/01\/Project-page-images-3-e1768900277855-300x201.png 300w, https:\/\/www.alt-edic.eu\/wp-content\/uploads\/2026\/01\/Project-page-images-3-e1768900277855-768x516.png 768w, https:\/\/www.alt-edic.eu\/wp-content\/uploads\/2026\/01\/Project-page-images-3-e1768900277855-18x12.png 18w\" sizes=\"(max-width: 800px) 100vw, 800px\">\t\t\t\t\t\t\t\t\t\t\t\t\t\t\t<\/div>\n\t\t\t\t<\/div>\n\t\t\t\t\t<\/div>\n\t\t<\/div>\n\t\t\t\t\t<\/div>\n\t\t<\/section>\n\t\t<div class=\"elementor-element elementor-element-8ed64da e-flex e-con-boxed e-con e-parent\" data-id=\"8ed64da\" data-element_type=\"container\" data-e-type=\"container\">\n\t\t\t\t\t<div class=\"e-con-inner\">\n\t\t\t\t<div class=\"elementor-element elementor-element-41c7d55 elementor-widget__width-initial elementor-widget elementor-widget-text-editor\" data-id=\"41c7d55\" data-element_type=\"widget\" data-e-type=\"widget\" data-widget_type=\"text-editor.default\">\n\t\t\t\t<div class=\"elementor-widget-container\">\n\t\t\t\t\t\t\t\t\t<p>Projekt OpenEuroLLM je usklajen z nujnostjo izbolj\u0161anja evropske konkuren\u010dnosti in digitalne suverenosti. Projekt je odli\u010den primer vrste tehnolo\u0161ke infrastrukture, potrebne za zni\u017eanje pragov za razvoj in izbolj\u0161anje evropskih proizvodov umetne inteligence, kar ka\u017ee na mo\u010d preglednosti, odprtosti in vklju\u010denosti skupnosti, vrednote, ki so v veliki meri priznane v evropskem tehnolo\u0161kem ekosistemu. Modeli bodo razviti v trdnem evropskem regulativnem okviru, ki bo zagotavljal usklajenost z evropskimi vrednotami in hkrati ohranjal tehnolo\u0161ko odli\u010dnost.<\/p><p>OpenEuroLLM bo v sodelovanju z odprtokodnimi in odprtoznanstvenimi skupnostmi, kot so LAION, open-sci in OpenML, ter dodatnimi strokovnjaki na tem podro\u010dju, zbranimi v odboru za odprto strate\u0161ko partnerstvo projekta, zagotovil, da bodo modeli, programska oprema, podatki in ocenjevanje popolnoma odprti ter jih bo mogo\u010de izpopolniti in prilagoditi navodilom za posebne potrebe industrije in javnega sektorja. Ti ve\u010djezi\u010dni modeli ohranjajo jezikovno in kulturno raznolikost, kar evropskim podjetjem omogo\u010da razvoj visokokakovostnih proizvodov in storitev v dobi umetne inteligence.<\/p><p>Projekt, ki je prejel pe\u010dat STEP (platforma za strate\u0161ke tehnologije za Evropo), izkori\u0161\u010da podporo iz prej\u0161njih evropskih projektov ter izku\u0161nje partnerjev in njihovih rezultatov, vklju\u010dno z velikimi zbirkami visokokakovostnih podatkov in pilotnimi LLM-ji, ki so bili razviti prej. Financira ga Evropska komisija v okviru programa Digitalna Evropa in se je za\u010del 1. februarja 2025 za obdobje treh let.<\/p><p>Ve\u010d informacij je na voljo <a href=\"https:\/\/www.mff.cuni.cz\/en\/public\/news\/charles-university-as-the-main-coordinator-of-the-openeurollm-project\"><span style=\"text-decoration: underline;\">tukaj<\/span><\/a>.<\/p>\t\t\t\t\t\t\t\t<\/div>\n\t\t\t\t<\/div>\n\t\t\t\t\t<\/div>\n\t\t\t\t<\/div>\n\t\t\t\t<\/div>","protected":false},"excerpt":{"rendered":"<p>OpenEuroLLM Projekt OpenEuroLLM (Open European Family of Large Language Models) zdru\u017euje vodilna evropska podjetja in raziskovalne ustanove na podro\u010dju umetne inteligence pri razvoju odprtokodnih jezikovnih modelov naslednje generacije. Projekt OpenEuroLLM bo ustvaril dru\u017eino visokozmogljivih, ve\u010djezi\u010dnih in velikih jezikovnih temeljnih modelov za komercialne, industrijske in javne storitve. Pregledni in skladni odprtokodni modeli bodo demokratizirali dostop do [\u2026]<\/p>","protected":false},"author":1,"featured_media":0,"parent":9229,"menu_order":0,"comment_status":"closed","ping_status":"closed","template":"","meta":{"footnotes":""},"class_list":["post-10575","page","type-page","status-publish","hentry"],"aioseo_notices":[],"_links":{"self":[{"href":"https:\/\/www.alt-edic.eu\/sl\/wp-json\/wp\/v2\/pages\/10575","targetHints":{"allow":["GET"]}}],"collection":[{"href":"https:\/\/www.alt-edic.eu\/sl\/wp-json\/wp\/v2\/pages"}],"about":[{"href":"https:\/\/www.alt-edic.eu\/sl\/wp-json\/wp\/v2\/types\/page"}],"author":[{"embeddable":true,"href":"https:\/\/www.alt-edic.eu\/sl\/wp-json\/wp\/v2\/users\/1"}],"replies":[{"embeddable":true,"href":"https:\/\/www.alt-edic.eu\/sl\/wp-json\/wp\/v2\/comments?post=10575"}],"version-history":[{"count":0,"href":"https:\/\/www.alt-edic.eu\/sl\/wp-json\/wp\/v2\/pages\/10575\/revisions"}],"up":[{"embeddable":true,"href":"https:\/\/www.alt-edic.eu\/sl\/wp-json\/wp\/v2\/pages\/9229"}],"wp:attachment":[{"href":"https:\/\/www.alt-edic.eu\/sl\/wp-json\/wp\/v2\/media?parent=10575"}],"curies":[{"name":"wp","href":"https:\/\/api.w.org\/{rel}","templated":true}]}}