{"id":8959,"date":"2024-10-03T19:52:24","date_gmt":"2024-10-03T19:52:24","guid":{"rendered":"https:\/\/alt-edic.eu\/?page_id=8959"},"modified":"2024-10-30T14:34:14","modified_gmt":"2024-10-30T14:34:14","slug":"legal-notices","status":"publish","type":"page","link":"https:\/\/www.alt-edic.eu\/sk\/legal-notices\/","title":{"rendered":"<p>Pr\u00e1vne ozn\u00e1menia<\/p>"},"content":{"rendered":"<h2 class=\"wp-block-heading\"><br>1 \u2013 Vydavate\u013e<p>Webov\u00e1 str\u00e1nka <a href=\"https:\/\/www.alt-edic.eu\/sk\/\">https:\/\/alt-edic.eu\/<\/a> vyd\u00e1va Aliancia pre jazykov\u00e9 technol\u00f3gie (ALT-EDIC), Konzorcium pre eur\u00f3psku digit\u00e1lnu infra\u0161trukt\u00faru zriaden\u00e9 rozhodnut\u00edm Eur\u00f3pskej komisie (E\u00da) 2024\/458 a zaregistrovan\u00e9 vo Franc\u00fazsku ako zdru\u017eenie (loi 1901), zaregistrovan\u00e9 pod \u010d\u00edslom W024005363 a \u010d\u00edslom SIRET 929 059 178 00012.<\/p><p>S\u00eddlo Aliancie pre jazykov\u00e9 technol\u00f3gie sa nach\u00e1dza na 1 mieste Aristide Briand, 02600 Villers-Cotter\u00eats (Franc\u00fazsko).<br><\/p><h2 class=\"wp-block-heading\">2 \u2013 Riadite\u013e pre publik\u00e1cie<\/h2><p>Riadite\u013eom publik\u00e1cie je Thibault GROUAS, predseda ALT-EDIC.<\/p><h2 class=\"wp-block-heading\">3 - Hosting<\/h2><p>Webov\u00e1 str\u00e1nka <a href=\"https:\/\/www.alt-edic.eu\/sk\/\">https:\/\/alt-edic.eu\/<\/a> Hostite\u013eom je OVH, 2, rue Kellermann, 59100 Roubaix.<br><\/p><h2 class=\"wp-block-heading\">V\u00fdvoj internetovej str\u00e1nky ALT-EDIC<\/h2><p>Webov\u00e1 str\u00e1nka <a href=\"https:\/\/www.alt-edic.eu\/sk\/%20\/\">https:\/\/alt-edic.eu\/ <\/a>Bol vyvinut\u00fd Benjaminom Vedelom.<\/p><h2 class=\"wp-block-heading\">Inform\u00e1cie o osobn\u00fdch \u00fadajoch zhroma\u017eden\u00fdch na webovej str\u00e1nke.<\/h2><p>\u00dadaje zhroma\u017eden\u00e9 na webovom s\u00eddle Language Technology Alliance m\u00f4\u017eu poch\u00e1dza\u0165 len z dobrovo\u013enej registr\u00e1cie e-mailovej adresy a\/alebo osobn\u00fdch \u00fadajov pou\u017e\u00edvate\u013emi, ktor\u00e9 im umo\u017e\u0148uj\u00fa kontaktova\u0165 t\u00edm Language Technology Alliance z kontaktnej str\u00e1nky, s v\u00fdnimkou IP adries n\u00e1v\u0161tevn\u00edkov, ktor\u00e9 automaticky zaznamen\u00e1vaj\u00fa syst\u00e9my n\u00e1\u0161ho n\u00e1stroja na anal\u00fdzu n\u00e1v\u0161tevnosti Matomo.<\/p><p>IP adresy pou\u017e\u00edvate\u013eov a ich r\u00f4zne pripojenia k webov\u00e9mu s\u00eddlu Language Technology Alliance sa zhroma\u017e\u010fuj\u00fa s cie\u013eom umo\u017eni\u0165 \u0161tatistick\u00e9 monitorovanie publika na na\u0161om webovom s\u00eddle pomocou n\u00e1stroja Matomo (verzia s otvoren\u00fdm zdrojov\u00fdm k\u00f3dom je k dispoz\u00edcii na adrese <a href=\"https:\/\/fr.matomo.org\/\">https:\/\/fr.matomo.org\/<\/a>).<\/p><p>Prev\u00e1dzkovate\u013eom v\u0161etk\u00fdch osobn\u00fdch \u00fadajov sprac\u00favan\u00fdch na webovom s\u00eddle Aliancie pre jazykov\u00e9 technol\u00f3gie je predseda Aliancie pre jazykov\u00e9 technol\u00f3gie.<\/p><p><\/p><\/h2>","protected":false},"excerpt":{"rendered":"<p>Webov\u00e9 s\u00eddlo https:\/\/alt-edic.eu\/ uverej\u0148uje Aliancia pre jazykov\u00e9 technol\u00f3gie (ALT-EDIC), Konzorcium pre eur\u00f3psku digit\u00e1lnu infra\u0161trukt\u00faru zriaden\u00e9 rozhodnut\u00edm Eur\u00f3pskej komisie (E\u00da) 2024\/458 a zaregistrovan\u00e9 vo Franc\u00fazsku ako zdru\u017eenie (loi 1901), zaregistrovan\u00e9 pod \u010d\u00edslom W024005363 a \u010d\u00edslom SIRET 929 059 178 00012. S\u00eddlo Aliancie pre jazyk [...]<\/p>","protected":false},"author":1,"featured_media":0,"parent":0,"menu_order":0,"comment_status":"closed","ping_status":"closed","template":"","meta":{"footnotes":""},"class_list":["post-8959","page","type-page","status-publish","hentry"],"aioseo_notices":[],"_links":{"self":[{"href":"https:\/\/www.alt-edic.eu\/sk\/wp-json\/wp\/v2\/pages\/8959","targetHints":{"allow":["GET"]}}],"collection":[{"href":"https:\/\/www.alt-edic.eu\/sk\/wp-json\/wp\/v2\/pages"}],"about":[{"href":"https:\/\/www.alt-edic.eu\/sk\/wp-json\/wp\/v2\/types\/page"}],"author":[{"embeddable":true,"href":"https:\/\/www.alt-edic.eu\/sk\/wp-json\/wp\/v2\/users\/1"}],"replies":[{"embeddable":true,"href":"https:\/\/www.alt-edic.eu\/sk\/wp-json\/wp\/v2\/comments?post=8959"}],"version-history":[{"count":0,"href":"https:\/\/www.alt-edic.eu\/sk\/wp-json\/wp\/v2\/pages\/8959\/revisions"}],"wp:attachment":[{"href":"https:\/\/www.alt-edic.eu\/sk\/wp-json\/wp\/v2\/media?parent=8959"}],"curies":[{"name":"wp","href":"https:\/\/api.w.org\/{rel}","templated":true}]}}