{"id":8956,"date":"2024-10-03T19:49:01","date_gmt":"2024-10-03T19:49:01","guid":{"rendered":"https:\/\/alt-edic.eu\/?page_id=8956"},"modified":"2026-02-20T16:58:54","modified_gmt":"2026-02-20T15:58:54","slug":"site-map","status":"publish","type":"page","link":"https:\/\/www.alt-edic.eu\/sk\/site-map\/","title":{"rendered":"<p>Mapa str\u00e1nok<\/p>"},"content":{"rendered":"<div data-elementor-type=\"wp-page\" data-elementor-id=\"8956\" class=\"elementor elementor-8956\" data-elementor-post-type=\"page\">\n\t\t\t\t<div class=\"elementor-element elementor-element-93e5c7d e-flex e-con-boxed e-con e-parent\" data-id=\"93e5c7d\" data-element_type=\"container\" data-e-type=\"container\">\n\t\t\t\t\t<div class=\"e-con-inner\">\n\t\t\t\t<div class=\"elementor-element elementor-element-ea8f1ca elementor-widget elementor-widget-text-editor\" data-id=\"ea8f1ca\" data-element_type=\"widget\" data-e-type=\"widget\" data-widget_type=\"text-editor.default\">\n\t\t\t\t<div class=\"elementor-widget-container\">\n\t\t\t\t\t\t\t\t\t<ul>\n<li><a href=\"https:\/\/www.alt-edic.eu\/sk\/\">Domovsk\u00e1 str\u00e1nka<\/a><\/li>\n<li><a href=\"https:\/\/www.alt-edic.eu\/sk\/about-alt-edic\/\">O n\u00e1s<\/a><\/li>\n<li><a href=\"https:\/\/www.alt-edic.eu\/sk\/what-is-an-edic\/\">\u010co je EDIC<\/a><\/li>\n<li><a href=\"https:\/\/www.alt-edic.eu\/sk\/the-cite-internationale-de-la-langue-francaise\/\">Umiestnenie<\/a><\/li>\n<li><a href=\"https:\/\/www.alt-edic.eu\/sk\/governance\/\">Riadenie<\/a><\/li>\n<li><a href=\"https:\/\/www.alt-edic.eu\/sk\/consortium\/\">Konzorcium<\/a><\/li>\n<li><a href=\"https:\/\/www.alt-edic.eu\/sk\/projects\/\">Na\u0161e projekty<\/a><\/li>\n<li><a href=\"https:\/\/www.alt-edic.eu\/sk\/job-offers\/\">Pracovn\u00e9 ponuky<\/a><\/li>\n<li><a href=\"https:\/\/www.alt-edic.eu\/sk\/blog\/\">Novinky &amp; Podujatia<\/a><\/li>\n<li><a href=\"https:\/\/www.alt-edic.eu\/sk\/contact\/\">Kontaktujte n\u00e1s<\/a><\/li>\n<li><a href=\"https:\/\/www.alt-edic.eu\/sk\/legal-notices\/\">Pr\u00e1vne ozn\u00e1menia<\/a><\/li>\n<li><a href=\"https:\/\/www.alt-edic.eu\/sk\/privacy-policy\/\">Z\u00e1sady ochrany osobn\u00fdch \u00fadajov<\/a><\/li>\n<li><a href=\"https:\/\/www.alt-edic.eu\/sk\/accessibility\/\">Dostupnos\u0165<\/a><\/li>\n<\/ul>\t\t\t\t\t\t\t\t<\/div>\n\t\t\t\t<\/div>\n\t\t\t\t\t<\/div>\n\t\t\t\t<\/div>\n\t\t\t\t<\/div>","protected":false},"excerpt":{"rendered":"<p>Domov O n\u00e1s \u010co je konzorcium pre spr\u00e1vu lokality EDIC Na\u0161e projekty Ponuky pr\u00e1ce Novinky a amp; Podujatia Kontaktujte n\u00e1s Pr\u00e1vne upozornenia Z\u00e1sady ochrany osobn\u00fdch \u00fadajov Pr\u00edstupnos\u0165<\/p>","protected":false},"author":1,"featured_media":0,"parent":0,"menu_order":0,"comment_status":"closed","ping_status":"closed","template":"","meta":{"footnotes":""},"class_list":["post-8956","page","type-page","status-publish","hentry"],"aioseo_notices":[],"_links":{"self":[{"href":"https:\/\/www.alt-edic.eu\/sk\/wp-json\/wp\/v2\/pages\/8956","targetHints":{"allow":["GET"]}}],"collection":[{"href":"https:\/\/www.alt-edic.eu\/sk\/wp-json\/wp\/v2\/pages"}],"about":[{"href":"https:\/\/www.alt-edic.eu\/sk\/wp-json\/wp\/v2\/types\/page"}],"author":[{"embeddable":true,"href":"https:\/\/www.alt-edic.eu\/sk\/wp-json\/wp\/v2\/users\/1"}],"replies":[{"embeddable":true,"href":"https:\/\/www.alt-edic.eu\/sk\/wp-json\/wp\/v2\/comments?post=8956"}],"version-history":[{"count":0,"href":"https:\/\/www.alt-edic.eu\/sk\/wp-json\/wp\/v2\/pages\/8956\/revisions"}],"wp:attachment":[{"href":"https:\/\/www.alt-edic.eu\/sk\/wp-json\/wp\/v2\/media?parent=8956"}],"curies":[{"name":"wp","href":"https:\/\/api.w.org\/{rel}","templated":true}]}}