{"id":8760,"date":"2024-08-19T14:45:10","date_gmt":"2024-08-19T14:45:10","guid":{"rendered":"https:\/\/alt-edic.eu\/?page_id=8760"},"modified":"2024-12-13T10:43:51","modified_gmt":"2024-12-13T09:43:51","slug":"what-is-an-edic","status":"publish","type":"page","link":"https:\/\/www.alt-edic.eu\/sk\/what-is-an-edic\/","title":{"rendered":"<p>\u010co je EDIC<\/p>"},"content":{"rendered":"<div data-elementor-type=\"wp-page\" data-elementor-id=\"8760\" class=\"elementor elementor-8760\" data-elementor-post-type=\"page\">\n\t\t\t\t\t\t<section class=\"elementor-section elementor-top-section elementor-element elementor-element-6ce15b86 elementor-section-stretched elementor-section-boxed elementor-section-height-default elementor-section-height-default\" data-id=\"6ce15b86\" data-element_type=\"section\" data-e-type=\"section\" data-settings='{\"stretch_section\":\"section-stretched\",\"background_background\":\"gradient\"}'>\n\t\t\t\t\t\t<div class=\"elementor-container elementor-column-gap-extended\">\n\t\t\t\t\t<div class=\"elementor-column elementor-col-50 elementor-top-column elementor-element elementor-element-2b0ff17f\" data-id=\"2b0ff17f\" data-element_type=\"column\" data-e-type=\"column\">\n\t\t\t<div class=\"elementor-widget-wrap elementor-element-populated\">\n\t\t\t\t\t\t<div class=\"elementor-element elementor-element-7dfb564d elementor-widget elementor-widget-heading\" data-id=\"7dfb564d\" data-element_type=\"widget\" data-e-type=\"widget\" data-widget_type=\"heading.default\">\n\t\t\t\t<div class=\"elementor-widget-container\">\n\t\t\t\t\t<h1 class=\"elementor-heading-title elementor-size-default\">\u010co je EDIC?<\/h1>\t\t\t\t<\/div>\n\t\t\t\t<\/div>\n\t\t\t\t<div class=\"elementor-element elementor-element-49ebb3c5 elementor-widget elementor-widget-text-editor\" data-id=\"49ebb3c5\" data-element_type=\"widget\" data-e-type=\"widget\" data-widget_type=\"text-editor.default\">\n\t\t\t\t<div class=\"elementor-widget-container\">\n\t\t\t\t\t\t\t\t\t<div class=\"elementor-element elementor-element-e277c6 elementor-widget__width-initial elementor-widget elementor-widget-text-editor\" data-id=\"e277c6\" data-element_type=\"widget\" data-widget_type=\"text-editor.default\"><div class=\"elementor-widget-container\"><p>Konzorcium pre eur\u00f3psku digit\u00e1lnu infra\u0161trukt\u00faru (EDIC) je druh pr\u00e1vnej \u0161trukt\u00fary vytvorenej v r\u00e1mci politick\u00e9ho programu Digit\u00e1lne desa\u0165ro\u010die do roku 2030 s cie\u013eom umo\u017eni\u0165 \u010dlensk\u00fdm \u0161t\u00e1tom E\u00da efekt\u00edvne zdru\u017eova\u0165 zdroje na realiz\u00e1ciu spolo\u010dnej digit\u00e1lnej infra\u0161trukt\u00fary.<\/p><\/div><\/div>\t\t\t\t\t\t\t\t<\/div>\n\t\t\t\t<\/div>\n\t\t\t\t\t<\/div>\n\t\t<\/div>\n\t\t\t\t<div class=\"elementor-column elementor-col-50 elementor-top-column elementor-element elementor-element-610ca725 elementor-hidden-tablet elementor-hidden-phone\" data-id=\"610ca725\" data-element_type=\"column\" data-e-type=\"column\">\n\t\t\t<div class=\"elementor-widget-wrap\">\n\t\t\t\t\t\t\t<\/div>\n\t\t<\/div>\n\t\t\t\t\t<\/div>\n\t\t<\/section>\n\t\t\t\t<section class=\"elementor-section elementor-top-section elementor-element elementor-element-1b631d26 elementor-section-stretched elementor-section-boxed elementor-section-height-default elementor-section-height-default\" data-id=\"1b631d26\" data-element_type=\"section\" data-e-type=\"section\" data-settings='{\"stretch_section\":\"section-stretched\"}'>\n\t\t\t\t\t\t<div class=\"elementor-container elementor-column-gap-extended\">\n\t\t\t\t\t<div class=\"elementor-column elementor-col-50 elementor-top-column elementor-element elementor-element-51bbcc16 elementor-invisible\" data-id=\"51bbcc16\" data-element_type=\"column\" data-e-type=\"column\" data-settings='{\"animation\":\"slide-left\",\"animation_delay\":200}'>\n\t\t\t<div class=\"elementor-widget-wrap elementor-element-populated\">\n\t\t\t\t\t\t<div class=\"elementor-element elementor-element-5669fbcf elementor-widget elementor-widget-text-editor\" data-id=\"5669fbcf\" data-element_type=\"widget\" data-e-type=\"widget\" data-widget_type=\"text-editor.default\">\n\t\t\t\t<div class=\"elementor-widget-container\">\n\t\t\t\t\t\t\t\t\t<p><span style=\"text-decoration: underline;\"><a href=\"https:\/\/digital-strategy.ec.europa.eu\/en\/policies\/edic\">Konzorci\u00e1 pre eur\u00f3psku digit\u00e1lnu infra\u0161trukt\u00faru (EDIC)<\/a><\/span> boli zaveden\u00e9 v r\u00e1mci <span style=\"text-decoration: underline;\"><a href=\"https:\/\/eur-lex.europa.eu\/eli\/dec\/2022\/2481\/oj\">Rozhodnutie Eur\u00f3pskeho parlamentu a Rady (E\u00da) 2022\/2481 zo 14. decembra 2022<\/a><\/span> ktor\u00fdm sa zria\u010fuje <span style=\"text-decoration: underline;\"><a href=\"https:\/\/digital-strategy.ec.europa.eu\/en\/library\/digital-decade-policy-programme-2030\">Politick\u00fd program Digit\u00e1lne desa\u0165ro\u010die do roku 2030<\/a><\/span>.<\/p><p>Hlavn\u00fdm cie\u013eom konzorci\u00ed EDIC je poskytn\u00fa\u0165 pr\u00e1vny r\u00e1mec na investovanie do viacn\u00e1rodn\u00fdch projektov, ktor\u00e9 vzh\u013eadom na ich rozsah nem\u00f4\u017eu \u00fa\u010dinne zriadi\u0165 jednotliv\u00e9 \u010dlensk\u00e9 \u0161t\u00e1ty. Konzorci\u00e1 EDIC preto u\u013eah\u010duj\u00fa koordin\u00e1ciu financovania a umo\u017e\u0148uj\u00fa r\u00fdchle zriadenie a flexibiln\u00e9 vykon\u00e1vanie viacn\u00e1rodn\u00fdch projektov s cie\u013eom vytvori\u0165 stimuly pre \u010dlensk\u00e9 \u0161t\u00e1ty a z\u00e1rove\u0148 zabezpe\u010di\u0165 spolo\u010dn\u00e9 normy a interoperabilitu.<\/p><p>Konzorci\u00e1 EDIC okrem toho prispievaj\u00fa k:<\/p>\t\t\t\t\t\t\t\t<\/div>\n\t\t\t\t<\/div>\n\t\t\t\t<div class=\"elementor-element elementor-element-77c7f869 elementor-widget elementor-widget-text-editor\" data-id=\"77c7f869\" data-element_type=\"widget\" data-e-type=\"widget\" data-widget_type=\"text-editor.default\">\n\t\t\t\t<div class=\"elementor-widget-container\">\n\t\t\t\t\t\t\t\t\t<ul><li>posilnenie technologickej excelentnosti, ved\u00faceho postavenia, inov\u00e1cie a konkurencieschopnosti Eur\u00f3py v oblasti kritick\u00fdch technol\u00f3gi\u00ed;<\/li><li>rie\u0161enie a rie\u0161enie strategick\u00fdch z\u00e1vislost\u00ed \u00danie v r\u00e1mci digit\u00e1lnych dod\u00e1vate\u013esk\u00fdch re\u0165azcov;<\/li><li>zv\u00fd\u0161enie dostupnosti a podpora vyu\u017e\u00edvania bezpe\u010dn\u00fdch digit\u00e1lnych rie\u0161en\u00ed;<\/li><li>podpora inkluz\u00edvnej a udr\u017eate\u013enej digit\u00e1lnej transform\u00e1cie hospod\u00e1rstva a spolo\u010dnosti;<\/li><li>podpora digit\u00e1lnych zru\u010dnost\u00ed ob\u010danov, podpora rodovo vyv\u00e1\u017eenej \u00fa\u010dasti na vzdel\u00e1van\u00ed a kari\u00e9rnych pr\u00edle\u017eitostiach.<\/li><\/ul>\t\t\t\t\t\t\t\t<\/div>\n\t\t\t\t<\/div>\n\t\t\t\t<div class=\"elementor-element elementor-element-ee8d3e2 elementor-widget elementor-widget-text-editor\" data-id=\"ee8d3e2\" data-element_type=\"widget\" data-e-type=\"widget\" data-widget_type=\"text-editor.default\">\n\t\t\t\t<div class=\"elementor-widget-container\">\n\t\t\t\t\t\t\t\t\t<p>\u010eal\u0161ie inform\u00e1cie o konzorci\u00e1ch EDIC s\u00fa k dispoz\u00edcii <a href=\"https:\/\/digital-strategy.ec.europa.eu\/en\/policies\/edic\">tu<\/a>.<\/p><p>ALT-EDIC je konzorcium EDIC zameran\u00e9 na jazykov\u00e9 technol\u00f3gie. Umo\u017e\u0148uje zdru\u017eova\u0165 zdroje potrebn\u00e9 na rozvoj ve\u013ek\u00fdch jazykov\u00fdch modelov efekt\u00edvnej\u0161\u00edm sp\u00f4sobom, ne\u017e by to dok\u00e1zala ktor\u00e1ko\u013evek \u010dlensk\u00e1 krajina sama.<\/p>\t\t\t\t\t\t\t\t<\/div>\n\t\t\t\t<\/div>\n\t\t\t\t\t<\/div>\n\t\t<\/div>\n\t\t\t\t<div class=\"elementor-column elementor-col-50 elementor-top-column elementor-element elementor-element-df98f7c elementor-invisible\" data-id=\"df98f7c\" data-element_type=\"column\" data-e-type=\"column\" data-settings='{\"animation\":\"slide-left\",\"animation_delay\":200}'>\n\t\t\t<div class=\"elementor-widget-wrap elementor-element-populated\">\n\t\t\t\t\t\t<div class=\"elementor-element elementor-element-5ed9a92 elementor-widget elementor-widget-image\" data-id=\"5ed9a92\" data-element_type=\"widget\" data-e-type=\"widget\" data-widget_type=\"image.default\">\n\t\t\t\t<div class=\"elementor-widget-container\">\n\t\t\t\t\t\t\t\t\t\t\t\t\t\t\t<img fetchpriority=\"high\" decoding=\"async\" width=\"660\" height=\"371\" src=\"https:\/\/www.alt-edic.eu\/wp-content\/uploads\/2024\/10\/what-is-an-edic-1024x576.jpg\" class=\"attachment-large size-large wp-image-9172\" alt=\"Eur\u00f3pska vlajka s Edic\" srcset=\"https:\/\/www.alt-edic.eu\/wp-content\/uploads\/2024\/10\/what-is-an-edic-1024x576.jpg 1024w, https:\/\/www.alt-edic.eu\/wp-content\/uploads\/2024\/10\/what-is-an-edic-300x169.jpg 300w, https:\/\/www.alt-edic.eu\/wp-content\/uploads\/2024\/10\/what-is-an-edic-768x432.jpg 768w, https:\/\/www.alt-edic.eu\/wp-content\/uploads\/2024\/10\/what-is-an-edic-1536x864.jpg 1536w, https:\/\/www.alt-edic.eu\/wp-content\/uploads\/2024\/10\/what-is-an-edic-18x10.jpg 18w, https:\/\/www.alt-edic.eu\/wp-content\/uploads\/2024\/10\/what-is-an-edic.jpg 1920w\" sizes=\"(max-width: 660px) 100vw, 660px\">\t\t\t\t\t\t\t\t\t\t\t\t\t\t\t<\/div>\n\t\t\t\t<\/div>\n\t\t\t\t\t<\/div>\n\t\t<\/div>\n\t\t\t\t\t<\/div>\n\t\t<\/section>\n\t\t\t\t<\/div>","protected":false},"excerpt":{"rendered":"<p>\u010co je EDIC? Konzorcium pre eur\u00f3psku digit\u00e1lnu infra\u0161trukt\u00faru (EDIC) je druh pr\u00e1vnej \u0161trukt\u00fary vytvorenej v r\u00e1mci politick\u00e9ho programu Digit\u00e1lne desa\u0165ro\u010die do roku 2030 s cie\u013eom umo\u017eni\u0165 \u010dlensk\u00fdm \u0161t\u00e1tom E\u00da efekt\u00edvne zdru\u017eova\u0165 zdroje na realiz\u00e1ciu spolo\u010dnej digit\u00e1lnej infra\u0161trukt\u00fary. Konzorci\u00e1 pre eur\u00f3psku digit\u00e1lnu infra\u0161trukt\u00faru (EDIC) boli zaveden\u00e9 rozhodnut\u00edm [\u2026] (E\u00da) 2022\/2481.<\/p>","protected":false},"author":1,"featured_media":0,"parent":0,"menu_order":0,"comment_status":"closed","ping_status":"closed","template":"","meta":{"footnotes":""},"class_list":["post-8760","page","type-page","status-publish","hentry"],"aioseo_notices":[],"_links":{"self":[{"href":"https:\/\/www.alt-edic.eu\/sk\/wp-json\/wp\/v2\/pages\/8760","targetHints":{"allow":["GET"]}}],"collection":[{"href":"https:\/\/www.alt-edic.eu\/sk\/wp-json\/wp\/v2\/pages"}],"about":[{"href":"https:\/\/www.alt-edic.eu\/sk\/wp-json\/wp\/v2\/types\/page"}],"author":[{"embeddable":true,"href":"https:\/\/www.alt-edic.eu\/sk\/wp-json\/wp\/v2\/users\/1"}],"replies":[{"embeddable":true,"href":"https:\/\/www.alt-edic.eu\/sk\/wp-json\/wp\/v2\/comments?post=8760"}],"version-history":[{"count":0,"href":"https:\/\/www.alt-edic.eu\/sk\/wp-json\/wp\/v2\/pages\/8760\/revisions"}],"wp:attachment":[{"href":"https:\/\/www.alt-edic.eu\/sk\/wp-json\/wp\/v2\/media?parent=8760"}],"curies":[{"name":"wp","href":"https:\/\/api.w.org\/{rel}","templated":true}]}}