{"id":8735,"date":"2024-08-19T13:30:19","date_gmt":"2024-08-19T13:30:19","guid":{"rendered":"https:\/\/alt-edic.eu\/?page_id=8735"},"modified":"2026-04-10T17:00:24","modified_gmt":"2026-04-10T16:00:24","slug":"about-us","status":"publish","type":"page","link":"https:\/\/www.alt-edic.eu\/sk\/about-us\/","title":{"rendered":"<p>O n\u00e1s<\/p>"},"content":{"rendered":"<div data-elementor-type=\"wp-page\" data-elementor-id=\"8735\" class=\"elementor elementor-8735\" data-elementor-post-type=\"page\">\n\t\t\t\t\t\t<section class=\"elementor-section elementor-top-section elementor-element elementor-element-2c377f48 elementor-section-stretched elementor-section-boxed elementor-section-height-default elementor-section-height-default\" data-id=\"2c377f48\" data-element_type=\"section\" data-e-type=\"section\" data-settings='{\"stretch_section\":\"section-stretched\",\"background_background\":\"gradient\"}'>\n\t\t\t\t\t\t<div class=\"elementor-container elementor-column-gap-extended\">\n\t\t\t\t\t<div class=\"elementor-column elementor-col-50 elementor-top-column elementor-element elementor-element-bf7721c\" data-id=\"bf7721c\" data-element_type=\"column\" data-e-type=\"column\">\n\t\t\t<div class=\"elementor-widget-wrap elementor-element-populated\">\n\t\t\t\t\t\t<div class=\"elementor-element elementor-element-d07f81e elementor-widget elementor-widget-heading\" data-id=\"d07f81e\" data-element_type=\"widget\" data-e-type=\"widget\" data-widget_type=\"heading.default\">\n\t\t\t\t<div class=\"elementor-widget-container\">\n\t\t\t\t\t<h1 class=\"elementor-heading-title elementor-size-default\">Inform\u00e1cie o ALT-EDIC<\/h1>\t\t\t\t<\/div>\n\t\t\t\t<\/div>\n\t\t\t\t<div class=\"elementor-element elementor-element-24e9f9f3 elementor-widget elementor-widget-text-editor\" data-id=\"24e9f9f3\" data-element_type=\"widget\" data-e-type=\"widget\" data-widget_type=\"text-editor.default\">\n\t\t\t\t<div class=\"elementor-widget-container\">\n\t\t\t\t\t\t\t\t\t<p>Aliancia pre jazykov\u00e9 technol\u00f3gie (ALT-EDIC) je <strong><span style=\"text-decoration: underline; color: #ffffff;\"><a style=\"color: #ffffff; text-decoration: underline;\" href=\"https:\/\/digital-strategy.ec.europa.eu\/en\/policies\/edic\">Konzorcium pre eur\u00f3psku digit\u00e1lnu infra\u0161trukt\u00faru<\/a><\/span><\/strong> podpora rozvoja jazykov\u00fdch technol\u00f3gi\u00ed. Podporuje excelentnos\u0165 v jazykov\u00fdch technol\u00f3gi\u00e1ch a prispieva k zachovaniu jazykovej rozmanitosti a kult\u00farneho bohatstva Eur\u00f3py.<\/p><p>Navrhlo ho 10 \u010dlensk\u00fdch \u0161t\u00e1tov v decembri 2023 a ofici\u00e1lne ho vytvorilo<strong> <span style=\"text-decoration: underline;\"><span style=\"color: #ffffff;\"><a style=\"color: #ffffff; text-decoration: underline;\" href=\"https:\/\/eur-lex.europa.eu\/eli\/dec_impl\/2024\/458\/oj\">Rozhodnutie Komisie<\/a><\/span><\/span> <\/strong>vo febru\u00e1ri 2024. V s\u00fa\u010dasnosti m\u00e1 27 \u010dlenov a pozorovate\u013eov. Koordinuje ju Franc\u00fazsko a jej \u0161tatut\u00e1rne s\u00eddlo sa nach\u00e1dza na historickom mieste <em>Z\u00e1mok Villers-Cotter\u00eats<\/em>.<\/p><p>Prezent\u00e1ciu poskytuj\u00facu preh\u013ead o konzorciu ALT-EDIC si m\u00f4\u017eete stiahnu\u0165&nbsp;<u><b><a href=\"https:\/\/www.alt-edic.eu\/wp-content\/uploads\/2026\/03\/ALT-EDIC_presentation_20260307.pdf\">tu<\/a><\/b><\/u><b>.<\/b>&nbsp;<\/p>\t\t\t\t\t\t\t\t<\/div>\n\t\t\t\t<\/div>\n\t\t\t\t\t<\/div>\n\t\t<\/div>\n\t\t\t\t<div class=\"elementor-column elementor-col-50 elementor-top-column elementor-element elementor-element-17328b68 elementor-hidden-tablet elementor-hidden-phone\" data-id=\"17328b68\" data-element_type=\"column\" data-e-type=\"column\">\n\t\t\t<div class=\"elementor-widget-wrap\">\n\t\t\t\t\t\t\t<\/div>\n\t\t<\/div>\n\t\t\t\t\t<\/div>\n\t\t<\/section>\n\t\t\t\t<section class=\"elementor-section elementor-top-section elementor-element elementor-element-5084f662 elementor-section-stretched elementor-section-boxed elementor-section-height-default elementor-section-height-default\" data-id=\"5084f662\" data-element_type=\"section\" data-e-type=\"section\" data-settings='{\"stretch_section\":\"section-stretched\"}'>\n\t\t\t\t\t\t<div class=\"elementor-container elementor-column-gap-extended\">\n\t\t\t\t\t<div class=\"elementor-column elementor-col-50 elementor-top-column elementor-element elementor-element-21db52d3 elementor-hidden-tablet elementor-hidden-phone elementor-invisible\" data-id=\"21db52d3\" data-element_type=\"column\" data-e-type=\"column\" data-settings='{\"animation\":\"slide-right\"}'>\n\t\t\t<div class=\"elementor-widget-wrap elementor-element-populated\">\n\t\t\t\t\t\t<div class=\"elementor-element elementor-element-4ef5943 elementor-widget elementor-widget-html\" data-id=\"4ef5943\" data-element_type=\"widget\" data-e-type=\"widget\" data-widget_type=\"html.default\">\n\t\t\t\t<div class=\"elementor-widget-container\">\n\t\t\t\t\t<object data=\"https:\/\/www.alt-edic.eu\/wp-content\/uploads\/2026\/04\/ALT-EDIC-Flyer-v1-A4.pdf\" type=\"application\/pdf\" width=\"720px\" height=\"680px\"> <\/object>\t\t\t\t<\/div>\n\t\t\t\t<\/div>\n\t\t\t\t\t<\/div>\n\t\t<\/div>\n\t\t\t\t<div class=\"elementor-column elementor-col-50 elementor-top-column elementor-element elementor-element-5f3d7e93 elementor-invisible\" data-id=\"5f3d7e93\" data-element_type=\"column\" data-e-type=\"column\" data-settings='{\"animation\":\"slide-left\",\"animation_delay\":200}'>\n\t\t\t<div class=\"elementor-widget-wrap elementor-element-populated\">\n\t\t\t\t\t\t<div class=\"elementor-element elementor-element-6f5ba8cd elementor-widget elementor-widget-heading\" data-id=\"6f5ba8cd\" data-element_type=\"widget\" data-e-type=\"widget\" data-widget_type=\"heading.default\">\n\t\t\t\t<div class=\"elementor-widget-container\">\n\t\t\t\t\t<h2 class=\"elementor-heading-title elementor-size-default\">ALT-EDIC podporuje rozvoj jazykov\u00fdch technol\u00f3gi\u00ed<\/h2>\t\t\t\t<\/div>\n\t\t\t\t<\/div>\n\t\t\t\t<div class=\"elementor-element elementor-element-525183b7 elementor-widget elementor-widget-text-editor\" data-id=\"525183b7\" data-element_type=\"widget\" data-e-type=\"widget\" data-widget_type=\"text-editor.default\">\n\t\t\t\t<div class=\"elementor-widget-container\">\n\t\t\t\t\t\t\t\t\t<p>Aliancia pre jazykov\u00e9 technol\u00f3gie rie\u0161i nedostatok \u00fadajov o eur\u00f3pskom jazyku, ktor\u00e9 s\u00fa k dispoz\u00edcii na odborn\u00fa pr\u00edpravu ve\u013ek\u00fdch jazykov\u00fdch modelov (LLM), a referen\u010dn\u00e9 porovn\u00e1vanie tak\u00fdchto modelov.<\/p><p>Povedie to k lep\u0161\u00edm rie\u0161eniam umelej inteligencie schopn\u00fdm porozumie\u0165 jazyku a vytv\u00e1ra\u0165 ho, pri\u010dom sa zoh\u013eadn\u00ed jazykov\u00e1 rozmanitos\u0165 a kult\u00farne bohatstvo Eur\u00f3py.<\/p>\t\t\t\t\t\t\t\t<\/div>\n\t\t\t\t<\/div>\n\t\t\t\t\t<\/div>\n\t\t<\/div>\n\t\t\t\t\t<\/div>\n\t\t<\/section>\n\t\t\t\t<section class=\"elementor-section elementor-top-section elementor-element elementor-element-245ad23 elementor-section-stretched elementor-section-boxed elementor-section-height-default elementor-section-height-default elementor-invisible\" data-id=\"245ad23\" data-element_type=\"section\" data-e-type=\"section\" data-settings='{\"stretch_section\":\"section-stretched\",\"animation\":\"slide-up\"}'>\n\t\t\t\t\t\t<div class=\"elementor-container elementor-column-gap-extended\">\n\t\t\t\t\t<div class=\"elementor-column elementor-col-100 elementor-top-column elementor-element elementor-element-6381d6cd\" data-id=\"6381d6cd\" data-element_type=\"column\" data-e-type=\"column\">\n\t\t\t<div class=\"elementor-widget-wrap elementor-element-populated\">\n\t\t\t\t\t\t<div class=\"elementor-element elementor-element-6107c70 elementor-widget elementor-widget-heading\" data-id=\"6107c70\" data-element_type=\"widget\" data-e-type=\"widget\" data-widget_type=\"heading.default\">\n\t\t\t\t<div class=\"elementor-widget-container\">\n\t\t\t\t\t<h2 class=\"elementor-heading-title elementor-size-default\">Misia konzorcia ALT-EDIC sa zameriava na t\u00fdchto p\u00e4\u0165 opatren\u00ed:<\/h2>\t\t\t\t<\/div>\n\t\t\t\t<\/div>\n\t\t\t\t<div class=\"elementor-element elementor-element-6b8ccd5c elementor-widget elementor-widget-apus_element_features_box\" data-id=\"6b8ccd5c\" data-element_type=\"widget\" data-e-type=\"widget\" data-widget_type=\"apus_element_features_box.default\">\n\t\t\t\t<div class=\"elementor-widget-container\">\n\t\t\t\t\t            <div class=\"widget-features-box  style2\">\n                                    <div class=\"slick-carousel\" data-items=\"3\" data-smallmedium=\"2\" data-extrasmall=\"1\" data-pagination=\"false\" data-nav=\"true\">\n                                                    <div class=\"item\">\n                                <div class=\"item-inner\">\n                                    <div class=\"top-inner\">\n                                                                                <div class=\"features-box-image icon\"><i class=\"fa fa-database\"><\/i><\/div><\/div><div class=\"features-box-content\"><h3 class=\"title\">Akcia 1 \u2013 \u00dadaje<\/h3><div class=\"description\">ALT-EDIC bude vyu\u017e\u00edva\u0165 jazykov\u00fd d\u00e1tov\u00fd priestor a zdru\u017eova\u0165 existuj\u00face jazykov\u00e9 a multimod\u00e1lne zdroje z E\u00da a \u010dlensk\u00fdch \u0161t\u00e1tov vo v\u0161etk\u00fdch eur\u00f3pskych, n\u00e1rodn\u00fdch a region\u00e1lnych jazykoch, a to aj prostredn\u00edctvom vytv\u00e1rania strategick\u00fdch \u00fadajov, napr\u00edklad pre jazyky s mal\u00fdm po\u010dtom hovoriacich (menej ako 10 mili\u00f3nov hovoriacich), v ktor\u00fdch existuj\u00fa inherentn\u00e9 obmedzenia pre odborn\u00fa pr\u00edpravu ve\u013ek\u00fdch jazykov\u00fdch modelov (LLM).<\/div><\/div>\n                                <\/div>\n                            <\/div>\n                                                    <div class=\"item\">\n                                <div class=\"item-inner\">\n                                    <div class=\"top-inner\">\n                                                                                <div class=\"features-box-image icon\"><i class=\"fa fa-caret-right\"><\/i><\/div><\/div><div class=\"features-box-content\"><h3 class=\"title\">Akcia 2 ? Existuj\u00face modely<\/h3><div class=\"description\">ALT-EDIC vytvor\u00ed register existuj\u00facich jazykov\u00fdch modelov s otvoren\u00fdm zdrojov\u00fdm k\u00f3dom na op\u00e4tovn\u00e9 pou\u017eitie priemyseln\u00fdmi subjektmi a vypracuje osobitn\u00e9 met\u00f3dy dola\u010fovania, najm\u00e4 pre MSP, a poskytne metodiky hodnotenia, certifik\u00e1cie a normaliz\u00e1cie s osobitn\u00fdm zameran\u00edm na potenci\u00e1lnu diskrimin\u00e1ciu a zaujatos\u0165 zaveden\u00fa modelmi spracovania prirodzen\u00e9ho jazyka (NLP).<\/div><\/div>\n                                <\/div>\n                            <\/div>\n                                                    <div class=\"item\">\n                                <div class=\"item-inner\">\n                                    <div class=\"top-inner\">\n                                                                                <div class=\"features-box-image icon\"><i class=\"ti-fullscreen\"><\/i><\/div><\/div><div class=\"features-box-content\"><h3 class=\"title\">Akcia 3 ? V\u00fdvoj modelov<\/h3><div class=\"description\">ALT-EDIC bude p\u00f4sobi\u0165 ako z\u00e1rodkov\u00fd fond, v ktorom sa spoja verejn\u00e9 a s\u00fakromn\u00e9 zdroje na spustenie a v\u00fdvoj nov\u00fdch projektov ve\u013ek\u00fdch jazykov\u00fdch modelov a z\u00e1kladn\u00fdch modelov s multimod\u00e1lnymi kapacitami, a to aj prostredn\u00edctvom poskytovania pr\u00edstupu k potrebnej eur\u00f3pskej vysokov\u00fdkonnej v\u00fdpo\u010dtovej technike.<\/div><\/div>\n                                <\/div>\n                            <\/div>\n                                                    <div class=\"item\">\n                                <div class=\"item-inner\">\n                                    <div class=\"top-inner\">\n                                                                                <div class=\"features-box-image icon\"><i class=\"ti-layout-list-thumb-alt\"><\/i><\/div><\/div><div class=\"features-box-content\"><h3 class=\"title\">Akcia 4 ? Hodnotenie, certifik\u00e1cia a normaliz\u00e1cia<\/h3><div class=\"description\">ALT-EDIC prispeje k rozvoju metod\u00edk hodnotenia s osobitn\u00fdm zameran\u00edm na potenci\u00e1lnu diskrimin\u00e1ciu a zaujatos\u0165 zaveden\u00fa modelmi NLP, ako aj na poskytovanie \u0161pecializovanej podpory in\u0161tit\u00faci\u00e1m pri investovan\u00ed do LT.<\/div><\/div>\n                                <\/div>\n                            <\/div>\n                                                    <div class=\"item\">\n                                <div class=\"item-inner\">\n                                    <div class=\"top-inner\">\n                                                                                <div class=\"features-box-image icon\"><i class=\"fa fa-link\"><\/i><\/div><\/div><div class=\"features-box-content\"><h3 class=\"title\">Opatrenie 5 \u2013 Ekosyst\u00e9m<\/h3><div class=\"description\">ALT-EDIC bude p\u00f4sobi\u0165 ako poradn\u00fd bod pre org\u00e1ny verejnej spr\u00e1vy, ako aj oslovova\u0165 verejnos\u0165 prostredn\u00edctvom kult\u00farneho programu zalo\u017een\u00e9ho na umelej inteligencii pre jazyky a umo\u017en\u00ed koncov\u00fdm pou\u017e\u00edvate\u013eom jazykov\u00fdch technol\u00f3gi\u00ed, ktor\u00ed s\u00fa z\u00e1rove\u0148 tvorcami \u00fadajov, rie\u0161i\u0165 v\u00fdzvy spojen\u00e9 s umelou inteligenciou a jazykov\u00fdmi technol\u00f3giami vo viacjazy\u010dnom kontexte a prispieva\u0165 k osvieteniu eur\u00f3pskych ob\u010danov v oblasti umelej inteligencie.<\/div><\/div>\n                                <\/div>\n                            <\/div>\n                                            <\/div>\n                            <\/div>\n            \t\t\t\t<\/div>\n\t\t\t\t<\/div>\n\t\t\t\t\t<\/div>\n\t\t<\/div>\n\t\t\t\t\t<\/div>\n\t\t<\/section>\n\t\t\t\t<\/div>","protected":false},"excerpt":{"rendered":"<p>Aliancia pre jazykov\u00e9 technol\u00f3gie (ALT-EDIC) je Konzorcium pre eur\u00f3psku digit\u00e1lnu infra\u0161trukt\u00faru, ktor\u00e9 podporuje rozvoj jazykov\u00fdch technol\u00f3gi\u00ed. Podporuje excelentnos\u0165 v jazykov\u00fdch technol\u00f3gi\u00e1ch a prispieva k zachovaniu jazykovej rozmanitosti a kult\u00farneho bohatstva Eur\u00f3py. Navrhlo ho 10 \u010dlensk\u00fdch \u0161t\u00e1tov v decembri 2023 a ofici\u00e1lne ho vytvorila Komisia [\u2026]<\/p>","protected":false},"author":1,"featured_media":0,"parent":0,"menu_order":0,"comment_status":"closed","ping_status":"closed","template":"","meta":{"footnotes":""},"class_list":["post-8735","page","type-page","status-publish","hentry"],"aioseo_notices":[],"_links":{"self":[{"href":"https:\/\/www.alt-edic.eu\/sk\/wp-json\/wp\/v2\/pages\/8735","targetHints":{"allow":["GET"]}}],"collection":[{"href":"https:\/\/www.alt-edic.eu\/sk\/wp-json\/wp\/v2\/pages"}],"about":[{"href":"https:\/\/www.alt-edic.eu\/sk\/wp-json\/wp\/v2\/types\/page"}],"author":[{"embeddable":true,"href":"https:\/\/www.alt-edic.eu\/sk\/wp-json\/wp\/v2\/users\/1"}],"replies":[{"embeddable":true,"href":"https:\/\/www.alt-edic.eu\/sk\/wp-json\/wp\/v2\/comments?post=8735"}],"version-history":[{"count":16,"href":"https:\/\/www.alt-edic.eu\/sk\/wp-json\/wp\/v2\/pages\/8735\/revisions"}],"predecessor-version":[{"id":11353,"href":"https:\/\/www.alt-edic.eu\/sk\/wp-json\/wp\/v2\/pages\/8735\/revisions\/11353"}],"wp:attachment":[{"href":"https:\/\/www.alt-edic.eu\/sk\/wp-json\/wp\/v2\/media?parent=8735"}],"curies":[{"name":"wp","href":"https:\/\/api.w.org\/{rel}","templated":true}]}}