{"id":10975,"date":"2025-11-03T18:02:10","date_gmt":"2025-11-03T17:02:10","guid":{"rendered":"https:\/\/www.alt-edic.eu\/?page_id=10975"},"modified":"2026-01-20T10:02:09","modified_gmt":"2026-01-20T09:02:09","slug":"llm-bridge","status":"publish","type":"page","link":"https:\/\/www.alt-edic.eu\/sk\/projects\/llm-bridge\/","title":{"rendered":"<p>LLM-BRIDGE<\/p>"},"content":{"rendered":"<div data-elementor-type=\"wp-page\" data-elementor-id=\"10975\" class=\"elementor elementor-10975\" data-elementor-post-type=\"page\">\n\t\t\t\t\t\t<section class=\"elementor-section elementor-top-section elementor-element elementor-element-1577bd88 elementor-section-stretched elementor-section-boxed elementor-section-height-default elementor-section-height-default\" data-id=\"1577bd88\" data-element_type=\"section\" data-e-type=\"section\" data-settings='{\"stretch_section\":\"section-stretched\",\"background_background\":\"gradient\"}'>\n\t\t\t\t\t\t<div class=\"elementor-container elementor-column-gap-extended\">\n\t\t\t\t\t<div class=\"elementor-column elementor-col-50 elementor-top-column elementor-element elementor-element-70dc39ba\" data-id=\"70dc39ba\" data-element_type=\"column\" data-e-type=\"column\">\n\t\t\t<div class=\"elementor-widget-wrap elementor-element-populated\">\n\t\t\t\t\t\t<div class=\"elementor-element elementor-element-51cabebb elementor-widget elementor-widget-heading\" data-id=\"51cabebb\" data-element_type=\"widget\" data-e-type=\"widget\" data-widget_type=\"heading.default\">\n\t\t\t\t<div class=\"elementor-widget-container\">\n\t\t\t\t\t<h1 class=\"elementor-heading-title elementor-size-default\">LLM-BRIDGE<\/h1>\t\t\t\t<\/div>\n\t\t\t\t<\/div>\n\t\t\t\t<div class=\"elementor-element elementor-element-1f4ee8af elementor-widget elementor-widget-text-editor\" data-id=\"1f4ee8af\" data-element_type=\"widget\" data-e-type=\"widget\" data-widget_type=\"text-editor.default\">\n\t\t\t\t<div class=\"elementor-widget-container\">\n\t\t\t\t\t\t\t\t\t<p><strong style=\"background-color: transparent; color: #ffffff;\">Projekt LLM Booster for Regional Innovation and Digital Growth in Europe (Podpora LLM pre region\u00e1lne inov\u00e1cie a digit\u00e1lny rast v Eur\u00f3pe)&nbsp;<\/strong><strong style=\"background-color: transparent; color: #ffffff;\">&nbsp;(LLM-BRIDGE)&nbsp;<\/strong><strong style=\"background-color: transparent; color: #ffffff;\">podporuje startupy a scaleupy v r\u00fdchlo rast\u00facej dom\u00e9ne ve\u013ek\u00fdch jazykov\u00fdch modelov (LLM).<\/strong><\/p>\t\t\t\t\t\t\t\t<\/div>\n\t\t\t\t<\/div>\n\t\t\t\t\t<\/div>\n\t\t<\/div>\n\t\t\t\t<div class=\"elementor-column elementor-col-50 elementor-top-column elementor-element elementor-element-286565d9 elementor-hidden-tablet elementor-hidden-phone\" data-id=\"286565d9\" data-element_type=\"column\" data-e-type=\"column\">\n\t\t\t<div class=\"elementor-widget-wrap\">\n\t\t\t\t\t\t\t<\/div>\n\t\t<\/div>\n\t\t\t\t\t<\/div>\n\t\t<\/section>\n\t\t\t\t<section class=\"elementor-section elementor-top-section elementor-element elementor-element-2a82150a elementor-section-stretched elementor-section-boxed elementor-section-height-default elementor-section-height-default\" data-id=\"2a82150a\" data-element_type=\"section\" data-e-type=\"section\" data-settings='{\"stretch_section\":\"section-stretched\"}'>\n\t\t\t\t\t\t<div class=\"elementor-container elementor-column-gap-extended\">\n\t\t\t\t\t<div class=\"elementor-column elementor-col-50 elementor-top-column elementor-element elementor-element-4dc940b2 elementor-invisible\" data-id=\"4dc940b2\" data-element_type=\"column\" data-e-type=\"column\" data-settings='{\"animation\":\"slide-left\",\"animation_delay\":200}'>\n\t\t\t<div class=\"elementor-widget-wrap elementor-element-populated\">\n\t\t\t\t\t\t<div class=\"elementor-element elementor-element-2fa08fbe elementor-widget__width-initial elementor-widget elementor-widget-text-editor\" data-id=\"2fa08fbe\" data-element_type=\"widget\" data-e-type=\"widget\" data-widget_type=\"text-editor.default\">\n\t\t\t\t<div class=\"elementor-widget-container\">\n\t\t\t\t\t\t\t\t\t<p>The&nbsp;<span style=\"text-decoration: underline;\"><a href=\"https:\/\/www.llm-bridge.eu\/\">Projekt LLM-BRIDGE<\/a><\/span> sa zameriava na posilnenie n\u00e1rodn\u00fdch ekosyst\u00e9mov g\u00e9novej umelej inteligencie t\u00fdm, \u017ee startupom, roz\u0161iruj\u00facim sa podnikom, inkub\u00e1torom a investorom poskytne podporu potrebn\u00fa na budovanie a zav\u00e1dzanie produktov zalo\u017een\u00fdch na LLM.<\/p><p>Projekt sp\u00e1ja konzorcium partnerov z desiatich eur\u00f3pskych kraj\u00edn, ktor\u00e9 koordinuje ALT-EDIC. Zru\u010dnosti partnerov pri podpore startupov a inov\u00e1ci\u00ed s\u00fa posilnen\u00e9 ich technick\u00fdmi odborn\u00fdmi znalos\u0165ami v oblasti GenAI a LLM. Tieto schopnosti pom\u00f4\u017eu startupom a scaleupom integrova\u0165 LLM zodpovedne a vo ve\u013ekom rozsahu. Konzorcium bude spolo\u010dne poskytova\u0165 tri \u0161pecializovan\u00e9 podporn\u00e9 programy zameran\u00e9 na LLM:<\/p><p dir=\"ltr\" style=\"margin-top: 0pt; margin-bottom: 0pt; line-height: 1.38;\">&nbsp;<\/p>\t\t\t\t\t\t\t\t<\/div>\n\t\t\t\t<\/div>\n\t\t\t\t\t<\/div>\n\t\t<\/div>\n\t\t\t\t<div class=\"elementor-column elementor-col-50 elementor-top-column elementor-element elementor-element-169741bd elementor-hidden-tablet elementor-hidden-phone elementor-invisible\" data-id=\"169741bd\" data-element_type=\"column\" data-e-type=\"column\" data-settings='{\"animation\":\"slide-right\"}'>\n\t\t\t<div class=\"elementor-widget-wrap elementor-element-populated\">\n\t\t\t\t\t\t<div class=\"elementor-element elementor-element-47d0ea elementor-widget__width-initial elementor-widget elementor-widget-image\" data-id=\"47d0ea\" data-element_type=\"widget\" data-e-type=\"widget\" data-widget_type=\"image.default\">\n\t\t\t\t<div class=\"elementor-widget-container\">\n\t\t\t\t\t\t\t\t\t\t\t\t\t\t\t<img fetchpriority=\"high\" decoding=\"async\" width=\"800\" height=\"520\" src=\"https:\/\/www.alt-edic.eu\/wp-content\/uploads\/2026\/01\/Project-page-images-2-e1768899698813.png\" class=\"attachment-full size-full wp-image-11100\" alt=\"LLM-BRIDGE Inform\u00e1cie o projekte\" srcset=\"https:\/\/www.alt-edic.eu\/wp-content\/uploads\/2026\/01\/Project-page-images-2-e1768899698813.png 800w, https:\/\/www.alt-edic.eu\/wp-content\/uploads\/2026\/01\/Project-page-images-2-e1768899698813-300x195.png 300w, https:\/\/www.alt-edic.eu\/wp-content\/uploads\/2026\/01\/Project-page-images-2-e1768899698813-768x499.png 768w, https:\/\/www.alt-edic.eu\/wp-content\/uploads\/2026\/01\/Project-page-images-2-e1768899698813-18x12.png 18w\" sizes=\"(max-width: 800px) 100vw, 800px\">\t\t\t\t\t\t\t\t\t\t\t\t\t\t\t<\/div>\n\t\t\t\t<\/div>\n\t\t\t\t\t<\/div>\n\t\t<\/div>\n\t\t\t\t\t<\/div>\n\t\t<\/section>\n\t\t<div class=\"elementor-element elementor-element-8ed64da e-flex e-con-boxed e-con e-parent\" data-id=\"8ed64da\" data-element_type=\"container\" data-e-type=\"container\">\n\t\t\t\t\t<div class=\"e-con-inner\">\n\t\t\t\t<div class=\"elementor-element elementor-element-41c7d55 elementor-widget__width-initial elementor-widget elementor-widget-text-editor\" data-id=\"41c7d55\" data-element_type=\"widget\" data-e-type=\"widget\" data-widget_type=\"text-editor.default\">\n\t\t\t\t<div class=\"elementor-widget-container\">\n\t\t\t\t\t\t\t\t\t<p dir=\"ltr\" style=\"margin-top: 0pt; margin-bottom: 0pt; line-height: 1.38;\"><strong style=\"color: #202124; font-family: Lato, Arial, sans-serif; font-size: 26px;\">Tri programy s vplyvom<\/strong><\/p><p dir=\"ltr\" style=\"margin-top: 0pt; margin-bottom: 0pt; line-height: 1.38;\"><strong style=\"color: #202124; font-family: Lato, Arial, sans-serif; font-size: 26px;\">&nbsp;<\/strong><\/p><p dir=\"ltr\" style=\"margin-top: 0pt; margin-bottom: 0pt; line-height: 1.38;\"><strong style=\"color: #202124; font-family: Lato, Arial, sans-serif; font-size: 19px;\">Program podnikate\u013esk\u00e9ho vzdel\u00e1vania<\/strong><\/p><p>\u0160trukt\u00farovan\u00fd vzdel\u00e1vac\u00ed program pre za\u010d\u00ednaj\u00face a za\u010d\u00ednaj\u00face podniky. \u00da\u010dastn\u00edci absolvuj\u00fa semin\u00e1re a individu\u00e1lne mentorstvo na r\u00f4zne t\u00e9my, ako je podnikov\u00fd mana\u017ement, technologick\u00e9 a regula\u010dn\u00e9 prostredie, pr\u00edstup k financi\u00e1m a rozvojov\u00e9 strat\u00e9gie.<\/p><h4 style=\"font-family: Lato, Arial, sans-serif;\"><strong>Venture Inkuba\u010dn\u00fd program<\/strong><\/h4><p>Inkuba\u010dn\u00e9 slu\u017eby ur\u010den\u00e9 na ur\u00fdchlenie valid\u00e1cie produktov a z\u00e1kazn\u00edkov. Ak je to mo\u017en\u00e9, startupy z\u00edskaj\u00fa pr\u00edstup k prisp\u00f4soben\u00fdm technick\u00fdm zdrojom, ako s\u00fa s\u00fabory \u00fadajov a v\u00fdpo\u010dtov\u00e1 technika, usmernenia o dodr\u017eiavan\u00ed pr\u00e1vnych predpisov a podpora pri z\u00edskavan\u00ed z\u00e1kazn\u00edkov. Na vybran\u00e9 inkub\u00e1tory a startupy sa vy\u010dlen\u00ed viac ako pol mili\u00f3na EUR.<\/p><h4 style=\"font-family: Lato, Arial, sans-serif;\"><strong>Akcelera\u010dn\u00fd program<\/strong><\/h4><p>Akcelera\u010dn\u00fd program pre za\u010d\u00ednaj\u00face podniky zameran\u00fd na financovanie s\u00e9rie A. Program poskytne prisp\u00f4soben\u00fa podporu v oblasti investi\u010dnej pripravenosti, \u0161k\u00e1lovania a dodr\u017eiavania pr\u00e1vnych predpisov. Program vyvrchol\u00ed cielen\u00fdm kontaktovan\u00edm investorov s investormi.<\/p><p>LLM-BRIDGE je financovan\u00fd Eur\u00f3pskou \u00faniou v r\u00e1mci programu Digit\u00e1lna Eur\u00f3pa a za\u010dal sa 1. septembra 2025 na obdobie troch rokov. Viac inform\u00e1ci\u00ed o za\u010dat\u00ed programov bude k dispoz\u00edcii v roku 2026.<\/p><p>&nbsp;<\/p><p>Viac inform\u00e1ci\u00ed o projekte LLM-BRIDGE n\u00e1jdete na <span style=\"text-decoration: underline;\"><a href=\"https:\/\/www.llm-bridge.eu\/\">webov\u00e1 str\u00e1nka projektu<\/a><\/span>.<\/p>\t\t\t\t\t\t\t\t<\/div>\n\t\t\t\t<\/div>\n\t\t\t\t\t<\/div>\n\t\t\t\t<\/div>\n\t\t\t\t<\/div>","protected":false},"excerpt":{"rendered":"<p>LLM-BRIDGE Projekt LLM Booster for Regional Innovation and Digital Growth in Europe (LLM-BRIDGE) podporuje za\u010d\u00ednaj\u00face a roz\u0161iruj\u00face sa podniky v r\u00fdchlo rast\u00facej oblasti ve\u013ek\u00fdch jazykov\u00fdch modelov (LLM). Cie\u013eom projektu LLM-BRIDGE je posilni\u0165 n\u00e1rodn\u00e9 ekosyst\u00e9my GenAI t\u00fdm, \u017ee sa startupom, scaleupom, inkub\u00e1torom a investorom poskytne podpora potrebn\u00e1 na vybudovanie a zavedenie produktov zalo\u017een\u00fdch na LLM. Projekt sp\u00e1ja [\u2026]<\/p>","protected":false},"author":37,"featured_media":0,"parent":9229,"menu_order":0,"comment_status":"closed","ping_status":"closed","template":"","meta":{"footnotes":""},"class_list":["post-10975","page","type-page","status-publish","hentry"],"aioseo_notices":[],"_links":{"self":[{"href":"https:\/\/www.alt-edic.eu\/sk\/wp-json\/wp\/v2\/pages\/10975","targetHints":{"allow":["GET"]}}],"collection":[{"href":"https:\/\/www.alt-edic.eu\/sk\/wp-json\/wp\/v2\/pages"}],"about":[{"href":"https:\/\/www.alt-edic.eu\/sk\/wp-json\/wp\/v2\/types\/page"}],"author":[{"embeddable":true,"href":"https:\/\/www.alt-edic.eu\/sk\/wp-json\/wp\/v2\/users\/37"}],"replies":[{"embeddable":true,"href":"https:\/\/www.alt-edic.eu\/sk\/wp-json\/wp\/v2\/comments?post=10975"}],"version-history":[{"count":0,"href":"https:\/\/www.alt-edic.eu\/sk\/wp-json\/wp\/v2\/pages\/10975\/revisions"}],"up":[{"embeddable":true,"href":"https:\/\/www.alt-edic.eu\/sk\/wp-json\/wp\/v2\/pages\/9229"}],"wp:attachment":[{"href":"https:\/\/www.alt-edic.eu\/sk\/wp-json\/wp\/v2\/media?parent=10975"}],"curies":[{"name":"wp","href":"https:\/\/api.w.org\/{rel}","templated":true}]}}