{"id":10714,"date":"2025-03-06T08:00:12","date_gmt":"2025-03-06T07:00:12","guid":{"rendered":"https:\/\/alt-edic.eu\/?page_id=10714"},"modified":"2026-02-26T12:21:06","modified_gmt":"2026-02-26T11:21:06","slug":"industrial-consortium","status":"publish","type":"page","link":"https:\/\/www.alt-edic.eu\/sk\/industrial-consortium\/","title":{"rendered":"<p>Priemyseln\u00e9 konzorcium<\/p>"},"content":{"rendered":"<div data-elementor-type=\"wp-page\" data-elementor-id=\"10714\" class=\"elementor elementor-10714\" data-elementor-post-type=\"page\">\n\t\t\t\t\t\t<section class=\"elementor-section elementor-top-section elementor-element elementor-element-83d6e06 elementor-section-stretched elementor-section-boxed elementor-section-height-default elementor-section-height-default\" data-id=\"83d6e06\" data-element_type=\"section\" data-e-type=\"section\" data-settings='{\"stretch_section\":\"section-stretched\",\"background_background\":\"gradient\"}'>\n\t\t\t\t\t\t<div class=\"elementor-container elementor-column-gap-extended\">\n\t\t\t\t\t<div class=\"elementor-column elementor-col-50 elementor-top-column elementor-element elementor-element-5ad19a07\" data-id=\"5ad19a07\" data-element_type=\"column\" data-e-type=\"column\">\n\t\t\t<div class=\"elementor-widget-wrap elementor-element-populated\">\n\t\t\t\t\t\t<div class=\"elementor-element elementor-element-17b6f034 elementor-widget elementor-widget-heading\" data-id=\"17b6f034\" data-element_type=\"widget\" data-e-type=\"widget\" data-widget_type=\"heading.default\">\n\t\t\t\t<div class=\"elementor-widget-container\">\n\t\t\t\t\t<h1 class=\"elementor-heading-title elementor-size-default\">Priemyseln\u00e9 konzorcium<\/h1>\t\t\t\t<\/div>\n\t\t\t\t<\/div>\n\t\t\t\t<div class=\"elementor-element elementor-element-793ec4e6 elementor-widget elementor-widget-text-editor\" data-id=\"793ec4e6\" data-element_type=\"widget\" data-e-type=\"widget\" data-widget_type=\"text-editor.default\">\n\t\t\t\t<div class=\"elementor-widget-container\">\n\t\t\t\t\t\t\t\t\t<p>Priemyseln\u00e9 konzorcium ALT-EDIC poskytuje poradenstvo o priorit\u00e1ch rozvoja jazykov\u00fdch technol\u00f3gi\u00ed pre ALT-EDIC a pon\u00faka f\u00f3rum na vypracovanie nov\u00fdch projektov.<\/p>\t\t\t\t\t\t\t\t<\/div>\n\t\t\t\t<\/div>\n\t\t\t\t\t<\/div>\n\t\t<\/div>\n\t\t\t\t<div class=\"elementor-column elementor-col-50 elementor-top-column elementor-element elementor-element-75c15e62 elementor-hidden-tablet elementor-hidden-phone\" data-id=\"75c15e62\" data-element_type=\"column\" data-e-type=\"column\">\n\t\t\t<div class=\"elementor-widget-wrap elementor-element-populated\">\n\t\t\t\t\t\t\t<\/div>\n\t\t<\/div>\n\t\t\t\t\t<\/div>\n\t\t<\/section>\n\t\t\t\t<section class=\"elementor-section elementor-top-section elementor-element elementor-element-178c1fff elementor-section-stretched elementor-section-boxed elementor-section-height-default elementor-section-height-default\" data-id=\"178c1fff\" data-element_type=\"section\" data-e-type=\"section\" data-settings='{\"stretch_section\":\"section-stretched\"}'>\n\t\t\t\t\t\t<div class=\"elementor-container elementor-column-gap-extended\">\n\t\t\t\t\t<div class=\"elementor-column elementor-col-100 elementor-top-column elementor-element elementor-element-1c5552e\" data-id=\"1c5552e\" data-element_type=\"column\" data-e-type=\"column\">\n\t\t\t<div class=\"elementor-widget-wrap elementor-element-populated\">\n\t\t\t\t\t\t<div class=\"elementor-element elementor-element-4b36844 elementor-widget elementor-widget-text-editor\" data-id=\"4b36844\" data-element_type=\"widget\" data-e-type=\"widget\" data-widget_type=\"text-editor.default\">\n\t\t\t\t<div class=\"elementor-widget-container\">\n\t\t\t\t\t\t\t\t\t<h2>\u00davod<\/h2><p>Priemyseln\u00e9 konzorcium ALT-EDIC prispieva k riadeniu konzorcia ALT-EDIC. Jeho form\u00e1cia bola <a href=\"https:\/\/www.alt-edic.eu\/sk\/news\/registration-to-join-the-alt-edic-industrial-consortium-is-open\/\"><u>Uveden\u00e1 na trh 6. marca 2025<\/u><\/a>.<\/p><p>Cie\u013eom Aliancie pre jazykov\u00e9 technol\u00f3gie (ALT-EDIC) je vytvori\u0165 spolo\u010dn\u00fa eur\u00f3psku infra\u0161trukt\u00faru v oblasti jazykov\u00fdch technol\u00f3gi\u00ed s cie\u013eom zv\u00fd\u0161i\u0165 kapacitu Eur\u00f3py, zv\u00fd\u0161i\u0165 jej konkurencieschopnos\u0165 a zachova\u0165 jej jazykov\u00fa rozmanitos\u0165 a kult\u00farne bohatstvo.<\/p><p>Digit\u00e1lna infra\u0161trukt\u00fara a ekosyst\u00e9m v okol\u00ed konzorcia ALT-EDIC bud\u00fa zohr\u00e1va\u0165 v\u00fdznamn\u00fa \u00falohu pri uv\u00e1dzan\u00ed bohat\u00e9ho dedi\u010dstva eur\u00f3pskych jazykov do \u00e9ry umelej inteligencie zhroma\u017e\u010fovan\u00edm a hos\u0165ovan\u00edm spolo\u010dn\u00fdch datab\u00e1z, zabezpe\u010dovan\u00edm objekt\u00edvnych hodnoten\u00ed, \u0161kolen\u00edm jazykov\u00fdch modelov a zav\u00e1dzan\u00edm slu\u017eieb v s\u00favislosti s t\u00fdmito modelmi. Tieto opatrenia bud\u00fa ma\u0165 z\u00e1sadn\u00fd v\u00fdznam pre zachovanie eur\u00f3pskeho kult\u00farneho obsahu vo veku masovej v\u00fdroby syst\u00e9mami umelej inteligencie. Eur\u00f3pska spolupr\u00e1ca na t\u00fdchto akci\u00e1ch vyu\u017eije kritick\u00e9 mno\u017estvo v\u00f4le a technologick\u00e9ho know-how na dosiahnutie tohto cie\u013ea.<\/p><p>V\u0161etky tieto opatrenia bud\u00fa pr\u00ednosom pre eur\u00f3psku komunitu umelej inteligencie ako celok a ich vykon\u00e1vanie si vy\u017eaduje, aby aliancia sp\u00e1jala poskytovate\u013eov technol\u00f3gi\u00ed a slu\u017eieb umelej inteligencie, spolo\u010dnosti, v\u00fdskumn\u00e9 organiz\u00e1cie a in\u0161titucion\u00e1lnych akt\u00e9rov vo v\u0161etk\u00fdch svojich \u010dlensk\u00fdch \u0161t\u00e1toch. Konzorcium ALT-EDIC a jeho partneri bud\u00fa finan\u010dne podporovan\u00ed prostredn\u00edctvom odpoved\u00ed na v\u00fdzvy na predkladanie n\u00e1vrhov v r\u00e1mci programov Eur\u00f3pskej \u00fanie.<\/p><h2>Zlo\u017eenie konzorcia<\/h2><p>Priemyseln\u00e9 konzorcium je otvoren\u00e9 pre <strong>podniky a organiz\u00e1cie na podporu podnikania<\/strong> so z\u00e1ujmom o jazykov\u00e9 technol\u00f3gie a <strong>so s\u00eddlom v Eur\u00f3pskom hospod\u00e1rskom priestore (EHP)<\/strong>.<\/p><h2>Pr\u00ednosy<\/h2><p>\u010clenovia priemyseln\u00e9ho konzorcia bud\u00fa <strong>poskytova\u0165 usmernenia k priorit\u00e1m rozvoja LT <\/strong>a <strong>voli\u0165 z\u00e1stupcov<\/strong> <strong>vo v\u00fdbore pre strategick\u00fa orient\u00e1ciu (SOC)<\/strong>. SOC prijme ro\u010dn\u00e9 alebo viacro\u010dn\u00e9 strategick\u00e9 usmernenia pre vykon\u00e1vanie ALT-EDIC, ktor\u00e9 sa predlo\u017eia na schv\u00e1lenie zhroma\u017edeniu \u010dlenov ALT-EDIC.<\/p><p>Priemyseln\u00e9 konzorcium pon\u00fakne aj <strong>f\u00f3rum na rozvoj spolupr\u00e1ce a vypracovanie nov\u00fdch projektov<\/strong> o jazykov\u00fdch technol\u00f3gi\u00e1ch, najm\u00e4 o projektoch zah\u0155\u0148aj\u00facich spolo\u010dn\u00e9 \u00fadaje a porovn\u00e1vacie hodnotenia, ktor\u00e9 m\u00f4\u017ee ALT-EDIC podporova\u0165.<\/p><h2>Registr\u00e1cia a harmonogram<\/h2><p>Organiz\u00e1cie m\u00f4\u017eu kedyko\u013evek po\u017eiada\u0165 o \u010dlenstvo v priemyselnom konzorciu. Registra\u010dn\u00fd formul\u00e1r je k dispoz\u00edcii <a href=\"https:\/\/ec.europa.eu\/eusurvey\/runner\/ALT_EDIC_Industrial_Consortium_Registration_Form\"><u>tu<\/u><\/a>. \u00da\u010dinn\u00e1 \u00fa\u010das\u0165 je podmienen\u00e1 potvrden\u00edm opr\u00e1vnenosti organiz\u00e1cie.<\/p><p>\u00davodn\u00e9 zasadnutie priemyseln\u00e9ho konzorcia je napl\u00e1novan\u00e9 na prv\u00fd \u0161tvr\u0165rok 2026. \u010eal\u0161ie stretnutia sa bud\u00fa kona\u0165 aspo\u0148 dvakr\u00e1t ro\u010dne, online alebo v hybridnom form\u00e1te.<\/p>\t\t\t\t\t\t\t\t<\/div>\n\t\t\t\t<\/div>\n\t\t\t\t\t<\/div>\n\t\t<\/div>\n\t\t\t\t\t<\/div>\n\t\t<\/section>\n\t\t\t\t<\/div>","protected":false},"excerpt":{"rendered":"<p>Priemyseln\u00e9 konzorcium ALT-EDIC Priemyseln\u00e9 konzorcium ALT-EDIC poskytuje poradenstvo o priorit\u00e1ch rozvoja jazykov\u00fdch technol\u00f3gi\u00ed pre ALT-EDIC a pon\u00faka f\u00f3rum na vypracovanie nov\u00fdch projektov. \u00davod Priemyseln\u00e9 konzorcium ALT-EDIC prispieva k riadeniu konzorcia ALT-EDIC. Jeho form\u00e1cia bola spusten\u00e1 6. marca 2025. Aliancia pre jazykov\u00e9 technol\u00f3gie (ALT-EDIC) sa zameriava na rozvoj spolo\u010dnej eur\u00f3pskej infra\u0161trukt\u00fary [...]<\/p>","protected":false},"author":1,"featured_media":0,"parent":0,"menu_order":0,"comment_status":"closed","ping_status":"closed","template":"","meta":{"footnotes":""},"class_list":["post-10714","page","type-page","status-publish","hentry"],"aioseo_notices":[],"_links":{"self":[{"href":"https:\/\/www.alt-edic.eu\/sk\/wp-json\/wp\/v2\/pages\/10714","targetHints":{"allow":["GET"]}}],"collection":[{"href":"https:\/\/www.alt-edic.eu\/sk\/wp-json\/wp\/v2\/pages"}],"about":[{"href":"https:\/\/www.alt-edic.eu\/sk\/wp-json\/wp\/v2\/types\/page"}],"author":[{"embeddable":true,"href":"https:\/\/www.alt-edic.eu\/sk\/wp-json\/wp\/v2\/users\/1"}],"replies":[{"embeddable":true,"href":"https:\/\/www.alt-edic.eu\/sk\/wp-json\/wp\/v2\/comments?post=10714"}],"version-history":[{"count":0,"href":"https:\/\/www.alt-edic.eu\/sk\/wp-json\/wp\/v2\/pages\/10714\/revisions"}],"wp:attachment":[{"href":"https:\/\/www.alt-edic.eu\/sk\/wp-json\/wp\/v2\/media?parent=10714"}],"curies":[{"name":"wp","href":"https:\/\/api.w.org\/{rel}","templated":true}]}}