{"id":8944,"date":"2024-10-03T19:38:42","date_gmt":"2024-10-03T19:38:42","guid":{"rendered":"https:\/\/alt-edic.eu\/?page_id=8944"},"modified":"2025-01-29T14:36:58","modified_gmt":"2025-01-29T13:36:58","slug":"governance","status":"publish","type":"page","link":"https:\/\/www.alt-edic.eu\/ro\/governance\/","title":{"rendered":"<p>Guvernan\u021ba<\/p>"},"content":{"rendered":"<div data-elementor-type=\"wp-page\" data-elementor-id=\"8944\" class=\"elementor elementor-8944\" data-elementor-post-type=\"page\">\n\t\t\t\t\t\t<section class=\"elementor-section elementor-top-section elementor-element elementor-element-83d6e06 elementor-section-stretched elementor-section-boxed elementor-section-height-default elementor-section-height-default\" data-id=\"83d6e06\" data-element_type=\"section\" data-e-type=\"section\" data-settings='{\"stretch_section\":\"section-stretched\",\"background_background\":\"gradient\"}'>\n\t\t\t\t\t\t<div class=\"elementor-container elementor-column-gap-extended\">\n\t\t\t\t\t<div class=\"elementor-column elementor-col-50 elementor-top-column elementor-element elementor-element-5ad19a07\" data-id=\"5ad19a07\" data-element_type=\"column\" data-e-type=\"column\">\n\t\t\t<div class=\"elementor-widget-wrap elementor-element-populated\">\n\t\t\t\t\t\t<div class=\"elementor-element elementor-element-17b6f034 elementor-widget elementor-widget-heading\" data-id=\"17b6f034\" data-element_type=\"widget\" data-e-type=\"widget\" data-widget_type=\"heading.default\">\n\t\t\t\t<div class=\"elementor-widget-container\">\n\t\t\t\t\t<h1 class=\"elementor-heading-title elementor-size-default\">Guvernan\u021ba<\/h1>\t\t\t\t<\/div>\n\t\t\t\t<\/div>\n\t\t\t\t<div class=\"elementor-element elementor-element-793ec4e6 elementor-widget elementor-widget-text-editor\" data-id=\"793ec4e6\" data-element_type=\"widget\" data-e-type=\"widget\" data-widget_type=\"text-editor.default\">\n\t\t\t\t<div class=\"elementor-widget-container\">\n\t\t\t\t\t\t\t\t\t<p>Alian\u021ba pentru Tehnologii Lingvistice (ALT-EDIC)<span style=\"text-decoration: underline; color: #99ccff;\"> <a style=\"color: #99ccff; text-decoration: underline;\" href=\"https:\/\/digital-strategy.ec.europa.eu\/en\/policies\/edic\"><span style=\"color: #ffffff; text-decoration: underline;\">Consor\u021biul pentru o infrastructur\u0103 digital\u0103 european\u0103<\/span><\/a><\/span>, un tip de structur\u0103 juridic\u0103 creat\u0103 \u00een temeiul <span style=\"text-decoration: underline; color: #ffffff;\"><span style=\"text-decoration: underline;\"><a style=\"color: #ffffff; text-decoration: underline;\" href=\"https:\/\/digital-strategy.ec.europa.eu\/en\/library\/digital-decade-policy-programme-2030\">Programul de politic\u0103 pentru 2030 privind deceniul digital<\/a><\/span><\/span>. Acesta este guvernat de o adunare a membrilor compus\u0103 din statele membre ale <span style=\"color: #ffffff;\"><a style=\"color: #ffffff;\" href=\"https:\/\/eur-lex.europa.eu\/EN\/legal-content\/summary\/agreement-on-the-european-economic-area.html\"><span style=\"text-decoration: underline;\">Spa\u021biul Economic European (SEE)<\/span><\/a><\/span>&nbsp; \u0219i rapoarte c\u0103tre Comisia European\u0103. <\/p>\t\t\t\t\t\t\t\t<\/div>\n\t\t\t\t<\/div>\n\t\t\t\t\t<\/div>\n\t\t<\/div>\n\t\t\t\t<div class=\"elementor-column elementor-col-50 elementor-top-column elementor-element elementor-element-75c15e62 elementor-hidden-tablet elementor-hidden-phone\" data-id=\"75c15e62\" data-element_type=\"column\" data-e-type=\"column\">\n\t\t\t<div class=\"elementor-widget-wrap\">\n\t\t\t\t\t\t\t<\/div>\n\t\t<\/div>\n\t\t\t\t\t<\/div>\n\t\t<\/section>\n\t\t\t\t<section class=\"elementor-section elementor-top-section elementor-element elementor-element-178c1fff elementor-section-stretched elementor-section-boxed elementor-section-height-default elementor-section-height-default\" data-id=\"178c1fff\" data-element_type=\"section\" data-e-type=\"section\" data-settings='{\"stretch_section\":\"section-stretched\"}'>\n\t\t\t\t\t\t<div class=\"elementor-container elementor-column-gap-extended\">\n\t\t\t\t\t<div class=\"elementor-column elementor-col-100 elementor-top-column elementor-element elementor-element-1c5552e\" data-id=\"1c5552e\" data-element_type=\"column\" data-e-type=\"column\">\n\t\t\t<div class=\"elementor-widget-wrap elementor-element-populated\">\n\t\t\t\t\t\t<div class=\"elementor-element elementor-element-4b36844 elementor-widget elementor-widget-text-editor\" data-id=\"4b36844\" data-element_type=\"widget\" data-e-type=\"widget\" data-widget_type=\"text-editor.default\">\n\t\t\t\t<div class=\"elementor-widget-container\">\n\t\t\t\t\t\t\t\t\t<h2>Organe decizionale \u0219i consultative<\/h2><p>\u00cen ceea ce prive\u0219te <strong>Adunarea membrilor<\/strong> (AoM) este organul de conducere al ALT-EDIC. Acesta alege dintre membrii s\u0103i un pre\u0219edinte \u0219i un vicepre\u0219edinte. AA nume\u0219te directorul ALT-EDIC.<\/p><p>\u00cen ceea ce prive\u0219te <strong>Director<\/strong> este reprezentantul legal al ALT-EDIC, \u00ee\u0219i desf\u0103\u0219oar\u0103 activit\u0103\u021bile de zi cu zi \u0219i este responsabil de punerea \u00een aplicare a deciziilor AA.<\/p><p>\u00cen ceea ce prive\u0219te <strong>Comitetul de orientare strategic\u0103<\/strong>, cuprinz\u00e2nd reprezentan\u021bi ai membrilor, ale\u0219i de AoM \u0219i de ALT-EDIC <strong>Consor\u021biul industrial<\/strong>, sprijin\u0103 AA \u0219i pe director.<\/p><p>\u00cen ceea ce prive\u0219te <strong>Consiliul consultativ \u0219tiin\u021bific \u0219i tehnic<\/strong> \u0219i <strong>Consiliul Consultativ Juridic \u0219i Etic<\/strong>, ambele compuse din exper\u021bi din domeniile relevante, sunt numite de AA.<\/p><h2>Reprezentan\u021bii ALT-EDIC<\/h2><ul><li>Pre\u0219edintele Grupului ad-hoc: Domnul Thibault GROUAS<\/li><li>Vicepre\u0219edintele grupului ad-hoc: Dlui Juan Martinez SAMALEA<\/li><\/ul><h2>Documente de referin\u021b\u0103<\/h2><h3>Decizia Comisiei privind crearea ALT-EDIC<\/h3><ul><li><a href=\"https:\/\/eur-lex.europa.eu\/eli\/dec_impl\/2024\/458\/oj\">Decizia de punere \u00een aplicare a Comisiei privind \u00eenfiin\u021barea Consor\u021biului pentru o infrastructur\u0103 digital\u0103 european\u0103 pentru Alian\u021ba pentru tehnologiile limbajului (ALT-EDIC)<\/a><\/li><\/ul><h3>Statutul ALT-EDIC<\/h3><ul><li><a style=\"color: #000000;\" href=\"https:\/\/alt-edic.eu\/wp-content\/uploads\/2025\/01\/2024-12-17-Adopted-ALT-EDIC-Statutes-v3.0.2.pdf\"><u>Versiunea \u00een limba englez\u0103<\/u><\/a><\/li><li><a style=\"color: #000000;\" href=\"https:\/\/alt-edic.eu\/wp-content\/uploads\/2025\/01\/2024-12-17-Adopted-ALT-EDIC-Statutes-v3.0.2-FR.pdf\"><u>Versiunea \u00een limba francez\u0103<\/u><\/a><\/li><\/ul><h3>Rezolu\u021bii AOM ALT-EDIC<\/h3><ul><li><span style=\"text-decoration: underline;\"><a style=\"outline: 0px;\" href=\"https:\/\/alt-edic.eu\/wp-content\/uploads\/2024\/12\/27-09-2024-Adopted-ALT-EDIC-Resolutions.pdf\">Rezolu\u021bia ALT-EDIC adoptat\u0103 la 27 septembrie 2024<\/a><\/span><\/li><li><span style=\"text-decoration: underline;\"><a style=\"outline: 0px;\" href=\"https:\/\/alt-edic.eu\/wp-content\/uploads\/2024\/12\/28_08_2024-Adopted-ALT-EDIC-Resolution.pdf\">Rezolu\u021bia ALT-EDIC adoptat\u0103 la 28 august 2024<\/a><\/span><\/li><li><span style=\"text-decoration: underline;\"><a href=\"https:\/\/alt-edic.eu\/wp-content\/uploads\/2024\/12\/27-05-2024-Adopted-Resolutions.pdf\">Rezolu\u021bia ALT-EDIC adoptat\u0103 la 27 mai 2024<\/a><\/span><\/li><li><a href=\"https:\/\/alt-edic.eu\/wp-content\/uploads\/2024\/12\/8_03_2024-Adopted-ALT-EDIC-Resolution.pdf\"><span style=\"text-decoration: underline;\">Rezolu\u021bia adoptat\u0103 de ALT-EDIC la 8 martie 2024<\/span><\/a><\/li><\/ul>\t\t\t\t\t\t\t\t<\/div>\n\t\t\t\t<\/div>\n\t\t\t\t\t<\/div>\n\t\t<\/div>\n\t\t\t\t\t<\/div>\n\t\t<\/section>\n\t\t\t\t<\/div>","protected":false},"excerpt":{"rendered":"<p>Alian\u021ba pentru tehnologii lingvistice (ALT-EDIC) este un consor\u021biu pentru o infrastructur\u0103 digital\u0103 european\u0103, un tip de structur\u0103 juridic\u0103 creat\u0103 \u00een cadrul programului de politic\u0103 pentru 2030 privind deceniul digital. Acesta este guvernat de o adunare a membrilor compus\u0103 din state membre ale Spa\u021biului Economic European (SEE) \u0219i raporteaz\u0103 Comisiei Europene. Organe decizionale \u0219i consultative The [\u2026]<\/p>","protected":false},"author":1,"featured_media":0,"parent":0,"menu_order":0,"comment_status":"closed","ping_status":"closed","template":"","meta":{"footnotes":""},"class_list":["post-8944","page","type-page","status-publish","hentry"],"aioseo_notices":[],"_links":{"self":[{"href":"https:\/\/www.alt-edic.eu\/ro\/wp-json\/wp\/v2\/pages\/8944","targetHints":{"allow":["GET"]}}],"collection":[{"href":"https:\/\/www.alt-edic.eu\/ro\/wp-json\/wp\/v2\/pages"}],"about":[{"href":"https:\/\/www.alt-edic.eu\/ro\/wp-json\/wp\/v2\/types\/page"}],"author":[{"embeddable":true,"href":"https:\/\/www.alt-edic.eu\/ro\/wp-json\/wp\/v2\/users\/1"}],"replies":[{"embeddable":true,"href":"https:\/\/www.alt-edic.eu\/ro\/wp-json\/wp\/v2\/comments?post=8944"}],"version-history":[{"count":0,"href":"https:\/\/www.alt-edic.eu\/ro\/wp-json\/wp\/v2\/pages\/8944\/revisions"}],"wp:attachment":[{"href":"https:\/\/www.alt-edic.eu\/ro\/wp-json\/wp\/v2\/media?parent=8944"}],"curies":[{"name":"wp","href":"https:\/\/api.w.org\/{rel}","templated":true}]}}