{"id":8933,"date":"2024-10-02T20:59:20","date_gmt":"2024-10-02T20:59:20","guid":{"rendered":"https:\/\/alt-edic.eu\/?page_id=8933"},"modified":"2024-12-04T21:29:36","modified_gmt":"2024-12-04T21:29:36","slug":"accessibility","status":"publish","type":"page","link":"https:\/\/www.alt-edic.eu\/pl\/accessibility\/","title":{"rendered":"<p>Dost\u0119pno\u015b\u0107<\/p>"},"content":{"rendered":"<div data-elementor-type=\"wp-page\" data-elementor-id=\"8933\" class=\"elementor elementor-8933\" data-elementor-post-type=\"page\">\n\t\t\t\t\t\t<section class=\"elementor-section elementor-top-section elementor-element elementor-element-1ad265a8 elementor-section-stretched elementor-section-boxed elementor-section-height-default elementor-section-height-default\" data-id=\"1ad265a8\" data-element_type=\"section\" data-e-type=\"section\" data-settings='{\"stretch_section\":\"section-stretched\",\"background_background\":\"gradient\"}'>\n\t\t\t\t\t\t<div class=\"elementor-container elementor-column-gap-extended\">\n\t\t\t\t\t<div class=\"elementor-column elementor-col-50 elementor-top-column elementor-element elementor-element-6150afc3\" data-id=\"6150afc3\" data-element_type=\"column\" data-e-type=\"column\">\n\t\t\t<div class=\"elementor-widget-wrap elementor-element-populated\">\n\t\t\t\t\t\t<div class=\"elementor-element elementor-element-4318ea5e elementor-widget elementor-widget-heading\" data-id=\"4318ea5e\" data-element_type=\"widget\" data-e-type=\"widget\" data-widget_type=\"heading.default\">\n\t\t\t\t<div class=\"elementor-widget-container\">\n\t\t\t\t\t<h1 class=\"elementor-heading-title elementor-size-default\">O\u015bwiadczenie o dost\u0119pno\u015bci<\/h1>\t\t\t\t<\/div>\n\t\t\t\t<\/div>\n\t\t\t\t<div class=\"elementor-element elementor-element-6825d15e elementor-widget elementor-widget-text-editor\" data-id=\"6825d15e\" data-element_type=\"widget\" data-e-type=\"widget\" data-widget_type=\"text-editor.default\">\n\t\t\t\t<div class=\"elementor-widget-container\">\n\t\t\t\t\t\t\t\t\t<p>ALT-EDIC zobowi\u0105zuje si\u0119 do udost\u0119pnienia swojej strony internetowej zgodnie z art. 47 ustawy nr 2005-102 z dnia 11 lutego 2005 r.<\/p>\t\t\t\t\t\t\t\t<\/div>\n\t\t\t\t<\/div>\n\t\t\t\t\t<\/div>\n\t\t<\/div>\n\t\t\t\t<div class=\"elementor-column elementor-col-50 elementor-top-column elementor-element elementor-element-745957b9 elementor-hidden-tablet elementor-hidden-phone\" data-id=\"745957b9\" data-element_type=\"column\" data-e-type=\"column\">\n\t\t\t<div class=\"elementor-widget-wrap\">\n\t\t\t\t\t\t\t<\/div>\n\t\t<\/div>\n\t\t\t\t\t<\/div>\n\t\t<\/section>\n\t\t\t\t<section class=\"elementor-section elementor-top-section elementor-element elementor-element-283d2e88 elementor-section-stretched elementor-section-boxed elementor-section-height-default elementor-section-height-default\" data-id=\"283d2e88\" data-element_type=\"section\" data-e-type=\"section\" data-settings='{\"stretch_section\":\"section-stretched\"}'>\n\t\t\t\t\t\t<div class=\"elementor-container elementor-column-gap-extended\">\n\t\t\t\t\t<div class=\"elementor-column elementor-col-100 elementor-top-column elementor-element elementor-element-421f4ab elementor-invisible\" data-id=\"421f4ab\" data-element_type=\"column\" data-e-type=\"column\" data-settings='{\"animation\":\"slide-left\",\"animation_delay\":200}'>\n\t\t\t<div class=\"elementor-widget-wrap elementor-element-populated\">\n\t\t\t\t\t\t<div class=\"elementor-element elementor-element-c7e5855 elementor-widget elementor-widget-text-editor\" data-id=\"c7e5855\" data-element_type=\"widget\" data-e-type=\"widget\" data-widget_type=\"text-editor.default\">\n\t\t\t\t<div class=\"elementor-widget-container\">\n\t\t\t\t\t\t\t\t\t<p>Niniejsze o\u015bwiadczenie w sprawie dost\u0119pno\u015bci ma zastosowanie do \u00e0 https:\/\/alt-edic.eu\/.<\/p>\n<h2>Statuty zgodno\u015bci<\/h2>\n<p><span class=\"Y2IQFc\" lang=\"en\">Nie przeprowadzono jeszcze \u017cadnego audytu.<\/span><\/p>\n<p>https:\/\/alt-edic.eu\/ nie jest zgodny z og\u00f3lnym repozytorium poprawy dost\u0119pno\u015bci (<em>RGAA<\/em>), wersja 4.1.2.<\/p>\n<p><span class=\"Y2IQFc\" lang=\"en\">Audyt zgodno\u015bci jest dobrze zaplanowany, a status zgodno\u015bci zostanie wkr\u00f3tce zaktualizowany.<\/span><\/p>\n<ul>\n<\/ul>\n<h2>Informacje zwrotne i kontakt<\/h2>\n<p>Je\u015bli nie mo\u017cesz uzyska\u0107 dost\u0119pu do tre\u015bci lub us\u0142ugi, mo\u017cesz skontaktowa\u0107 si\u0119 z osob\u0105 odpowiedzialn\u0105 za przekierowanie do dost\u0119pnej alternatywy lub uzyska\u0107 tre\u015b\u0107 w innej formie.<\/p>\n<ul>\n<li>Wy\u015blij wiadomo\u015b\u0107 na adres contact@alt-edic.eu<\/li>\n<\/ul>\n<h2>Drogi apelacyjne<\/h2>\n<p>Procedura ta powinna by\u0107 stosowana w nast\u0119puj\u0105cych przypadkach. U\u017cytkownik powiadomi\u0142 administratora strony internetowej o problemie z dost\u0119pno\u015bci\u0105, kt\u00f3ry uniemo\u017cliwia mu dost\u0119p do tre\u015bci lub us\u0142ug w portalu, i nie otrzyma\u0142 satysfakcjonuj\u0105cej odpowiedzi.<\/p>\n<ul>\n<li>Napisz wiadomo\u015b\u0107 do Rzecznika Praw Obywatelskich (https:\/\/www.defenseurdesdroits.fr\/nous-contacter-355)<\/li>\n<li>Skontaktuj si\u0119 z lokalnym obro\u0144c\u0105 praw (https:\/\/www.defenseurdesdroits.fr\/carte-des-delegues)<\/li>\n<li>Wy\u015blij list poczt\u0105 (bezp\u0142atnie, nie u\u017cywaj znaczk\u00f3w) : <br>D\u00e9fenseur des droits <br>Libre r\u00e9ponse <br>71120 75342 <br>Pary\u017c CEDEX 07<\/li>\n<\/ul>\t\t\t\t\t\t\t\t<\/div>\n\t\t\t\t<\/div>\n\t\t\t\t\t<\/div>\n\t\t<\/div>\n\t\t\t\t\t<\/div>\n\t\t<\/section>\n\t\t\t\t<\/div>","protected":false},"excerpt":{"rendered":"<p>O\u015bwiadczenie o dost\u0119pno\u015bci ALT-EDIC zobowi\u0105zuje si\u0119 do udost\u0119pnienia swojej strony internetowej zgodnie z art. 47 ustawy nr 2005-102 z dnia 11 lutego 2005 r. Niniejsze o\u015bwiadczenie w sprawie dost\u0119pno\u015bci ma zastosowanie do \u00e0 https:\/\/alt-edic.eu\/. Nie przeprowadzono jeszcze audytu. https:\/\/alt-edic.eu\/ nie jest zgodny z og\u00f3lnym repozytorium usprawnie\u0144 dost\u0119pno\u015bci (RGAA), wersja 4.1.2. Audyt zgodno\u015bci to [\u2026]<\/p>","protected":false},"author":1,"featured_media":0,"parent":0,"menu_order":0,"comment_status":"closed","ping_status":"closed","template":"","meta":{"footnotes":""},"class_list":["post-8933","page","type-page","status-publish","hentry"],"aioseo_notices":[],"_links":{"self":[{"href":"https:\/\/www.alt-edic.eu\/pl\/wp-json\/wp\/v2\/pages\/8933","targetHints":{"allow":["GET"]}}],"collection":[{"href":"https:\/\/www.alt-edic.eu\/pl\/wp-json\/wp\/v2\/pages"}],"about":[{"href":"https:\/\/www.alt-edic.eu\/pl\/wp-json\/wp\/v2\/types\/page"}],"author":[{"embeddable":true,"href":"https:\/\/www.alt-edic.eu\/pl\/wp-json\/wp\/v2\/users\/1"}],"replies":[{"embeddable":true,"href":"https:\/\/www.alt-edic.eu\/pl\/wp-json\/wp\/v2\/comments?post=8933"}],"version-history":[{"count":0,"href":"https:\/\/www.alt-edic.eu\/pl\/wp-json\/wp\/v2\/pages\/8933\/revisions"}],"wp:attachment":[{"href":"https:\/\/www.alt-edic.eu\/pl\/wp-json\/wp\/v2\/media?parent=8933"}],"curies":[{"name":"wp","href":"https:\/\/api.w.org\/{rel}","templated":true}]}}