{"id":8899,"date":"2024-09-30T12:22:02","date_gmt":"2024-09-30T12:22:02","guid":{"rendered":"https:\/\/alt-edic.eu\/?page_id=8899"},"modified":"2024-12-02T23:39:58","modified_gmt":"2024-12-02T23:39:58","slug":"location","status":"publish","type":"page","link":"https:\/\/www.alt-edic.eu\/pl\/location\/","title":{"rendered":"<p>Lokalizacja<\/p>"},"content":{"rendered":"<div data-elementor-type=\"wp-page\" data-elementor-id=\"8899\" class=\"elementor elementor-8899\" data-elementor-post-type=\"page\">\n\t\t\t\t\t\t<section class=\"elementor-section elementor-top-section elementor-element elementor-element-6adc754c elementor-section-stretched elementor-section-boxed elementor-section-height-default elementor-section-height-default\" data-id=\"6adc754c\" data-element_type=\"section\" data-e-type=\"section\" data-settings='{\"stretch_section\":\"section-stretched\",\"background_background\":\"gradient\"}'>\n\t\t\t\t\t\t<div class=\"elementor-container elementor-column-gap-extended\">\n\t\t\t\t\t<div class=\"elementor-column elementor-col-50 elementor-top-column elementor-element elementor-element-6391e804\" data-id=\"6391e804\" data-element_type=\"column\" data-e-type=\"column\">\n\t\t\t<div class=\"elementor-widget-wrap elementor-element-populated\">\n\t\t\t\t\t\t<div class=\"elementor-element elementor-element-3a8297e9 elementor-widget elementor-widget-heading\" data-id=\"3a8297e9\" data-element_type=\"widget\" data-e-type=\"widget\" data-widget_type=\"heading.default\">\n\t\t\t\t<div class=\"elementor-widget-container\">\n\t\t\t\t\t<h1 class=\"elementor-heading-title elementor-size-default\">Cit\u00e9 internationale de la langue fran\u00e7aise (Mi\u0119dzynarodowy Instytut J\u0119zyka Francuskiego)<\/h1>\t\t\t\t<\/div>\n\t\t\t\t<\/div>\n\t\t\t\t<div class=\"elementor-element elementor-element-269f5489 elementor-widget elementor-widget-text-editor\" data-id=\"269f5489\" data-element_type=\"widget\" data-e-type=\"widget\" data-widget_type=\"text-editor.default\">\n\t\t\t\t<div class=\"elementor-widget-container\">\n\t\t\t\t\t\t\t\t\t<p>Siedziba Alliance for Language Technologies (ALT-EDIC) znajduje si\u0119 na terenie <em>Cit\u00e9 Internationale de la langue fran\u00e7aise<\/em>, w historycznym miejscu <em>Ch\u00e2teau de Villers-Cotter\u00eats<\/em>.<\/p>\t\t\t\t\t\t\t\t<\/div>\n\t\t\t\t<\/div>\n\t\t\t\t\t<\/div>\n\t\t<\/div>\n\t\t\t\t<div class=\"elementor-column elementor-col-50 elementor-top-column elementor-element elementor-element-187f0b7b elementor-hidden-tablet elementor-hidden-phone\" data-id=\"187f0b7b\" data-element_type=\"column\" data-e-type=\"column\">\n\t\t\t<div class=\"elementor-widget-wrap\">\n\t\t\t\t\t\t\t<\/div>\n\t\t<\/div>\n\t\t\t\t\t<\/div>\n\t\t<\/section>\n\t\t\t\t<section class=\"elementor-section elementor-top-section elementor-element elementor-element-4e4a44bc elementor-section-stretched elementor-section-boxed elementor-section-height-default elementor-section-height-default\" data-id=\"4e4a44bc\" data-element_type=\"section\" data-e-type=\"section\" data-settings='{\"stretch_section\":\"section-stretched\"}'>\n\t\t\t\t\t\t<div class=\"elementor-container elementor-column-gap-extended\">\n\t\t\t\t\t<div class=\"elementor-column elementor-col-50 elementor-top-column elementor-element elementor-element-228238ea elementor-hidden-phone elementor-invisible\" data-id=\"228238ea\" data-element_type=\"column\" data-e-type=\"column\" data-settings='{\"animation\":\"slide-right\"}'>\n\t\t\t<div class=\"elementor-widget-wrap elementor-element-populated\">\n\t\t\t\t\t\t<div class=\"elementor-element elementor-element-2e684e53 elementor-widget elementor-widget-image\" data-id=\"2e684e53\" data-element_type=\"widget\" data-e-type=\"widget\" data-widget_type=\"image.default\">\n\t\t\t\t<div class=\"elementor-widget-container\">\n\t\t\t\t\t\t\t\t\t\t\t\t\t\t\t<img fetchpriority=\"high\" decoding=\"async\" width=\"1920\" height=\"1440\" src=\"https:\/\/www.alt-edic.eu\/wp-content\/uploads\/2024\/10\/hd-chateau-de-villers-cotterets.jpg\" class=\"attachment-full size-full wp-image-9168\" alt=\"Zamek Villiers-cotterets\" srcset=\"https:\/\/www.alt-edic.eu\/wp-content\/uploads\/2024\/10\/hd-chateau-de-villers-cotterets.jpg 1920w, https:\/\/www.alt-edic.eu\/wp-content\/uploads\/2024\/10\/hd-chateau-de-villers-cotterets-300x225.jpg 300w, https:\/\/www.alt-edic.eu\/wp-content\/uploads\/2024\/10\/hd-chateau-de-villers-cotterets-1024x768.jpg 1024w, https:\/\/www.alt-edic.eu\/wp-content\/uploads\/2024\/10\/hd-chateau-de-villers-cotterets-768x576.jpg 768w, https:\/\/www.alt-edic.eu\/wp-content\/uploads\/2024\/10\/hd-chateau-de-villers-cotterets-1536x1152.jpg 1536w, https:\/\/www.alt-edic.eu\/wp-content\/uploads\/2024\/10\/hd-chateau-de-villers-cotterets-16x12.jpg 16w\" sizes=\"(max-width: 1920px) 100vw, 1920px\">\t\t\t\t\t\t\t\t\t\t\t\t\t\t\t<\/div>\n\t\t\t\t<\/div>\n\t\t\t\t\t<\/div>\n\t\t<\/div>\n\t\t\t\t<div class=\"elementor-column elementor-col-50 elementor-top-column elementor-element elementor-element-53b13938 elementor-invisible\" data-id=\"53b13938\" data-element_type=\"column\" data-e-type=\"column\" data-settings='{\"animation\":\"slide-left\",\"animation_delay\":200}'>\n\t\t\t<div class=\"elementor-widget-wrap elementor-element-populated\">\n\t\t\t\t\t\t<div class=\"elementor-element elementor-element-1fa165a0 elementor-widget elementor-widget-text-editor\" data-id=\"1fa165a0\" data-element_type=\"widget\" data-e-type=\"widget\" data-widget_type=\"text-editor.default\">\n\t\t\t\t<div class=\"elementor-widget-container\">\n\t\t\t\t\t\t\t\t\t<p>Zainaugurowany 30 pa\u017adziernika 2023 r. przez Prezydenta Republiki Francuskiej <strong>Cit\u00e9<\/strong> jest o\u015brodkiem kulturalnym i mieszkalnym po\u015bwi\u0119conym j\u0119zykowi francuskiemu, z ambicjami w zakresie bada\u0144 i innowacji oraz bogatym programem dzia\u0142a\u0144. Znajduje si\u0119 on w <strong>Ch\u00e2teau de Villers-Cotter\u00eats<\/strong>, zabytek \u015bci\u015ble zwi\u0105zany z histori\u0105 j\u0119zyka francuskiego, niedawno odnowiony przez <strong>Centre des monuments nationaux (Centrum Zabytk\u00f3w Narodowych).<\/strong> Po\u0142o\u017cony w lesie Retz, w regionie Aisne w Hauts-de-France, znajduje si\u0119 zaledwie godzin\u0119 drogi od Pary\u017ca \u015brodkami transportu publicznego.<\/p><p>Zamek, arcydzie\u0142o architektury renesansowej, by\u0142 faworyzowany przez kr\u00f3l\u00f3w Francji, odk\u0105d zosta\u0142 zbudowany w XVI wieku przez Fran\u00e7ois 1era. W sierpniu 1539 r. podpisa\u0142 <strong>Rozporz\u0105dzenie Villers-Cotter\u00eats<\/strong>, kt\u00f3ra narzuci\u0142a u\u017cywanie j\u0119zyka francuskiego we wszystkich aktach prawnych i administracyjnych w kr\u00f3lestwie. Obecnie jest to najstarszy tekst prawny nadal u\u017cywany we Francji.<\/p>\t\t\t\t\t\t\t\t<\/div>\n\t\t\t\t<\/div>\n\t\t\t\t\t<\/div>\n\t\t<\/div>\n\t\t\t\t\t<\/div>\n\t\t<\/section>\n\t\t\t\t<\/div>","protected":false},"excerpt":{"rendered":"<p>Siedziba Alliance for Language Technologies (ALT-EDIC) znajduje si\u0119 na terenie Cit\u00e9 Internationale de la langue fran\u00e7aise, w historycznym miejscu Ch\u00e2teau de Villers-Cotter\u00eats. Zainaugurowany 30 pa\u017adziernika 2023 r. przez prezydenta Republiki Francuskiej, Cit\u00e9 jest [\u2026]<\/p>","protected":false},"author":1,"featured_media":0,"parent":0,"menu_order":0,"comment_status":"closed","ping_status":"closed","template":"","meta":{"footnotes":""},"class_list":["post-8899","page","type-page","status-publish","hentry"],"aioseo_notices":[],"_links":{"self":[{"href":"https:\/\/www.alt-edic.eu\/pl\/wp-json\/wp\/v2\/pages\/8899","targetHints":{"allow":["GET"]}}],"collection":[{"href":"https:\/\/www.alt-edic.eu\/pl\/wp-json\/wp\/v2\/pages"}],"about":[{"href":"https:\/\/www.alt-edic.eu\/pl\/wp-json\/wp\/v2\/types\/page"}],"author":[{"embeddable":true,"href":"https:\/\/www.alt-edic.eu\/pl\/wp-json\/wp\/v2\/users\/1"}],"replies":[{"embeddable":true,"href":"https:\/\/www.alt-edic.eu\/pl\/wp-json\/wp\/v2\/comments?post=8899"}],"version-history":[{"count":0,"href":"https:\/\/www.alt-edic.eu\/pl\/wp-json\/wp\/v2\/pages\/8899\/revisions"}],"wp:attachment":[{"href":"https:\/\/www.alt-edic.eu\/pl\/wp-json\/wp\/v2\/media?parent=8899"}],"curies":[{"name":"wp","href":"https:\/\/api.w.org\/{rel}","templated":true}]}}