{"id":10975,"date":"2025-11-03T18:02:10","date_gmt":"2025-11-03T17:02:10","guid":{"rendered":"https:\/\/www.alt-edic.eu\/?page_id=10975"},"modified":"2026-01-20T10:02:09","modified_gmt":"2026-01-20T09:02:09","slug":"llm-bridge","status":"publish","type":"page","link":"https:\/\/www.alt-edic.eu\/pl\/projects\/llm-bridge\/","title":{"rendered":"<p>LLM-BRIDGE<\/p>"},"content":{"rendered":"<div data-elementor-type=\"wp-page\" data-elementor-id=\"10975\" class=\"elementor elementor-10975\" data-elementor-post-type=\"page\">\n\t\t\t\t\t\t<section class=\"elementor-section elementor-top-section elementor-element elementor-element-1577bd88 elementor-section-stretched elementor-section-boxed elementor-section-height-default elementor-section-height-default\" data-id=\"1577bd88\" data-element_type=\"section\" data-e-type=\"section\" data-settings='{\"stretch_section\":\"section-stretched\",\"background_background\":\"gradient\"}'>\n\t\t\t\t\t\t<div class=\"elementor-container elementor-column-gap-extended\">\n\t\t\t\t\t<div class=\"elementor-column elementor-col-50 elementor-top-column elementor-element elementor-element-70dc39ba\" data-id=\"70dc39ba\" data-element_type=\"column\" data-e-type=\"column\">\n\t\t\t<div class=\"elementor-widget-wrap elementor-element-populated\">\n\t\t\t\t\t\t<div class=\"elementor-element elementor-element-51cabebb elementor-widget elementor-widget-heading\" data-id=\"51cabebb\" data-element_type=\"widget\" data-e-type=\"widget\" data-widget_type=\"heading.default\">\n\t\t\t\t<div class=\"elementor-widget-container\">\n\t\t\t\t\t<h1 class=\"elementor-heading-title elementor-size-default\">LLM-BRIDGE<\/h1>\t\t\t\t<\/div>\n\t\t\t\t<\/div>\n\t\t\t\t<div class=\"elementor-element elementor-element-1f4ee8af elementor-widget elementor-widget-text-editor\" data-id=\"1f4ee8af\" data-element_type=\"widget\" data-e-type=\"widget\" data-widget_type=\"text-editor.default\">\n\t\t\t\t<div class=\"elementor-widget-container\">\n\t\t\t\t\t\t\t\t\t<p><strong style=\"background-color: transparent; color: #ffffff;\">Projekt LLM Booster for Regional Innovation and Digital Growth in Europe&nbsp;<\/strong><strong style=\"background-color: transparent; color: #ffffff;\">&nbsp;(LLM-BRIDGE)&nbsp;<\/strong><strong style=\"background-color: transparent; color: #ffffff;\">Obs\u0142uguje startupy i scaleupy w szybko rozwijaj\u0105cej si\u0119 domenie Large Language Models (LLM).<\/strong><\/p>\t\t\t\t\t\t\t\t<\/div>\n\t\t\t\t<\/div>\n\t\t\t\t\t<\/div>\n\t\t<\/div>\n\t\t\t\t<div class=\"elementor-column elementor-col-50 elementor-top-column elementor-element elementor-element-286565d9 elementor-hidden-tablet elementor-hidden-phone\" data-id=\"286565d9\" data-element_type=\"column\" data-e-type=\"column\">\n\t\t\t<div class=\"elementor-widget-wrap\">\n\t\t\t\t\t\t\t<\/div>\n\t\t<\/div>\n\t\t\t\t\t<\/div>\n\t\t<\/section>\n\t\t\t\t<section class=\"elementor-section elementor-top-section elementor-element elementor-element-2a82150a elementor-section-stretched elementor-section-boxed elementor-section-height-default elementor-section-height-default\" data-id=\"2a82150a\" data-element_type=\"section\" data-e-type=\"section\" data-settings='{\"stretch_section\":\"section-stretched\"}'>\n\t\t\t\t\t\t<div class=\"elementor-container elementor-column-gap-extended\">\n\t\t\t\t\t<div class=\"elementor-column elementor-col-50 elementor-top-column elementor-element elementor-element-4dc940b2 elementor-invisible\" data-id=\"4dc940b2\" data-element_type=\"column\" data-e-type=\"column\" data-settings='{\"animation\":\"slide-left\",\"animation_delay\":200}'>\n\t\t\t<div class=\"elementor-widget-wrap elementor-element-populated\">\n\t\t\t\t\t\t<div class=\"elementor-element elementor-element-2fa08fbe elementor-widget__width-initial elementor-widget elementor-widget-text-editor\" data-id=\"2fa08fbe\" data-element_type=\"widget\" data-e-type=\"widget\" data-widget_type=\"text-editor.default\">\n\t\t\t\t<div class=\"elementor-widget-container\">\n\t\t\t\t\t\t\t\t\t<p>W przedmiocie&nbsp;<span style=\"text-decoration: underline;\"><a href=\"https:\/\/www.llm-bridge.eu\/\">Projekt LLM-BRIDGE<\/a><\/span> ma na celu wzmocnienie krajowych ekosystem\u00f3w GenAI poprzez wyposa\u017cenie przedsi\u0119biorstw typu start-up, przedsi\u0119biorstw scale-up, inkubator\u00f3w i inwestor\u00f3w we wsparcie potrzebne do tworzenia i wdra\u017cania produkt\u00f3w opartych na LLM.<\/p><p>Projekt skupia konsorcjum partner\u00f3w z dziesi\u0119ciu kraj\u00f3w europejskich, koordynowane przez ALT-EDIC. Umiej\u0119tno\u015bci partner\u00f3w w zakresie wspierania przedsi\u0119biorstw typu start-up i innowacji s\u0105 wzmacniane przez ich wiedz\u0119 techniczn\u0105 w zakresie GenAI i LLM. Zdolno\u015bci te pomog\u0105 start-upom i scale-upom zintegrowa\u0107 LLM w spos\u00f3b odpowiedzialny i na du\u017c\u0105 skal\u0119. Konsorcjum wsp\u00f3lnie zrealizuje trzy specjalne programy wsparcia koncentruj\u0105ce si\u0119 na LLM:<\/p><p dir=\"ltr\" style=\"margin-top: 0pt; margin-bottom: 0pt; line-height: 1.38;\">&nbsp;<\/p>\t\t\t\t\t\t\t\t<\/div>\n\t\t\t\t<\/div>\n\t\t\t\t\t<\/div>\n\t\t<\/div>\n\t\t\t\t<div class=\"elementor-column elementor-col-50 elementor-top-column elementor-element elementor-element-169741bd elementor-hidden-tablet elementor-hidden-phone elementor-invisible\" data-id=\"169741bd\" data-element_type=\"column\" data-e-type=\"column\" data-settings='{\"animation\":\"slide-right\"}'>\n\t\t\t<div class=\"elementor-widget-wrap elementor-element-populated\">\n\t\t\t\t\t\t<div class=\"elementor-element elementor-element-47d0ea elementor-widget__width-initial elementor-widget elementor-widget-image\" data-id=\"47d0ea\" data-element_type=\"widget\" data-e-type=\"widget\" data-widget_type=\"image.default\">\n\t\t\t\t<div class=\"elementor-widget-container\">\n\t\t\t\t\t\t\t\t\t\t\t\t\t\t\t<img fetchpriority=\"high\" decoding=\"async\" width=\"800\" height=\"520\" src=\"https:\/\/www.alt-edic.eu\/wp-content\/uploads\/2026\/01\/Project-page-images-2-e1768899698813.png\" class=\"attachment-full size-full wp-image-11100\" alt=\"LLM-BRIDGE Informacje o projekcie\" srcset=\"https:\/\/www.alt-edic.eu\/wp-content\/uploads\/2026\/01\/Project-page-images-2-e1768899698813.png 800w, https:\/\/www.alt-edic.eu\/wp-content\/uploads\/2026\/01\/Project-page-images-2-e1768899698813-300x195.png 300w, https:\/\/www.alt-edic.eu\/wp-content\/uploads\/2026\/01\/Project-page-images-2-e1768899698813-768x499.png 768w, https:\/\/www.alt-edic.eu\/wp-content\/uploads\/2026\/01\/Project-page-images-2-e1768899698813-18x12.png 18w\" sizes=\"(max-width: 800px) 100vw, 800px\">\t\t\t\t\t\t\t\t\t\t\t\t\t\t\t<\/div>\n\t\t\t\t<\/div>\n\t\t\t\t\t<\/div>\n\t\t<\/div>\n\t\t\t\t\t<\/div>\n\t\t<\/section>\n\t\t<div class=\"elementor-element elementor-element-8ed64da e-flex e-con-boxed e-con e-parent\" data-id=\"8ed64da\" data-element_type=\"container\" data-e-type=\"container\">\n\t\t\t\t\t<div class=\"e-con-inner\">\n\t\t\t\t<div class=\"elementor-element elementor-element-41c7d55 elementor-widget__width-initial elementor-widget elementor-widget-text-editor\" data-id=\"41c7d55\" data-element_type=\"widget\" data-e-type=\"widget\" data-widget_type=\"text-editor.default\">\n\t\t\t\t<div class=\"elementor-widget-container\">\n\t\t\t\t\t\t\t\t\t<p dir=\"ltr\" style=\"margin-top: 0pt; margin-bottom: 0pt; line-height: 1.38;\"><strong style=\"color: #202124; font-family: Lato, Arial, sans-serif; font-size: 26px;\">Trzy programy oddzia\u0142ywania<\/strong><\/p><p dir=\"ltr\" style=\"margin-top: 0pt; margin-bottom: 0pt; line-height: 1.38;\"><strong style=\"color: #202124; font-family: Lato, Arial, sans-serif; font-size: 26px;\">&nbsp;<\/strong><\/p><p dir=\"ltr\" style=\"margin-top: 0pt; margin-bottom: 0pt; line-height: 1.38;\"><strong style=\"color: #202124; font-family: Lato, Arial, sans-serif; font-size: 19px;\">Program edukacji przedsi\u0119biorczo\u015bci<\/strong><\/p><p>Ustrukturyzowany program edukacyjny dla start-up\u00f3w przednasiennych i zal\u0105\u017ckowych. Uczestnicy otrzymaj\u0105 warsztaty i indywidualny mentoring na r\u00f3\u017cne tematy, takie jak zarz\u0105dzanie przedsi\u0119biorstwem, otoczenie technologiczne i regulacyjne, dost\u0119p do finansowania i strategie rozwoju.<\/p><h4 style=\"font-family: Lato, Arial, sans-serif;\"><strong>Program inkubacji przedsi\u0119biorczo\u015bci<\/strong><\/h4><p>Us\u0142ugi inkubacji maj\u0105ce na celu przyspieszenie walidacji produkt\u00f3w i klient\u00f3w. W miar\u0119 mo\u017cliwo\u015bci start-upy otrzymaj\u0105 dost\u0119p do dostosowanych do potrzeb zasob\u00f3w technicznych, takich jak zbiory danych i obliczenia, wytyczne dotycz\u0105ce zgodno\u015bci z przepisami oraz wsparcie w pozyskiwaniu klient\u00f3w. Ponad p\u00f3\u0142 miliona euro zostanie przeznaczone na wybrane inkubatory i start-upy.<\/p><h4 style=\"font-family: Lato, Arial, sans-serif;\"><strong>Program akceleracyjny<\/strong><\/h4><p>Program akceleracyjny dla startup\u00f3w d\u0105\u017c\u0105cych do finansowania serii A. Program zapewni dostosowane do potrzeb wsparcie w zakresie gotowo\u015bci inwestycyjnej, skalowania i zgodno\u015bci z przepisami. Zwie\u0144czeniem programu b\u0119dzie ukierunkowane kojarzenie inwestor\u00f3w z inwestorami.<\/p><p>LLM-BRIDGE jest finansowany przez Uni\u0119 Europejsk\u0105 w ramach programu \u201eCyfrowa Europa\u201d i rozpocz\u0105\u0142 si\u0119 1 wrze\u015bnia 2025 r. na okres trzech lat. Wi\u0119cej informacji na temat uruchomienia program\u00f3w b\u0119dzie dost\u0119pnych w 2026 r.<\/p><p>&nbsp;<\/p><p>Aby uzyska\u0107 wi\u0119cej informacji na temat projektu LLM-BRIDGE, odwied\u017a <span style=\"text-decoration: underline;\"><a href=\"https:\/\/www.llm-bridge.eu\/\">strona internetowa projektu<\/a><\/span>.<\/p>\t\t\t\t\t\t\t\t<\/div>\n\t\t\t\t<\/div>\n\t\t\t\t\t<\/div>\n\t\t\t\t<\/div>\n\t\t\t\t<\/div>","protected":false},"excerpt":{"rendered":"<p>LLM-BRIDGE Projekt LLM Booster for Regional Innovation and Digital Growth in Europe (LLM-BRIDGE) wspiera startupy i scaleupy w szybko rozwijaj\u0105cej si\u0119 dziedzinie du\u017cych modeli j\u0119zykowych (LLM). Projekt LLM-BRIDGE ma na celu wzmocnienie krajowych ekosystem\u00f3w GenAI poprzez wyposa\u017cenie start-up\u00f3w, scale-up\u00f3w, inkubator\u00f3w i inwestor\u00f3w we wsparcie potrzebne do tworzenia i wdra\u017cania produkt\u00f3w opartych na LLM. Projekt \u0142\u0105czy [\u2026]<\/p>","protected":false},"author":37,"featured_media":0,"parent":9229,"menu_order":0,"comment_status":"closed","ping_status":"closed","template":"","meta":{"footnotes":""},"class_list":["post-10975","page","type-page","status-publish","hentry"],"aioseo_notices":[],"_links":{"self":[{"href":"https:\/\/www.alt-edic.eu\/pl\/wp-json\/wp\/v2\/pages\/10975","targetHints":{"allow":["GET"]}}],"collection":[{"href":"https:\/\/www.alt-edic.eu\/pl\/wp-json\/wp\/v2\/pages"}],"about":[{"href":"https:\/\/www.alt-edic.eu\/pl\/wp-json\/wp\/v2\/types\/page"}],"author":[{"embeddable":true,"href":"https:\/\/www.alt-edic.eu\/pl\/wp-json\/wp\/v2\/users\/37"}],"replies":[{"embeddable":true,"href":"https:\/\/www.alt-edic.eu\/pl\/wp-json\/wp\/v2\/comments?post=10975"}],"version-history":[{"count":0,"href":"https:\/\/www.alt-edic.eu\/pl\/wp-json\/wp\/v2\/pages\/10975\/revisions"}],"up":[{"embeddable":true,"href":"https:\/\/www.alt-edic.eu\/pl\/wp-json\/wp\/v2\/pages\/9229"}],"wp:attachment":[{"href":"https:\/\/www.alt-edic.eu\/pl\/wp-json\/wp\/v2\/media?parent=10975"}],"curies":[{"name":"wp","href":"https:\/\/api.w.org\/{rel}","templated":true}]}}