{"id":10714,"date":"2025-03-06T08:00:12","date_gmt":"2025-03-06T07:00:12","guid":{"rendered":"https:\/\/alt-edic.eu\/?page_id=10714"},"modified":"2026-02-26T12:21:06","modified_gmt":"2026-02-26T11:21:06","slug":"industrial-consortium","status":"publish","type":"page","link":"https:\/\/www.alt-edic.eu\/pl\/industrial-consortium\/","title":{"rendered":"<p>Konsorcjum przemys\u0142owe<\/p>"},"content":{"rendered":"<div data-elementor-type=\"wp-page\" data-elementor-id=\"10714\" class=\"elementor elementor-10714\" data-elementor-post-type=\"page\">\n\t\t\t\t\t\t<section class=\"elementor-section elementor-top-section elementor-element elementor-element-83d6e06 elementor-section-stretched elementor-section-boxed elementor-section-height-default elementor-section-height-default\" data-id=\"83d6e06\" data-element_type=\"section\" data-e-type=\"section\" data-settings='{\"stretch_section\":\"section-stretched\",\"background_background\":\"gradient\"}'>\n\t\t\t\t\t\t<div class=\"elementor-container elementor-column-gap-extended\">\n\t\t\t\t\t<div class=\"elementor-column elementor-col-50 elementor-top-column elementor-element elementor-element-5ad19a07\" data-id=\"5ad19a07\" data-element_type=\"column\" data-e-type=\"column\">\n\t\t\t<div class=\"elementor-widget-wrap elementor-element-populated\">\n\t\t\t\t\t\t<div class=\"elementor-element elementor-element-17b6f034 elementor-widget elementor-widget-heading\" data-id=\"17b6f034\" data-element_type=\"widget\" data-e-type=\"widget\" data-widget_type=\"heading.default\">\n\t\t\t\t<div class=\"elementor-widget-container\">\n\t\t\t\t\t<h1 class=\"elementor-heading-title elementor-size-default\">Konsorcjum przemys\u0142owe<\/h1>\t\t\t\t<\/div>\n\t\t\t\t<\/div>\n\t\t\t\t<div class=\"elementor-element elementor-element-793ec4e6 elementor-widget elementor-widget-text-editor\" data-id=\"793ec4e6\" data-element_type=\"widget\" data-e-type=\"widget\" data-widget_type=\"text-editor.default\">\n\t\t\t\t<div class=\"elementor-widget-container\">\n\t\t\t\t\t\t\t\t\t<p>Konsorcjum przemys\u0142owe ALT-EDIC zapewnia wytyczne dotycz\u0105ce priorytet\u00f3w rozwoju technologii j\u0119zykowych dla ALT-EDIC i oferuje forum do opracowywania nowych projekt\u00f3w.<\/p>\t\t\t\t\t\t\t\t<\/div>\n\t\t\t\t<\/div>\n\t\t\t\t\t<\/div>\n\t\t<\/div>\n\t\t\t\t<div class=\"elementor-column elementor-col-50 elementor-top-column elementor-element elementor-element-75c15e62 elementor-hidden-tablet elementor-hidden-phone\" data-id=\"75c15e62\" data-element_type=\"column\" data-e-type=\"column\">\n\t\t\t<div class=\"elementor-widget-wrap elementor-element-populated\">\n\t\t\t\t\t\t\t<\/div>\n\t\t<\/div>\n\t\t\t\t\t<\/div>\n\t\t<\/section>\n\t\t\t\t<section class=\"elementor-section elementor-top-section elementor-element elementor-element-178c1fff elementor-section-stretched elementor-section-boxed elementor-section-height-default elementor-section-height-default\" data-id=\"178c1fff\" data-element_type=\"section\" data-e-type=\"section\" data-settings='{\"stretch_section\":\"section-stretched\"}'>\n\t\t\t\t\t\t<div class=\"elementor-container elementor-column-gap-extended\">\n\t\t\t\t\t<div class=\"elementor-column elementor-col-100 elementor-top-column elementor-element elementor-element-1c5552e\" data-id=\"1c5552e\" data-element_type=\"column\" data-e-type=\"column\">\n\t\t\t<div class=\"elementor-widget-wrap elementor-element-populated\">\n\t\t\t\t\t\t<div class=\"elementor-element elementor-element-4b36844 elementor-widget elementor-widget-text-editor\" data-id=\"4b36844\" data-element_type=\"widget\" data-e-type=\"widget\" data-widget_type=\"text-editor.default\">\n\t\t\t\t<div class=\"elementor-widget-container\">\n\t\t\t\t\t\t\t\t\t<h2>Wprowadzenie<\/h2><p>Konsorcjum Przemys\u0142owe ALT-EDIC wnosi wk\u0142ad w zarz\u0105dzanie ALT-EDIC. Jego formacja by\u0142a <a href=\"https:\/\/www.alt-edic.eu\/pl\/news\/registration-to-join-the-alt-edic-industrial-consortium-is-open\/\"><u>rozpocz\u0119ty 6 marca 2025 r.<\/u><\/a>.<\/p><p>Sojusz na rzecz Technologii J\u0119zykowych (ALT-EDIC) ma na celu rozw\u00f3j wsp\u00f3lnej europejskiej infrastruktury w zakresie technologii j\u0119zykowych w celu zwi\u0119kszenia zdolno\u015bci Europy, zwi\u0119kszenia konkurencyjno\u015bci i utrzymania r\u00f3\u017cnorodno\u015bci j\u0119zykowej i bogactwa kulturowego Europy.<\/p><p>Infrastruktura cyfrowa i ekosystem wok\u00f3\u0142 ALT-EDIC odegraj\u0105 wa\u017cn\u0105 rol\u0119 we wprowadzaniu bogatego dziedzictwa j\u0119zyk\u00f3w europejskich w er\u0119 sztucznej inteligencji poprzez gromadzenie i hosting wsp\u00f3lnych baz danych, zapewnianie obiektywnych ocen, szkolenie modeli j\u0119zykowych i wdra\u017canie us\u0142ug wok\u00f3\u0142 tych modeli. Dzia\u0142ania te b\u0119d\u0105 mia\u0142y zasadnicze znaczenie dla utrzymania europejskich tre\u015bci kulturowych w dobie masowej produkcji przez systemy sztucznej inteligencji. Europejska wsp\u00f3\u0142praca w zakresie tych dzia\u0142a\u0144 wykorzysta mas\u0119 krytyczn\u0105 si\u0142y woli i technologicznego know-how, aby osi\u0105gn\u0105\u0107 ten cel.<\/p><p>Wszystkie te dzia\u0142ania przynios\u0105 korzy\u015bci ca\u0142ej europejskiej spo\u0142eczno\u015bci zajmuj\u0105cej si\u0119 sztuczn\u0105 inteligencj\u0105, a ich realizacja wymaga od sojuszu po\u0142\u0105czenia dostawc\u00f3w technologii i us\u0142ug w zakresie sztucznej inteligencji, przedsi\u0119biorstw, organizacji badawczych i podmiot\u00f3w instytucjonalnych we wszystkich pa\u0144stwach cz\u0142onkowskich. ALT-EDIC i jego partnerzy otrzymaj\u0105 wsparcie finansowe w odpowiedzi na zaproszenia do sk\u0142adania wniosk\u00f3w w ramach program\u00f3w Unii Europejskiej.<\/p><h2>Sk\u0142ad konsorcjum<\/h2><p>Konsorcjum Przemys\u0142owe jest otwarte na <strong>przedsi\u0119biorstwa i organizacje wspieraj\u0105ce przedsi\u0119biorstwa<\/strong> zainteresowanych technologiami j\u0119zykowymi oraz <strong>z siedzib\u0105 w Europejskim Obszarze Gospodarczym (EOG)<\/strong>.<\/p><h2>Korzy\u015bci<\/h2><p>Cz\u0142onkowie Konsorcjum Przemys\u0142owego b\u0119d\u0105 <strong>zapewnienie wytycznych dotycz\u0105cych priorytet\u00f3w w zakresie rozwoju technologii j\u0119zykowych <\/strong>oraz <strong>wybiera przedstawicieli<\/strong> <strong>w Komitecie Orientacji Strategicznej (SOC)<\/strong>. SOC przyjmuje roczne lub wieloletnie strategiczne kierunki wdra\u017cania ALT-EDIC, kt\u00f3re zostan\u0105 przed\u0142o\u017cone zgromadzeniu cz\u0142onk\u00f3w ALT-EDIC do zatwierdzenia.<\/p><p>Konsorcjum Przemys\u0142owe zaoferuje r\u00f3wnie\u017c <strong>forum do rozwijania wsp\u00f3\u0142pracy i opracowywania nowych projekt\u00f3w<\/strong> w zakresie technologii j\u0119zykowych, w szczeg\u00f3lno\u015bci projekt\u00f3w obejmuj\u0105cych wsp\u00f3lne dane i oceny por\u00f3wnawcze, kt\u00f3re mog\u0105 by\u0107 wspierane przez ALT-EDIC.<\/p><h2>Rejestracja i harmonogram<\/h2><p>Organizacje mog\u0105 w ka\u017cdej chwili z\u0142o\u017cy\u0107 wniosek o przyst\u0105pienie do Konsorcjum Przemys\u0142owego. Formularz rejestracyjny jest dost\u0119pny <a href=\"https:\/\/ec.europa.eu\/eusurvey\/runner\/ALT_EDIC_Industrial_Consortium_Registration_Form\"><u>tutaj<\/u><\/a>. Skuteczny udzia\u0142 podlega zatwierdzeniu kwalifikowalno\u015bci organizacji.<\/p><p>Posiedzenie inauguracyjne konsorcjum przemys\u0142owego przewidziano na pierwszy kwarta\u0142 2026 r. Kolejne posiedzenia b\u0119d\u0105 odbywa\u0107 si\u0119 co najmniej dwa razy w roku, online lub w formacie hybrydowym.<\/p>\t\t\t\t\t\t\t\t<\/div>\n\t\t\t\t<\/div>\n\t\t\t\t\t<\/div>\n\t\t<\/div>\n\t\t\t\t\t<\/div>\n\t\t<\/section>\n\t\t\t\t<\/div>","protected":false},"excerpt":{"rendered":"<p>Konsorcjum Przemys\u0142owe ALT-EDIC zapewnia wytyczne dotycz\u0105ce priorytet\u00f3w rozwoju technologii j\u0119zykowych dla ALT-EDIC i oferuje forum do opracowywania nowych projekt\u00f3w. Wprowadzenie Konsorcjum przemys\u0142owe ALT-EDIC przyczynia si\u0119 do zarz\u0105dzania ALT-EDIC. Jego formacja rozpocz\u0119\u0142a si\u0119 6 marca 2025 roku. Sojusz na rzecz Technologii J\u0119zykowych (ALT-EDIC) ma na celu rozw\u00f3j wsp\u00f3lnej europejskiej infrastruktury [...]<\/p>","protected":false},"author":1,"featured_media":0,"parent":0,"menu_order":0,"comment_status":"closed","ping_status":"closed","template":"","meta":{"footnotes":""},"class_list":["post-10714","page","type-page","status-publish","hentry"],"aioseo_notices":[],"_links":{"self":[{"href":"https:\/\/www.alt-edic.eu\/pl\/wp-json\/wp\/v2\/pages\/10714","targetHints":{"allow":["GET"]}}],"collection":[{"href":"https:\/\/www.alt-edic.eu\/pl\/wp-json\/wp\/v2\/pages"}],"about":[{"href":"https:\/\/www.alt-edic.eu\/pl\/wp-json\/wp\/v2\/types\/page"}],"author":[{"embeddable":true,"href":"https:\/\/www.alt-edic.eu\/pl\/wp-json\/wp\/v2\/users\/1"}],"replies":[{"embeddable":true,"href":"https:\/\/www.alt-edic.eu\/pl\/wp-json\/wp\/v2\/comments?post=10714"}],"version-history":[{"count":0,"href":"https:\/\/www.alt-edic.eu\/pl\/wp-json\/wp\/v2\/pages\/10714\/revisions"}],"wp:attachment":[{"href":"https:\/\/www.alt-edic.eu\/pl\/wp-json\/wp\/v2\/media?parent=10714"}],"curies":[{"name":"wp","href":"https:\/\/api.w.org\/{rel}","templated":true}]}}