{"id":10281,"date":"2024-12-04T21:15:45","date_gmt":"2024-12-04T21:15:45","guid":{"rendered":"https:\/\/alt-edic.eu\/?page_id=10281"},"modified":"2026-01-29T01:39:58","modified_gmt":"2026-01-29T00:39:58","slug":"llms4eu","status":"publish","type":"page","link":"https:\/\/www.alt-edic.eu\/pl\/projects\/llms4eu\/","title":{"rendered":"<p>LLMs4EU<\/p>"},"content":{"rendered":"<div data-elementor-type=\"wp-page\" data-elementor-id=\"10281\" class=\"elementor elementor-10281\" data-elementor-post-type=\"page\">\n\t\t\t\t\t\t<section class=\"elementor-section elementor-top-section elementor-element elementor-element-1577bd88 elementor-section-stretched elementor-section-boxed elementor-section-height-default elementor-section-height-default\" data-id=\"1577bd88\" data-element_type=\"section\" data-e-type=\"section\" data-settings='{\"stretch_section\":\"section-stretched\",\"background_background\":\"gradient\"}'>\n\t\t\t\t\t\t<div class=\"elementor-container elementor-column-gap-extended\">\n\t\t\t\t\t<div class=\"elementor-column elementor-col-50 elementor-top-column elementor-element elementor-element-70dc39ba\" data-id=\"70dc39ba\" data-element_type=\"column\" data-e-type=\"column\">\n\t\t\t<div class=\"elementor-widget-wrap elementor-element-populated\">\n\t\t\t\t\t\t<div class=\"elementor-element elementor-element-51cabebb elementor-widget elementor-widget-heading\" data-id=\"51cabebb\" data-element_type=\"widget\" data-e-type=\"widget\" data-widget_type=\"heading.default\">\n\t\t\t\t<div class=\"elementor-widget-container\">\n\t\t\t\t\t<h1 class=\"elementor-heading-title elementor-size-default\">LLMs4EU<\/h1>\t\t\t\t<\/div>\n\t\t\t\t<\/div>\n\t\t\t\t<div class=\"elementor-element elementor-element-1f4ee8af elementor-widget elementor-widget-text-editor\" data-id=\"1f4ee8af\" data-element_type=\"widget\" data-e-type=\"widget\" data-widget_type=\"text-editor.default\">\n\t\t\t\t<div class=\"elementor-widget-container\">\n\t\t\t\t\t\t\t\t\t<p>W przedmiocie <strong>LLMs4EU (du\u017ce modele j\u0119zykowe dla Unii Europejskiej)<\/strong> Projekt jest koordynowany przez ALT-EDIC i b\u0119dzie wspiera\u0142 wielu partner\u00f3w europejskiego ekosystemu LLM. Umo\u017cliwi im to gromadzenie danych j\u0119zykowych w wystarczaj\u0105cej jako\u015bci i ilo\u015bci, aby zbudowa\u0107 du\u017ce modele podstaw j\u0119zykowych, a tak\u017ce modele dostosowane do konkretnych j\u0119zyk\u00f3w, dziedzin lub bran\u017c, oraz zapewnienie specjalnego wsparcia i us\u0142ug umo\u017cliwiaj\u0105cych innym dopracowanie dost\u0119pnych modeli.<\/p>\t\t\t\t\t\t\t\t<\/div>\n\t\t\t\t<\/div>\n\t\t\t\t\t<\/div>\n\t\t<\/div>\n\t\t\t\t<div class=\"elementor-column elementor-col-50 elementor-top-column elementor-element elementor-element-286565d9 elementor-hidden-tablet elementor-hidden-phone\" data-id=\"286565d9\" data-element_type=\"column\" data-e-type=\"column\">\n\t\t\t<div class=\"elementor-widget-wrap\">\n\t\t\t\t\t\t\t<\/div>\n\t\t<\/div>\n\t\t\t\t\t<\/div>\n\t\t<\/section>\n\t\t\t\t<section class=\"elementor-section elementor-top-section elementor-element elementor-element-2a82150a elementor-section-stretched elementor-section-boxed elementor-section-height-default elementor-section-height-default\" data-id=\"2a82150a\" data-element_type=\"section\" data-e-type=\"section\" data-settings='{\"stretch_section\":\"section-stretched\"}'>\n\t\t\t\t\t\t<div class=\"elementor-container elementor-column-gap-extended\">\n\t\t\t\t\t<div class=\"elementor-column elementor-col-50 elementor-top-column elementor-element elementor-element-4dc940b2 elementor-invisible\" data-id=\"4dc940b2\" data-element_type=\"column\" data-e-type=\"column\" data-settings='{\"animation\":\"slide-left\",\"animation_delay\":200}'>\n\t\t\t<div class=\"elementor-widget-wrap elementor-element-populated\">\n\t\t\t\t\t\t<div class=\"elementor-element elementor-element-2fa08fbe elementor-widget elementor-widget-text-editor\" data-id=\"2fa08fbe\" data-element_type=\"widget\" data-e-type=\"widget\" data-widget_type=\"text-editor.default\">\n\t\t\t\t<div class=\"elementor-widget-container\">\n\t\t\t\t\t\t\t\t\t<p>Projekt LLMs4EU ma na celu zachowanie europejskiej r\u00f3\u017cnorodno\u015bci j\u0119zykowej i kulturowej w epoce cyfrowej poprzez wsp\u00f3\u0142prac\u0119 mi\u0119dzy podmiotami gospodarczymi i akademickimi. W rzeczywisto\u015bci niekt\u00f3re j\u0119zyki europejskie mog\u0105 zosta\u0107 pomini\u0119te w rozwoju generatywnej sztucznej inteligencji ze wzgl\u0119du na brak zasob\u00f3w do szkolenia modeli j\u0119zykowych. Ponadto projekt ma na celu po\u0142\u0105czenie wiod\u0105cych europejskich podmiot\u00f3w w dziedzinie generatywnej sztucznej inteligencji, aby zapewni\u0107 europejskim przedsi\u0119biorstwom, a zw\u0142aszcza M\u015aP, dost\u0119p do narz\u0119dzi i zasob\u00f3w umo\u017cliwiaj\u0105cych osi\u0105gni\u0119cie konkurencyjno\u015bci w zakresie technologii j\u0119zykowych, a zw\u0142aszcza du\u017cych modeli j\u0119zykowych (LLM). Projekt skupia si\u0119 na pi\u0119ciu domenach aplikacyjnych: energia, telekomunikacja, turystyka, us\u0142ugi publiczne i nauka.<\/p>\t\t\t\t\t\t\t\t<\/div>\n\t\t\t\t<\/div>\n\t\t\t\t\t<\/div>\n\t\t<\/div>\n\t\t\t\t<div class=\"elementor-column elementor-col-50 elementor-top-column elementor-element elementor-element-169741bd elementor-hidden-tablet elementor-hidden-phone elementor-invisible\" data-id=\"169741bd\" data-element_type=\"column\" data-e-type=\"column\" data-settings='{\"animation\":\"slide-right\"}'>\n\t\t\t<div class=\"elementor-widget-wrap elementor-element-populated\">\n\t\t\t\t\t\t<div class=\"elementor-element elementor-element-47d0ea elementor-widget elementor-widget-image\" data-id=\"47d0ea\" data-element_type=\"widget\" data-e-type=\"widget\" data-widget_type=\"image.default\">\n\t\t\t\t<div class=\"elementor-widget-container\">\n\t\t\t\t\t\t\t\t\t\t\t\t\t\t\t<img fetchpriority=\"high\" decoding=\"async\" width=\"800\" height=\"495\" src=\"https:\/\/www.alt-edic.eu\/wp-content\/uploads\/2026\/01\/LLMs4EU-e1768900210939.png\" class=\"attachment-full size-full wp-image-11108\" alt=\"\" srcset=\"https:\/\/www.alt-edic.eu\/wp-content\/uploads\/2026\/01\/LLMs4EU-e1768900210939.png 800w, https:\/\/www.alt-edic.eu\/wp-content\/uploads\/2026\/01\/LLMs4EU-e1768900210939-300x186.png 300w, https:\/\/www.alt-edic.eu\/wp-content\/uploads\/2026\/01\/LLMs4EU-e1768900210939-768x475.png 768w, https:\/\/www.alt-edic.eu\/wp-content\/uploads\/2026\/01\/LLMs4EU-e1768900210939-18x12.png 18w\" sizes=\"(max-width: 800px) 100vw, 800px\">\t\t\t\t\t\t\t\t\t\t\t\t\t\t\t<\/div>\n\t\t\t\t<\/div>\n\t\t\t\t\t<\/div>\n\t\t<\/div>\n\t\t\t\t\t<\/div>\n\t\t<\/section>\n\t\t<div class=\"elementor-element elementor-element-8ed64da e-flex e-con-boxed e-con e-parent\" data-id=\"8ed64da\" data-element_type=\"container\" data-e-type=\"container\">\n\t\t\t\t\t<div class=\"e-con-inner\">\n\t\t\t\t<div class=\"elementor-element elementor-element-41c7d55 elementor-widget__width-initial elementor-widget elementor-widget-text-editor\" data-id=\"41c7d55\" data-element_type=\"widget\" data-e-type=\"widget\" data-widget_type=\"text-editor.default\">\n\t\t\t\t<div class=\"elementor-widget-container\">\n\t\t\t\t\t\t\t\t\t<p>Celem jest zapewnienie otwartego dost\u0119pu do LLM i wszystkich narz\u0119dzi niezb\u0119dnych do ich wykorzystania we wszystkich j\u0119zykach UE poprzez wykorzystanie istniej\u0105cych europejskich program\u00f3w i kompetencji. Narz\u0119dzia, kt\u00f3re zostan\u0105 udost\u0119pnione europejskim przedsi\u0119biorstwom, obejm\u0105 wszystkie etapy, od szkolenia LLM po zapewnienie ich zgodno\u015bci z prawodawstwem europejskim (akt w sprawie sztucznej inteligencji, RODO itp.).<\/p><p>Konsorcjum utworzone wok\u00f3\u0142 ALT-EDIC obejmuje organizacje dzia\u0142aj\u0105ce w 20 krajach, co zapewnia dobry zasi\u0119g geograficzny i j\u0119zykowy. W ramach projektu opracowane zostan\u0105 r\u00f3\u017cne odpowiednie przypadki u\u017cycia, aby wykaza\u0107 zdolno\u015b\u0107 podmiot\u00f3w europejskich do wsp\u00f3\u0142pracy w celu stworzenia dostosowanych narz\u0119dzi dla r\u00f3\u017cnych sektor\u00f3w gospodarki, a dost\u0119p do wszystkich j\u0119zyk\u00f3w UE zostanie zapewniony dzi\u0119ki stworzeniu i pozyskaniu niezb\u0119dnych zbior\u00f3w danych w ramach projektu.<\/p><p>Projekt zapewni, w tym poprzez wsparcie finansowe dla stron trzecich, specjalne wsparcie i us\u0142ugi, w szczeg\u00f3lno\u015bci dla M\u015aP, w celu u\u0142atwienia dopracowania dost\u0119pnych modeli.<\/p><p>Projekt jest finansowany w ramach programu \u201eCyfrowa Europa\u201d. Rozpocz\u0119\u0142a si\u0119 ona w marcu 2025 r. i trwa\u0142a 3 lata.<\/p><p>Aby uzyska\u0107 wi\u0119cej informacji, odwied\u017a <a href=\"https:\/\/www.llms4eu.eu\">Strona internetowa projektu LLMs4EU.<\/a><\/p>\t\t\t\t\t\t\t\t<\/div>\n\t\t\t\t<\/div>\n\t\t\t\t\t<\/div>\n\t\t\t\t<\/div>\n\t\t\t\t<\/div>","protected":false},"excerpt":{"rendered":"<p>LLMs4EU Projekt LLMs4EU (Large Language Models for the European Union) jest koordynowany przez ALT-EDIC i b\u0119dzie wspiera\u0142 wielu partner\u00f3w europejskiego ekosystemu LLM. Umo\u017cliwi im to gromadzenie danych j\u0119zykowych w wystarczaj\u0105cej jako\u015bci i ilo\u015bci, aby zbudowa\u0107 du\u017ce modele podstaw j\u0119zykowych, a tak\u017ce modele dostosowane do konkretnych potrzeb.<\/p>","protected":false},"author":1,"featured_media":0,"parent":9229,"menu_order":0,"comment_status":"closed","ping_status":"closed","template":"","meta":{"footnotes":""},"class_list":["post-10281","page","type-page","status-publish","hentry"],"aioseo_notices":[],"_links":{"self":[{"href":"https:\/\/www.alt-edic.eu\/pl\/wp-json\/wp\/v2\/pages\/10281","targetHints":{"allow":["GET"]}}],"collection":[{"href":"https:\/\/www.alt-edic.eu\/pl\/wp-json\/wp\/v2\/pages"}],"about":[{"href":"https:\/\/www.alt-edic.eu\/pl\/wp-json\/wp\/v2\/types\/page"}],"author":[{"embeddable":true,"href":"https:\/\/www.alt-edic.eu\/pl\/wp-json\/wp\/v2\/users\/1"}],"replies":[{"embeddable":true,"href":"https:\/\/www.alt-edic.eu\/pl\/wp-json\/wp\/v2\/comments?post=10281"}],"version-history":[{"count":0,"href":"https:\/\/www.alt-edic.eu\/pl\/wp-json\/wp\/v2\/pages\/10281\/revisions"}],"up":[{"embeddable":true,"href":"https:\/\/www.alt-edic.eu\/pl\/wp-json\/wp\/v2\/pages\/9229"}],"wp:attachment":[{"href":"https:\/\/www.alt-edic.eu\/pl\/wp-json\/wp\/v2\/media?parent=10281"}],"curies":[{"name":"wp","href":"https:\/\/api.w.org\/{rel}","templated":true}]}}