{"id":8944,"date":"2024-10-03T19:38:42","date_gmt":"2024-10-03T19:38:42","guid":{"rendered":"https:\/\/alt-edic.eu\/?page_id=8944"},"modified":"2025-01-29T14:36:58","modified_gmt":"2025-01-29T13:36:58","slug":"governance","status":"publish","type":"page","link":"https:\/\/www.alt-edic.eu\/mt\/governance\/","title":{"rendered":"<p>Governanza<\/p>"},"content":{"rendered":"<div data-elementor-type=\"wp-page\" data-elementor-id=\"8944\" class=\"elementor elementor-8944\" data-elementor-post-type=\"page\">\n\t\t\t\t\t\t<section class=\"elementor-section elementor-top-section elementor-element elementor-element-83d6e06 elementor-section-stretched elementor-section-boxed elementor-section-height-default elementor-section-height-default\" data-id=\"83d6e06\" data-element_type=\"section\" data-e-type=\"section\" data-settings='{\"stretch_section\":\"section-stretched\",\"background_background\":\"gradient\"}'>\n\t\t\t\t\t\t<div class=\"elementor-container elementor-column-gap-extended\">\n\t\t\t\t\t<div class=\"elementor-column elementor-col-50 elementor-top-column elementor-element elementor-element-5ad19a07\" data-id=\"5ad19a07\" data-element_type=\"column\" data-e-type=\"column\">\n\t\t\t<div class=\"elementor-widget-wrap elementor-element-populated\">\n\t\t\t\t\t\t<div class=\"elementor-element elementor-element-17b6f034 elementor-widget elementor-widget-heading\" data-id=\"17b6f034\" data-element_type=\"widget\" data-e-type=\"widget\" data-widget_type=\"heading.default\">\n\t\t\t\t<div class=\"elementor-widget-container\">\n\t\t\t\t\t<h1 class=\"elementor-heading-title elementor-size-default\">Governanza<\/h1>\t\t\t\t<\/div>\n\t\t\t\t<\/div>\n\t\t\t\t<div class=\"elementor-element elementor-element-793ec4e6 elementor-widget elementor-widget-text-editor\" data-id=\"793ec4e6\" data-element_type=\"widget\" data-e-type=\"widget\" data-widget_type=\"text-editor.default\">\n\t\t\t\t<div class=\"elementor-widget-container\">\n\t\t\t\t\t\t\t\t\t<p>L-Alleanza g\u0127at-Teknolo\u0121iji tal-Lingwi (ALT-EDIC) hija<span style=\"text-decoration: underline; color: #99ccff;\"> <a style=\"color: #99ccff; text-decoration: underline;\" href=\"https:\/\/digital-strategy.ec.europa.eu\/en\/policies\/edic\"><span style=\"color: #ffffff; text-decoration: underline;\">Konsorzju Ewropew g\u0127all-Infrastruttura Di\u0121itali<\/span><\/a><\/span>, tip ta' struttura legali ma\u0127luqa ta\u0127t <span style=\"text-decoration: underline; color: #ffffff;\"><span style=\"text-decoration: underline;\"><a style=\"color: #ffffff; text-decoration: underline;\" href=\"https:\/\/digital-strategy.ec.europa.eu\/en\/library\/digital-decade-policy-programme-2030\">Programm ta\u2019 Politika tal-2030 dwar id-De\u010bennju Di\u0121itali<\/a><\/span><\/span>. Huwa mmexxi minn Assemblea ta' Membri mag\u0127mula minn Stati Membri tal-Unjoni Ewropea. <span style=\"color: #ffffff;\"><a style=\"color: #ffffff;\" href=\"https:\/\/eur-lex.europa.eu\/EN\/legal-content\/summary\/agreement-on-the-european-economic-area.html\"><span style=\"text-decoration: underline;\">I\u017c-\u017bona Ekonomika Ewropea (\u017bEE)<\/span><\/a><\/span>&nbsp; u rapporti lill-Kummissjoni Ewropea. <\/p>\t\t\t\t\t\t\t\t<\/div>\n\t\t\t\t<\/div>\n\t\t\t\t\t<\/div>\n\t\t<\/div>\n\t\t\t\t<div class=\"elementor-column elementor-col-50 elementor-top-column elementor-element elementor-element-75c15e62 elementor-hidden-tablet elementor-hidden-phone\" data-id=\"75c15e62\" data-element_type=\"column\" data-e-type=\"column\">\n\t\t\t<div class=\"elementor-widget-wrap\">\n\t\t\t\t\t\t\t<\/div>\n\t\t<\/div>\n\t\t\t\t\t<\/div>\n\t\t<\/section>\n\t\t\t\t<section class=\"elementor-section elementor-top-section elementor-element elementor-element-178c1fff elementor-section-stretched elementor-section-boxed elementor-section-height-default elementor-section-height-default\" data-id=\"178c1fff\" data-element_type=\"section\" data-e-type=\"section\" data-settings='{\"stretch_section\":\"section-stretched\"}'>\n\t\t\t\t\t\t<div class=\"elementor-container elementor-column-gap-extended\">\n\t\t\t\t\t<div class=\"elementor-column elementor-col-100 elementor-top-column elementor-element elementor-element-1c5552e\" data-id=\"1c5552e\" data-element_type=\"column\" data-e-type=\"column\">\n\t\t\t<div class=\"elementor-widget-wrap elementor-element-populated\">\n\t\t\t\t\t\t<div class=\"elementor-element elementor-element-4b36844 elementor-widget elementor-widget-text-editor\" data-id=\"4b36844\" data-element_type=\"widget\" data-e-type=\"widget\" data-widget_type=\"text-editor.default\">\n\t\t\t\t<div class=\"elementor-widget-container\">\n\t\t\t\t\t\t\t\t\t<h2>Korpi tat-te\u0127id tad-de\u010bi\u017cjonijiet u korpi konsultattivi<\/h2><p>Il- <strong>Assemblea tal-Membri<\/strong> (AoM) huwa l-korp governattiv tal-ALT-EDIC. Huwa jele\u0121\u0121i minn fost il-membri tieg\u0127u president u vi\u010bi president. L-AoM ta\u0127tar id-Direttur tal-ALT-EDIC.<\/p><p>Il- <strong>Id-Direttur<\/strong> huwa r-rappre\u017centant legali tal-ALT-EDIC, iwettaq l-attivitajiet tieg\u0127u ta\u2019 kuljum, u huwa inkarigat mill-implimentazzjoni tad-de\u010bi\u017cjonijiet tal-AoM.<\/p><p>Il- <strong>Kumitat ta' Orjentazzjoni Strate\u0121ika<\/strong>, mag\u0127mul minn rappre\u017centanti tal-Membri, eletti mill-AoM u mill-ALT-EDIC? <strong>Konsorzju Industrijali<\/strong>, jappo\u0121\u0121ja l-AoM u d-Direttur.<\/p><p>Il- <strong>Bord Konsultattiv Xjentifiku u Tekniku<\/strong> u l- <strong>Bord Konsultattiv Legali u Etiku<\/strong>, it-tnejn mag\u0127mula minn esperti minn oqsma rilevanti, jin\u0127atru mill-AoM.<\/p><h2>Rappre\u017centanti tal-ALT-EDIC<\/h2><ul><li>President tal-AoM: Is-Sur Thibault GROUAS<\/li><li>Vi\u010bi President tal-AoM: Is-Sur Juan Martinez SAMALEA<\/li><\/ul><h2>Dokumenti ta' referenza<\/h2><h3>De\u010bi\u017cjoni tal-Kummissjoni dwar il-\u0127olqien tal-ALT-EDIC<\/h3><ul><li><a href=\"https:\/\/eur-lex.europa.eu\/eli\/dec_impl\/2024\/458\/oj\">De\u010bi\u017cjoni ta' Implimentazzjoni tal-Kummissjoni li tistabbilixxi l-Konsorzju Ewropew g\u0127all-Infrastruttura Di\u0121itali g\u0127all-Alleanza g\u0127at-Teknolo\u0121iji tal-Lingwi (ALT-EDIC)<\/a><\/li><\/ul><h3>Statuti tal-ALT-EDIC<\/h3><ul><li><a style=\"color: #000000;\" href=\"https:\/\/alt-edic.eu\/wp-content\/uploads\/2025\/01\/2024-12-17-Adopted-ALT-EDIC-Statutes-v3.0.2.pdf\"><u>Ver\u017cjoni bl-Ingli\u017c<\/u><\/a><\/li><li><a style=\"color: #000000;\" href=\"https:\/\/alt-edic.eu\/wp-content\/uploads\/2025\/01\/2024-12-17-Adopted-ALT-EDIC-Statutes-v3.0.2-FR.pdf\"><u>Ver\u017cjoni Fran\u010bi\u017ca<\/u><\/a><\/li><\/ul><h3>Ri\u017coluzzjonijiet tal-AoM ALT-EDIC<\/h3><ul><li><span style=\"text-decoration: underline;\"><a style=\"outline: 0px;\" href=\"https:\/\/alt-edic.eu\/wp-content\/uploads\/2024\/12\/27-09-2024-Adopted-ALT-EDIC-Resolutions.pdf\">Ri\u017coluzzjoni ALT-EDIC adottata fis-27 ta\u2019 Settembru 2024<\/a><\/span><\/li><li><span style=\"text-decoration: underline;\"><a style=\"outline: 0px;\" href=\"https:\/\/alt-edic.eu\/wp-content\/uploads\/2024\/12\/28_08_2024-Adopted-ALT-EDIC-Resolution.pdf\">Ri\u017coluzzjoni ALT-EDIC adottata fit-28 ta\u2019 Awwissu 2024<\/a><\/span><\/li><li><span style=\"text-decoration: underline;\"><a href=\"https:\/\/alt-edic.eu\/wp-content\/uploads\/2024\/12\/27-05-2024-Adopted-Resolutions.pdf\">Ri\u017coluzzjoni ALT-EDIC adottata fis-27 ta\u2019 Mejju 2024<\/a><\/span><\/li><li><a href=\"https:\/\/alt-edic.eu\/wp-content\/uploads\/2024\/12\/8_03_2024-Adopted-ALT-EDIC-Resolution.pdf\"><span style=\"text-decoration: underline;\">Ri\u017coluzzjoni ALT-EDIC adottata fit-8 ta\u2019 Marzu 2024<\/span><\/a><\/li><\/ul>\t\t\t\t\t\t\t\t<\/div>\n\t\t\t\t<\/div>\n\t\t\t\t\t<\/div>\n\t\t<\/div>\n\t\t\t\t\t<\/div>\n\t\t<\/section>\n\t\t\t\t<\/div>","protected":false},"excerpt":{"rendered":"<p>Governanza L-Alleanza g\u0127at-Teknolo\u0121iji tal-Lingwa (ALT-EDIC) hija Konsorzju g\u0127all-Infrastruttura Di\u0121itali Ewropea, tip ta\u2019 struttura legali ma\u0127luqa ta\u0127t il-Programm ta\u2019 Politika tal-2030 dwar id-De\u010bennju Di\u0121itali. Huwa rregolat minn Assemblea tal-Membri mag\u0127mula minn Stati Membri ta\u017c-\u017bona Ekonomika Ewropea (\u017bEE) u jirrapporta lill-Kummissjoni Ewropea. Te\u0127id ta' de\u010bi\u017cjonijiet u korpi konsultattivi [\u2026]<\/p>","protected":false},"author":1,"featured_media":0,"parent":0,"menu_order":0,"comment_status":"closed","ping_status":"closed","template":"","meta":{"footnotes":""},"class_list":["post-8944","page","type-page","status-publish","hentry"],"aioseo_notices":[],"_links":{"self":[{"href":"https:\/\/www.alt-edic.eu\/mt\/wp-json\/wp\/v2\/pages\/8944","targetHints":{"allow":["GET"]}}],"collection":[{"href":"https:\/\/www.alt-edic.eu\/mt\/wp-json\/wp\/v2\/pages"}],"about":[{"href":"https:\/\/www.alt-edic.eu\/mt\/wp-json\/wp\/v2\/types\/page"}],"author":[{"embeddable":true,"href":"https:\/\/www.alt-edic.eu\/mt\/wp-json\/wp\/v2\/users\/1"}],"replies":[{"embeddable":true,"href":"https:\/\/www.alt-edic.eu\/mt\/wp-json\/wp\/v2\/comments?post=8944"}],"version-history":[{"count":0,"href":"https:\/\/www.alt-edic.eu\/mt\/wp-json\/wp\/v2\/pages\/8944\/revisions"}],"wp:attachment":[{"href":"https:\/\/www.alt-edic.eu\/mt\/wp-json\/wp\/v2\/media?parent=8944"}],"curies":[{"name":"wp","href":"https:\/\/api.w.org\/{rel}","templated":true}]}}