{"id":8760,"date":"2024-08-19T14:45:10","date_gmt":"2024-08-19T14:45:10","guid":{"rendered":"https:\/\/alt-edic.eu\/?page_id=8760"},"modified":"2024-12-13T10:43:51","modified_gmt":"2024-12-13T09:43:51","slug":"what-is-an-edic","status":"publish","type":"page","link":"https:\/\/www.alt-edic.eu\/mt\/what-is-an-edic\/","title":{"rendered":"<p>X\u2019inhu EDIC<\/p>"},"content":{"rendered":"<div data-elementor-type=\"wp-page\" data-elementor-id=\"8760\" class=\"elementor elementor-8760\" data-elementor-post-type=\"page\">\n\t\t\t\t\t\t<section class=\"elementor-section elementor-top-section elementor-element elementor-element-6ce15b86 elementor-section-stretched elementor-section-boxed elementor-section-height-default elementor-section-height-default\" data-id=\"6ce15b86\" data-element_type=\"section\" data-e-type=\"section\" data-settings='{\"stretch_section\":\"section-stretched\",\"background_background\":\"gradient\"}'>\n\t\t\t\t\t\t<div class=\"elementor-container elementor-column-gap-extended\">\n\t\t\t\t\t<div class=\"elementor-column elementor-col-50 elementor-top-column elementor-element elementor-element-2b0ff17f\" data-id=\"2b0ff17f\" data-element_type=\"column\" data-e-type=\"column\">\n\t\t\t<div class=\"elementor-widget-wrap elementor-element-populated\">\n\t\t\t\t\t\t<div class=\"elementor-element elementor-element-7dfb564d elementor-widget elementor-widget-heading\" data-id=\"7dfb564d\" data-element_type=\"widget\" data-e-type=\"widget\" data-widget_type=\"heading.default\">\n\t\t\t\t<div class=\"elementor-widget-container\">\n\t\t\t\t\t<h1 class=\"elementor-heading-title elementor-size-default\">X\u2019inhu EDIC?<\/h1>\t\t\t\t<\/div>\n\t\t\t\t<\/div>\n\t\t\t\t<div class=\"elementor-element elementor-element-49ebb3c5 elementor-widget elementor-widget-text-editor\" data-id=\"49ebb3c5\" data-element_type=\"widget\" data-e-type=\"widget\" data-widget_type=\"text-editor.default\">\n\t\t\t\t<div class=\"elementor-widget-container\">\n\t\t\t\t\t\t\t\t\t<div class=\"elementor-element elementor-element-e277c6 elementor-widget__width-initial elementor-widget elementor-widget-text-editor\" data-id=\"e277c6\" data-element_type=\"widget\" data-widget_type=\"text-editor.default\"><div class=\"elementor-widget-container\"><p>Konsorzju g\u0127all-Infrastruttura Di\u0121itali Ewropea (EDIC) huwa tip ta\u2019 struttura legali ma\u0127luqa ta\u0127t il-Programm ta\u2019 Politika tal-2030 dwar id-De\u010bennju Di\u0121itali biex l-Istati Membri tal-UE jkunu jistg\u0127u ji\u0121bru flimkien ir-ri\u017corsi b\u2019mod effi\u010bjenti biex jimplimentaw infrastruttura di\u0121itali kon\u0121unta.<\/p><\/div><\/div>\t\t\t\t\t\t\t\t<\/div>\n\t\t\t\t<\/div>\n\t\t\t\t\t<\/div>\n\t\t<\/div>\n\t\t\t\t<div class=\"elementor-column elementor-col-50 elementor-top-column elementor-element elementor-element-610ca725 elementor-hidden-tablet elementor-hidden-phone\" data-id=\"610ca725\" data-element_type=\"column\" data-e-type=\"column\">\n\t\t\t<div class=\"elementor-widget-wrap\">\n\t\t\t\t\t\t\t<\/div>\n\t\t<\/div>\n\t\t\t\t\t<\/div>\n\t\t<\/section>\n\t\t\t\t<section class=\"elementor-section elementor-top-section elementor-element elementor-element-1b631d26 elementor-section-stretched elementor-section-boxed elementor-section-height-default elementor-section-height-default\" data-id=\"1b631d26\" data-element_type=\"section\" data-e-type=\"section\" data-settings='{\"stretch_section\":\"section-stretched\"}'>\n\t\t\t\t\t\t<div class=\"elementor-container elementor-column-gap-extended\">\n\t\t\t\t\t<div class=\"elementor-column elementor-col-50 elementor-top-column elementor-element elementor-element-51bbcc16 elementor-invisible\" data-id=\"51bbcc16\" data-element_type=\"column\" data-e-type=\"column\" data-settings='{\"animation\":\"slide-left\",\"animation_delay\":200}'>\n\t\t\t<div class=\"elementor-widget-wrap elementor-element-populated\">\n\t\t\t\t\t\t<div class=\"elementor-element elementor-element-5669fbcf elementor-widget elementor-widget-text-editor\" data-id=\"5669fbcf\" data-element_type=\"widget\" data-e-type=\"widget\" data-widget_type=\"text-editor.default\">\n\t\t\t\t<div class=\"elementor-widget-container\">\n\t\t\t\t\t\t\t\t\t<p><span style=\"text-decoration: underline;\"><a href=\"https:\/\/digital-strategy.ec.europa.eu\/en\/policies\/edic\">Konsorzji g\u0127all-Infrastruttura Di\u0121itali Ewropea (EDICs)<\/a><\/span> \u0121ew introdotti ta\u0127t <span style=\"text-decoration: underline;\"><a href=\"https:\/\/eur-lex.europa.eu\/eli\/dec\/2022\/2481\/oj\">Id-De\u010bi\u017cjoni (UE) 2022\/2481 tal-Parlament Ewropew u tal-Kunsill tal-14 ta\u2019 Di\u010bembru 2022<\/a><\/span> li jistabbilixxi l- <span style=\"text-decoration: underline;\"><a href=\"https:\/\/digital-strategy.ec.europa.eu\/en\/library\/digital-decade-policy-programme-2030\">Programm ta\u2019 Politika tal-2030 dwar id-De\u010bennju Di\u0121itali<\/a><\/span>.<\/p><p>L-objettiv ewlieni tal-EDICs huwa li jipprovdu qafas legali g\u0127all-investiment fi pro\u0121etti multinazzjonali li, min\u0127abba l-iskala tag\u0127hom, ma jistg\u0127ux ji\u0121u stabbiliti b\u2019mod effettiv minn Stat Membru wie\u0127ed. G\u0127alhekk, l-EDICs jiffa\u010bilitaw il-koordinazzjoni tal-finanzjament, u jippermettu l-istabbiliment rapidu u l-implimentazzjoni flessibbli ta\u2019 pro\u0121etti multinazzjonali biex jin\u0127olqu in\u010bentivi g\u0127all-Istati Membri, filwaqt li ji\u0121u \u017cgurati standards komuni u interoperabbilt\u00e0.<\/p><p>Barra minn hekk, l-EDICs jikkontribwixxu g\u0127al:<\/p>\t\t\t\t\t\t\t\t<\/div>\n\t\t\t\t<\/div>\n\t\t\t\t<div class=\"elementor-element elementor-element-77c7f869 elementor-widget elementor-widget-text-editor\" data-id=\"77c7f869\" data-element_type=\"widget\" data-e-type=\"widget\" data-widget_type=\"text-editor.default\">\n\t\t\t\t<div class=\"elementor-widget-container\">\n\t\t\t\t\t\t\t\t\t<ul><li>it-tis\u0127i\u0127 tal-e\u010b\u010bellenza teknolo\u0121ika, it-tmexxija, l-innovazzjoni u l-kompetittivit\u00e0 tal-Ewropa fit-teknolo\u0121iji kriti\u010bi;<\/li><li>l-indirizzar u s-soluzzjoni tad-dipendenzi strate\u0121i\u010bi tal-Unjoni tul il-ktajjen tal-provvista di\u0121itali;<\/li><li>i\u017c-\u017cieda fid-disponibbilt\u00e0 u l-promozzjoni tal-u\u017cu ta\u2019 soluzzjonijiet di\u0121itali sikuri;<\/li><li>l-inkora\u0121\u0121iment ta' trasformazzjoni di\u0121itali inklu\u017civa u sostenibbli tal-ekonomija u tas-so\u010bjet\u00e0;<\/li><li>il-promozzjoni tal-\u0127iliet di\u0121itali g\u0127a\u010b-\u010bittadini, it-trawwim ta\u2019 parte\u010bipazzjoni bbilan\u010bjata bejn il-\u0121eneri fl-edukazzjoni u fl-opportunitajiet ta\u2019 karriera.<\/li><\/ul>\t\t\t\t\t\t\t\t<\/div>\n\t\t\t\t<\/div>\n\t\t\t\t<div class=\"elementor-element elementor-element-ee8d3e2 elementor-widget elementor-widget-text-editor\" data-id=\"ee8d3e2\" data-element_type=\"widget\" data-e-type=\"widget\" data-widget_type=\"text-editor.default\">\n\t\t\t\t<div class=\"elementor-widget-container\">\n\t\t\t\t\t\t\t\t\t<p>Aktar informazzjoni dwar l-EDICs hija disponibbli <a href=\"https:\/\/digital-strategy.ec.europa.eu\/en\/policies\/edic\">hawn<\/a>.<\/p><p>L-ALT-EDIC huwa EDIC iddedikat g\u0127at-teknolo\u0121iji tal-lingwa. Dan jippermetti li jin\u0121abru flimkien ir-ri\u017corsi me\u0127tie\u0121a biex ji\u0121u \u017cviluppati Mudelli ta\u2019 Lingwa Kbar b\u2019mod aktar effi\u010bjenti milli kwalunkwe pajji\u017c membru jista\u2019 jag\u0127mel wa\u0127du.<\/p>\t\t\t\t\t\t\t\t<\/div>\n\t\t\t\t<\/div>\n\t\t\t\t\t<\/div>\n\t\t<\/div>\n\t\t\t\t<div class=\"elementor-column elementor-col-50 elementor-top-column elementor-element elementor-element-df98f7c elementor-invisible\" data-id=\"df98f7c\" data-element_type=\"column\" data-e-type=\"column\" data-settings='{\"animation\":\"slide-left\",\"animation_delay\":200}'>\n\t\t\t<div class=\"elementor-widget-wrap elementor-element-populated\">\n\t\t\t\t\t\t<div class=\"elementor-element elementor-element-5ed9a92 elementor-widget elementor-widget-image\" data-id=\"5ed9a92\" data-element_type=\"widget\" data-e-type=\"widget\" data-widget_type=\"image.default\">\n\t\t\t\t<div class=\"elementor-widget-container\">\n\t\t\t\t\t\t\t\t\t\t\t\t\t\t\t<img fetchpriority=\"high\" decoding=\"async\" width=\"660\" height=\"371\" src=\"https:\/\/www.alt-edic.eu\/wp-content\/uploads\/2024\/10\/what-is-an-edic-1024x576.jpg\" class=\"attachment-large size-large wp-image-9172\" alt=\"Bandiera Ewropea bl-Edic\" srcset=\"https:\/\/www.alt-edic.eu\/wp-content\/uploads\/2024\/10\/what-is-an-edic-1024x576.jpg 1024w, https:\/\/www.alt-edic.eu\/wp-content\/uploads\/2024\/10\/what-is-an-edic-300x169.jpg 300w, https:\/\/www.alt-edic.eu\/wp-content\/uploads\/2024\/10\/what-is-an-edic-768x432.jpg 768w, https:\/\/www.alt-edic.eu\/wp-content\/uploads\/2024\/10\/what-is-an-edic-1536x864.jpg 1536w, https:\/\/www.alt-edic.eu\/wp-content\/uploads\/2024\/10\/what-is-an-edic-18x10.jpg 18w, https:\/\/www.alt-edic.eu\/wp-content\/uploads\/2024\/10\/what-is-an-edic.jpg 1920w\" sizes=\"(max-width: 660px) 100vw, 660px\">\t\t\t\t\t\t\t\t\t\t\t\t\t\t\t<\/div>\n\t\t\t\t<\/div>\n\t\t\t\t\t<\/div>\n\t\t<\/div>\n\t\t\t\t\t<\/div>\n\t\t<\/section>\n\t\t\t\t<\/div>","protected":false},"excerpt":{"rendered":"<p>X'inhu EDIC? Konsorzju g\u0127all-Infrastruttura Di\u0121itali Ewropea (EDIC) huwa tip ta\u2019 struttura legali ma\u0127luqa ta\u0127t il-Programm ta\u2019 Politika tal-2030 dwar id-De\u010bennju Di\u0121itali biex l-Istati Membri tal-UE jkunu jistg\u0127u ji\u0121bru flimkien ir-ri\u017corsi b\u2019mod effi\u010bjenti biex jimplimentaw infrastruttura di\u0121itali kon\u0121unta. Il-Konsorzji Ewropej g\u0127all-Infrastruttura Di\u0121itali (EDICs) \u0121ew introdotti skont id-De\u010bi\u017cjoni (UE) 2022\/2481 tal-[\u2026]<\/p>","protected":false},"author":1,"featured_media":0,"parent":0,"menu_order":0,"comment_status":"closed","ping_status":"closed","template":"","meta":{"footnotes":""},"class_list":["post-8760","page","type-page","status-publish","hentry"],"aioseo_notices":[],"_links":{"self":[{"href":"https:\/\/www.alt-edic.eu\/mt\/wp-json\/wp\/v2\/pages\/8760","targetHints":{"allow":["GET"]}}],"collection":[{"href":"https:\/\/www.alt-edic.eu\/mt\/wp-json\/wp\/v2\/pages"}],"about":[{"href":"https:\/\/www.alt-edic.eu\/mt\/wp-json\/wp\/v2\/types\/page"}],"author":[{"embeddable":true,"href":"https:\/\/www.alt-edic.eu\/mt\/wp-json\/wp\/v2\/users\/1"}],"replies":[{"embeddable":true,"href":"https:\/\/www.alt-edic.eu\/mt\/wp-json\/wp\/v2\/comments?post=8760"}],"version-history":[{"count":0,"href":"https:\/\/www.alt-edic.eu\/mt\/wp-json\/wp\/v2\/pages\/8760\/revisions"}],"wp:attachment":[{"href":"https:\/\/www.alt-edic.eu\/mt\/wp-json\/wp\/v2\/media?parent=8760"}],"curies":[{"name":"wp","href":"https:\/\/api.w.org\/{rel}","templated":true}]}}