{"id":3,"date":"2024-08-18T14:41:06","date_gmt":"2024-08-18T14:41:06","guid":{"rendered":"https:\/\/alt-edic.eu\/?page_id=3"},"modified":"2024-12-13T10:53:32","modified_gmt":"2024-12-13T09:53:32","slug":"privacy-policy","status":"publish","type":"page","link":"https:\/\/www.alt-edic.eu\/mt\/privacy-policy\/","title":{"rendered":"<p>Politika ta' Privatezza<\/p>"},"content":{"rendered":"<p><p>Kwalunkwe ppro\u010bessar ta\u2019 data personali mis-sit web alt-edic.eu jitwettaq skont ir-regolamenti (UE) 2016\/679 tal-Parlament Ewropew u tal-Kunsill tas-27 ta\u2019 April 2016 (mag\u0127rufa b\u0127ala l-RGPD) u l-Li\u0121i Fran\u010bi\u017ca Nru 78-17 tas-6 ta\u2019 Jannar 1978 dwar it-teknolo\u0121ija tal-informazzjoni, il-fajls u l-libertajiet.<\/p><h2 class=\"wp-block-heading\">\u0120estjoni tal-Cookies<\/h2><p>Meta inti \u017c\u017cur il- <strong>alt-edic.eu <\/strong>Tista 'tpo\u0121\u0121i cookies fuq il-kompjuter, it-telefon \u010bellulari jew il-pillola tieg\u0127ek. Meta ta\u010b\u010bessa s-sit, jintwera banner biex jindika l-pre\u017cenza ta 'cookies, li jag\u0127tik l-g\u0127a\u017cla li ta\u010b\u010bettahom, tirrifjutahom, jew timmani\u0121\u0121ja l-preferenzi tieg\u0127ek cookie bil-cookie.<\/p><p>Jintu\u017caw \u017cew\u0121 tipi ta' cookies:<\/p><ul class=\"wp-block-list\">\n<li>Cookies me\u0127tie\u0121a g\u0127at-t\u0127addim xieraq tas-sit, li ma ja\u0127\u017cnu l-ebda dejta personali u g\u0127alhekk, skont ir-rakkomandazzjonijiet tas-CNIL, ma je\u0127ti\u0121ux kunsens minn qabel. Dawn il-cookies huma attivati direttament, anke ming\u0127ajr ebda azzjoni po\u017cittiva min-na\u0127a tal-utent.<\/li>\n\n\n\n<li>Cookies tal-kejl tal-udjenza mi\u0121bura bl-g\u0127odda tal-anali\u017ci tat-traffiku Matomo (ver\u017cjoni tal-kodi\u010bi miftu\u0127 disponibbli fuq <a href=\"https:\/\/fr.matomo.org\/\">https:\/\/fr.matomo.org\/<\/a>): dawn il-cookies ja\u0127\u017cnu data personali (indirizz IP, post). Din id-data tin\u0127a\u017cen fuq is-server OVH (server li jinsab fi Franza minn host Fran\u010bi\u017c) u tin\u017camm g\u0127al perjodu ta\u2019 6 xhur. Dawn il-cookies jintu\u017caw biss biex ikejlu statistika anonima dwar it-traffiku u l-u\u017cu tas-sit, g\u0127al skopijiet ta 'monitora\u0121\u0121 u titjib tas-servizz. Dawn ma jintu\u017cawx biex ji\u0121u segwiti d-drawwiet ta\u2019 bbraw\u017cjar tal-utent f\u2019siti o\u0127ra. Il-\u0121bir ta\u2019 dawn il-cookies huwa so\u0121\u0121ett g\u0127all-a\u010b\u010bettazzjoni mill-utent tal-banner li jidher meta jinfeta\u0127 is-sit.<\/li>\n<\/ul><p>Is-sit joffri wkoll funzjonalitajiet ta 'qsim fuq in-netwerk so\u010bjali LinkedIn. F'dan ir-rigward, jekk jog\u0127\u0121bok innota li l-u\u017cu tal-karatteristi\u010bi offruti minn dan in-netwerk so\u010bjali x'aktarx ji\u0121\u0121enera cookies \u0121estiti u depo\u017citati mis-sit LinkedIn. Dawn il-cookies jistg\u0127u ji\u0121u depo\u017citati biss meta tu\u017ca l-funzjonalitajiet ta 'LinkedIn, b'mod partikolari, fil-kuntest ta' <strong>alt-edic.eu<\/strong>, meta taqsam fuq LinkedIn. Nistednuk taqra l-politika ta\u2019 \u0121estjoni tal-cookies ta\u2019 LinkedIn. Il-\u0127ajja ta' dawn il-cookies ma taqbi\u017cx it-13-il xahar.<\/p><p>Tista 'tirrifjuta l-u\u017cu ta' cookies li mhumiex e\u017centati mill-kunsens, jew tiddi\u017cattiva l-\u0127a\u017cna tag\u0127hom fuq il-kompjuter tieg\u0127ek:<\/p><ul class=\"wp-block-list\">\n<li>Meta tu\u017ca s-sit g\u0127all-ewwel darba, billi tikklikkja fuq il-banner tal-immani\u0121\u0121jar tal-cookies, li jippermettilek ta\u010b\u010betta jew tirrifjuta l-cookies kollha, jew timmani\u0121\u0121ja l-preferenzi tieg\u0127ek.<\/li>\n\n\n\n<li>Fi kwalunkwe \u0127in billi tikklikkja fuq il-buttuna \u201ccookies\u201d fil-qieg\u0127 tal-pa\u0121na.<\/li>\n\n\n\n<li>Fi kwalunkwe \u0127in billi tu\u017ca s-settings tal-braw\u017cer tieg\u0127ek: billi tu\u017ca l-funzjoni ddedikata tal-braw\u017cer tieg\u0127ek \u201ctittra\u010b\u010bjax\u201d.<\/li>\n<\/ul><h2 class=\"wp-block-heading\">E\u017cer\u010bizzju tad-drittijiet tieg\u0127ek<\/h2><p>G\u0127andek id-dritt li ta\u010b\u010bessa, tirrettifika, topponi u t\u0127assar id-data personali tieg\u0127ek fi kwalunkwe \u0127in.<\/p><p>G\u0127al kwalunkwe informazzjoni jew biex te\u017cer\u010bita d-drittijiet tieg\u0127ek (id-dritt ta' a\u010b\u010bess, rettifika jew t\u0127assir, id-dritt li tillimita l-ippro\u010bessar, id-dritt g\u0127all-portabbilt\u00e0 tad-data u d-dritt li to\u0121\u0121ezzjona) rigward l-ippro\u010bessar tad-data personali mill-EPC u d-dipartimenti varji tag\u0127ha, tista' tikkuntattja lill-Uffi\u010bjal tal-Protezzjoni tad-Data (UPD) tag\u0127na fl-indirizz li \u0121ej: dpdalt-edic.eu.<\/p><p>Tista' tikkuntattja wkoll lill-Uffi\u010bjal tal-Protezzjoni tad-Data (UPD) bil-posta fl-indirizz li \u0121ej:<br>ALT-EDIC<br>G\u0127all-attenzjoni tal-Uffi\u010bjal tal-Protezzjoni tad-Data (UPD)<br>1 post Aristide Briand<br>02600 Villers-Cotter\u00eats<br>Franza<\/p><p>G\u0127andek ukoll id-dritt li tressaq ilment mal-awtorit\u00e0 supervi\u017corja kompetenti (<a href=\"https:\/\/www.cnil.fr\/fr\" title=\"\">CNIL<\/a>) jekk tqis li l-ALT-EDIC ma rrispettax id-drittijiet tieg\u0127ek. Sir af aktar dwar id-drittijiet tieg\u0127ek: <a href=\"https:\/\/www.cnil.fr\/fr\/reglement-europeen-protection-donnees\/chapitre3\" title=\"\">CNIL \u2013 Droits de la personne<\/a> (bil-Fran\u010bi\u017c)<\/p><h2 class=\"wp-block-heading\">Trademark<\/h2><p>It-trademark tal-Alt-Edic kif ukoll il-logo tag\u0127ha huma trademark protetti minn dritt ta\u2019 proprjet\u00e0 industrijali.<\/p><p>Kwalunkwe riproduzzjoni totali jew parzjali ta\u2019 din it-trademark u tal-logo tag\u0127ha ming\u0127ajr l-awtorizzazzjoni espressa tad-detenturi tad-drittijiet hija g\u0127alhekk strettament ipprojbita u tikkostitwixxi reat ta\u2019 ffalsifikar skont it-tifsira tal-Kodi\u010bi tal-Proprjet\u00e0 Intellettwali.<\/p><h2 class=\"wp-block-heading\">Kontenut u stampi testwali<\/h2><p>Il-kontenut u l-istampi testwali kollha offruti fuq is-sit web ta' Alt-Edic huma l-proprjet\u00e0 ta' Alt-Edic.<br>Kwalunkwe riproduzzjoni totali jew parzjali ta' dawn it-testi u imma\u0121nijiet ming\u0127ajr l-awtorizzazzjoni espressa tad-detenturi tad-drittijiet tag\u0127hom hija g\u0127alhekk strettament ipprojbita u tikkostitwixxi reat ta' ffalsifikar skont it-tifsira tal-Kodi\u010bi tal-Proprjet\u00e0 Intellettwali.<\/p><h2 class=\"wp-block-heading\">Iperlinks<\/h2><ul class=\"wp-block-list\">\n<li>1. Links \u0127er\u0121in minn Alt-Edic<\/li>\n<\/ul><p>Alt-Edic jipprovdi hyperlinks profondi li jindikaw siti ta 'partijiet terzi. Dawn il-links jew referenzi ma jikkostitwixxux approvazzjoni jew validazzjoni tal-kontenut tag\u0127hom. Fl-ebda ka\u017c m'g\u0127andha tkun responsabbli g\u0127all-kontenut ta 'tali websajts, u m'g\u0127andhiex tkun responsabbli g\u0127al kwalunkwe \u0127sara jew \u0127sara li tirri\u017culta minnhom.<\/p><p>Links profondi g\u0127al siti o\u0127ra huma offruti lill-Utenti biss g\u0127all-konvenjenza u ma jag\u0127tu lok g\u0127al ebda obbligu ta 'kwalunkwe tip g\u0127ad-detriment ta' Alt-Edic, li m'g\u0127andha l-ebda mezz ta 'monitora\u0121\u0121 u sorveljanza tas-siti b'hekk referenzjati jew l-evoluzzjonijiet u l-a\u0121\u0121ornamenti tag\u0127hom. L-utenti g\u0127andhom jirreferu g\u0127all-avvi\u017ci legali u l-kundizzjonijiet \u0121enerali tal-u\u017cu tas-siti tal-istituzzjonijiet imsie\u0127ba.<\/p><ul class=\"wp-block-list\">\n<li>2. Links g\u0127all-Alt-Edic<\/li>\n<\/ul><p>Il-\u0127olqien ta 'links hypertext lejn pa\u0121na ta' Alt-Edic huwa b'xejn sakemm ma jaffettwax l-interessi materjali jew morali ta 'Alt-Edic u ma jo\u0127loqx konfu\u017cjoni dwar is-sors tas-Servizzi u \/ jew il-Kontenut.<\/p><h2 class=\"wp-block-heading\">Responsabbilt\u00e0 u erratum<\/h2><p>L-informazzjoni murija fuq is-sit web ta\u2019 Alt-Edic hija g\u0127al skopijiet ta\u2019 informazzjoni biss. Tista 'tinbidel fi kwalunkwe \u0127in u ming\u0127ajr avvi\u017c.<\/p><p>Il-Kumpanija ma tistax tin\u017camm responsabbli g\u0127al danni diretti jew indiretti, prevedibbli jew imprevedibbli, b\u0127al telf ta 'qlig\u0127 jew profitti, telf ta' dejta, telf ta 'tag\u0127mir, u spejje\u017c ta' tiswija, irkupru jew riproduzzjoni li jirri\u017cultaw mill-u\u017cu u \/ jew inkapa\u010bit\u00e0 li tu\u017ca s-servizzi u l-kontenut tas-sit.<\/p><p>Minkejja l-kura u l-kontrolli tat-tim inkarigat mill-Alt-Edic, jistg\u0127u jibqg\u0127u \u017cbalji, bugs jew ommissjonijiet mhux intenzjonati. Jekk tixtieq tibg\u0127atilna l-kummenti jew l-ilmenti tieg\u0127ek, tista' tikkuntattjana f'dan l-indirizz:<br>ALT-EDIC<br>1 post Aristide Briand<br>02600 Villers-Cotter\u00eats<br>Franza<\/p><p><\/p><\/p>","protected":false},"excerpt":{"rendered":"<p>Kwalunkwe ppro\u010bessar ta\u2019 data personali mis-sit web alt-edic.eu jitwettaq skont ir-regolamenti (UE) 2016\/679 tal-Parlament Ewropew u tal-Kunsill tas-27 ta\u2019 April 2016 (mag\u0127rufa b\u0127ala l-RGPD) u l-Li\u0121i Fran\u010bi\u017ca Nru 78-17 tas-6 ta\u2019 Jannar 1978 dwar it-teknolo\u0121ija tal-informazzjoni, il-fajls u l-libertajiet. \u0120estjoni tal-Cookie Meta inti [...]<\/p>","protected":false},"author":1,"featured_media":0,"parent":0,"menu_order":0,"comment_status":"closed","ping_status":"closed","template":"","meta":{"footnotes":""},"class_list":["post-3","page","type-page","status-publish","hentry"],"aioseo_notices":[],"_links":{"self":[{"href":"https:\/\/www.alt-edic.eu\/mt\/wp-json\/wp\/v2\/pages\/3","targetHints":{"allow":["GET"]}}],"collection":[{"href":"https:\/\/www.alt-edic.eu\/mt\/wp-json\/wp\/v2\/pages"}],"about":[{"href":"https:\/\/www.alt-edic.eu\/mt\/wp-json\/wp\/v2\/types\/page"}],"author":[{"embeddable":true,"href":"https:\/\/www.alt-edic.eu\/mt\/wp-json\/wp\/v2\/users\/1"}],"replies":[{"embeddable":true,"href":"https:\/\/www.alt-edic.eu\/mt\/wp-json\/wp\/v2\/comments?post=3"}],"version-history":[{"count":0,"href":"https:\/\/www.alt-edic.eu\/mt\/wp-json\/wp\/v2\/pages\/3\/revisions"}],"wp:attachment":[{"href":"https:\/\/www.alt-edic.eu\/mt\/wp-json\/wp\/v2\/media?parent=3"}],"curies":[{"name":"wp","href":"https:\/\/api.w.org\/{rel}","templated":true}]}}