{"id":10281,"date":"2024-12-04T21:15:45","date_gmt":"2024-12-04T21:15:45","guid":{"rendered":"https:\/\/alt-edic.eu\/?page_id=10281"},"modified":"2026-01-29T01:39:58","modified_gmt":"2026-01-29T00:39:58","slug":"llms4eu","status":"publish","type":"page","link":"https:\/\/www.alt-edic.eu\/mt\/projects\/llms4eu\/","title":{"rendered":"<p>LLMs4EU<\/p>"},"content":{"rendered":"<div data-elementor-type=\"wp-page\" data-elementor-id=\"10281\" class=\"elementor elementor-10281\" data-elementor-post-type=\"page\">\n\t\t\t\t\t\t<section class=\"elementor-section elementor-top-section elementor-element elementor-element-1577bd88 elementor-section-stretched elementor-section-boxed elementor-section-height-default elementor-section-height-default\" data-id=\"1577bd88\" data-element_type=\"section\" data-e-type=\"section\" data-settings='{\"stretch_section\":\"section-stretched\",\"background_background\":\"gradient\"}'>\n\t\t\t\t\t\t<div class=\"elementor-container elementor-column-gap-extended\">\n\t\t\t\t\t<div class=\"elementor-column elementor-col-50 elementor-top-column elementor-element elementor-element-70dc39ba\" data-id=\"70dc39ba\" data-element_type=\"column\" data-e-type=\"column\">\n\t\t\t<div class=\"elementor-widget-wrap elementor-element-populated\">\n\t\t\t\t\t\t<div class=\"elementor-element elementor-element-51cabebb elementor-widget elementor-widget-heading\" data-id=\"51cabebb\" data-element_type=\"widget\" data-e-type=\"widget\" data-widget_type=\"heading.default\">\n\t\t\t\t<div class=\"elementor-widget-container\">\n\t\t\t\t\t<h1 class=\"elementor-heading-title elementor-size-default\">LLMs4EU<\/h1>\t\t\t\t<\/div>\n\t\t\t\t<\/div>\n\t\t\t\t<div class=\"elementor-element elementor-element-1f4ee8af elementor-widget elementor-widget-text-editor\" data-id=\"1f4ee8af\" data-element_type=\"widget\" data-e-type=\"widget\" data-widget_type=\"text-editor.default\">\n\t\t\t\t<div class=\"elementor-widget-container\">\n\t\t\t\t\t\t\t\t\t<p>Il- <strong>LLMs4EU (Mudelli Lingwisti\u010bi Kbar g\u0127all-Unjoni Ewropea)<\/strong> il-pro\u0121ett huwa kkoordinat mill-ALT-EDIC u se jappo\u0121\u0121a g\u0127add kbir ta\u2019 s\u0127ab tal-ekosistema Ewropea tal-LLM. Dan se jippermettilhom ji\u0121bru data lingwistika fi kwalit\u00e0 u kwantit\u00e0 suffi\u010bjenti biex jibnu mudelli ba\u017ci lingwisti\u010bi kbar kif ukoll mudelli adattati g\u0127al lingwi, dominji jew industriji spe\u010bifi\u010bi, u biex jipprovdu appo\u0121\u0121 u servizzi ddedikati li jippermettu lill-o\u0127rajn jirfinaw il-mudelli disponibbli.<\/p>\t\t\t\t\t\t\t\t<\/div>\n\t\t\t\t<\/div>\n\t\t\t\t\t<\/div>\n\t\t<\/div>\n\t\t\t\t<div class=\"elementor-column elementor-col-50 elementor-top-column elementor-element elementor-element-286565d9 elementor-hidden-tablet elementor-hidden-phone\" data-id=\"286565d9\" data-element_type=\"column\" data-e-type=\"column\">\n\t\t\t<div class=\"elementor-widget-wrap\">\n\t\t\t\t\t\t\t<\/div>\n\t\t<\/div>\n\t\t\t\t\t<\/div>\n\t\t<\/section>\n\t\t\t\t<section class=\"elementor-section elementor-top-section elementor-element elementor-element-2a82150a elementor-section-stretched elementor-section-boxed elementor-section-height-default elementor-section-height-default\" data-id=\"2a82150a\" data-element_type=\"section\" data-e-type=\"section\" data-settings='{\"stretch_section\":\"section-stretched\"}'>\n\t\t\t\t\t\t<div class=\"elementor-container elementor-column-gap-extended\">\n\t\t\t\t\t<div class=\"elementor-column elementor-col-50 elementor-top-column elementor-element elementor-element-4dc940b2 elementor-invisible\" data-id=\"4dc940b2\" data-element_type=\"column\" data-e-type=\"column\" data-settings='{\"animation\":\"slide-left\",\"animation_delay\":200}'>\n\t\t\t<div class=\"elementor-widget-wrap elementor-element-populated\">\n\t\t\t\t\t\t<div class=\"elementor-element elementor-element-2fa08fbe elementor-widget elementor-widget-text-editor\" data-id=\"2fa08fbe\" data-element_type=\"widget\" data-e-type=\"widget\" data-widget_type=\"text-editor.default\">\n\t\t\t\t<div class=\"elementor-widget-container\">\n\t\t\t\t\t\t\t\t\t<p>Il-pro\u0121ett LLMs4EU g\u0127andu l-g\u0127an li jippreserva d-diversit\u00e0 lingwistika u kulturali Ewropea fl-era di\u0121itali permezz ta\u2019 kooperazzjoni bejn l-atturi ekonomi\u010bi u akkademi\u010bi. Tabil\u0127aqq, xi lingwi Ewropej huma mhedda li jit\u0127allew barra mill-i\u017cvilupp \u0121enerattiv tal-IA min\u0127abba n-nuqqas ta\u2019 ri\u017corsi biex jit\u0127arr\u0121u mudelli lingwisti\u010bi. Barra minn hekk, il-pro\u0121ett g\u0127andu l-g\u0127an li jlaqqa\u2019 flimkien u\u0127ud mill-atturi ewlenin tal-Ewropa fil-qasam tal-IA \u0121enerattiva biex ji\u0121i \u017cgurat li l-kumpaniji Ewropej u spe\u010bjalment l-SMEs ikollhom a\u010b\u010bess g\u0127all-g\u0127odod u r-ri\u017corsi biex isiru kompetittivi fir-rigward tat-teknolo\u0121iji tal-lingwa u spe\u010bjalment il-Mudelli Lingwisti\u010bi Kbar (LLMs). Il-pro\u0121ett jiffoka fuq \u0127ames oqsma ta\u2019 applikazzjoni: l-ener\u0121ija, it-telekomunikazzjoni, it-turi\u017cmu, is-servizzi pubbli\u010bi, u x-xjenza.<\/p>\t\t\t\t\t\t\t\t<\/div>\n\t\t\t\t<\/div>\n\t\t\t\t\t<\/div>\n\t\t<\/div>\n\t\t\t\t<div class=\"elementor-column elementor-col-50 elementor-top-column elementor-element elementor-element-169741bd elementor-hidden-tablet elementor-hidden-phone elementor-invisible\" data-id=\"169741bd\" data-element_type=\"column\" data-e-type=\"column\" data-settings='{\"animation\":\"slide-right\"}'>\n\t\t\t<div class=\"elementor-widget-wrap elementor-element-populated\">\n\t\t\t\t\t\t<div class=\"elementor-element elementor-element-47d0ea elementor-widget elementor-widget-image\" data-id=\"47d0ea\" data-element_type=\"widget\" data-e-type=\"widget\" data-widget_type=\"image.default\">\n\t\t\t\t<div class=\"elementor-widget-container\">\n\t\t\t\t\t\t\t\t\t\t\t\t\t\t\t<img fetchpriority=\"high\" decoding=\"async\" width=\"800\" height=\"495\" src=\"https:\/\/www.alt-edic.eu\/wp-content\/uploads\/2026\/01\/LLMs4EU-e1768900210939.png\" class=\"attachment-full size-full wp-image-11108\" alt=\"\" srcset=\"https:\/\/www.alt-edic.eu\/wp-content\/uploads\/2026\/01\/LLMs4EU-e1768900210939.png 800w, https:\/\/www.alt-edic.eu\/wp-content\/uploads\/2026\/01\/LLMs4EU-e1768900210939-300x186.png 300w, https:\/\/www.alt-edic.eu\/wp-content\/uploads\/2026\/01\/LLMs4EU-e1768900210939-768x475.png 768w, https:\/\/www.alt-edic.eu\/wp-content\/uploads\/2026\/01\/LLMs4EU-e1768900210939-18x12.png 18w\" sizes=\"(max-width: 800px) 100vw, 800px\">\t\t\t\t\t\t\t\t\t\t\t\t\t\t\t<\/div>\n\t\t\t\t<\/div>\n\t\t\t\t\t<\/div>\n\t\t<\/div>\n\t\t\t\t\t<\/div>\n\t\t<\/section>\n\t\t<div class=\"elementor-element elementor-element-8ed64da e-flex e-con-boxed e-con e-parent\" data-id=\"8ed64da\" data-element_type=\"container\" data-e-type=\"container\">\n\t\t\t\t\t<div class=\"e-con-inner\">\n\t\t\t\t<div class=\"elementor-element elementor-element-41c7d55 elementor-widget__width-initial elementor-widget elementor-widget-text-editor\" data-id=\"41c7d55\" data-element_type=\"widget\" data-e-type=\"widget\" data-widget_type=\"text-editor.default\">\n\t\t\t\t<div class=\"elementor-widget-container\">\n\t\t\t\t\t\t\t\t\t<p>L-g\u0127an huwa li l-LLMs u l-g\u0127odod kollha me\u0127tie\u0121a g\u0127all-isfruttament tag\u0127hom fil-lingwi kollha tal-UE jsiru disponibbli b\u2019mod miftu\u0127 billi ji\u0121u sfruttati l-programmi u l-kompetenzi Ewropej e\u017cistenti. L-g\u0127odod li se jsiru a\u010b\u010bessibbli g\u0127all-kumpaniji Ewropej se jkopru l-passi kollha mit-ta\u0127ri\u0121 tal-LLMs sal-i\u017cgurar tal-konformit\u00e0 tag\u0127hom mal-le\u0121i\u017clazzjoni Ewropea (l-Att dwar l-IA, il-GDPR, e\u010b\u010b.).<\/p><p>Il-konsorzju ma\u0127luq madwar l-ALT-EDIC jinkludi organizzazzjonijiet li ja\u0127dmu f\u201920 pajji\u017c, li ji\u017cgura kopertura \u0121eografika u lingwistika tajba. Il-pro\u0121ett se ji\u017cviluppa ka\u017cijiet ta\u2019 u\u017cu rilevanti differenti biex juri l-kapa\u010bit\u00e0 tal-atturi Ewropej li ja\u0127dmu flimkien biex jo\u0127olqu g\u0127odod adattati g\u0127al setturi ekonomi\u010bi differenti, u l-kopertura tal-lingwi kollha tal-UE se ti\u0121i \u017cgurata permezz tal-\u0127olqien u l-akkwist tas-settijiet tad-data me\u0127tie\u0121a mill-pro\u0121ett.<\/p><p>Il-pro\u0121ett ser jipprovdi, inklu\u017c permezz ta' Appo\u0121\u0121 Finanzjarju lil Partijiet Terzi, appo\u0121\u0121 u servizzi ddedikati, b'mod partikolari g\u0127all-SMEs, biex ji\u0121i ffa\u010bilitat l-irfinar tal-mudelli disponibbli.<\/p><p>Il-pro\u0121ett huwa ffinanzjat mill-Programm Ewropa Di\u0121itali. Dan beda f\u2019Marzu 2025, g\u0127al durata ta\u2019 3 snin.<\/p><p>G\u0127al aktar informazzjoni, \u017cur il- <a href=\"https:\/\/www.llms4eu.eu\">Is-sit web tal-pro\u0121ett LLMs4EU.<\/a><\/p>\t\t\t\t\t\t\t\t<\/div>\n\t\t\t\t<\/div>\n\t\t\t\t\t<\/div>\n\t\t\t\t<\/div>\n\t\t\t\t<\/div>","protected":false},"excerpt":{"rendered":"<p>LLMs4EU Il-pro\u0121ett LLMs4EU (Mudelli Lingwisti\u010bi Kbar g\u0127all-Unjoni Ewropea) huwa kkoordinat mill-ALT-EDIC u se jappo\u0121\u0121a g\u0127add kbir ta\u2019 s\u0127ab tal-ekosistema Ewropea tal-LLM. Dan se jippermettilhom ji\u0121bru data lingwistika fi kwalit\u00e0 u kwantit\u00e0 suffi\u010bjenti biex jibnu mudelli ba\u017ci lingwisti\u010bi kbar kif ukoll mudelli adattati g\u0127al [...]<\/p>","protected":false},"author":1,"featured_media":0,"parent":9229,"menu_order":0,"comment_status":"closed","ping_status":"closed","template":"","meta":{"footnotes":""},"class_list":["post-10281","page","type-page","status-publish","hentry"],"aioseo_notices":[],"_links":{"self":[{"href":"https:\/\/www.alt-edic.eu\/mt\/wp-json\/wp\/v2\/pages\/10281","targetHints":{"allow":["GET"]}}],"collection":[{"href":"https:\/\/www.alt-edic.eu\/mt\/wp-json\/wp\/v2\/pages"}],"about":[{"href":"https:\/\/www.alt-edic.eu\/mt\/wp-json\/wp\/v2\/types\/page"}],"author":[{"embeddable":true,"href":"https:\/\/www.alt-edic.eu\/mt\/wp-json\/wp\/v2\/users\/1"}],"replies":[{"embeddable":true,"href":"https:\/\/www.alt-edic.eu\/mt\/wp-json\/wp\/v2\/comments?post=10281"}],"version-history":[{"count":0,"href":"https:\/\/www.alt-edic.eu\/mt\/wp-json\/wp\/v2\/pages\/10281\/revisions"}],"up":[{"embeddable":true,"href":"https:\/\/www.alt-edic.eu\/mt\/wp-json\/wp\/v2\/pages\/9229"}],"wp:attachment":[{"href":"https:\/\/www.alt-edic.eu\/mt\/wp-json\/wp\/v2\/media?parent=10281"}],"curies":[{"name":"wp","href":"https:\/\/api.w.org\/{rel}","templated":true}]}}