{"id":3,"date":"2024-08-18T14:41:06","date_gmt":"2024-08-18T14:41:06","guid":{"rendered":"https:\/\/alt-edic.eu\/?page_id=3"},"modified":"2024-12-13T10:53:32","modified_gmt":"2024-12-13T09:53:32","slug":"privacy-policy","status":"publish","type":"page","link":"https:\/\/www.alt-edic.eu\/lv\/privacy-policy\/","title":{"rendered":"<p>Priv\u0101tuma politika<\/p>"},"content":{"rendered":"<p><p>Jebk\u0101da personas datu apstr\u0101de no alt-edic.eu t\u012bmek\u013ca vietnes tiek veikta saska\u0146\u0101 ar Eiropas Parlamenta un Padomes 2016. gada 27. apr\u012b\u013ca Regulu (ES) 2016\/679 (paz\u012bstama k\u0101 RGPD) un Francijas Likumu Nr. 78\u201317 (1978. gada 6. janv\u0101ris) par inform\u0101cijas tehnolo\u0123ij\u0101m, datn\u0113m un br\u012bv\u012bb\u0101m.<\/p><h2 class=\"wp-block-heading\">S\u012bkdat\u0146u p\u0101rvald\u012bba<\/h2><p>Kad apmekl\u0113j\u0101t <strong>Alt-edic.eu <\/strong>interneta vietni, s\u012bkdatnes var ievietot dator\u0101, \u0161\u016bnas t\u0101lrun\u012b vai plan\u0161etdator\u0101. Piek\u013c\u016bstot vietnei, redzams, ka rekl\u0101ms nor\u0101da s\u012bkdat\u0146u kl\u0101tb\u016btni, dodot jums iesp\u0113ju t\u0101s pie\u0146emt, noraid\u012bt vai p\u0101rvald\u012bt j\u016bsu preferences ar s\u012bkdatn\u0113m.<\/p><p>Izmanto divu veidu s\u012bkdatnes:<\/p><ul class=\"wp-block-list\">\n<li>S\u012bkdatn\u0113m, kas vajadz\u012bgas, lai pien\u0101c\u012bgi darbotos vietne, kur\u0101 netiek glab\u0101ti nek\u0101di personas dati un t\u0101p\u0113c saska\u0146\u0101 ar CNIL ieteikumiem nav nepiecie\u0161ama iepriek\u0161\u0113ja piekri\u0161ana. \u0160\u012bs s\u012bkdatnes tiek aktiviz\u0113tas tie\u0161i, pat bez jebk\u0101d\u0101m pozit\u012bv\u0101m darb\u012bb\u0101m attiec\u012bb\u0101 uz lietot\u0101ju?.<\/li>\n\n\n\n<li>Auditorijas m\u0113r\u012bjumu s\u012bkdatnes, kas apkopotas ar Matomo satiksmes anal\u012bzes r\u012bku (atv\u0113rta koda versija pieejama vietn\u0113 <a href=\"https:\/\/fr.matomo.org\/\">https:\/\/fr.matomo.org\/<\/a>): \u0161aj\u0101s s\u012bkdatn\u0113s tiek glab\u0101ti personas dati (IP adrese, atra\u0161an\u0101s vieta). \u0160os datus glab\u0101 OVH server\u012b (server\u0101 Francij\u0101, kas atrodas Francij\u0101) un glab\u0101 6 m\u0113ne\u0161us. \u0160\u012bs s\u012bkdatnes izmanto tikai, lai m\u0113r\u012btu anon\u012bmu statistiku par vietnes datpl\u016bsmu un izmanto\u0161anu uzraudz\u012bbas un pakalpojumu uzlabo\u0161anas nol\u016bkos. Tie netiek izmantoti, lai izsekotu lietot\u0101ja p\u0101rl\u016bko\u0161anas paradumiem cit\u0101s vietn\u0113s. \u0160o s\u012bkdat\u0146u v\u0101k\u0161ana atkar\u012bga no t\u0101, vai lietot\u0101js pie\u0146em rekl\u0101mkarogu, kas par\u0101d\u0101s, atverot vietni.<\/li>\n<\/ul><p>Vietne pied\u0101v\u0101 ar\u012b koplieto\u0161anas funkcijas LinkedIn soci\u0101laj\u0101 t\u012bkl\u0101. \u0160aj\u0101 sakar\u0101 l\u016bdzam \u0146emt v\u0113r\u0101, ka, izmantojot \u0161\u0101 soci\u0101l\u0101 t\u012bkla pied\u0101v\u0101tos elementus, iesp\u0113jams, tiks rad\u012btas s\u012bkdatnes, ko p\u0101rvalda un depon\u0113 LinkedIn vietne. \u0160\u012bs s\u012bkdatnes var noguld\u012bt tikai tad, ja t\u0101s izmanto LinkedIn funkcijas, jo \u012bpa\u0161i saist\u012bb\u0101 ar <strong>Alt-edic.eu<\/strong>, daloties LinkedIn. Aicin\u0101m iepaz\u012bties ar LinkedIn s\u012bkdat\u0146u p\u0101rvald\u012bbas politiku. \u0160o s\u012bkdat\u0146u darbm\u016b\u017es nep\u0101rsniedz 13 m\u0113ne\u0161us.<\/p><p>J\u016bs varat atteikties izmantot s\u012bkdatnes, kas nav atbr\u012bvotas no piekri\u0161anas vai atsavina to glab\u0101\u0161anu j\u016bsu dator\u0101:<\/p><ul class=\"wp-block-list\">\n<li>Kad j\u016bs pirmo reizi izmantojat \u0161o vietni, uzklik\u0161\u0137inot uz cookie p\u0101rvald\u012bbas rekl\u0101m, kas \u013cauj pie\u0146emt vai noraid\u012bt visas s\u012bkdatnes vai p\u0101rvald\u012bt savas preferences.<\/li>\n\n\n\n<li>Jebkur\u0101 laik\u0101, noklik\u0161\u0137inot uz pogas \u201cZemes\u201d lapas apak\u0161\u0101.<\/li>\n\n\n\n<li>Izmantojot p\u0101rl\u016bkprogrammas iestat\u012bjumus, jebkur\u0101 laik\u0101 izmantojiet \u0161\u0101dus iestat\u012bjumus: izmantojot p\u0101rl\u016bkprogrammas \u012bpa\u0161o funkciju \u201cNeizsekot\u201d.<\/li>\n<\/ul><h2 class=\"wp-block-heading\">Savu ties\u012bbu \u012bsteno\u0161ana<\/h2><p>Jums ir ties\u012bbas jebkur\u0101 laik\u0101 piek\u013c\u016bt saviem personas datiem, tos labot, iebilst pret tiem un dz\u0113st tos.<\/p><p>Lai sa\u0146emtu jebk\u0101du inform\u0101ciju vai \u012bstenotu savas ties\u012bbas (ties\u012bbas piek\u013c\u016bt datiem, tos labot vai dz\u0113st, ties\u012bbas ierobe\u017eot apstr\u0101di, ties\u012bbas uz datu p\u0101rnesam\u012bbu un ties\u012bbas iebilst) attiec\u012bb\u0101 uz personas datu apstr\u0101di, ko veic ALT-EDIC un t\u0101s da\u017e\u0101die dienesti, varat sazin\u0101ties ar m\u016bsu datu aizsardz\u012bbas speci\u0101listu (DAS) \u0161\u0101d\u0101 adres\u0113: dpdalt-edic.eu.<\/p><p>Varat ar\u012b sazin\u0101ties ar datu aizsardz\u012bbas speci\u0101listu (DAS) pa pastu uz \u0161\u0101du adresi:<br>ALT-EDIC<br>Datu aizsardz\u012bbas speci\u0101lista (DAI) iev\u0113r\u012bbai<br>1 vieta Aristide Briand<br>02600 Villers-Cotter\u00eats<br>Francija<\/p><p>Jums ir ar\u012b ties\u012bbas iesniegt s\u016bdz\u012bbu kompetentajai uzraudz\u012bbas iest\u0101dei (<a href=\"https:\/\/www.cnil.fr\/fr\" title=\"\">CNIL<\/a>) ja uzskat\u0101t, ka ALT-EDIC nav iev\u0113rojusi j\u016bsu ties\u012bbas. Uzziniet vair\u0101k par j\u016bsu ties\u012bb\u0101m: <a href=\"https:\/\/www.cnil.fr\/fr\/reglement-europeen-protection-donnees\/chapitre3\" title=\"\">CNIL \u2014 Droits de la personne<\/a> (fran\u010du valod\u0101)<\/p><h2 class=\"wp-block-heading\">Pre\u010du z\u012bme<\/h2><p>Alt-EDIC pre\u010du z\u012bme, k\u0101 ar\u012b t\u0101s logotips ir pre\u010du z\u012bme, ko aizsarg\u0101 r\u016bpniecisk\u0101 \u012bpa\u0161uma ties\u012bbas.<\/p><p>T\u0101d\u0113\u013c jebk\u0101da piln\u012bga vai da\u013c\u0113ja \u0161\u012bs pre\u010du z\u012bmes un t\u0101s logotipa atveido\u0161ana bez tie\u0161as ties\u012bbu subjektu at\u013caujas ir stingri aizliegta un ir vilto\u0161anas nodar\u012bjums Intelektu\u0101l\u0101 \u012bpa\u0161uma kodeksa izpratn\u0113.<\/p><h2 class=\"wp-block-heading\">Teksta saturs un att\u0113li<\/h2><p>Alt-EDIC t\u012bmek\u013ca vietn\u0113 pied\u0101v\u0101tais teksts un att\u0113li ir Alt-EDIC \u012bpa\u0161ums.<br>T\u0101p\u0113c jebk\u0101da piln\u012bga vai da\u013c\u0113ja \u0161o tekstu un att\u0113lu reproduc\u0113\u0161ana bez to ties\u012bbu subjektu nep\u0101rprotamas at\u013caujas ir stingri aizliegta un uzskat\u0101ma par naudas vilto\u0161anu Intelektu\u0101l\u0101 \u012bpa\u0161uma kodeksa izpratn\u0113.<\/p><h2 class=\"wp-block-heading\">Hipersaites<\/h2><ul class=\"wp-block-list\">\n<li>1. Izejo\u0161\u0101s saiknes no Alt-EDIC<\/li>\n<\/ul><p>Alt-EDIC sniedz dzi\u013cas hipersaites, nor\u0101dot uz tre\u0161o personu objektiem. \u0160\u012bs saites vai atsauces nav to satura apstiprin\u0101\u0161ana vai apstiprin\u0101\u0161ana. Alt-EDIC nek\u0101d\u0101 gad\u012bjum\u0101 nav atbild\u012bga par \u0161\u0101du t\u012bmek\u013ca viet\u0146u saturu un nav atbild\u012bga par kait\u0113jumu vai kait\u0113jumu, kas no t\u0101m izriet.<\/p><p>Padzi\u013cin\u0101tas hipersaites uz cit\u0101m viet\u0101m lietot\u0101jiem tiek pied\u0101v\u0101tas tikai \u0113rt\u012bbas d\u0113\u013c, un t\u0101s nerada nek\u0101dus pien\u0101kumus uz Alt-EDIC r\u0113\u0137ina, kam nav l\u012bdzek\u013cu uzraudz\u012bt un uzraudz\u012bt \u0161\u0101di nor\u0101d\u012bt\u0101s teritorijas vai to att\u012bst\u012bbu un atjaunin\u0101jumus. Lietot\u0101jiem ir j\u0101atsaucas uz juridiskajiem pazi\u0146ojumiem un visp\u0101r\u0113jiem partneriest\u0101\u017eu objektu izmanto\u0161anas nosac\u012bjumiem.<\/p><ul class=\"wp-block-list\">\n<li>2. Saites uz Alt-EDIC<\/li>\n<\/ul><p>Hipertext sai\u0161u izveide uz Alt-EDIC lappusi ir br\u012bva ar nosac\u012bjumu, ka t\u0101 neietekm\u0113 Alt-EDIC materi\u0101l\u0101s vai mor\u0101l\u0101s intereses un nerada neskaidr\u012bbas par pakalpojumu un\/vai satura avotu.<\/p><h2 class=\"wp-block-heading\">Atbild\u012bba un erratums<\/h2><p>Alt-EDIC t\u012bmek\u013ca vietn\u0113 sniegt\u0101 inform\u0101cija ir paredz\u0113ta tikai informat\u012bviem nol\u016bkiem. To var groz\u012bt jebkur\u0101 laik\u0101 un bez br\u012bdin\u0101juma.<\/p><p>Alt-EDIC nevar saukt pie atbild\u012bbas par tie\u0161iem vai netie\u0161iem, paredzamiem vai neparedzamiem zaud\u0113jumiem, piem\u0113ram, pe\u013c\u0146as vai pe\u013c\u0146as zudumu, datu zudumu, apr\u012bkojuma zudumu un remonta izmaks\u0101m, atg\u016b\u0161anu vai reproduc\u0113\u0161anu, ko izrais\u012bjusi izmanto\u0161ana, un\/vai nesp\u0113ju izmantot teritorijas pakalpojumus un saturu.<\/p><p>Neraugoties uz par Alt-EDIC atbild\u012bg\u0101s komandas apr\u016bpi un p\u0101rbaud\u0113m, var saglab\u0101ties k\u013c\u016bdas, dzimu\u0161i vai net\u012b\u0161i izlaidumi. Ja v\u0113laties nos\u016bt\u012bt mums savus koment\u0101rus vai s\u016bdz\u012bbas, varat sazin\u0101ties ar mums, rakstot uz \u0161\u0101du adresi:<br>ALT-EDIC<br>1 vieta Aristide Briand<br>02600 Villers-Cotter\u00eats<br>Francija<\/p><p><\/p><\/p>","protected":false},"excerpt":{"rendered":"<p>Jebk\u0101da personas datu apstr\u0101de no alt-edic.eu t\u012bmek\u013ca vietnes tiek veikta saska\u0146\u0101 ar Eiropas Parlamenta un Padomes 2016. gada 27. apr\u012b\u013ca Regulu (ES) 2016\/679 (paz\u012bstama k\u0101 RGPD) un Francijas Likumu Nr. 78\u201317 (1978. gada 6. janv\u0101ris) par inform\u0101cijas tehnolo\u0123ij\u0101m, datn\u0113m un br\u012bv\u012bb\u0101m. Cookie Management Vajat [...]<\/p>","protected":false},"author":1,"featured_media":0,"parent":0,"menu_order":0,"comment_status":"closed","ping_status":"closed","template":"","meta":{"footnotes":""},"class_list":["post-3","page","type-page","status-publish","hentry"],"aioseo_notices":[],"_links":{"self":[{"href":"https:\/\/www.alt-edic.eu\/lv\/wp-json\/wp\/v2\/pages\/3","targetHints":{"allow":["GET"]}}],"collection":[{"href":"https:\/\/www.alt-edic.eu\/lv\/wp-json\/wp\/v2\/pages"}],"about":[{"href":"https:\/\/www.alt-edic.eu\/lv\/wp-json\/wp\/v2\/types\/page"}],"author":[{"embeddable":true,"href":"https:\/\/www.alt-edic.eu\/lv\/wp-json\/wp\/v2\/users\/1"}],"replies":[{"embeddable":true,"href":"https:\/\/www.alt-edic.eu\/lv\/wp-json\/wp\/v2\/comments?post=3"}],"version-history":[{"count":0,"href":"https:\/\/www.alt-edic.eu\/lv\/wp-json\/wp\/v2\/pages\/3\/revisions"}],"wp:attachment":[{"href":"https:\/\/www.alt-edic.eu\/lv\/wp-json\/wp\/v2\/media?parent=3"}],"curies":[{"name":"wp","href":"https:\/\/api.w.org\/{rel}","templated":true}]}}