{"id":10714,"date":"2025-03-06T08:00:12","date_gmt":"2025-03-06T07:00:12","guid":{"rendered":"https:\/\/alt-edic.eu\/?page_id=10714"},"modified":"2026-02-26T12:21:06","modified_gmt":"2026-02-26T11:21:06","slug":"industrial-consortium","status":"publish","type":"page","link":"https:\/\/www.alt-edic.eu\/lv\/industrial-consortium\/","title":{"rendered":"<p>R\u016bpniec\u012bbas konsorcijs<\/p>"},"content":{"rendered":"<div data-elementor-type=\"wp-page\" data-elementor-id=\"10714\" class=\"elementor elementor-10714\" data-elementor-post-type=\"page\">\n\t\t\t\t\t\t<section class=\"elementor-section elementor-top-section elementor-element elementor-element-83d6e06 elementor-section-stretched elementor-section-boxed elementor-section-height-default elementor-section-height-default\" data-id=\"83d6e06\" data-element_type=\"section\" data-e-type=\"section\" data-settings='{\"stretch_section\":\"section-stretched\",\"background_background\":\"gradient\"}'>\n\t\t\t\t\t\t<div class=\"elementor-container elementor-column-gap-extended\">\n\t\t\t\t\t<div class=\"elementor-column elementor-col-50 elementor-top-column elementor-element elementor-element-5ad19a07\" data-id=\"5ad19a07\" data-element_type=\"column\" data-e-type=\"column\">\n\t\t\t<div class=\"elementor-widget-wrap elementor-element-populated\">\n\t\t\t\t\t\t<div class=\"elementor-element elementor-element-17b6f034 elementor-widget elementor-widget-heading\" data-id=\"17b6f034\" data-element_type=\"widget\" data-e-type=\"widget\" data-widget_type=\"heading.default\">\n\t\t\t\t<div class=\"elementor-widget-container\">\n\t\t\t\t\t<h1 class=\"elementor-heading-title elementor-size-default\">R\u016bpniec\u012bbas konsorcijs<\/h1>\t\t\t\t<\/div>\n\t\t\t\t<\/div>\n\t\t\t\t<div class=\"elementor-element elementor-element-793ec4e6 elementor-widget elementor-widget-text-editor\" data-id=\"793ec4e6\" data-element_type=\"widget\" data-e-type=\"widget\" data-widget_type=\"text-editor.default\">\n\t\t\t\t<div class=\"elementor-widget-container\">\n\t\t\t\t\t\t\t\t\t<p>ALT-EDIC R\u016bpniec\u012bbas konsorcijs sniedz nor\u0101d\u012bjumus par valodu tehnolo\u0123iju att\u012bst\u012bbas priorit\u0101t\u0113m ALT-EDIC un pied\u0101v\u0101 forumu jaunu projektu izstr\u0101dei.<\/p>\t\t\t\t\t\t\t\t<\/div>\n\t\t\t\t<\/div>\n\t\t\t\t\t<\/div>\n\t\t<\/div>\n\t\t\t\t<div class=\"elementor-column elementor-col-50 elementor-top-column elementor-element elementor-element-75c15e62 elementor-hidden-tablet elementor-hidden-phone\" data-id=\"75c15e62\" data-element_type=\"column\" data-e-type=\"column\">\n\t\t\t<div class=\"elementor-widget-wrap elementor-element-populated\">\n\t\t\t\t\t\t\t<\/div>\n\t\t<\/div>\n\t\t\t\t\t<\/div>\n\t\t<\/section>\n\t\t\t\t<section class=\"elementor-section elementor-top-section elementor-element elementor-element-178c1fff elementor-section-stretched elementor-section-boxed elementor-section-height-default elementor-section-height-default\" data-id=\"178c1fff\" data-element_type=\"section\" data-e-type=\"section\" data-settings='{\"stretch_section\":\"section-stretched\"}'>\n\t\t\t\t\t\t<div class=\"elementor-container elementor-column-gap-extended\">\n\t\t\t\t\t<div class=\"elementor-column elementor-col-100 elementor-top-column elementor-element elementor-element-1c5552e\" data-id=\"1c5552e\" data-element_type=\"column\" data-e-type=\"column\">\n\t\t\t<div class=\"elementor-widget-wrap elementor-element-populated\">\n\t\t\t\t\t\t<div class=\"elementor-element elementor-element-4b36844 elementor-widget elementor-widget-text-editor\" data-id=\"4b36844\" data-element_type=\"widget\" data-e-type=\"widget\" data-widget_type=\"text-editor.default\">\n\t\t\t\t<div class=\"elementor-widget-container\">\n\t\t\t\t\t\t\t\t\t<h2>Ieve\u0161ana<\/h2><p>ALT-EDIC R\u016bpniec\u012bbas konsorcijs sniedz ieguld\u012bjumu ALT-EDIC p\u0101rvald\u012bb\u0101. T\u0101 izveide bija <a href=\"https:\/\/www.alt-edic.eu\/lv\/news\/registration-to-join-the-alt-edic-industrial-consortium-is-open\/\"><u>s\u0101kta 6. mart\u0101 2025. gad\u0101<\/u><\/a>.<\/p><p>Valodu tehnolo\u0123iju alianses (ALT-EDIC) m\u0113r\u0137is ir izstr\u0101d\u0101t kop\u0113ju Eiropas valodu tehnolo\u0123iju infrastrukt\u016bru, lai palielin\u0101tu Eiropas sp\u0113jas, palielin\u0101tu konkur\u0113tsp\u0113ju un atbalst\u012btu Eiropas valodu daudzveid\u012bbu un kult\u016bras bag\u0101t\u012bbu.<\/p><p>Digit\u0101lajai infrastrukt\u016brai un ekosist\u0113mai ap ALT-EDIC b\u016bs liela noz\u012bme Eiropas valodu bag\u0101t\u0101 mantojuma iek\u013cau\u0161an\u0101 MI laikmet\u0101, v\u0101cot un mitinot kop\u012bgas datub\u0101zes, nodro\u0161inot objekt\u012bvus nov\u0113rt\u0113jumus, apm\u0101c\u012bbu valodu mode\u013cus un ievie\u0161ot pakalpojumus saist\u012bb\u0101 ar \u0161iem mode\u013ciem. \u0160ie pas\u0101kumi b\u016bs b\u016btiski, lai atbalst\u012btu Eiropas kult\u016bras saturu MI sist\u0113mu masveida ra\u017eo\u0161anas laikmet\u0101. Lai sasniegtu \u0161o m\u0113r\u0137i, Eiropas sadarb\u012bba \u0161ajos pas\u0101kumos piesaist\u012bja ener\u0123ijas un tehnolo\u0123isk\u0101s zin\u0101t\u012bbas kritisko masu.<\/p><p>Visas \u0161\u012bs darb\u012bbas dos labumu Eiropas MI kopienai kopum\u0101, un to \u012bsteno\u0161anai aliansei ir j\u0101apvieno MI tehnolo\u0123iju un pakalpojumu sniedz\u0113ji, uz\u0146\u0113mumi, p\u0113tniec\u012bbas organiz\u0101cijas un institucion\u0101lie dal\u012bbnieki vis\u0101s t\u0101s dal\u012bbvalst\u012bs. ALT-EDIC un t\u0101 partneri tiks finansi\u0101li atbalst\u012bti, atbildot uz uzaicin\u0101jumiem iesniegt priek\u0161likumus saska\u0146\u0101 ar Eiropas Savien\u012bbas programm\u0101m.<\/p><h2>Konsorcija sast\u0101vs<\/h2><p>R\u016bpniec\u012bbas konsorcijs ir atv\u0113rts <strong>uz\u0146\u0113mumi un uz\u0146\u0113m\u0113jdarb\u012bbas atbalsta organiz\u0101cijas<\/strong> ar interesi par valodu tehnolo\u0123ij\u0101m un <strong>izveidota Eiropas Ekonomikas zon\u0101 (EEZ)<\/strong>.<\/p><h2>Ieguvumi<\/h2><p>R\u016bpniec\u012bbas konsorcija dal\u012bbnieki <strong>sniegt nor\u0101d\u012bjumus par LT att\u012bst\u012bbas priorit\u0101t\u0113m <\/strong>un <strong>iev\u0113l\u0113t p\u0101rst\u0101vjus<\/strong> <strong>strat\u0113\u0123isk\u0101s ievirzes komitej\u0101 (SOC)<\/strong>. SOC pie\u0146em gada vai daudzgadu strat\u0113\u0123isk\u0101s ievirzes ALT-EDIC \u012bsteno\u0161anai, ko iesniegs ALT-EDIC Dal\u012bbnieku asamblejai apstiprin\u0101\u0161anai.<\/p><p>R\u016bpniec\u012bbas konsorcijs pied\u0101v\u0101s ar\u012b <strong>forums sadarb\u012bbas att\u012bst\u012b\u0161anai un jaunu projektu izstr\u0101dei<\/strong> valodu tehnolo\u0123iju jom\u0101, jo \u012bpa\u0161i projektos, kas ietver kop\u012bgus datus un sal\u012bdzino\u0161us nov\u0113rt\u0113jumus, kurus ALT-EDIC var atbalst\u012bt.<\/p><h2>Re\u0123istr\u0101cija un laika grafiks<\/h2><p>Organiz\u0101cijas var jebkur\u0101 laik\u0101 piepras\u012bt pievienoties industri\u0101lajam konsorcijam. Re\u0123istr\u0101cijas veidlapa ir pieejama <a href=\"https:\/\/ec.europa.eu\/eusurvey\/runner\/ALT_EDIC_Industrial_Consortium_Registration_Form\"><u>\u0161eit<\/u><\/a>. Efekt\u012bva l\u012bdzdal\u012bba ir atkar\u012bga no organiz\u0101cijas atbilst\u012bbas apstiprin\u0101\u0161anas.<\/p><p>Industri\u0101l\u0101 konsorcija atkl\u0101\u0161anas san\u0101ksme ir paredz\u0113ta 2026. gada pirmaj\u0101 ceturksn\u012b. Turpm\u0101kas san\u0101ksmes notiks vismaz divas reizes gad\u0101, tie\u0161saist\u0113 vai hibr\u012bdform\u0101t\u0101.<\/p>\t\t\t\t\t\t\t\t<\/div>\n\t\t\t\t<\/div>\n\t\t\t\t\t<\/div>\n\t\t<\/div>\n\t\t\t\t\t<\/div>\n\t\t<\/section>\n\t\t\t\t<\/div>","protected":false},"excerpt":{"rendered":"<p>R\u016bpniec\u012bbas konsorcijs ALT-EDIC R\u016bpniec\u012bbas konsorcijs sniedz nor\u0101d\u012bjumus par valodu tehnolo\u0123iju att\u012bst\u012bbas priorit\u0101t\u0113m ALT-EDIC un pied\u0101v\u0101 forumu jaunu projektu izstr\u0101dei. Ievads ALT-EDIC R\u016bpniec\u012bbas konsorcijs sniedz ieguld\u012bjumu ALT-EDIC p\u0101rvald\u012bb\u0101. T\u0101s sast\u0101vs tika uzs\u0101kts 6., 2025. gada mart\u0101. Valodu tehnolo\u0123iju alianses (ALT-EDIC) m\u0113r\u0137is ir izveidot kop\u012bgu Eiropas infrastrukt\u016bru [...]<\/p>","protected":false},"author":1,"featured_media":0,"parent":0,"menu_order":0,"comment_status":"closed","ping_status":"closed","template":"","meta":{"footnotes":""},"class_list":["post-10714","page","type-page","status-publish","hentry"],"aioseo_notices":[],"_links":{"self":[{"href":"https:\/\/www.alt-edic.eu\/lv\/wp-json\/wp\/v2\/pages\/10714","targetHints":{"allow":["GET"]}}],"collection":[{"href":"https:\/\/www.alt-edic.eu\/lv\/wp-json\/wp\/v2\/pages"}],"about":[{"href":"https:\/\/www.alt-edic.eu\/lv\/wp-json\/wp\/v2\/types\/page"}],"author":[{"embeddable":true,"href":"https:\/\/www.alt-edic.eu\/lv\/wp-json\/wp\/v2\/users\/1"}],"replies":[{"embeddable":true,"href":"https:\/\/www.alt-edic.eu\/lv\/wp-json\/wp\/v2\/comments?post=10714"}],"version-history":[{"count":0,"href":"https:\/\/www.alt-edic.eu\/lv\/wp-json\/wp\/v2\/pages\/10714\/revisions"}],"wp:attachment":[{"href":"https:\/\/www.alt-edic.eu\/lv\/wp-json\/wp\/v2\/media?parent=10714"}],"curies":[{"name":"wp","href":"https:\/\/api.w.org\/{rel}","templated":true}]}}