{"id":10575,"date":"2025-02-04T07:44:01","date_gmt":"2025-02-04T06:44:01","guid":{"rendered":"https:\/\/alt-edic.eu\/?page_id=10575"},"modified":"2026-01-20T10:11:27","modified_gmt":"2026-01-20T09:11:27","slug":"openeurollm","status":"publish","type":"page","link":"https:\/\/www.alt-edic.eu\/lv\/projects\/openeurollm\/","title":{"rendered":"<p>OpenEuroLLM<\/p>"},"content":{"rendered":"<div data-elementor-type=\"wp-page\" data-elementor-id=\"10575\" class=\"elementor elementor-10575\" data-elementor-post-type=\"page\">\n\t\t\t\t\t\t<section class=\"elementor-section elementor-top-section elementor-element elementor-element-1577bd88 elementor-section-stretched elementor-section-boxed elementor-section-height-default elementor-section-height-default\" data-id=\"1577bd88\" data-element_type=\"section\" data-e-type=\"section\" data-settings='{\"stretch_section\":\"section-stretched\",\"background_background\":\"gradient\"}'>\n\t\t\t\t\t\t<div class=\"elementor-container elementor-column-gap-extended\">\n\t\t\t\t\t<div class=\"elementor-column elementor-col-50 elementor-top-column elementor-element elementor-element-70dc39ba\" data-id=\"70dc39ba\" data-element_type=\"column\" data-e-type=\"column\">\n\t\t\t<div class=\"elementor-widget-wrap elementor-element-populated\">\n\t\t\t\t\t\t<div class=\"elementor-element elementor-element-51cabebb elementor-widget elementor-widget-heading\" data-id=\"51cabebb\" data-element_type=\"widget\" data-e-type=\"widget\" data-widget_type=\"heading.default\">\n\t\t\t\t<div class=\"elementor-widget-container\">\n\t\t\t\t\t<h1 class=\"elementor-heading-title elementor-size-default\">OpenEuroLLM<\/h1>\t\t\t\t<\/div>\n\t\t\t\t<\/div>\n\t\t\t\t<div class=\"elementor-element elementor-element-1f4ee8af elementor-widget elementor-widget-text-editor\" data-id=\"1f4ee8af\" data-element_type=\"widget\" data-e-type=\"widget\" data-widget_type=\"text-editor.default\">\n\t\t\t\t<div class=\"elementor-widget-container\">\n\t\t\t\t\t\t\t\t\t<p><strong>Projekt\u0101 Open EuroLLM (Atv\u0113rta Eiropas lielo valodu mode\u013cu \u0123imene) pulc\u0113jas Eiropa? vado\u0161ie MI uz\u0146\u0113mumi un p\u0113tniec\u012bbas iest\u0101des, lai izstr\u0101d\u0101tu n\u0101kam\u0101s paaudzes atv\u0113rt\u0101 pirmkoda valodu mode\u013cus.<\/strong><\/p>\t\t\t\t\t\t\t\t<\/div>\n\t\t\t\t<\/div>\n\t\t\t\t\t<\/div>\n\t\t<\/div>\n\t\t\t\t<div class=\"elementor-column elementor-col-50 elementor-top-column elementor-element elementor-element-286565d9 elementor-hidden-tablet elementor-hidden-phone\" data-id=\"286565d9\" data-element_type=\"column\" data-e-type=\"column\">\n\t\t\t<div class=\"elementor-widget-wrap\">\n\t\t\t\t\t\t\t<\/div>\n\t\t<\/div>\n\t\t\t\t\t<\/div>\n\t\t<\/section>\n\t\t\t\t<section class=\"elementor-section elementor-top-section elementor-element elementor-element-2a82150a elementor-section-stretched elementor-section-boxed elementor-section-height-default elementor-section-height-default\" data-id=\"2a82150a\" data-element_type=\"section\" data-e-type=\"section\" data-settings='{\"stretch_section\":\"section-stretched\"}'>\n\t\t\t\t\t\t<div class=\"elementor-container elementor-column-gap-extended\">\n\t\t\t\t\t<div class=\"elementor-column elementor-col-50 elementor-top-column elementor-element elementor-element-4dc940b2 elementor-invisible\" data-id=\"4dc940b2\" data-element_type=\"column\" data-e-type=\"column\" data-settings='{\"animation\":\"slide-left\",\"animation_delay\":200}'>\n\t\t\t<div class=\"elementor-widget-wrap elementor-element-populated\">\n\t\t\t\t\t\t<div class=\"elementor-element elementor-element-2fa08fbe elementor-widget elementor-widget-text-editor\" data-id=\"2fa08fbe\" data-element_type=\"widget\" data-e-type=\"widget\" data-widget_type=\"text-editor.default\">\n\t\t\t\t<div class=\"elementor-widget-container\">\n\t\t\t\t\t\t\t\t\t<p>Projekts OpenEuroLLM veidos augstas veiktsp\u0113jas, daudzvalodu un lielu valodu pamatmode\u013cu \u0123imeni komerci\u0101liem, r\u016bpnieciskajiem un sabiedriskajiem pakalpojumiem. P\u0101rredzami un atbilst\u012bgi atkl\u0101t\u0101 pirmkoda mode\u013ci demokratiz\u0113s piek\u013cuvi augstas kvalit\u0101tes MI tehnolo\u0123ij\u0101m un stiprin\u0101s Eiropas uz\u0146\u0113mumu sp\u0113ju konkur\u0113t pasaules tirg\u016b un publisk\u0101m organiz\u0101cij\u0101m, lai sniegtu ietekm\u012bgus sabiedriskos pakalpojumus. Projekta konsorcijs apvieno 20 vado\u0161\u0101s Eiropas p\u0113tniec\u012bbas iest\u0101des un EuroHPC centrus, kurus koordin\u0113 \u0160arla universit\u0101te (\u010cehija) un kop\u012bgi vada AMD Silo AI (Somija). ALT-EDIC nodro\u0161ina projektam savas sp\u0113jas attiec\u012bb\u0101 uz lingvistisku datu rad\u012b\u0161anu un p\u0101rvald\u012bbu, valodu tehnolo\u0123iju nov\u0113rt\u0113\u0161anu un kopienas veido\u0161anu.<\/p>\t\t\t\t\t\t\t\t<\/div>\n\t\t\t\t<\/div>\n\t\t\t\t\t<\/div>\n\t\t<\/div>\n\t\t\t\t<div class=\"elementor-column elementor-col-50 elementor-top-column elementor-element elementor-element-169741bd elementor-hidden-tablet elementor-hidden-phone elementor-invisible\" data-id=\"169741bd\" data-element_type=\"column\" data-e-type=\"column\" data-settings='{\"animation\":\"slide-right\"}'>\n\t\t\t<div class=\"elementor-widget-wrap elementor-element-populated\">\n\t\t\t\t\t\t<div class=\"elementor-element elementor-element-47d0ea elementor-widget elementor-widget-image\" data-id=\"47d0ea\" data-element_type=\"widget\" data-e-type=\"widget\" data-widget_type=\"image.default\">\n\t\t\t\t<div class=\"elementor-widget-container\">\n\t\t\t\t\t\t\t\t\t\t\t\t\t\t\t<img fetchpriority=\"high\" decoding=\"async\" width=\"800\" height=\"537\" src=\"https:\/\/www.alt-edic.eu\/wp-content\/uploads\/2026\/01\/Project-page-images-3-e1768900277855.png\" class=\"attachment-full size-full wp-image-11112\" alt=\"\" srcset=\"https:\/\/www.alt-edic.eu\/wp-content\/uploads\/2026\/01\/Project-page-images-3-e1768900277855.png 800w, https:\/\/www.alt-edic.eu\/wp-content\/uploads\/2026\/01\/Project-page-images-3-e1768900277855-300x201.png 300w, https:\/\/www.alt-edic.eu\/wp-content\/uploads\/2026\/01\/Project-page-images-3-e1768900277855-768x516.png 768w, https:\/\/www.alt-edic.eu\/wp-content\/uploads\/2026\/01\/Project-page-images-3-e1768900277855-18x12.png 18w\" sizes=\"(max-width: 800px) 100vw, 800px\">\t\t\t\t\t\t\t\t\t\t\t\t\t\t\t<\/div>\n\t\t\t\t<\/div>\n\t\t\t\t\t<\/div>\n\t\t<\/div>\n\t\t\t\t\t<\/div>\n\t\t<\/section>\n\t\t<div class=\"elementor-element elementor-element-8ed64da e-flex e-con-boxed e-con e-parent\" data-id=\"8ed64da\" data-element_type=\"container\" data-e-type=\"container\">\n\t\t\t\t\t<div class=\"e-con-inner\">\n\t\t\t\t<div class=\"elementor-element elementor-element-41c7d55 elementor-widget__width-initial elementor-widget elementor-widget-text-editor\" data-id=\"41c7d55\" data-element_type=\"widget\" data-e-type=\"widget\" data-widget_type=\"text-editor.default\">\n\t\t\t\t<div class=\"elementor-widget-container\">\n\t\t\t\t\t\t\t\t\t<p>Projekts OpenEuroLLM ir saska\u0146ots ar pras\u012bbu uzlabot Eiropas konkur\u0113tsp\u0113ju un digit\u0101lo suverenit\u0101ti. Projekts ir lielisks piem\u0113rs tehnolo\u0123iju infrastrukt\u016bras veidam, kas vajadz\u012bgs, lai pazemin\u0101tu robe\u017ev\u0113rt\u012bbas Eiropas MI produktu izstr\u0101dei un pilnveidei, apliecinot p\u0101rredzam\u012bbas, atv\u0113rt\u012bbas un kopienas iesaistes sp\u0113ku, kas ir v\u0113rt\u012bbas, kuras liel\u0101 m\u0113r\u0101 atz\u012btas vis\u0101 Eiropas tehnolo\u0123iju ekosist\u0113m\u0101. Mode\u013ci tiks izstr\u0101d\u0101ti Eirop\u0101? stabils tiesiskais regul\u0113jums, kas nodro\u0161in\u0101s saska\u0146ot\u012bbu ar Eiropas v\u0113rt\u012bb\u0101m, vienlaikus saglab\u0101jot tehnolo\u0123isko izcil\u012bbu.<\/p><p>Sadarbojoties ar atv\u0113rt\u0101 pirmkoda un atv\u0113rt\u0101s zin\u0101tnes kopien\u0101m, piem\u0113ram, LAION, Open-sci un OpenML, k\u0101 ar\u012b ar papildu ekspertiem projekt\u0101 apvienotaj\u0101s jom\u0101s? Atv\u0113rt\u0101s strat\u0113\u0123isk\u0101s partner\u012bbas padome Open EuroLLM nodro\u0161in\u0101s, ka mode\u013ci, programmat\u016bra, dati un izv\u0113rt\u0113\u0161ana b\u016bs piln\u012bb\u0101 atv\u0113rti un tos var piel\u0101got un apm\u0101c\u012bt konkr\u0113t\u0101m r\u016bpniec\u012bbas un publisk\u0101 sektora vajadz\u012bb\u0101m. \u0160ie daudzvalodu mode\u013ci saglab\u0101 gan valodu, gan kult\u016bras daudzveid\u012bbu, \u013caujot Eiropas uz\u0146\u0113mumiem MI laikmet\u0101 izstr\u0101d\u0101t augstas kvalit\u0101tes produktus un pakalpojumus.<\/p><p>Projekts, kuram pie\u0161\u0137irts STEP (Eiropas Strat\u0113\u0123isko tehnolo\u0123iju platformas) z\u012bmogs, piesaista iepriek\u0161\u0113jo Eiropas projektu atbalstu un partneru pieredzi un to rezult\u0101tus, t.\u00a0sk. lielus augstas kvalit\u0101tes datu repozitorijus un iepriek\u0161 izstr\u0101d\u0101tos LLM izm\u0113\u0123in\u0101juma projektus. To finans\u0113 Eiropas Komisija saska\u0146\u0101 ar programmu \u201cDigit\u0101l\u0101 Eiropa\u201d, un t\u0101 ir s\u0101kusies 2025. gada 1. febru\u0101r\u012b uz tr\u012bs gadiem.<\/p><p>Ir pieejama papildu inform\u0101cija <a href=\"https:\/\/www.mff.cuni.cz\/en\/public\/news\/charles-university-as-the-main-coordinator-of-the-openeurollm-project\"><span style=\"text-decoration: underline;\">\u0161eit<\/span><\/a>.<\/p>\t\t\t\t\t\t\t\t<\/div>\n\t\t\t\t<\/div>\n\t\t\t\t\t<\/div>\n\t\t\t\t<\/div>\n\t\t\t\t<\/div>","protected":false},"excerpt":{"rendered":"<p>OpenEuroLLM projekts OpenEuroLLM (Atv\u0113rta Eiropas lielo valodu mode\u013cu \u0123imene) pulc\u0113s Eiropu? vado\u0161os MI uz\u0146\u0113mumus un p\u0113tniec\u012bbas iest\u0101des, lai izstr\u0101d\u0101tu n\u0101kam\u0101s paaudzes atv\u0113rt\u0101 pirmkoda valodu mode\u013cus. Projekts OpenEuroLLM veidos augstas veiktsp\u0113jas, daudzvalodu, lielu valodu b\u0101zes mode\u013cu kopumu komerci\u0101liem, r\u016bpnieciskiem un sabiedriskiem pakalpojumiem. P\u0101rredzami un atbilst\u012bgi atkl\u0101t\u0101 pirmkoda mode\u013ci demokratiz\u0113s piek\u013cuvi [...]<\/p>","protected":false},"author":1,"featured_media":0,"parent":9229,"menu_order":0,"comment_status":"closed","ping_status":"closed","template":"","meta":{"footnotes":""},"class_list":["post-10575","page","type-page","status-publish","hentry"],"aioseo_notices":[],"_links":{"self":[{"href":"https:\/\/www.alt-edic.eu\/lv\/wp-json\/wp\/v2\/pages\/10575","targetHints":{"allow":["GET"]}}],"collection":[{"href":"https:\/\/www.alt-edic.eu\/lv\/wp-json\/wp\/v2\/pages"}],"about":[{"href":"https:\/\/www.alt-edic.eu\/lv\/wp-json\/wp\/v2\/types\/page"}],"author":[{"embeddable":true,"href":"https:\/\/www.alt-edic.eu\/lv\/wp-json\/wp\/v2\/users\/1"}],"replies":[{"embeddable":true,"href":"https:\/\/www.alt-edic.eu\/lv\/wp-json\/wp\/v2\/comments?post=10575"}],"version-history":[{"count":0,"href":"https:\/\/www.alt-edic.eu\/lv\/wp-json\/wp\/v2\/pages\/10575\/revisions"}],"up":[{"embeddable":true,"href":"https:\/\/www.alt-edic.eu\/lv\/wp-json\/wp\/v2\/pages\/9229"}],"wp:attachment":[{"href":"https:\/\/www.alt-edic.eu\/lv\/wp-json\/wp\/v2\/media?parent=10575"}],"curies":[{"name":"wp","href":"https:\/\/api.w.org\/{rel}","templated":true}]}}