{"id":8899,"date":"2024-09-30T12:22:02","date_gmt":"2024-09-30T12:22:02","guid":{"rendered":"https:\/\/alt-edic.eu\/?page_id=8899"},"modified":"2024-12-02T23:39:58","modified_gmt":"2024-12-02T23:39:58","slug":"location","status":"publish","type":"page","link":"https:\/\/www.alt-edic.eu\/lt\/location\/","title":{"rendered":"<p>Vieta<\/p>"},"content":{"rendered":"<div data-elementor-type=\"wp-page\" data-elementor-id=\"8899\" class=\"elementor elementor-8899\" data-elementor-post-type=\"page\">\n\t\t\t\t\t\t<section class=\"elementor-section elementor-top-section elementor-element elementor-element-6adc754c elementor-section-stretched elementor-section-boxed elementor-section-height-default elementor-section-height-default\" data-id=\"6adc754c\" data-element_type=\"section\" data-e-type=\"section\" data-settings='{\"stretch_section\":\"section-stretched\",\"background_background\":\"gradient\"}'>\n\t\t\t\t\t\t<div class=\"elementor-container elementor-column-gap-extended\">\n\t\t\t\t\t<div class=\"elementor-column elementor-col-50 elementor-top-column elementor-element elementor-element-6391e804\" data-id=\"6391e804\" data-element_type=\"column\" data-e-type=\"column\">\n\t\t\t<div class=\"elementor-widget-wrap elementor-element-populated\">\n\t\t\t\t\t\t<div class=\"elementor-element elementor-element-3a8297e9 elementor-widget elementor-widget-heading\" data-id=\"3a8297e9\" data-element_type=\"widget\" data-e-type=\"widget\" data-widget_type=\"heading.default\">\n\t\t\t\t<div class=\"elementor-widget-container\">\n\t\t\t\t\t<h1 class=\"elementor-heading-title elementor-size-default\">\u201eCit\u00e9 internationale de la langue fran\u00e7aise\u201c<\/h1>\t\t\t\t<\/div>\n\t\t\t\t<\/div>\n\t\t\t\t<div class=\"elementor-element elementor-element-269f5489 elementor-widget elementor-widget-text-editor\" data-id=\"269f5489\" data-element_type=\"widget\" data-e-type=\"widget\" data-widget_type=\"text-editor.default\">\n\t\t\t\t<div class=\"elementor-widget-container\">\n\t\t\t\t\t\t\t\t\t<p>Kalb\u0173 technologij\u0173 aljanso (ALT-EDIC) b\u016bstin\u0117 yra Aljanso patalpose. <em>\u201eCit\u00e9 Internationale de la langue fran\u00e7aise\u201c<\/em>, istorin\u0117je <em>Ch\u00e2teau de Villers-Cotter\u00eats<\/em>.<\/p>\t\t\t\t\t\t\t\t<\/div>\n\t\t\t\t<\/div>\n\t\t\t\t\t<\/div>\n\t\t<\/div>\n\t\t\t\t<div class=\"elementor-column elementor-col-50 elementor-top-column elementor-element elementor-element-187f0b7b elementor-hidden-tablet elementor-hidden-phone\" data-id=\"187f0b7b\" data-element_type=\"column\" data-e-type=\"column\">\n\t\t\t<div class=\"elementor-widget-wrap\">\n\t\t\t\t\t\t\t<\/div>\n\t\t<\/div>\n\t\t\t\t\t<\/div>\n\t\t<\/section>\n\t\t\t\t<section class=\"elementor-section elementor-top-section elementor-element elementor-element-4e4a44bc elementor-section-stretched elementor-section-boxed elementor-section-height-default elementor-section-height-default\" data-id=\"4e4a44bc\" data-element_type=\"section\" data-e-type=\"section\" data-settings='{\"stretch_section\":\"section-stretched\"}'>\n\t\t\t\t\t\t<div class=\"elementor-container elementor-column-gap-extended\">\n\t\t\t\t\t<div class=\"elementor-column elementor-col-50 elementor-top-column elementor-element elementor-element-228238ea elementor-hidden-phone elementor-invisible\" data-id=\"228238ea\" data-element_type=\"column\" data-e-type=\"column\" data-settings='{\"animation\":\"slide-right\"}'>\n\t\t\t<div class=\"elementor-widget-wrap elementor-element-populated\">\n\t\t\t\t\t\t<div class=\"elementor-element elementor-element-2e684e53 elementor-widget elementor-widget-image\" data-id=\"2e684e53\" data-element_type=\"widget\" data-e-type=\"widget\" data-widget_type=\"image.default\">\n\t\t\t\t<div class=\"elementor-widget-container\">\n\t\t\t\t\t\t\t\t\t\t\t\t\t\t\t<img fetchpriority=\"high\" decoding=\"async\" width=\"1920\" height=\"1440\" src=\"https:\/\/www.alt-edic.eu\/wp-content\/uploads\/2024\/10\/hd-chateau-de-villers-cotterets.jpg\" class=\"attachment-full size-full wp-image-9168\" alt=\"Villiers-cotterets pilis\" srcset=\"https:\/\/www.alt-edic.eu\/wp-content\/uploads\/2024\/10\/hd-chateau-de-villers-cotterets.jpg 1920w, https:\/\/www.alt-edic.eu\/wp-content\/uploads\/2024\/10\/hd-chateau-de-villers-cotterets-300x225.jpg 300w, https:\/\/www.alt-edic.eu\/wp-content\/uploads\/2024\/10\/hd-chateau-de-villers-cotterets-1024x768.jpg 1024w, https:\/\/www.alt-edic.eu\/wp-content\/uploads\/2024\/10\/hd-chateau-de-villers-cotterets-768x576.jpg 768w, https:\/\/www.alt-edic.eu\/wp-content\/uploads\/2024\/10\/hd-chateau-de-villers-cotterets-1536x1152.jpg 1536w, https:\/\/www.alt-edic.eu\/wp-content\/uploads\/2024\/10\/hd-chateau-de-villers-cotterets-16x12.jpg 16w\" sizes=\"(max-width: 1920px) 100vw, 1920px\">\t\t\t\t\t\t\t\t\t\t\t\t\t\t\t<\/div>\n\t\t\t\t<\/div>\n\t\t\t\t\t<\/div>\n\t\t<\/div>\n\t\t\t\t<div class=\"elementor-column elementor-col-50 elementor-top-column elementor-element elementor-element-53b13938 elementor-invisible\" data-id=\"53b13938\" data-element_type=\"column\" data-e-type=\"column\" data-settings='{\"animation\":\"slide-left\",\"animation_delay\":200}'>\n\t\t\t<div class=\"elementor-widget-wrap elementor-element-populated\">\n\t\t\t\t\t\t<div class=\"elementor-element elementor-element-1fa165a0 elementor-widget elementor-widget-text-editor\" data-id=\"1fa165a0\" data-element_type=\"widget\" data-e-type=\"widget\" data-widget_type=\"text-editor.default\">\n\t\t\t\t<div class=\"elementor-widget-container\">\n\t\t\t\t\t\t\t\t\t<p>2023 m. spalio 30 d. Pranc\u016bzijos Respublikos Prezidento inauguruotas <strong>Cit\u00e9<\/strong> Pranc\u016bz\u0173 kalbai skirtas kult\u016bros ir gyvenimo centras, turintis ambicij\u0173 mokslini\u0173 tyrim\u0173 ir inovacij\u0173 srityje ir turting\u0105 veiklos program\u0105. Jis yra \u012fsik\u016br\u0119s <strong>Ch\u00e2teau de Villers-Cotter\u00eats<\/strong>, istorinis paminklas, glaud\u017eiai susij\u0119s su pranc\u016bz\u0173 kalbos istorija ir neseniai renovuotas <strong>Nacionalinis paminkl\u0173 centras.<\/strong> \u012esik\u016br\u0119s Retz mi\u0161ke, Hauts-de-France Aisne regione, jis yra vos u\u017e valandos kelio nuo Pary\u017eiaus vie\u0161uoju transportu.<\/p><p>Tai renesanso architekt\u016bros \u0161edevras, kur\u012f Pranc\u016bzijos karaliai m\u0117gsta nuo XVI am\u017eiaus, kai j\u012f pastat\u0117 Fran\u00e7ois 1er. 1539 m. rugpj\u016bt\u012f jis pasira\u0161\u0117 <strong>Villers-Cotter\u00eats potvarkis<\/strong>, pagal kur\u012f visuose karalyst\u0117s teis\u0117s ir administraciniuose aktuose buvo reikalaujama vartoti pranc\u016bz\u0173 kalb\u0105. \u0160iandien tai yra seniausias Pranc\u016bzijoje vis dar naudojamas teis\u0117s aktas.<\/p>\t\t\t\t\t\t\t\t<\/div>\n\t\t\t\t<\/div>\n\t\t\t\t\t<\/div>\n\t\t<\/div>\n\t\t\t\t\t<\/div>\n\t\t<\/section>\n\t\t\t\t<\/div>","protected":false},"excerpt":{"rendered":"<p>\u201eCit\u00e9 internationale de la langue fran\u00e7aise\u201c Kalbos technologij\u0173 aljanso (ESIK KTA) b\u016bstin\u0117 yra \u201eCit\u00e9 Internationale de la langue fran\u00e7aise\u201c patalpose, istorin\u0117je \u201eCh\u00e2teau de Villers-Cotter\u00eats\u201c vietoje. 2023 m. spalio 30 d. Pranc\u016bzijos Respublikos Prezidento inauguruotas \u201eCit\u00e9\u201c yra [\u2026].<\/p>","protected":false},"author":1,"featured_media":0,"parent":0,"menu_order":0,"comment_status":"closed","ping_status":"closed","template":"","meta":{"footnotes":""},"class_list":["post-8899","page","type-page","status-publish","hentry"],"aioseo_notices":[],"_links":{"self":[{"href":"https:\/\/www.alt-edic.eu\/lt\/wp-json\/wp\/v2\/pages\/8899","targetHints":{"allow":["GET"]}}],"collection":[{"href":"https:\/\/www.alt-edic.eu\/lt\/wp-json\/wp\/v2\/pages"}],"about":[{"href":"https:\/\/www.alt-edic.eu\/lt\/wp-json\/wp\/v2\/types\/page"}],"author":[{"embeddable":true,"href":"https:\/\/www.alt-edic.eu\/lt\/wp-json\/wp\/v2\/users\/1"}],"replies":[{"embeddable":true,"href":"https:\/\/www.alt-edic.eu\/lt\/wp-json\/wp\/v2\/comments?post=8899"}],"version-history":[{"count":0,"href":"https:\/\/www.alt-edic.eu\/lt\/wp-json\/wp\/v2\/pages\/8899\/revisions"}],"wp:attachment":[{"href":"https:\/\/www.alt-edic.eu\/lt\/wp-json\/wp\/v2\/media?parent=8899"}],"curies":[{"name":"wp","href":"https:\/\/api.w.org\/{rel}","templated":true}]}}