{"id":1861,"date":"2021-11-15T02:31:04","date_gmt":"2021-11-15T02:31:04","guid":{"rendered":"https:\/\/apusthemes.com\/wp-demo\/superio\/?page_id=1861"},"modified":"2025-01-02T11:43:27","modified_gmt":"2025-01-02T10:43:27","slug":"job-offers","status":"publish","type":"page","link":"https:\/\/www.alt-edic.eu\/lt\/job-offers\/","title":{"rendered":"<p>Darbo pasi\u016blymai<\/p>"},"content":{"rendered":"<div data-elementor-type=\"wp-page\" data-elementor-id=\"1861\" class=\"elementor elementor-1861\" data-elementor-post-type=\"page\">\n\t\t\t\t<div class=\"elementor-element elementor-element-65bd0b32 e-flex e-con-boxed e-con e-parent\" data-id=\"65bd0b32\" data-element_type=\"container\" data-e-type=\"container\">\n\t\t\t\t\t<div class=\"e-con-inner\">\n\t\t\t\t<div class=\"elementor-element elementor-element-264f76f8 elementor-widget elementor-widget-text-editor\" data-id=\"264f76f8\" data-element_type=\"widget\" data-e-type=\"widget\" data-widget_type=\"text-editor.default\">\n\t\t\t\t<div class=\"elementor-widget-container\">\n\t\t\t\t\t\t\t\t\t<p><\/p><div class=\"jobs-listing-wrapper main-items-wrapper\" data-display_mode=\"list\">\n\t<div class=\"jobs-alert-ordering-wrapper\">\n<div class=\"results-count\">\n\tRodyti visus 4 rezultatus<\/div><div class=\"jobs-ordering-wrapper\">\n\t<form class=\"jobs-ordering\" method=\"get\" action=\"https:\/\/www.alt-edic.eu\/lt\/job-offers\/\" data-etm-original-action=\"https:\/\/www.alt-edic.eu\/lt\/job-offers\/\">\n\t\t<select name=\"filter-orderby\" class=\"orderby\" data-placeholder=\"Sort by\">\n\t\t\t\t\t\t\t<option value=\"menu_order\" selected>R\u016b\u0161iuoti pagal (pagal nutyl\u0117jim\u0105)<\/option>\n\t\t\t\t\t\t\t<option value=\"newest\">Naujausia<\/option>\n\t\t\t\t\t\t\t<option value=\"oldest\">Seniausias<\/option>\n\t\t\t\t\t\t\t<option value=\"random\">Atsitiktin\u0117<\/option>\n\t\t\t\t\t<\/select>\n\t\t<input type=\"hidden\" name=\"paged\" value=\"1\">\n\t\t\t<input type=\"hidden\" name=\"etm-form-language\" value=\"lt\"\/><\/form>\n<\/div>\n<\/div>\n\n\t\t\t\t\t\t\n\t\t\t<div class=\"jobs-wrapper items-wrapper\">\n\t\t\t\t\t\t\t\t<div class=\"row items-wrapper-list-v4\">\n\t\t\t\t\t\t\t\t\t\t\t<div class=\"item-job col-sm-6 col-md-6 col-xs-12 lg-clearfix md-clearfix sm-clearfix\">\n\t\t\t\t\t\t\t<article id=\"post-10889\" class=\"map-item layout-job job-list v2 post-10889 job_listing type-job_listing status-publish hentry job_listing_type-full-time job_listing_category-development job_listing_category-it job_listing_category-language-technologies job_listing_category-programming job_listing_location-villers-cotterets\" data-latitude=\"\" data-longitude=\"\" data-img=\"https:\/\/www.alt-edic.eu\/wp-content\/uploads\/2021\/03\/favicon_blue_alt_edic_small_2025-150x150.png\">\n    <div class=\"clearfix\">\n        <a href=\"javascript:void(0);\" class=\"btn-follow btn-action-job btn-add-job-shortlist\" data-job_id=\"10889\" data-nonce=\"b6bda04f3c\"><i class=\"flaticon-bookmark\"><\/i><\/a>        <div class=\"employer-logo\">\r\n    \t        \t<a href=\"https:\/\/www.alt-edic.eu\/lt\/job-offers\/it-systems-engineer\/\">\r\n                \t\t<img decoding=\"async\" width=\"150\" height=\"150\" src=\"https:\/\/www.alt-edic.eu\/wp-content\/uploads\/2021\/03\/favicon_blue_alt_edic_small_2025-150x150.png\" class=\"attachment-thumbnail size-thumbnail\" alt=\"\" srcset=\"https:\/\/www.alt-edic.eu\/wp-content\/uploads\/2021\/03\/favicon_blue_alt_edic_small_2025-150x150.png 150w, https:\/\/www.alt-edic.eu\/wp-content\/uploads\/2021\/03\/favicon_blue_alt_edic_small_2025-300x300.png 300w, https:\/\/www.alt-edic.eu\/wp-content\/uploads\/2021\/03\/favicon_blue_alt_edic_small_2025-12x12.png 12w, https:\/\/www.alt-edic.eu\/wp-content\/uploads\/2021\/03\/favicon_blue_alt_edic_small_2025.png 400w\" sizes=\"(max-width: 150px) 100vw, 150px\">                \t<\/a>\r\n            <\/div>        <div class=\"job-list-content\">\n            <div class=\"title-wrapper flex-middle-sm\">\n                <h2 class=\"job-title\"><a href=\"https:\/\/www.alt-edic.eu\/lt\/job-offers\/it-systems-engineer\/\" rel=\"bookmark\">IT sistem\u0173 in\u017einierius<\/a><\/h2>                                            <\/div>\n            <div class=\"job-metas\">\n                \t\t<div class=\"category-job\">\r\n\t\t\t\t\t\t\t<div class=\"job-category with-icon\">\r\n\t\t\t\t\t\t\t\t\t\t<i class=\"flaticon-briefcase-1\"><\/i>\r\n\t\t\t\t\t\t\t\t\t\t\t\t\t\t\t\t<a href=\"https:\/\/www.alt-edic.eu\/lt\/job-category\/development\/\" style=\"\">Vystymasis<\/a>, \r\n\t\t\t\t\t\t\t\r\n\t\t        \t\t\t\t\t\t\t\t\t\t\t\t\t\t<a href=\"https:\/\/www.alt-edic.eu\/lt\/job-category\/it\/\" style=\"\">IT<\/a>, \r\n\t\t\t\t\t\t\t\r\n\t\t        \t\t\t\t\t\t\t\t\t\t\t\t\t\t<a href=\"https:\/\/www.alt-edic.eu\/lt\/job-category\/language-technologies\/\" style=\"\">Kalb\u0173 technologijos<\/a>, \r\n\t\t\t\t\t\t\t\r\n\t\t        \t\t\t\t\t\t\t\t\t\t\t\t\t\t<a href=\"https:\/\/www.alt-edic.eu\/lt\/job-category\/programming\/\" style=\"\">Programavimas<\/a>\r\n\t\t\t\t\t\t\t\r\n\t\t        \t\t    \t<\/div>\r\n\t    <\/div>\r\n    \t                <div class=\"job-location\">\r\n\t\t\t\t            <i class=\"flaticon-location\"><\/i>\r\n\t                                    <a href=\"https:\/\/www.alt-edic.eu\/lt\/job-location\/villers-cotterets\/\">Villers-Cotter\u00eats \/ hibridas<\/a>                    <\/div>            <\/div>\n        <\/div>\n    <\/div>\n<\/article><!-- #post-## -->\n\t\t\t\t\t\t<\/div>\n\t\t\t\t\t\t\t\t\t\t\t<div class=\"item-job col-sm-6 col-md-6 col-xs-12\">\n\t\t\t\t\t\t\t<article id=\"post-8918\" class=\"map-item layout-job job-list v2 post-8918 job_listing type-job_listing status-publish hentry job_listing_type-full-time job_listing_category-language-technologies job_listing_category-lt-evaluation job_listing_category-project-management job_listing_location-villers-cotterets job_listing_tag-experience-with-lt-evaluation job_listing_tag-language-technologies job_listing_tag-project-management\" data-latitude=\"\" data-longitude=\"\" data-img=\"https:\/\/www.alt-edic.eu\/wp-content\/uploads\/2021\/03\/favicon_blue_alt_edic_small_2025-150x150.png\">\n    <div class=\"clearfix\">\n        <a href=\"javascript:void(0);\" class=\"btn-follow btn-action-job btn-add-job-shortlist\" data-job_id=\"8918\" data-nonce=\"b6bda04f3c\"><i class=\"flaticon-bookmark\"><\/i><\/a>        <div class=\"employer-logo\">\r\n    \t        \t<a href=\"https:\/\/www.alt-edic.eu\/lt\/job-offers\/language-technology-evaluation-manager\/\">\r\n                \t\t<img decoding=\"async\" width=\"150\" height=\"150\" src=\"https:\/\/www.alt-edic.eu\/wp-content\/uploads\/2021\/03\/favicon_blue_alt_edic_small_2025-150x150.png\" class=\"attachment-thumbnail size-thumbnail wp-post-image\" alt=\"\" srcset=\"https:\/\/www.alt-edic.eu\/wp-content\/uploads\/2021\/03\/favicon_blue_alt_edic_small_2025-150x150.png 150w, https:\/\/www.alt-edic.eu\/wp-content\/uploads\/2021\/03\/favicon_blue_alt_edic_small_2025-300x300.png 300w, https:\/\/www.alt-edic.eu\/wp-content\/uploads\/2021\/03\/favicon_blue_alt_edic_small_2025-12x12.png 12w, https:\/\/www.alt-edic.eu\/wp-content\/uploads\/2021\/03\/favicon_blue_alt_edic_small_2025.png 400w\" sizes=\"(max-width: 150px) 100vw, 150px\">            \t                \t<\/a>\r\n            <\/div>        <div class=\"job-list-content\">\n            <div class=\"title-wrapper flex-middle-sm\">\n                <h2 class=\"job-title\"><a href=\"https:\/\/www.alt-edic.eu\/lt\/job-offers\/language-technology-evaluation-manager\/\" rel=\"bookmark\">Kalbos technologij\u0173 vertinimo vadybininkas<\/a><\/h2>                                            <\/div>\n            <div class=\"job-metas\">\n                \t\t<div class=\"category-job\">\r\n\t\t\t\t\t\t\t<div class=\"job-category with-icon\">\r\n\t\t\t\t\t\t\t\t\t\t<i class=\"flaticon-briefcase-1\"><\/i>\r\n\t\t\t\t\t\t\t\t\t\t\t\t\t\t\t\t<a href=\"https:\/\/www.alt-edic.eu\/lt\/job-category\/language-technologies\/\" style=\"\">Kalb\u0173 technologijos<\/a>, \r\n\t\t\t\t\t\t\t\r\n\t\t        \t\t\t\t\t\t\t\t\t\t\t\t\t\t<a href=\"https:\/\/www.alt-edic.eu\/lt\/job-category\/lt-evaluation\/\" style=\"\">LT vertinimas<\/a>, \r\n\t\t\t\t\t\t\t\r\n\t\t        \t\t\t\t\t\t\t\t\t\t\t\t\t\t<a href=\"https:\/\/www.alt-edic.eu\/lt\/job-category\/project-management\/\" style=\"\">Projekt\u0173 valdymas<\/a>\r\n\t\t\t\t\t\t\t\r\n\t\t        \t\t    \t<\/div>\r\n\t    <\/div>\r\n    \t                <div class=\"job-location\">\r\n\t\t\t\t            <i class=\"flaticon-location\"><\/i>\r\n\t                                    <a href=\"https:\/\/www.alt-edic.eu\/lt\/job-location\/villers-cotterets\/\">Villers-Cotter\u00eats \/ hibridas<\/a>                    <\/div>            <\/div>\n        <\/div>\n    <\/div>\n<\/article><!-- #post-## -->\n\t\t\t\t\t\t<\/div>\n\t\t\t\t\t\t\t\t\t\t\t<div class=\"item-job col-sm-6 col-md-6 col-xs-12 lg-clearfix md-clearfix sm-clearfix\">\n\t\t\t\t\t\t\t<article id=\"post-8917\" class=\"map-item layout-job job-list v2 post-8917 job_listing type-job_listing status-publish hentry job_listing_type-full-time job_listing_category-data-annotation job_listing_category-language-technologies job_listing_category-linguistics job_listing_category-project-management job_listing_location-villers-cotterets job_listing_tag-developping-annotation-guidelines job_listing_tag-knowledge-of-language-technologies job_listing_tag-linguistics job_listing_tag-managing-data\" data-latitude=\"\" data-longitude=\"\" data-img=\"https:\/\/www.alt-edic.eu\/wp-content\/uploads\/2021\/03\/favicon_blue_alt_edic_small_2025-150x150.png\">\n    <div class=\"clearfix\">\n        <a href=\"javascript:void(0);\" class=\"btn-follow btn-action-job btn-add-job-shortlist\" data-job_id=\"8917\" data-nonce=\"b6bda04f3c\"><i class=\"flaticon-bookmark\"><\/i><\/a>        <div class=\"employer-logo\">\r\n    \t        \t<a href=\"https:\/\/www.alt-edic.eu\/lt\/job-offers\/linguistic-data-manager\/\">\r\n                \t\t<img decoding=\"async\" width=\"150\" height=\"150\" src=\"https:\/\/www.alt-edic.eu\/wp-content\/uploads\/2021\/03\/favicon_blue_alt_edic_small_2025-150x150.png\" class=\"attachment-thumbnail size-thumbnail wp-post-image\" alt=\"\" srcset=\"https:\/\/www.alt-edic.eu\/wp-content\/uploads\/2021\/03\/favicon_blue_alt_edic_small_2025-150x150.png 150w, https:\/\/www.alt-edic.eu\/wp-content\/uploads\/2021\/03\/favicon_blue_alt_edic_small_2025-300x300.png 300w, https:\/\/www.alt-edic.eu\/wp-content\/uploads\/2021\/03\/favicon_blue_alt_edic_small_2025-12x12.png 12w, https:\/\/www.alt-edic.eu\/wp-content\/uploads\/2021\/03\/favicon_blue_alt_edic_small_2025.png 400w\" sizes=\"(max-width: 150px) 100vw, 150px\">            \t                \t<\/a>\r\n            <\/div>        <div class=\"job-list-content\">\n            <div class=\"title-wrapper flex-middle-sm\">\n                <h2 class=\"job-title\"><a href=\"https:\/\/www.alt-edic.eu\/lt\/job-offers\/linguistic-data-manager\/\" rel=\"bookmark\">Lingvistini\u0173 duomen\u0173 tvarkytuv\u0117<\/a><\/h2>                                            <\/div>\n            <div class=\"job-metas\">\n                \t\t<div class=\"category-job\">\r\n\t\t\t\t\t\t\t<div class=\"job-category with-icon\">\r\n\t\t\t\t\t\t\t\t\t\t<i class=\"flaticon-briefcase-1\"><\/i>\r\n\t\t\t\t\t\t\t\t\t\t\t\t\t\t\t\t<a href=\"https:\/\/www.alt-edic.eu\/lt\/job-category\/data-annotation\/\" style=\"\">Duomen\u0173 anotacija<\/a>, \r\n\t\t\t\t\t\t\t\r\n\t\t        \t\t\t\t\t\t\t\t\t\t\t\t\t\t<a href=\"https:\/\/www.alt-edic.eu\/lt\/job-category\/language-technologies\/\" style=\"\">Kalb\u0173 technologijos<\/a>, \r\n\t\t\t\t\t\t\t\r\n\t\t        \t\t\t\t\t\t\t\t\t\t\t\t\t\t<a href=\"https:\/\/www.alt-edic.eu\/lt\/job-category\/linguistics\/\" style=\"\">Lingvistika<\/a>, \r\n\t\t\t\t\t\t\t\r\n\t\t        \t\t\t\t\t\t\t\t\t\t\t\t\t\t<a href=\"https:\/\/www.alt-edic.eu\/lt\/job-category\/project-management\/\" style=\"\">Projekt\u0173 valdymas<\/a>\r\n\t\t\t\t\t\t\t\r\n\t\t        \t\t    \t<\/div>\r\n\t    <\/div>\r\n    \t                <div class=\"job-location\">\r\n\t\t\t\t            <i class=\"flaticon-location\"><\/i>\r\n\t                                    <a href=\"https:\/\/www.alt-edic.eu\/lt\/job-location\/villers-cotterets\/\">Villers-Cotter\u00eats \/ hibridas<\/a>                    <\/div>            <\/div>\n        <\/div>\n    <\/div>\n<\/article><!-- #post-## -->\n\t\t\t\t\t\t<\/div>\n\t\t\t\t\t\t\t\t\t\t\t<div class=\"item-job col-sm-6 col-md-6 col-xs-12\">\n\t\t\t\t\t\t\t<article id=\"post-8919\" class=\"map-item layout-job job-list v2 post-8919 job_listing type-job_listing status-publish hentry job_listing_type-full-time job_listing_category-development job_listing_category-language-technologies job_listing_category-programming job_listing_location-villers-cotterets job_listing_tag-development job_listing_tag-language-technologies job_listing_tag-programming\" data-latitude=\"\" data-longitude=\"\" data-img=\"https:\/\/www.alt-edic.eu\/wp-content\/uploads\/2021\/03\/favicon_blue_alt_edic_small_2025-150x150.png\">\n    <div class=\"clearfix\">\n        <a href=\"javascript:void(0);\" class=\"btn-follow btn-action-job btn-add-job-shortlist\" data-job_id=\"8919\" data-nonce=\"b6bda04f3c\"><i class=\"flaticon-bookmark\"><\/i><\/a>        <div class=\"employer-logo\">\r\n    \t        \t<a href=\"https:\/\/www.alt-edic.eu\/lt\/job-offers\/software-developer\/\">\r\n                \t\t<img decoding=\"async\" width=\"150\" height=\"150\" src=\"https:\/\/www.alt-edic.eu\/wp-content\/uploads\/2021\/03\/favicon_blue_alt_edic_small_2025-150x150.png\" class=\"attachment-thumbnail size-thumbnail wp-post-image\" alt=\"\" srcset=\"https:\/\/www.alt-edic.eu\/wp-content\/uploads\/2021\/03\/favicon_blue_alt_edic_small_2025-150x150.png 150w, https:\/\/www.alt-edic.eu\/wp-content\/uploads\/2021\/03\/favicon_blue_alt_edic_small_2025-300x300.png 300w, https:\/\/www.alt-edic.eu\/wp-content\/uploads\/2021\/03\/favicon_blue_alt_edic_small_2025-12x12.png 12w, https:\/\/www.alt-edic.eu\/wp-content\/uploads\/2021\/03\/favicon_blue_alt_edic_small_2025.png 400w\" sizes=\"(max-width: 150px) 100vw, 150px\">            \t                \t<\/a>\r\n            <\/div>        <div class=\"job-list-content\">\n            <div class=\"title-wrapper flex-middle-sm\">\n                <h2 class=\"job-title\"><a href=\"https:\/\/www.alt-edic.eu\/lt\/job-offers\/software-developer\/\" rel=\"bookmark\">Programin\u0117s \u012frangos k\u016br\u0117jas<\/a><\/h2>                                            <\/div>\n            <div class=\"job-metas\">\n                \t\t<div class=\"category-job\">\r\n\t\t\t\t\t\t\t<div class=\"job-category with-icon\">\r\n\t\t\t\t\t\t\t\t\t\t<i class=\"flaticon-briefcase-1\"><\/i>\r\n\t\t\t\t\t\t\t\t\t\t\t\t\t\t\t\t<a href=\"https:\/\/www.alt-edic.eu\/lt\/job-category\/development\/\" style=\"\">Vystymasis<\/a>, \r\n\t\t\t\t\t\t\t\r\n\t\t        \t\t\t\t\t\t\t\t\t\t\t\t\t\t<a href=\"https:\/\/www.alt-edic.eu\/lt\/job-category\/language-technologies\/\" style=\"\">Kalb\u0173 technologijos<\/a>, \r\n\t\t\t\t\t\t\t\r\n\t\t        \t\t\t\t\t\t\t\t\t\t\t\t\t\t<a href=\"https:\/\/www.alt-edic.eu\/lt\/job-category\/programming\/\" style=\"\">Programavimas<\/a>\r\n\t\t\t\t\t\t\t\r\n\t\t        \t\t    \t<\/div>\r\n\t    <\/div>\r\n    \t                <div class=\"job-location\">\r\n\t\t\t\t            <i class=\"flaticon-location\"><\/i>\r\n\t                                    <a href=\"https:\/\/www.alt-edic.eu\/lt\/job-location\/villers-cotterets\/\">Villers-Cotter\u00eats \/ hibridas<\/a>                    <\/div>            <\/div>\n        <\/div>\n    <\/div>\n<\/article><!-- #post-## -->\n\t\t\t\t\t\t<\/div>\n\t\t\t\t\t\t\t\t\t<\/div>\n\t\t\t<\/div>\n\n\t\t\t\n\t\n\t<\/div><div class=\"jobs-pagination-wrapper main-pagination-wrapper\">\n\t<\/div>\n\t\t\t\t\t\t\t\t<\/div>\n\t\t\t\t<\/div>\n\t\t\t\t\t<\/div>\n\t\t\t\t<\/div>\n\t\t\t\t<\/div>","protected":false},"excerpt":{"rendered":"","protected":false},"author":1,"featured_media":0,"parent":0,"menu_order":0,"comment_status":"closed","ping_status":"closed","template":"page-jobs.php","meta":{"footnotes":""},"class_list":["post-1861","page","type-page","status-publish","hentry"],"aioseo_notices":[],"_links":{"self":[{"href":"https:\/\/www.alt-edic.eu\/lt\/wp-json\/wp\/v2\/pages\/1861","targetHints":{"allow":["GET"]}}],"collection":[{"href":"https:\/\/www.alt-edic.eu\/lt\/wp-json\/wp\/v2\/pages"}],"about":[{"href":"https:\/\/www.alt-edic.eu\/lt\/wp-json\/wp\/v2\/types\/page"}],"author":[{"embeddable":true,"href":"https:\/\/www.alt-edic.eu\/lt\/wp-json\/wp\/v2\/users\/1"}],"replies":[{"embeddable":true,"href":"https:\/\/www.alt-edic.eu\/lt\/wp-json\/wp\/v2\/comments?post=1861"}],"version-history":[{"count":0,"href":"https:\/\/www.alt-edic.eu\/lt\/wp-json\/wp\/v2\/pages\/1861\/revisions"}],"wp:attachment":[{"href":"https:\/\/www.alt-edic.eu\/lt\/wp-json\/wp\/v2\/media?parent=1861"}],"curies":[{"name":"wp","href":"https:\/\/api.w.org\/{rel}","templated":true}]}}