{"id":10281,"date":"2024-12-04T21:15:45","date_gmt":"2024-12-04T21:15:45","guid":{"rendered":"https:\/\/alt-edic.eu\/?page_id=10281"},"modified":"2026-01-29T01:39:58","modified_gmt":"2026-01-29T00:39:58","slug":"llms4eu","status":"publish","type":"page","link":"https:\/\/www.alt-edic.eu\/lt\/projects\/llms4eu\/","title":{"rendered":"<p>LLMs4EU<\/p>"},"content":{"rendered":"<div data-elementor-type=\"wp-page\" data-elementor-id=\"10281\" class=\"elementor elementor-10281\" data-elementor-post-type=\"page\">\n\t\t\t\t\t\t<section class=\"elementor-section elementor-top-section elementor-element elementor-element-1577bd88 elementor-section-stretched elementor-section-boxed elementor-section-height-default elementor-section-height-default\" data-id=\"1577bd88\" data-element_type=\"section\" data-e-type=\"section\" data-settings='{\"stretch_section\":\"section-stretched\",\"background_background\":\"gradient\"}'>\n\t\t\t\t\t\t<div class=\"elementor-container elementor-column-gap-extended\">\n\t\t\t\t\t<div class=\"elementor-column elementor-col-50 elementor-top-column elementor-element elementor-element-70dc39ba\" data-id=\"70dc39ba\" data-element_type=\"column\" data-e-type=\"column\">\n\t\t\t<div class=\"elementor-widget-wrap elementor-element-populated\">\n\t\t\t\t\t\t<div class=\"elementor-element elementor-element-51cabebb elementor-widget elementor-widget-heading\" data-id=\"51cabebb\" data-element_type=\"widget\" data-e-type=\"widget\" data-widget_type=\"heading.default\">\n\t\t\t\t<div class=\"elementor-widget-container\">\n\t\t\t\t\t<h1 class=\"elementor-heading-title elementor-size-default\">LLMs4EU<\/h1>\t\t\t\t<\/div>\n\t\t\t\t<\/div>\n\t\t\t\t<div class=\"elementor-element elementor-element-1f4ee8af elementor-widget elementor-widget-text-editor\" data-id=\"1f4ee8af\" data-element_type=\"widget\" data-e-type=\"widget\" data-widget_type=\"text-editor.default\">\n\t\t\t\t<div class=\"elementor-widget-container\">\n\t\t\t\t\t\t\t\t\t<p>D\u0117l <strong>LLMs4EU (Europos S\u0105jungos kalb\u0173 modeliai)<\/strong> Projekt\u0105 koordinuoja ALT-EDIC ir rems daug Europos LLM ekosistemos partneri\u0173. Tai leis jiems surinkti pakankamai kokybi\u0161k\u0173 ir kiekybini\u0173 kalbos duomen\u0173, kad b\u016bt\u0173 galima sukurti didelius kalbos pagrind\u0173 modelius, taip pat konkre\u010dioms kalboms, sritims ar pramon\u0117s \u0161akoms pritaikytus modelius, ir teikti speciali\u0105 param\u0105 bei paslaugas, kad kiti gal\u0117t\u0173 tiksliai pritaikyti turimus modelius.<\/p>\t\t\t\t\t\t\t\t<\/div>\n\t\t\t\t<\/div>\n\t\t\t\t\t<\/div>\n\t\t<\/div>\n\t\t\t\t<div class=\"elementor-column elementor-col-50 elementor-top-column elementor-element elementor-element-286565d9 elementor-hidden-tablet elementor-hidden-phone\" data-id=\"286565d9\" data-element_type=\"column\" data-e-type=\"column\">\n\t\t\t<div class=\"elementor-widget-wrap\">\n\t\t\t\t\t\t\t<\/div>\n\t\t<\/div>\n\t\t\t\t\t<\/div>\n\t\t<\/section>\n\t\t\t\t<section class=\"elementor-section elementor-top-section elementor-element elementor-element-2a82150a elementor-section-stretched elementor-section-boxed elementor-section-height-default elementor-section-height-default\" data-id=\"2a82150a\" data-element_type=\"section\" data-e-type=\"section\" data-settings='{\"stretch_section\":\"section-stretched\"}'>\n\t\t\t\t\t\t<div class=\"elementor-container elementor-column-gap-extended\">\n\t\t\t\t\t<div class=\"elementor-column elementor-col-50 elementor-top-column elementor-element elementor-element-4dc940b2 elementor-invisible\" data-id=\"4dc940b2\" data-element_type=\"column\" data-e-type=\"column\" data-settings='{\"animation\":\"slide-left\",\"animation_delay\":200}'>\n\t\t\t<div class=\"elementor-widget-wrap elementor-element-populated\">\n\t\t\t\t\t\t<div class=\"elementor-element elementor-element-2fa08fbe elementor-widget elementor-widget-text-editor\" data-id=\"2fa08fbe\" data-element_type=\"widget\" data-e-type=\"widget\" data-widget_type=\"text-editor.default\">\n\t\t\t\t<div class=\"elementor-widget-container\">\n\t\t\t\t\t\t\t\t\t<p>Projektu LLMs4EU siekiama i\u0161saugoti Europos kalb\u0173 ir kult\u016br\u0173 \u012fvairov\u0119 skaitmeniniame am\u017eiuje bendradarbiaujant ekonominiams ir akademiniams subjektams. I\u0161 ties\u0173 kyla gr\u0117sm\u0117, kad kai kurios Europos kalbos bus paliktos nuo\u0161alyje nuo generatyvinio DI k\u016brimo, nes tr\u016bksta i\u0161tekli\u0173 kalb\u0173 modeliams mokyti. Be to, projektu ketinama suburti kai kuriuos pirmaujan\u010dius Europos subjektus generatyvinio DI srityje, siekiant u\u017etikrinti, kad Europos \u012fmon\u0117s, ypa\u010d MV\u012e, tur\u0117t\u0173 prieig\u0105 prie priemoni\u0173 ir i\u0161tekli\u0173, kad gal\u0117t\u0173 tapti konkurencingos kalbos technologij\u0173, ypa\u010d dideli\u0173 kalbos modeli\u0173, srityje. Projekte daugiausia d\u0117mesio skiriama penkioms taikymo sritims: energetika, telekomunikacijos, turizmas, vie\u0161osios paslaugos ir mokslas.<\/p>\t\t\t\t\t\t\t\t<\/div>\n\t\t\t\t<\/div>\n\t\t\t\t\t<\/div>\n\t\t<\/div>\n\t\t\t\t<div class=\"elementor-column elementor-col-50 elementor-top-column elementor-element elementor-element-169741bd elementor-hidden-tablet elementor-hidden-phone elementor-invisible\" data-id=\"169741bd\" data-element_type=\"column\" data-e-type=\"column\" data-settings='{\"animation\":\"slide-right\"}'>\n\t\t\t<div class=\"elementor-widget-wrap elementor-element-populated\">\n\t\t\t\t\t\t<div class=\"elementor-element elementor-element-47d0ea elementor-widget elementor-widget-image\" data-id=\"47d0ea\" data-element_type=\"widget\" data-e-type=\"widget\" data-widget_type=\"image.default\">\n\t\t\t\t<div class=\"elementor-widget-container\">\n\t\t\t\t\t\t\t\t\t\t\t\t\t\t\t<img fetchpriority=\"high\" decoding=\"async\" width=\"800\" height=\"495\" src=\"https:\/\/www.alt-edic.eu\/wp-content\/uploads\/2026\/01\/LLMs4EU-e1768900210939.png\" class=\"attachment-full size-full wp-image-11108\" alt=\"\" srcset=\"https:\/\/www.alt-edic.eu\/wp-content\/uploads\/2026\/01\/LLMs4EU-e1768900210939.png 800w, https:\/\/www.alt-edic.eu\/wp-content\/uploads\/2026\/01\/LLMs4EU-e1768900210939-300x186.png 300w, https:\/\/www.alt-edic.eu\/wp-content\/uploads\/2026\/01\/LLMs4EU-e1768900210939-768x475.png 768w, https:\/\/www.alt-edic.eu\/wp-content\/uploads\/2026\/01\/LLMs4EU-e1768900210939-18x12.png 18w\" sizes=\"(max-width: 800px) 100vw, 800px\">\t\t\t\t\t\t\t\t\t\t\t\t\t\t\t<\/div>\n\t\t\t\t<\/div>\n\t\t\t\t\t<\/div>\n\t\t<\/div>\n\t\t\t\t\t<\/div>\n\t\t<\/section>\n\t\t<div class=\"elementor-element elementor-element-8ed64da e-flex e-con-boxed e-con e-parent\" data-id=\"8ed64da\" data-element_type=\"container\" data-e-type=\"container\">\n\t\t\t\t\t<div class=\"e-con-inner\">\n\t\t\t\t<div class=\"elementor-element elementor-element-41c7d55 elementor-widget__width-initial elementor-widget elementor-widget-text-editor\" data-id=\"41c7d55\" data-element_type=\"widget\" data-e-type=\"widget\" data-widget_type=\"text-editor.default\">\n\t\t\t\t<div class=\"elementor-widget-container\">\n\t\t\t\t\t\t\t\t\t<p>Siekiama, kad LLM ir visos priemon\u0117s, reikalingos j\u0173 naudojimui visomis ES kalbomis, b\u016bt\u0173 prieinamos atvirai, pasinaudojant esamomis Europos programomis ir kompetencijomis. Priemon\u0117s, kurios bus prieinamos Europos \u012fmon\u0117ms, apims visus etapus nuo LLM mokymo iki j\u0173 atitikties Europos teis\u0117s aktams u\u017etikrinimo (DI aktas, BDAR ir kt.).<\/p><p>Konsorciumas, sukurtas aplink ESIK KTA, apima organizacijas, dirban\u010dias 20 \u0161ali\u0173, o tai u\u017etikrina ger\u0105 geografin\u0119 ir kalbin\u0119 apr\u0117pt\u012f. \u012egyvendinant projekt\u0105 bus pl\u0117tojami \u012fvair\u016bs atitinkami naudojimo atvejai, siekiant parodyti Europos subjekt\u0173 geb\u0117jim\u0105 bendradarbiauti kuriant \u012fvairiems ekonomikos sektoriams pritaikytas priemones, o vis\u0173 ES kalb\u0173 apr\u0117ptis bus u\u017etikrinta pagal projekt\u0105 sukuriant ir \u012fsigyjant reikiamus duomen\u0173 rinkinius.<\/p><p>\u012egyvendinant projekt\u0105, be kita ko, teikiant finansin\u0119 param\u0105 tre\u010diosioms \u0161alims, bus teikiama speciali parama ir paslaugos, vis\u0173 pirma MV\u012e, siekiant palengvinti turim\u0173 modeli\u0173 derinim\u0105.<\/p><p>Projektas finansuojamas pagal Skaitmenin\u0117s Europos program\u0105. Jis prasid\u0117jo 2025 m. kovo m\u0117n. ir truko trejus metus.<\/p><p>Nor\u0117dami gauti daugiau informacijos, apsilankykite <a href=\"https:\/\/www.llms4eu.eu\">LLMs4EU projekto interneto svetain\u0117.<\/a><\/p>\t\t\t\t\t\t\t\t<\/div>\n\t\t\t\t<\/div>\n\t\t\t\t\t<\/div>\n\t\t\t\t<\/div>\n\t\t\t\t<\/div>","protected":false},"excerpt":{"rendered":"<p>LLMs4EU (Europos S\u0105jungos dideli\u0173 kalb\u0173 modeli\u0173) projekt\u0105 koordinuoja ALT-EDIC ir rems daug Europos LLM ekosistemos partneri\u0173. Tai leis jiems surinkti pakankamai kokybi\u0161kus ir kiekybinius kalbos duomenis, kad b\u016bt\u0173 galima sukurti didelius kalbos pamat\u0173 modelius, taip pat modelius, pritaikytus konkretiems [...]<\/p>","protected":false},"author":1,"featured_media":0,"parent":9229,"menu_order":0,"comment_status":"closed","ping_status":"closed","template":"","meta":{"footnotes":""},"class_list":["post-10281","page","type-page","status-publish","hentry"],"aioseo_notices":[],"_links":{"self":[{"href":"https:\/\/www.alt-edic.eu\/lt\/wp-json\/wp\/v2\/pages\/10281","targetHints":{"allow":["GET"]}}],"collection":[{"href":"https:\/\/www.alt-edic.eu\/lt\/wp-json\/wp\/v2\/pages"}],"about":[{"href":"https:\/\/www.alt-edic.eu\/lt\/wp-json\/wp\/v2\/types\/page"}],"author":[{"embeddable":true,"href":"https:\/\/www.alt-edic.eu\/lt\/wp-json\/wp\/v2\/users\/1"}],"replies":[{"embeddable":true,"href":"https:\/\/www.alt-edic.eu\/lt\/wp-json\/wp\/v2\/comments?post=10281"}],"version-history":[{"count":0,"href":"https:\/\/www.alt-edic.eu\/lt\/wp-json\/wp\/v2\/pages\/10281\/revisions"}],"up":[{"embeddable":true,"href":"https:\/\/www.alt-edic.eu\/lt\/wp-json\/wp\/v2\/pages\/9229"}],"wp:attachment":[{"href":"https:\/\/www.alt-edic.eu\/lt\/wp-json\/wp\/v2\/media?parent=10281"}],"curies":[{"name":"wp","href":"https:\/\/api.w.org\/{rel}","templated":true}]}}