{"id":8735,"date":"2024-08-19T13:30:19","date_gmt":"2024-08-19T13:30:19","guid":{"rendered":"https:\/\/alt-edic.eu\/?page_id=8735"},"modified":"2026-04-10T17:00:24","modified_gmt":"2026-04-10T16:00:24","slug":"about-us","status":"publish","type":"page","link":"https:\/\/www.alt-edic.eu\/it\/about-us\/","title":{"rendered":"<p>Chi siamo<\/p>"},"content":{"rendered":"<div data-elementor-type=\"wp-page\" data-elementor-id=\"8735\" class=\"elementor elementor-8735\" data-elementor-post-type=\"page\">\n\t\t\t\t\t\t<section class=\"elementor-section elementor-top-section elementor-element elementor-element-2c377f48 elementor-section-stretched elementor-section-boxed elementor-section-height-default elementor-section-height-default\" data-id=\"2c377f48\" data-element_type=\"section\" data-e-type=\"section\" data-settings='{\"stretch_section\":\"section-stretched\",\"background_background\":\"gradient\"}'>\n\t\t\t\t\t\t<div class=\"elementor-container elementor-column-gap-extended\">\n\t\t\t\t\t<div class=\"elementor-column elementor-col-50 elementor-top-column elementor-element elementor-element-bf7721c\" data-id=\"bf7721c\" data-element_type=\"column\" data-e-type=\"column\">\n\t\t\t<div class=\"elementor-widget-wrap elementor-element-populated\">\n\t\t\t\t\t\t<div class=\"elementor-element elementor-element-d07f81e elementor-widget elementor-widget-heading\" data-id=\"d07f81e\" data-element_type=\"widget\" data-e-type=\"widget\" data-widget_type=\"heading.default\">\n\t\t\t\t<div class=\"elementor-widget-container\">\n\t\t\t\t\t<h1 class=\"elementor-heading-title elementor-size-default\">Informazioni su ALT-EDIC<\/h1>\t\t\t\t<\/div>\n\t\t\t\t<\/div>\n\t\t\t\t<div class=\"elementor-element elementor-element-24e9f9f3 elementor-widget elementor-widget-text-editor\" data-id=\"24e9f9f3\" data-element_type=\"widget\" data-e-type=\"widget\" data-widget_type=\"text-editor.default\">\n\t\t\t\t<div class=\"elementor-widget-container\">\n\t\t\t\t\t\t\t\t\t<p>L'Alleanza per le Tecnologie del Linguaggio (ALT-EDIC) \u00e8 una <strong><span style=\"text-decoration: underline; color: #ffffff;\"><a style=\"color: #ffffff; text-decoration: underline;\" href=\"https:\/\/digital-strategy.ec.europa.eu\/en\/policies\/edic\">Consorzio per un'infrastruttura digitale europea<\/a><\/span><\/strong> sostenere lo sviluppo delle tecnologie del linguaggio. Promuove l'eccellenza nelle tecnologie linguistiche e contribuisce a preservare la diversit\u00e0 linguistica e la ricchezza culturale dell'Europa.<\/p><p>\u00c8 stato proposto da 10 Stati membri nel dicembre 2023 e ufficialmente creato da un<strong> <span style=\"text-decoration: underline;\"><span style=\"color: #ffffff;\"><a style=\"color: #ffffff; text-decoration: underline;\" href=\"https:\/\/eur-lex.europa.eu\/eli\/dec_impl\/2024\/458\/oj\">Decisione della Commissione<\/a><\/span><\/span> <\/strong>nel febbraio 2024. Attualmente riunisce 27 membri e osservatori. E 'coordinato dalla Francia e la sua sede statutaria si trova nel sito storico della Francia. <em>Castello di Villers-Cotter\u00eats<\/em>.<\/p><p>Una presentazione che fornisce una panoramica dell'ALT-EDIC pu\u00f2 essere scaricata&nbsp;<u><b><a href=\"https:\/\/www.alt-edic.eu\/wp-content\/uploads\/2026\/03\/ALT-EDIC_presentation_20260307.pdf\">qui<\/a><\/b><\/u><b>.<\/b>&nbsp;<\/p>\t\t\t\t\t\t\t\t<\/div>\n\t\t\t\t<\/div>\n\t\t\t\t\t<\/div>\n\t\t<\/div>\n\t\t\t\t<div class=\"elementor-column elementor-col-50 elementor-top-column elementor-element elementor-element-17328b68 elementor-hidden-tablet elementor-hidden-phone\" data-id=\"17328b68\" data-element_type=\"column\" data-e-type=\"column\">\n\t\t\t<div class=\"elementor-widget-wrap\">\n\t\t\t\t\t\t\t<\/div>\n\t\t<\/div>\n\t\t\t\t\t<\/div>\n\t\t<\/section>\n\t\t\t\t<section class=\"elementor-section elementor-top-section elementor-element elementor-element-5084f662 elementor-section-stretched elementor-section-boxed elementor-section-height-default elementor-section-height-default\" data-id=\"5084f662\" data-element_type=\"section\" data-e-type=\"section\" data-settings='{\"stretch_section\":\"section-stretched\"}'>\n\t\t\t\t\t\t<div class=\"elementor-container elementor-column-gap-extended\">\n\t\t\t\t\t<div class=\"elementor-column elementor-col-50 elementor-top-column elementor-element elementor-element-21db52d3 elementor-hidden-tablet elementor-hidden-phone elementor-invisible\" data-id=\"21db52d3\" data-element_type=\"column\" data-e-type=\"column\" data-settings='{\"animation\":\"slide-right\"}'>\n\t\t\t<div class=\"elementor-widget-wrap elementor-element-populated\">\n\t\t\t\t\t\t<div class=\"elementor-element elementor-element-4ef5943 elementor-widget elementor-widget-html\" data-id=\"4ef5943\" data-element_type=\"widget\" data-e-type=\"widget\" data-widget_type=\"html.default\">\n\t\t\t\t<div class=\"elementor-widget-container\">\n\t\t\t\t\t<object data=\"https:\/\/www.alt-edic.eu\/wp-content\/uploads\/2026\/04\/ALT-EDIC-Flyer-v1-A4.pdf\" type=\"application\/pdf\" width=\"720px\" height=\"680px\"> <\/object>\t\t\t\t<\/div>\n\t\t\t\t<\/div>\n\t\t\t\t\t<\/div>\n\t\t<\/div>\n\t\t\t\t<div class=\"elementor-column elementor-col-50 elementor-top-column elementor-element elementor-element-5f3d7e93 elementor-invisible\" data-id=\"5f3d7e93\" data-element_type=\"column\" data-e-type=\"column\" data-settings='{\"animation\":\"slide-left\",\"animation_delay\":200}'>\n\t\t\t<div class=\"elementor-widget-wrap elementor-element-populated\">\n\t\t\t\t\t\t<div class=\"elementor-element elementor-element-6f5ba8cd elementor-widget elementor-widget-heading\" data-id=\"6f5ba8cd\" data-element_type=\"widget\" data-e-type=\"widget\" data-widget_type=\"heading.default\">\n\t\t\t\t<div class=\"elementor-widget-container\">\n\t\t\t\t\t<h2 class=\"elementor-heading-title elementor-size-default\">L'ALT-EDIC supporta lo sviluppo di tecnologie linguistiche<\/h2>\t\t\t\t<\/div>\n\t\t\t\t<\/div>\n\t\t\t\t<div class=\"elementor-element elementor-element-525183b7 elementor-widget elementor-widget-text-editor\" data-id=\"525183b7\" data-element_type=\"widget\" data-e-type=\"widget\" data-widget_type=\"text-editor.default\">\n\t\t\t\t<div class=\"elementor-widget-container\">\n\t\t\t\t\t\t\t\t\t<p>L'Alleanza per le tecnologie del linguaggio affronta la scarsit\u00e0 di dati linguistici europei disponibili per la formazione di modelli linguistici di grandi dimensioni (LLM) e per l'analisi comparativa di tali modelli.<\/p><p>Ci\u00f2 porter\u00e0 a soluzioni potenziate di intelligenza artificiale (IA) in grado di comprendere e generare una lingua che tenga conto della diversit\u00e0 linguistica e della ricchezza culturale dell'Europa.<\/p>\t\t\t\t\t\t\t\t<\/div>\n\t\t\t\t<\/div>\n\t\t\t\t\t<\/div>\n\t\t<\/div>\n\t\t\t\t\t<\/div>\n\t\t<\/section>\n\t\t\t\t<section class=\"elementor-section elementor-top-section elementor-element elementor-element-245ad23 elementor-section-stretched elementor-section-boxed elementor-section-height-default elementor-section-height-default elementor-invisible\" data-id=\"245ad23\" data-element_type=\"section\" data-e-type=\"section\" data-settings='{\"stretch_section\":\"section-stretched\",\"animation\":\"slide-up\"}'>\n\t\t\t\t\t\t<div class=\"elementor-container elementor-column-gap-extended\">\n\t\t\t\t\t<div class=\"elementor-column elementor-col-100 elementor-top-column elementor-element elementor-element-6381d6cd\" data-id=\"6381d6cd\" data-element_type=\"column\" data-e-type=\"column\">\n\t\t\t<div class=\"elementor-widget-wrap elementor-element-populated\">\n\t\t\t\t\t\t<div class=\"elementor-element elementor-element-6107c70 elementor-widget elementor-widget-heading\" data-id=\"6107c70\" data-element_type=\"widget\" data-e-type=\"widget\" data-widget_type=\"heading.default\">\n\t\t\t\t<div class=\"elementor-widget-container\">\n\t\t\t\t\t<h2 class=\"elementor-heading-title elementor-size-default\">La missione di ALT-EDIC si concentra sulle cinque azioni seguenti:<\/h2>\t\t\t\t<\/div>\n\t\t\t\t<\/div>\n\t\t\t\t<div class=\"elementor-element elementor-element-6b8ccd5c elementor-widget elementor-widget-apus_element_features_box\" data-id=\"6b8ccd5c\" data-element_type=\"widget\" data-e-type=\"widget\" data-widget_type=\"apus_element_features_box.default\">\n\t\t\t\t<div class=\"elementor-widget-container\">\n\t\t\t\t\t            <div class=\"widget-features-box  style2\">\n                                    <div class=\"slick-carousel\" data-items=\"3\" data-smallmedium=\"2\" data-extrasmall=\"1\" data-pagination=\"false\" data-nav=\"true\">\n                                                    <div class=\"item\">\n                                <div class=\"item-inner\">\n                                    <div class=\"top-inner\">\n                                                                                <div class=\"features-box-image icon\"><i class=\"fa fa-database\"><\/i><\/div><\/div><div class=\"features-box-content\"><h3 class=\"title\">Azione 1 - Dati<\/h3><div class=\"description\">ALT-EDIC far\u00e0 leva sullo spazio di dati linguistici e federer\u00e0 le risorse linguistiche e multimodali esistenti dell'UE e degli Stati membri in tutte le lingue europee, nazionali e regionali, anche attraverso la creazione di dati strategici, ad esempio per le lingue con pochi parlanti (meno di 10 milioni di parlanti) in cui vi sono limitazioni intrinseche alla formazione di modelli linguistici di grandi dimensioni (LLM).<\/div><\/div>\n                                <\/div>\n                            <\/div>\n                                                    <div class=\"item\">\n                                <div class=\"item-inner\">\n                                    <div class=\"top-inner\">\n                                                                                <div class=\"features-box-image icon\"><i class=\"fa fa-caret-right\"><\/i><\/div><\/div><div class=\"features-box-content\"><h3 class=\"title\">Azione 2 ? Modelli esistenti<\/h3><div class=\"description\">ALT-EDIC creer\u00e0 un archivio di modelli linguistici open source esistenti per il riutilizzo da parte degli attori industriali e svilupper\u00e0 metodi specifici per la messa a punto, in particolare per le PMI, e fornir\u00e0 metodologie di valutazione, certificazione e normalizzazione con particolare attenzione alle potenziali discriminazioni e pregiudizi introdotti dai modelli di elaborazione del linguaggio naturale (NLP).<\/div><\/div>\n                                <\/div>\n                            <\/div>\n                                                    <div class=\"item\">\n                                <div class=\"item-inner\">\n                                    <div class=\"top-inner\">\n                                                                                <div class=\"features-box-image icon\"><i class=\"ti-fullscreen\"><\/i><\/div><\/div><div class=\"features-box-content\"><h3 class=\"title\">Azione 3 ? Sviluppo di modelli<\/h3><div class=\"description\">ALT-EDIC funger\u00e0 da fondo comune di avviamento, riunendo risorse pubbliche e private per lanciare e sviluppare nuovi progetti di modelli linguistici di grandi dimensioni e modelli di fondazione con capacit\u00e0 multimodali, anche attraverso l'accesso al necessario calcolo europeo ad alte prestazioni.<\/div><\/div>\n                                <\/div>\n                            <\/div>\n                                                    <div class=\"item\">\n                                <div class=\"item-inner\">\n                                    <div class=\"top-inner\">\n                                                                                <div class=\"features-box-image icon\"><i class=\"ti-layout-list-thumb-alt\"><\/i><\/div><\/div><div class=\"features-box-content\"><h3 class=\"title\">Azione 4 ? Valutazione, certificazione e normalizzazione<\/h3><div class=\"description\">ALT-EDIC contribuir\u00e0 allo sviluppo di metodologie di valutazione, con particolare attenzione alle potenziali discriminazioni e pregiudizi introdotti dai modelli di PNL, nonch\u00e9 a fornire un sostegno specifico agli istituti per gli investimenti nelle operazioni con leva finanziaria.<\/div><\/div>\n                                <\/div>\n                            <\/div>\n                                                    <div class=\"item\">\n                                <div class=\"item-inner\">\n                                    <div class=\"top-inner\">\n                                                                                <div class=\"features-box-image icon\"><i class=\"fa fa-link\"><\/i><\/div><\/div><div class=\"features-box-content\"><h3 class=\"title\">Azione 5 - Ecosistema<\/h3><div class=\"description\">ALT-EDIC funger\u00e0 da punto di consulenza per le pubbliche amministrazioni e raggiunger\u00e0 il pubblico attraverso un programma culturale basato sull'intelligenza artificiale per le lingue e consentir\u00e0 agli utenti finali di LT, che sono anche produttori di dati, di raccogliere le sfide dell'intelligenza artificiale e delle tecnologie del linguaggio in un contesto multilingue e contribuire all'illuminazione del cittadino europeo sulla questione dell'intelligenza artificiale.<\/div><\/div>\n                                <\/div>\n                            <\/div>\n                                            <\/div>\n                            <\/div>\n            \t\t\t\t<\/div>\n\t\t\t\t<\/div>\n\t\t\t\t\t<\/div>\n\t\t<\/div>\n\t\t\t\t\t<\/div>\n\t\t<\/section>\n\t\t\t\t<\/div>","protected":false},"excerpt":{"rendered":"<p>L'Alleanza per le tecnologie del linguaggio (ALT-EDIC) \u00e8 un consorzio europeo per l'infrastruttura digitale che sostiene lo sviluppo delle tecnologie del linguaggio. Promuove l'eccellenza nelle tecnologie linguistiche e contribuisce a preservare la diversit\u00e0 linguistica e la ricchezza culturale dell'Europa. \u00c8 stato proposto da 10 Stati membri nel dicembre 2023 e creato ufficialmente da una Commissione [\u2026]<\/p>","protected":false},"author":1,"featured_media":0,"parent":0,"menu_order":0,"comment_status":"closed","ping_status":"closed","template":"","meta":{"footnotes":""},"class_list":["post-8735","page","type-page","status-publish","hentry"],"aioseo_notices":[],"_links":{"self":[{"href":"https:\/\/www.alt-edic.eu\/it\/wp-json\/wp\/v2\/pages\/8735","targetHints":{"allow":["GET"]}}],"collection":[{"href":"https:\/\/www.alt-edic.eu\/it\/wp-json\/wp\/v2\/pages"}],"about":[{"href":"https:\/\/www.alt-edic.eu\/it\/wp-json\/wp\/v2\/types\/page"}],"author":[{"embeddable":true,"href":"https:\/\/www.alt-edic.eu\/it\/wp-json\/wp\/v2\/users\/1"}],"replies":[{"embeddable":true,"href":"https:\/\/www.alt-edic.eu\/it\/wp-json\/wp\/v2\/comments?post=8735"}],"version-history":[{"count":16,"href":"https:\/\/www.alt-edic.eu\/it\/wp-json\/wp\/v2\/pages\/8735\/revisions"}],"predecessor-version":[{"id":11353,"href":"https:\/\/www.alt-edic.eu\/it\/wp-json\/wp\/v2\/pages\/8735\/revisions\/11353"}],"wp:attachment":[{"href":"https:\/\/www.alt-edic.eu\/it\/wp-json\/wp\/v2\/media?parent=8735"}],"curies":[{"name":"wp","href":"https:\/\/api.w.org\/{rel}","templated":true}]}}