{"id":3,"date":"2024-08-18T14:41:06","date_gmt":"2024-08-18T14:41:06","guid":{"rendered":"https:\/\/alt-edic.eu\/?page_id=3"},"modified":"2024-12-13T10:53:32","modified_gmt":"2024-12-13T09:53:32","slug":"privacy-policy","status":"publish","type":"page","link":"https:\/\/www.alt-edic.eu\/it\/privacy-policy\/","title":{"rendered":"<p>Informativa sulla privacy<\/p>"},"content":{"rendered":"<p><p>Qualsiasi trattamento di dati personali dal sito web alt-edic.eu viene effettuato in conformit\u00e0 con i regolamenti (UE) 2016\/679 del Parlamento europeo e del Consiglio del 27 aprile 2016 (noto come RGPD) e la legge francese n. 78-17 del 6 gennaio 1978 relativa all'informatica, ai file e alle libert\u00e0.<\/p><h2 class=\"wp-block-heading\">Gestione dei cookie<\/h2><p>Quando visiti il <strong>alt-edic.eu <\/strong>sito web, i cookie possono essere collocati sul tuo computer, telefono cellulare o tablet. Quando accedi al sito, viene visualizzato un banner per indicare la presenza di cookie, dandoti la possibilit\u00e0 di accettarli, rifiutarli o gestire le tue preferenze cookie per cookie.<\/p><p>Vengono utilizzati due tipi di cookie:<\/p><ul class=\"wp-block-list\">\n<li>I cookie necessari per il corretto funzionamento del sito, che non memorizzano alcun dato personale e quindi, in conformit\u00e0 con le raccomandazioni della CNIL, non richiedono il preventivo consenso. Questi cookie vengono attivati direttamente, anche senza alcuna azione positiva da parte dell'utente.<\/li>\n\n\n\n<li>Cookie di misurazione del pubblico raccolti con lo strumento di analisi del traffico Matomo (versione open code disponibile all'indirizzo <a href=\"https:\/\/fr.matomo.org\/\">https:\/\/fr.matomo.org\/<\/a>): questi cookie memorizzano dati personali (indirizzo IP, posizione). Questi dati vengono memorizzati sul server OVH (server situato in Francia da un host francese) e conservati per un periodo di 6 mesi. Questi cookie sono utilizzati solo per misurare statistiche anonime sul traffico e sull'utilizzo del sito, a fini di monitoraggio e miglioramento del servizio. Non sono utilizzati per tracciare le abitudini di navigazione dell'utente su altri siti. La raccolta di questi cookie \u00e8 subordinata all'accettazione da parte dell'utente del banner che compare all'apertura del sito.<\/li>\n<\/ul><p>Il sito offre anche funzionalit\u00e0 di condivisione sul social network LinkedIn. A questo proposito, si ricorda che l'utilizzo delle funzionalit\u00e0 offerte da questo social network \u00e8 suscettibile di generare cookie gestiti e depositati dal sito LinkedIn. Questi cookie possono essere depositati solo quando si utilizzano le funzionalit\u00e0 di LinkedIn, in particolare, nel contesto di <strong>alt-edic.eu<\/strong>, durante la condivisione su LinkedIn. La invitiamo a leggere la politica di gestione dei cookie di LinkedIn. La durata di questi cookie non supera i 13 mesi.<\/p><p>Puoi rifiutare l'uso di cookie che non sono esenti dal consenso o disabilitarne la memorizzazione sul tuo computer:<\/p><ul class=\"wp-block-list\">\n<li>Quando utilizzi per la prima volta il sito, facendo clic sul banner di gestione dei cookie, che ti consente di accettare o rifiutare tutti i cookie o di gestire le tue preferenze.<\/li>\n\n\n\n<li>In qualsiasi momento cliccando sul pulsante \"cookies\" in fondo alla pagina.<\/li>\n\n\n\n<li>In qualsiasi momento utilizzando le impostazioni del browser: utilizzando la funzione dedicata \"non tracciare\" del browser.<\/li>\n<\/ul><h2 class=\"wp-block-heading\">Esercizio dei tuoi diritti<\/h2><p>Hai il diritto di accedere, rettificare, opporsi e cancellare i tuoi dati personali in qualsiasi momento.<\/p><p>Per qualsiasi informazione o per esercitare i tuoi diritti (diritto di accesso, rettifica o cancellazione, diritto di limitazione del trattamento, diritto alla portabilit\u00e0 dei dati e diritto di opposizione) in merito al trattamento dei dati personali da parte di ALT-EDIC e dei suoi vari dipartimenti, puoi contattare il nostro Data Protection Officer (DPO) al seguente indirizzo: dpdalt-edic.eu.<\/p><p>\u00c8 inoltre possibile contattare il responsabile della protezione dei dati (RPD) per posta al seguente indirizzo:<br>ALT-EDIC<br>All'attenzione del responsabile della protezione dei dati (RPD)<br>1 posto Aristide Briand<br>02600 Villers-Cotter\u00eats<br>Francia<\/p><p>Hai anche il diritto di presentare un reclamo all'autorit\u00e0 di controllo competente (<a href=\"https:\/\/www.cnil.fr\/fr\" title=\"\">CNIL<\/a>) se ritiene che ALT-EDIC non abbia rispettato i Suoi diritti. Scopri di pi\u00f9 sui tuoi diritti: <a href=\"https:\/\/www.cnil.fr\/fr\/reglement-europeen-protection-donnees\/chapitre3\" title=\"\">CNIL \u2013 Droits de la personne<\/a> (in francese)<\/p><h2 class=\"wp-block-heading\">Marchio<\/h2><p>Il marchio Alt-Edic e il suo logo sono marchi protetti da un diritto di propriet\u00e0 industriale.<\/p><p>Qualsiasi riproduzione totale o parziale di questo marchio e del suo logo senza l'espressa autorizzazione dei titolari dei diritti \u00e8 pertanto severamente vietata e costituisce reato di contraffazione ai sensi del Codice della Propriet\u00e0 Intellettuale.<\/p><h2 class=\"wp-block-heading\">Contenuti testuali e immagini<\/h2><p>Tutti i contenuti testuali e le immagini offerti sul sito Alt-Edic sono di propriet\u00e0 di Alt-Edic.<br>Qualsiasi riproduzione totale o parziale di questi testi e immagini senza l'espressa autorizzazione dei loro titolari dei diritti \u00e8 pertanto severamente vietata e costituisce un reato di contraffazione ai sensi del Codice della propriet\u00e0 intellettuale.<\/p><h2 class=\"wp-block-heading\">Collegamenti ipertestuali<\/h2><ul class=\"wp-block-list\">\n<li>1. Collegamenti in uscita da Alt-Edic<\/li>\n<\/ul><p>Alt-Edic fornisce collegamenti ipertestuali profondi che puntano a siti di terze parti. Questi link o riferimenti non costituiscono un'approvazione o una convalida del loro contenuto. Alt-Edic non sar\u00e0 in alcun caso responsabile per il contenuto di tali siti Web e non sar\u00e0 responsabile per eventuali danni o danni da essi derivanti.<\/p><p>I collegamenti ipertestuali profondi ad altri siti sono offerti agli Utenti esclusivamente per comodit\u00e0 e non danno luogo ad alcun obbligo di alcun tipo a spese di Alt-Edic, che non ha alcun mezzo di monitoraggio e sorveglianza dei siti cos\u00ec citati o delle loro evoluzioni e aggiornamenti. Gli utenti devono fare riferimento alle note legali e alle condizioni generali di utilizzo dei siti delle istituzioni partner.<\/p><ul class=\"wp-block-list\">\n<li>2. Collegamenti con l'Alt-Edic<\/li>\n<\/ul><p>La creazione di collegamenti ipertestuali verso una pagina di Alt-Edic \u00e8 gratuita a condizione che non pregiudichi gli interessi materiali o morali di Alt-Edic e non crei confusione sulla fonte dei Servizi e \/ o dei Contenuti.<\/p><h2 class=\"wp-block-heading\">Responsabilit\u00e0 ed erratum<\/h2><p>Le informazioni visualizzate sul sito web Alt-Edic sono solo a scopo informativo. Pu\u00f2 essere modificato in qualsiasi momento e senza preavviso.<\/p><p>Alt-Edic non pu\u00f2 essere ritenuta responsabile per danni diretti o indiretti, prevedibili o imprevedibili, come perdita di guadagni o profitti, perdita di dati, perdita di attrezzature e costi di riparazione, recupero o riproduzione derivanti dall'uso e \/ o dall'impossibilit\u00e0 di utilizzare i servizi e i contenuti del sito.<\/p><p>Nonostante la cura e i controlli del team responsabile dell'Alt-Edic, possono rimanere errori, bug o omissioni involontarie. Se desideri inviarci i tuoi commenti o reclami, puoi contattarci al seguente indirizzo:<br>ALT-EDIC<br>1 posto Aristide Briand<br>02600 Villers-Cotter\u00eats<br>Francia<\/p><p><\/p><\/p>","protected":false},"excerpt":{"rendered":"<p>Qualsiasi trattamento di dati personali dal sito web alt-edic.eu viene effettuato in conformit\u00e0 con i regolamenti (UE) 2016\/679 del Parlamento europeo e del Consiglio del 27 aprile 2016 (noto come RGPD) e la legge francese n. 78-17 del 6 gennaio 1978 relativa all'informatica, ai file e alle libert\u00e0. Gestione dei cookie Quando [...]<\/p>","protected":false},"author":1,"featured_media":0,"parent":0,"menu_order":0,"comment_status":"closed","ping_status":"closed","template":"","meta":{"footnotes":""},"class_list":["post-3","page","type-page","status-publish","hentry"],"aioseo_notices":[],"_links":{"self":[{"href":"https:\/\/www.alt-edic.eu\/it\/wp-json\/wp\/v2\/pages\/3","targetHints":{"allow":["GET"]}}],"collection":[{"href":"https:\/\/www.alt-edic.eu\/it\/wp-json\/wp\/v2\/pages"}],"about":[{"href":"https:\/\/www.alt-edic.eu\/it\/wp-json\/wp\/v2\/types\/page"}],"author":[{"embeddable":true,"href":"https:\/\/www.alt-edic.eu\/it\/wp-json\/wp\/v2\/users\/1"}],"replies":[{"embeddable":true,"href":"https:\/\/www.alt-edic.eu\/it\/wp-json\/wp\/v2\/comments?post=3"}],"version-history":[{"count":0,"href":"https:\/\/www.alt-edic.eu\/it\/wp-json\/wp\/v2\/pages\/3\/revisions"}],"wp:attachment":[{"href":"https:\/\/www.alt-edic.eu\/it\/wp-json\/wp\/v2\/media?parent=3"}],"curies":[{"name":"wp","href":"https:\/\/api.w.org\/{rel}","templated":true}]}}