{"id":10714,"date":"2025-03-06T08:00:12","date_gmt":"2025-03-06T07:00:12","guid":{"rendered":"https:\/\/alt-edic.eu\/?page_id=10714"},"modified":"2026-02-26T12:21:06","modified_gmt":"2026-02-26T11:21:06","slug":"industrial-consortium","status":"publish","type":"page","link":"https:\/\/www.alt-edic.eu\/it\/industrial-consortium\/","title":{"rendered":"<p>Consorzio industriale<\/p>"},"content":{"rendered":"<div data-elementor-type=\"wp-page\" data-elementor-id=\"10714\" class=\"elementor elementor-10714\" data-elementor-post-type=\"page\">\n\t\t\t\t\t\t<section class=\"elementor-section elementor-top-section elementor-element elementor-element-83d6e06 elementor-section-stretched elementor-section-boxed elementor-section-height-default elementor-section-height-default\" data-id=\"83d6e06\" data-element_type=\"section\" data-e-type=\"section\" data-settings='{\"stretch_section\":\"section-stretched\",\"background_background\":\"gradient\"}'>\n\t\t\t\t\t\t<div class=\"elementor-container elementor-column-gap-extended\">\n\t\t\t\t\t<div class=\"elementor-column elementor-col-50 elementor-top-column elementor-element elementor-element-5ad19a07\" data-id=\"5ad19a07\" data-element_type=\"column\" data-e-type=\"column\">\n\t\t\t<div class=\"elementor-widget-wrap elementor-element-populated\">\n\t\t\t\t\t\t<div class=\"elementor-element elementor-element-17b6f034 elementor-widget elementor-widget-heading\" data-id=\"17b6f034\" data-element_type=\"widget\" data-e-type=\"widget\" data-widget_type=\"heading.default\">\n\t\t\t\t<div class=\"elementor-widget-container\">\n\t\t\t\t\t<h1 class=\"elementor-heading-title elementor-size-default\">Consorzio industriale<\/h1>\t\t\t\t<\/div>\n\t\t\t\t<\/div>\n\t\t\t\t<div class=\"elementor-element elementor-element-793ec4e6 elementor-widget elementor-widget-text-editor\" data-id=\"793ec4e6\" data-element_type=\"widget\" data-e-type=\"widget\" data-widget_type=\"text-editor.default\">\n\t\t\t\t<div class=\"elementor-widget-container\">\n\t\t\t\t\t\t\t\t\t<p>Il consorzio industriale ALT-EDIC fornisce orientamenti sulle priorit\u00e0 di sviluppo delle tecnologie linguistiche per l'ALT-EDIC e offre un forum per elaborare nuovi progetti.<\/p>\t\t\t\t\t\t\t\t<\/div>\n\t\t\t\t<\/div>\n\t\t\t\t\t<\/div>\n\t\t<\/div>\n\t\t\t\t<div class=\"elementor-column elementor-col-50 elementor-top-column elementor-element elementor-element-75c15e62 elementor-hidden-tablet elementor-hidden-phone\" data-id=\"75c15e62\" data-element_type=\"column\" data-e-type=\"column\">\n\t\t\t<div class=\"elementor-widget-wrap elementor-element-populated\">\n\t\t\t\t\t\t\t<\/div>\n\t\t<\/div>\n\t\t\t\t\t<\/div>\n\t\t<\/section>\n\t\t\t\t<section class=\"elementor-section elementor-top-section elementor-element elementor-element-178c1fff elementor-section-stretched elementor-section-boxed elementor-section-height-default elementor-section-height-default\" data-id=\"178c1fff\" data-element_type=\"section\" data-e-type=\"section\" data-settings='{\"stretch_section\":\"section-stretched\"}'>\n\t\t\t\t\t\t<div class=\"elementor-container elementor-column-gap-extended\">\n\t\t\t\t\t<div class=\"elementor-column elementor-col-100 elementor-top-column elementor-element elementor-element-1c5552e\" data-id=\"1c5552e\" data-element_type=\"column\" data-e-type=\"column\">\n\t\t\t<div class=\"elementor-widget-wrap elementor-element-populated\">\n\t\t\t\t\t\t<div class=\"elementor-element elementor-element-4b36844 elementor-widget elementor-widget-text-editor\" data-id=\"4b36844\" data-element_type=\"widget\" data-e-type=\"widget\" data-widget_type=\"text-editor.default\">\n\t\t\t\t<div class=\"elementor-widget-container\">\n\t\t\t\t\t\t\t\t\t<h2>Introduzione<\/h2><p>Il consorzio industriale ALT-EDIC contribuisce alla governance di ALT-EDIC. La sua formazione era <a href=\"https:\/\/www.alt-edic.eu\/it\/news\/registration-to-join-the-alt-edic-industrial-consortium-is-open\/\"><u>lanciato il 6 marzo 2025<\/u><\/a>.<\/p><p>L'Alleanza per le tecnologie del linguaggio (ALT-EDIC) mira a sviluppare un'infrastruttura europea comune nelle tecnologie del linguaggio per aumentare la capacit\u00e0 dell'Europa, aumentare la competitivit\u00e0 e sostenere la diversit\u00e0 linguistica e la ricchezza culturale dell'Europa.<\/p><p>L'infrastruttura digitale e l'ecosistema attorno all'ALT-EDIC svolgeranno un ruolo importante nel portare il ricco patrimonio delle lingue europee nell'era dell'IA raccogliendo e ospitando banche dati comuni, garantendo valutazioni oggettive, formando modelli linguistici e implementando servizi attorno a tali modelli. Queste azioni saranno essenziali per sostenere i contenuti culturali europei nell'era della produzione di massa da parte dei sistemi di IA. La cooperazione europea su queste azioni far\u00e0 leva su una massa critica di forza di volont\u00e0 e di know-how tecnologico per raggiungere questo obiettivo.<\/p><p>Tutte queste azioni andranno a beneficio della comunit\u00e0 europea dell'IA nel suo complesso e la loro attuazione richiede che l'Alleanza federi i fornitori di tecnologie e servizi di IA, le imprese, gli organismi di ricerca e gli attori istituzionali in tutti i suoi Stati membri. L'ALT-EDIC e i suoi partner saranno sostenuti finanziariamente rispondendo agli inviti a presentare proposte nell'ambito dei programmi dell'Unione europea.<\/p><h2>Composizione del consorzio<\/h2><p>Il Consorzio Industriale \u00e8 aperto a <strong>imprese e organizzazioni di sostegno alle imprese<\/strong> con un interesse per le tecnologie del linguaggio e <strong>stabilito nello Spazio economico europeo (SEE)<\/strong>.<\/p><h2>Vantaggi<\/h2><p>I membri del Consorzio Industriale saranno <strong>fornire orientamenti sulle priorit\u00e0 di sviluppo delle operazioni con leva finanziaria <\/strong>e <strong>eleggere i rappresentanti<\/strong> <strong>nel Comitato di orientamento strategico (SOC)<\/strong>. Il SOC adotta orientamenti strategici annuali o pluriennali per l'attuazione dell'ALT-EDIC che saranno presentati all'assemblea dei membri dell'ALT-EDIC per approvazione.<\/p><p>Il Consorzio Industriale offrir\u00e0 inoltre un <strong>forum per sviluppare collaborazioni ed elaborare nuovi progetti<\/strong> sulle tecnologie del linguaggio, in particolare i progetti che comportano dati condivisi e valutazioni comparative che l'ALT-EDIC pu\u00f2 sostenere.<\/p><h2>Registrazione e calendario<\/h2><p>Le organizzazioni possono chiedere di aderire al Consorzio Industriale in qualsiasi momento. Il modulo di registrazione \u00e8 disponibile <a href=\"https:\/\/ec.europa.eu\/eusurvey\/runner\/ALT_EDIC_Industrial_Consortium_Registration_Form\"><u>qui<\/u><\/a>. La partecipazione effettiva \u00e8 subordinata alla convalida dell'ammissibilit\u00e0 dell'organizzazione.<\/p><p>La riunione di avvio del consorzio industriale \u00e8 prevista nel primo trimestre del 2026. Ulteriori riunioni si svolgeranno almeno due volte l'anno, online o in formato ibrido.<\/p>\t\t\t\t\t\t\t\t<\/div>\n\t\t\t\t<\/div>\n\t\t\t\t\t<\/div>\n\t\t<\/div>\n\t\t\t\t\t<\/div>\n\t\t<\/section>\n\t\t\t\t<\/div>","protected":false},"excerpt":{"rendered":"<p>Il consorzio industriale ALT-EDIC fornisce indicazioni sulle priorit\u00e0 di sviluppo delle tecnologie linguistiche per l'ALT-EDIC e offre un forum per elaborare nuovi progetti. Introduzione Il consorzio industriale ALT-EDIC contribuisce alla governance di ALT-EDIC. La sua formazione \u00e8 stata lanciata il 6 marzo 2025. L'Alleanza per le tecnologie linguistiche (ALT-EDIC) mira a sviluppare un'infrastruttura europea comune [...]<\/p>","protected":false},"author":1,"featured_media":0,"parent":0,"menu_order":0,"comment_status":"closed","ping_status":"closed","template":"","meta":{"footnotes":""},"class_list":["post-10714","page","type-page","status-publish","hentry"],"aioseo_notices":[],"_links":{"self":[{"href":"https:\/\/www.alt-edic.eu\/it\/wp-json\/wp\/v2\/pages\/10714","targetHints":{"allow":["GET"]}}],"collection":[{"href":"https:\/\/www.alt-edic.eu\/it\/wp-json\/wp\/v2\/pages"}],"about":[{"href":"https:\/\/www.alt-edic.eu\/it\/wp-json\/wp\/v2\/types\/page"}],"author":[{"embeddable":true,"href":"https:\/\/www.alt-edic.eu\/it\/wp-json\/wp\/v2\/users\/1"}],"replies":[{"embeddable":true,"href":"https:\/\/www.alt-edic.eu\/it\/wp-json\/wp\/v2\/comments?post=10714"}],"version-history":[{"count":0,"href":"https:\/\/www.alt-edic.eu\/it\/wp-json\/wp\/v2\/pages\/10714\/revisions"}],"wp:attachment":[{"href":"https:\/\/www.alt-edic.eu\/it\/wp-json\/wp\/v2\/media?parent=10714"}],"curies":[{"name":"wp","href":"https:\/\/api.w.org\/{rel}","templated":true}]}}