{"id":10281,"date":"2024-12-04T21:15:45","date_gmt":"2024-12-04T21:15:45","guid":{"rendered":"https:\/\/alt-edic.eu\/?page_id=10281"},"modified":"2026-01-29T01:39:58","modified_gmt":"2026-01-29T00:39:58","slug":"llms4eu","status":"publish","type":"page","link":"https:\/\/www.alt-edic.eu\/it\/projects\/llms4eu\/","title":{"rendered":"<p>LLMs4EU<\/p>"},"content":{"rendered":"<div data-elementor-type=\"wp-page\" data-elementor-id=\"10281\" class=\"elementor elementor-10281\" data-elementor-post-type=\"page\">\n\t\t\t\t\t\t<section class=\"elementor-section elementor-top-section elementor-element elementor-element-1577bd88 elementor-section-stretched elementor-section-boxed elementor-section-height-default elementor-section-height-default\" data-id=\"1577bd88\" data-element_type=\"section\" data-e-type=\"section\" data-settings='{\"stretch_section\":\"section-stretched\",\"background_background\":\"gradient\"}'>\n\t\t\t\t\t\t<div class=\"elementor-container elementor-column-gap-extended\">\n\t\t\t\t\t<div class=\"elementor-column elementor-col-50 elementor-top-column elementor-element elementor-element-70dc39ba\" data-id=\"70dc39ba\" data-element_type=\"column\" data-e-type=\"column\">\n\t\t\t<div class=\"elementor-widget-wrap elementor-element-populated\">\n\t\t\t\t\t\t<div class=\"elementor-element elementor-element-51cabebb elementor-widget elementor-widget-heading\" data-id=\"51cabebb\" data-element_type=\"widget\" data-e-type=\"widget\" data-widget_type=\"heading.default\">\n\t\t\t\t<div class=\"elementor-widget-container\">\n\t\t\t\t\t<h1 class=\"elementor-heading-title elementor-size-default\">LLMs4EU<\/h1>\t\t\t\t<\/div>\n\t\t\t\t<\/div>\n\t\t\t\t<div class=\"elementor-element elementor-element-1f4ee8af elementor-widget elementor-widget-text-editor\" data-id=\"1f4ee8af\" data-element_type=\"widget\" data-e-type=\"widget\" data-widget_type=\"text-editor.default\">\n\t\t\t\t<div class=\"elementor-widget-container\">\n\t\t\t\t\t\t\t\t\t<p>Il <strong>LLMs4EU (Modelli linguistici di grandi dimensioni per l'Unione europea)<\/strong> Il progetto \u00e8 coordinato dall'ALT-EDIC e sosterr\u00e0 un gran numero di partner dell'ecosistema europeo LLM. Consentir\u00e0 loro di raccogliere dati linguistici in quantit\u00e0 e qualit\u00e0 sufficienti per costruire modelli di base linguistici di grandi dimensioni, nonch\u00e9 modelli adattati a lingue, domini o settori specifici, e di fornire supporto e servizi dedicati che consentano ad altri di perfezionare i modelli disponibili.<\/p>\t\t\t\t\t\t\t\t<\/div>\n\t\t\t\t<\/div>\n\t\t\t\t\t<\/div>\n\t\t<\/div>\n\t\t\t\t<div class=\"elementor-column elementor-col-50 elementor-top-column elementor-element elementor-element-286565d9 elementor-hidden-tablet elementor-hidden-phone\" data-id=\"286565d9\" data-element_type=\"column\" data-e-type=\"column\">\n\t\t\t<div class=\"elementor-widget-wrap\">\n\t\t\t\t\t\t\t<\/div>\n\t\t<\/div>\n\t\t\t\t\t<\/div>\n\t\t<\/section>\n\t\t\t\t<section class=\"elementor-section elementor-top-section elementor-element elementor-element-2a82150a elementor-section-stretched elementor-section-boxed elementor-section-height-default elementor-section-height-default\" data-id=\"2a82150a\" data-element_type=\"section\" data-e-type=\"section\" data-settings='{\"stretch_section\":\"section-stretched\"}'>\n\t\t\t\t\t\t<div class=\"elementor-container elementor-column-gap-extended\">\n\t\t\t\t\t<div class=\"elementor-column elementor-col-50 elementor-top-column elementor-element elementor-element-4dc940b2 elementor-invisible\" data-id=\"4dc940b2\" data-element_type=\"column\" data-e-type=\"column\" data-settings='{\"animation\":\"slide-left\",\"animation_delay\":200}'>\n\t\t\t<div class=\"elementor-widget-wrap elementor-element-populated\">\n\t\t\t\t\t\t<div class=\"elementor-element elementor-element-2fa08fbe elementor-widget elementor-widget-text-editor\" data-id=\"2fa08fbe\" data-element_type=\"widget\" data-e-type=\"widget\" data-widget_type=\"text-editor.default\">\n\t\t\t\t<div class=\"elementor-widget-container\">\n\t\t\t\t\t\t\t\t\t<p>Il progetto LLMs4EU mira a preservare la diversit\u00e0 linguistica e culturale europea nell'era digitale attraverso la cooperazione tra attori economici e accademici. In effetti, alcune lingue europee rischiano di essere lasciate da parte dallo sviluppo dell'IA generativa a causa della mancanza di risorse per formare modelli linguistici. Inoltre, il progetto intende riunire alcuni dei principali attori europei nel campo dell'IA generativa per garantire che le imprese europee e in particolare le PMI abbiano accesso agli strumenti e alle risorse per diventare competitive per quanto riguarda le tecnologie linguistiche e in particolare i modelli linguistici di grandi dimensioni (LLM). Il progetto si concentra su cinque ambiti applicativi: energia, telecomunicazioni, turismo, servizi pubblici e scienza.<\/p>\t\t\t\t\t\t\t\t<\/div>\n\t\t\t\t<\/div>\n\t\t\t\t\t<\/div>\n\t\t<\/div>\n\t\t\t\t<div class=\"elementor-column elementor-col-50 elementor-top-column elementor-element elementor-element-169741bd elementor-hidden-tablet elementor-hidden-phone elementor-invisible\" data-id=\"169741bd\" data-element_type=\"column\" data-e-type=\"column\" data-settings='{\"animation\":\"slide-right\"}'>\n\t\t\t<div class=\"elementor-widget-wrap elementor-element-populated\">\n\t\t\t\t\t\t<div class=\"elementor-element elementor-element-47d0ea elementor-widget elementor-widget-image\" data-id=\"47d0ea\" data-element_type=\"widget\" data-e-type=\"widget\" data-widget_type=\"image.default\">\n\t\t\t\t<div class=\"elementor-widget-container\">\n\t\t\t\t\t\t\t\t\t\t\t\t\t\t\t<img fetchpriority=\"high\" decoding=\"async\" width=\"800\" height=\"495\" src=\"https:\/\/www.alt-edic.eu\/wp-content\/uploads\/2026\/01\/LLMs4EU-e1768900210939.png\" class=\"attachment-full size-full wp-image-11108\" alt=\"\" srcset=\"https:\/\/www.alt-edic.eu\/wp-content\/uploads\/2026\/01\/LLMs4EU-e1768900210939.png 800w, https:\/\/www.alt-edic.eu\/wp-content\/uploads\/2026\/01\/LLMs4EU-e1768900210939-300x186.png 300w, https:\/\/www.alt-edic.eu\/wp-content\/uploads\/2026\/01\/LLMs4EU-e1768900210939-768x475.png 768w, https:\/\/www.alt-edic.eu\/wp-content\/uploads\/2026\/01\/LLMs4EU-e1768900210939-18x12.png 18w\" sizes=\"(max-width: 800px) 100vw, 800px\">\t\t\t\t\t\t\t\t\t\t\t\t\t\t\t<\/div>\n\t\t\t\t<\/div>\n\t\t\t\t\t<\/div>\n\t\t<\/div>\n\t\t\t\t\t<\/div>\n\t\t<\/section>\n\t\t<div class=\"elementor-element elementor-element-8ed64da e-flex e-con-boxed e-con e-parent\" data-id=\"8ed64da\" data-element_type=\"container\" data-e-type=\"container\">\n\t\t\t\t\t<div class=\"e-con-inner\">\n\t\t\t\t<div class=\"elementor-element elementor-element-41c7d55 elementor-widget__width-initial elementor-widget elementor-widget-text-editor\" data-id=\"41c7d55\" data-element_type=\"widget\" data-e-type=\"widget\" data-widget_type=\"text-editor.default\">\n\t\t\t\t<div class=\"elementor-widget-container\">\n\t\t\t\t\t\t\t\t\t<p>L'obiettivo \u00e8 rendere disponibili in modo aperto i LLM e tutti gli strumenti necessari per il loro sfruttamento in tutte le lingue dell'UE, sfruttando i programmi e le competenze europei esistenti. Gli strumenti che saranno resi accessibili alle aziende europee copriranno tutti i passaggi dalla formazione dei LLM al garantire la loro conformit\u00e0 alla legislazione europea (legge sull'intelligenza artificiale, GDPR, ecc.).<\/p><p>Il consorzio creato attorno ad ALT-EDIC comprende organizzazioni che lavorano in 20 paesi, il che garantisce una buona copertura geografica e linguistica. Il progetto svilupper\u00e0 diversi casi d'uso pertinenti per dimostrare la capacit\u00e0 degli attori europei di collaborare per creare strumenti adattati per diversi settori economici e la copertura di tutte le lingue dell'UE sar\u00e0 garantita attraverso la creazione e l'acquisizione delle serie di dati necessarie da parte del progetto.<\/p><p>Il progetto fornir\u00e0, anche attraverso il sostegno finanziario a terzi, sostegno e servizi dedicati, in particolare alle PMI, per facilitare la messa a punto dei modelli disponibili.<\/p><p>Il progetto \u00e8 finanziato dal programma Europa digitale. \u00c8 iniziato nel marzo 2025, per una durata di 3 anni.<\/p><p>Per maggiori informazioni, visitare il sito <a href=\"https:\/\/www.llms4eu.eu\">Sito web del progetto LLMs4EU.<\/a><\/p>\t\t\t\t\t\t\t\t<\/div>\n\t\t\t\t<\/div>\n\t\t\t\t\t<\/div>\n\t\t\t\t<\/div>\n\t\t\t\t<\/div>","protected":false},"excerpt":{"rendered":"<p>LLMs4EU Il progetto LLMs4EU (Large Language Models for the European Union) \u00e8 coordinato dall'ALT-EDIC e sosterr\u00e0 un gran numero di partner dell'ecosistema europeo LLM. Ci\u00f2 consentir\u00e0 loro di raccogliere dati linguistici in quantit\u00e0 e qualit\u00e0 sufficienti per costruire modelli di base linguistici di grandi dimensioni e modelli adattati a specifiche esigenze linguistiche.<\/p>","protected":false},"author":1,"featured_media":0,"parent":9229,"menu_order":0,"comment_status":"closed","ping_status":"closed","template":"","meta":{"footnotes":""},"class_list":["post-10281","page","type-page","status-publish","hentry"],"aioseo_notices":[],"_links":{"self":[{"href":"https:\/\/www.alt-edic.eu\/it\/wp-json\/wp\/v2\/pages\/10281","targetHints":{"allow":["GET"]}}],"collection":[{"href":"https:\/\/www.alt-edic.eu\/it\/wp-json\/wp\/v2\/pages"}],"about":[{"href":"https:\/\/www.alt-edic.eu\/it\/wp-json\/wp\/v2\/types\/page"}],"author":[{"embeddable":true,"href":"https:\/\/www.alt-edic.eu\/it\/wp-json\/wp\/v2\/users\/1"}],"replies":[{"embeddable":true,"href":"https:\/\/www.alt-edic.eu\/it\/wp-json\/wp\/v2\/comments?post=10281"}],"version-history":[{"count":0,"href":"https:\/\/www.alt-edic.eu\/it\/wp-json\/wp\/v2\/pages\/10281\/revisions"}],"up":[{"embeddable":true,"href":"https:\/\/www.alt-edic.eu\/it\/wp-json\/wp\/v2\/pages\/9229"}],"wp:attachment":[{"href":"https:\/\/www.alt-edic.eu\/it\/wp-json\/wp\/v2\/media?parent=10281"}],"curies":[{"name":"wp","href":"https:\/\/api.w.org\/{rel}","templated":true}]}}