{"id":8944,"date":"2024-10-03T19:38:42","date_gmt":"2024-10-03T19:38:42","guid":{"rendered":"https:\/\/alt-edic.eu\/?page_id=8944"},"modified":"2025-01-29T14:36:58","modified_gmt":"2025-01-29T13:36:58","slug":"governance","status":"publish","type":"page","link":"https:\/\/www.alt-edic.eu\/hu\/governance\/","title":{"rendered":"<p>Ir\u00e1ny\u00edt\u00e1s<\/p>"},"content":{"rendered":"<div data-elementor-type=\"wp-page\" data-elementor-id=\"8944\" class=\"elementor elementor-8944\" data-elementor-post-type=\"page\">\n\t\t\t\t\t\t<section class=\"elementor-section elementor-top-section elementor-element elementor-element-83d6e06 elementor-section-stretched elementor-section-boxed elementor-section-height-default elementor-section-height-default\" data-id=\"83d6e06\" data-element_type=\"section\" data-e-type=\"section\" data-settings='{\"stretch_section\":\"section-stretched\",\"background_background\":\"gradient\"}'>\n\t\t\t\t\t\t<div class=\"elementor-container elementor-column-gap-extended\">\n\t\t\t\t\t<div class=\"elementor-column elementor-col-50 elementor-top-column elementor-element elementor-element-5ad19a07\" data-id=\"5ad19a07\" data-element_type=\"column\" data-e-type=\"column\">\n\t\t\t<div class=\"elementor-widget-wrap elementor-element-populated\">\n\t\t\t\t\t\t<div class=\"elementor-element elementor-element-17b6f034 elementor-widget elementor-widget-heading\" data-id=\"17b6f034\" data-element_type=\"widget\" data-e-type=\"widget\" data-widget_type=\"heading.default\">\n\t\t\t\t<div class=\"elementor-widget-container\">\n\t\t\t\t\t<h1 class=\"elementor-heading-title elementor-size-default\">Ir\u00e1ny\u00edt\u00e1s<\/h1>\t\t\t\t<\/div>\n\t\t\t\t<\/div>\n\t\t\t\t<div class=\"elementor-element elementor-element-793ec4e6 elementor-widget elementor-widget-text-editor\" data-id=\"793ec4e6\" data-element_type=\"widget\" data-e-type=\"widget\" data-widget_type=\"text-editor.default\">\n\t\t\t\t<div class=\"elementor-widget-container\">\n\t\t\t\t\t\t\t\t\t<p>A Sz\u00f6vets\u00e9g a Nyelvi Technol\u00f3gi\u00e1k\u00e9rt (ALT-EDIC) egy<span style=\"text-decoration: underline; color: #99ccff;\"> <a style=\"color: #99ccff; text-decoration: underline;\" href=\"https:\/\/digital-strategy.ec.europa.eu\/en\/policies\/edic\"><span style=\"color: #ffffff; text-decoration: underline;\">Eur\u00f3pai Digit\u00e1lis Infrastrukt\u00fara Konzorcium<\/span><\/a><\/span>, egy olyan t\u00edpus\u00fa jogi strukt\u00fara, amelyet a <span style=\"text-decoration: underline; color: #ffffff;\"><span style=\"text-decoration: underline;\"><a style=\"color: #ffffff; text-decoration: underline;\" href=\"https:\/\/digital-strategy.ec.europa.eu\/en\/library\/digital-decade-policy-programme-2030\">Digit\u00e1lis \u00e9vtized 2030 szakpolitikai program<\/a><\/span><\/span>. A bizotts\u00e1got a tag\u00e1llamok k\u00e9pvisel\u0151ib\u0151l \u00e1ll\u00f3 k\u00f6zgy\u0171l\u00e9s ir\u00e1ny\u00edtja. <span style=\"color: #ffffff;\"><a style=\"color: #ffffff;\" href=\"https:\/\/eur-lex.europa.eu\/EN\/legal-content\/summary\/agreement-on-the-european-economic-area.html\"><span style=\"text-decoration: underline;\">Eur\u00f3pai Gazdas\u00e1gi T\u00e9rs\u00e9g (EGT)<\/span><\/a><\/span>&nbsp; \u00e9s jelent\u00e9st tesz az Eur\u00f3pai Bizotts\u00e1gnak. <\/p>\t\t\t\t\t\t\t\t<\/div>\n\t\t\t\t<\/div>\n\t\t\t\t\t<\/div>\n\t\t<\/div>\n\t\t\t\t<div class=\"elementor-column elementor-col-50 elementor-top-column elementor-element elementor-element-75c15e62 elementor-hidden-tablet elementor-hidden-phone\" data-id=\"75c15e62\" data-element_type=\"column\" data-e-type=\"column\">\n\t\t\t<div class=\"elementor-widget-wrap\">\n\t\t\t\t\t\t\t<\/div>\n\t\t<\/div>\n\t\t\t\t\t<\/div>\n\t\t<\/section>\n\t\t\t\t<section class=\"elementor-section elementor-top-section elementor-element elementor-element-178c1fff elementor-section-stretched elementor-section-boxed elementor-section-height-default elementor-section-height-default\" data-id=\"178c1fff\" data-element_type=\"section\" data-e-type=\"section\" data-settings='{\"stretch_section\":\"section-stretched\"}'>\n\t\t\t\t\t\t<div class=\"elementor-container elementor-column-gap-extended\">\n\t\t\t\t\t<div class=\"elementor-column elementor-col-100 elementor-top-column elementor-element elementor-element-1c5552e\" data-id=\"1c5552e\" data-element_type=\"column\" data-e-type=\"column\">\n\t\t\t<div class=\"elementor-widget-wrap elementor-element-populated\">\n\t\t\t\t\t\t<div class=\"elementor-element elementor-element-4b36844 elementor-widget elementor-widget-text-editor\" data-id=\"4b36844\" data-element_type=\"widget\" data-e-type=\"widget\" data-widget_type=\"text-editor.default\">\n\t\t\t\t<div class=\"elementor-widget-container\">\n\t\t\t\t\t\t\t\t\t<h2>D\u00f6nt\u00e9shoz\u00f3 \u00e9s tan\u00e1csad\u00f3 test\u00fcletek<\/h2><p>A <strong>A tagok k\u00f6zgy\u0171l\u00e9se<\/strong> (AoM) az ALT-EDIC ir\u00e1ny\u00edt\u00f3 test\u00fclete. Tagjai k\u00f6z\u00fcl eln\u00f6k\u00f6t \u00e9s aleln\u00f6k\u00f6t v\u00e1laszt. Az AOM nevezi ki az ALT-EDIC igazgat\u00f3j\u00e1t.<\/p><p>A <strong>Igazgat\u00f3<\/strong> az ALT-EDIC jogi k\u00e9pvisel\u0151je, napi tev\u00e9kenys\u00e9geit v\u00e9gzi, \u00e9s felel\u0151s a misszi\u00f3vezet\u0151 hat\u00e1rozatainak v\u00e9grehajt\u00e1s\u00e1\u00e9rt.<\/p><p>A <strong>Strat\u00e9giai orient\u00e1ci\u00f3s bizotts\u00e1g<\/strong>, amely a tagoknak az AoM \u00e9s az ALT-EDIC \u00e1ltal v\u00e1lasztott k\u00e9pvisel\u0151ib\u0151l \u00e1ll? <strong>Ipari konzorcium<\/strong>, t\u00e1mogatja az AoM-ot \u00e9s az igazgat\u00f3t.<\/p><p>A <strong>Tudom\u00e1nyos \u00e9s M\u0171szaki Tan\u00e1csad\u00f3 Test\u00fclet<\/strong> \u00e9s a <strong>Jogi \u00e9s Etikai Tan\u00e1csad\u00f3 Test\u00fclet<\/strong>, mindkett\u0151t az \u00e9rintett ter\u00fcletek szak\u00e9rt\u0151i alkotj\u00e1k, \u00e9s a kinevez\u00e9sre jogosult hat\u00f3s\u00e1g nevezi ki \u0151ket.<\/p><h2>Az ALT-EDIC k\u00e9pvisel\u0151i<\/h2><ul><li>A Mez\u0151gazdas\u00e1gi K\u00fcl\u00f6nbizotts\u00e1g eln\u00f6ke: Thibault GROUAS \u00far<\/li><li>A magisztrat\u00fara eln\u00f6khelyettese: Juan Martinez SAMALEA \u00far<\/li><\/ul><h2>Referenciadokumentumok<\/h2><h3>A Bizotts\u00e1g hat\u00e1rozata az ALT-EDIC l\u00e9trehoz\u00e1s\u00e1r\u00f3l<\/h3><ul><li><a href=\"https:\/\/eur-lex.europa.eu\/eli\/dec_impl\/2024\/458\/oj\">A Bizotts\u00e1g v\u00e9grehajt\u00e1si hat\u00e1rozata a Nyelvtechnol\u00f3giai Sz\u00f6vets\u00e9g eur\u00f3pai digit\u00e1lis infrastrukt\u00fara-konzorcium\u00e1nak (ALT-EDIC) l\u00e9trehoz\u00e1s\u00e1r\u00f3l<\/a><\/li><\/ul><h3>Az ALT-EDIC alapszab\u00e1lya<\/h3><ul><li><a style=\"color: #000000;\" href=\"https:\/\/alt-edic.eu\/wp-content\/uploads\/2025\/01\/2024-12-17-Adopted-ALT-EDIC-Statutes-v3.0.2.pdf\"><u>Angol v\u00e1ltozat<\/u><\/a><\/li><li><a style=\"color: #000000;\" href=\"https:\/\/alt-edic.eu\/wp-content\/uploads\/2025\/01\/2024-12-17-Adopted-ALT-EDIC-Statutes-v3.0.2-FR.pdf\"><u>Francia v\u00e1ltozat<\/u><\/a><\/li><\/ul><h3>ALT-EDIC AoM \u00e1ll\u00e1sfoglal\u00e1sok<\/h3><ul><li><span style=\"text-decoration: underline;\"><a style=\"outline: 0px;\" href=\"https:\/\/alt-edic.eu\/wp-content\/uploads\/2024\/12\/27-09-2024-Adopted-ALT-EDIC-Resolutions.pdf\">Elfogadott ALT-EDIC Hat\u00e1rozat 2024. szeptember 27.<\/a><\/span><\/li><li><span style=\"text-decoration: underline;\"><a style=\"outline: 0px;\" href=\"https:\/\/alt-edic.eu\/wp-content\/uploads\/2024\/12\/28_08_2024-Adopted-ALT-EDIC-Resolution.pdf\">Elfogadott ALT-EDIC hat\u00e1rozat 2024. augusztus 28.<\/a><\/span><\/li><li><span style=\"text-decoration: underline;\"><a href=\"https:\/\/alt-edic.eu\/wp-content\/uploads\/2024\/12\/27-05-2024-Adopted-Resolutions.pdf\">Elfogadott ALT-EDIC hat\u00e1rozat 2024. m\u00e1jus 27.<\/a><\/span><\/li><li><a href=\"https:\/\/alt-edic.eu\/wp-content\/uploads\/2024\/12\/8_03_2024-Adopted-ALT-EDIC-Resolution.pdf\"><span style=\"text-decoration: underline;\">Elfogadott ALT-EDIC \u00e1ll\u00e1sfoglal\u00e1s 2024. m\u00e1rcius 8.<\/span><\/a><\/li><\/ul>\t\t\t\t\t\t\t\t<\/div>\n\t\t\t\t<\/div>\n\t\t\t\t\t<\/div>\n\t\t<\/div>\n\t\t\t\t\t<\/div>\n\t\t<\/section>\n\t\t\t\t<\/div>","protected":false},"excerpt":{"rendered":"<p>Ir\u00e1ny\u00edt\u00e1s A Nyelvtechnol\u00f3giai Sz\u00f6vets\u00e9g (ALT-EDIC) egy eur\u00f3pai digit\u00e1lis infrastrukt\u00fara-konzorcium, amely a Digit\u00e1lis \u00e9vtized 2030 szakpolitikai program keret\u00e9ben l\u00e9trehozott jogi strukt\u00fara. Ir\u00e1ny\u00edt\u00e1s\u00e1t az Eur\u00f3pai Gazdas\u00e1gi T\u00e9rs\u00e9g (EGT) tag\u00e1llamaib\u00f3l \u00e1ll\u00f3 tagok k\u00f6zgy\u0171l\u00e9se v\u00e9gzi, amely jelent\u00e9st tesz az Eur\u00f3pai Bizotts\u00e1gnak. D\u00f6nt\u00e9shoz\u00f3 \u00e9s tan\u00e1csad\u00f3 test\u00fcletek The [\u2026]<\/p>","protected":false},"author":1,"featured_media":0,"parent":0,"menu_order":0,"comment_status":"closed","ping_status":"closed","template":"","meta":{"footnotes":""},"class_list":["post-8944","page","type-page","status-publish","hentry"],"aioseo_notices":[],"_links":{"self":[{"href":"https:\/\/www.alt-edic.eu\/hu\/wp-json\/wp\/v2\/pages\/8944","targetHints":{"allow":["GET"]}}],"collection":[{"href":"https:\/\/www.alt-edic.eu\/hu\/wp-json\/wp\/v2\/pages"}],"about":[{"href":"https:\/\/www.alt-edic.eu\/hu\/wp-json\/wp\/v2\/types\/page"}],"author":[{"embeddable":true,"href":"https:\/\/www.alt-edic.eu\/hu\/wp-json\/wp\/v2\/users\/1"}],"replies":[{"embeddable":true,"href":"https:\/\/www.alt-edic.eu\/hu\/wp-json\/wp\/v2\/comments?post=8944"}],"version-history":[{"count":0,"href":"https:\/\/www.alt-edic.eu\/hu\/wp-json\/wp\/v2\/pages\/8944\/revisions"}],"wp:attachment":[{"href":"https:\/\/www.alt-edic.eu\/hu\/wp-json\/wp\/v2\/media?parent=8944"}],"curies":[{"name":"wp","href":"https:\/\/api.w.org\/{rel}","templated":true}]}}