{"id":3,"date":"2024-08-18T14:41:06","date_gmt":"2024-08-18T14:41:06","guid":{"rendered":"https:\/\/alt-edic.eu\/?page_id=3"},"modified":"2024-12-13T10:53:32","modified_gmt":"2024-12-13T09:53:32","slug":"privacy-policy","status":"publish","type":"page","link":"https:\/\/www.alt-edic.eu\/hu\/privacy-policy\/","title":{"rendered":"<p>Adatkezel\u00e9si t\u00e1j\u00e9koztat\u00f3<\/p>"},"content":{"rendered":"<p><p>Az alt-edic.eu weboldalr\u00f3l sz\u00e1rmaz\u00f3 szem\u00e9lyes adatok kezel\u00e9se az Eur\u00f3pai Parlament \u00e9s a Tan\u00e1cs 2016. \u00e1prilis 27-i (EU) 2016\/679 rendelet\u00e9vel (RGPD) \u00e9s az inform\u00e1ci\u00f3s technol\u00f3gi\u00e1r\u00f3l, f\u00e1jlokr\u00f3l \u00e9s szabads\u00e1gokr\u00f3l sz\u00f3l\u00f3 1978. janu\u00e1r 6-i 78-17. sz\u00e1m\u00fa francia t\u00f6rv\u00e9nnyel \u00f6sszhangban t\u00f6rt\u00e9nik.<\/p><h2 class=\"wp-block-heading\">Cookie-k kezel\u00e9se<\/h2><p>Amikor megl\u00e1togatja a <strong>alt-edic.eu <\/strong>Ez a weboldal cookie-kat helyezhet el az \u00d6n sz\u00e1m\u00edt\u00f3g\u00e9p\u00e9n, mobiltelefonj\u00e1n vagy t\u00e1blag\u00e9p\u00e9n. Amikor bel\u00e9p a webhelyre, egy banner jelenik meg, amely jelzi a cookie-k jelenl\u00e9t\u00e9t, \u00e9s lehet\u0151s\u00e9get ad arra, hogy elfogadja \u0151ket, megtagadja \u0151ket, vagy cookie-val kezelje preferenci\u00e1it.<\/p><p>K\u00e9tf\u00e9le cookie-t haszn\u00e1lunk:<\/p><ul class=\"wp-block-list\">\n<li>A webhely megfelel\u0151 m\u0171k\u00f6d\u00e9s\u00e9hez sz\u00fcks\u00e9ges cookie-k, amelyek nem t\u00e1rolnak szem\u00e9lyes adatokat, \u00e9s ez\u00e9rt a CNIL aj\u00e1nl\u00e1sainak megfelel\u0151en nem ig\u00e9nyelnek el\u0151zetes hozz\u00e1j\u00e1rul\u00e1st. Ezek a cookie-k k\u00f6zvetlen\u00fcl aktiv\u00e1l\u00f3dnak, m\u00e9g akkor is, ha a felhaszn\u00e1l\u00f3 r\u00e9sz\u00e9r\u0151l semmilyen pozit\u00edv m\u0171velet nem t\u00f6rt\u00e9nik.<\/li>\n\n\n\n<li>A Matomo forgalomelemz\u0151 eszk\u00f6zzel gy\u0171jt\u00f6tt k\u00f6z\u00f6ns\u00e9gm\u00e9r\u00e9si cookie-k (ny\u00edlt k\u00f3d\u00fa verzi\u00f3 a k\u00f6vetkez\u0151 c\u00edmen \u00e9rhet\u0151 el: <a href=\"https:\/\/fr.matomo.org\/\">https:\/\/fr.matomo.org\/<\/a>): Ezek a cookie-k szem\u00e9lyes adatokat t\u00e1rolnak (IP-c\u00edm, hely). Ezeket az adatokat az OVH szerveren (Franciaorsz\u00e1gban tal\u00e1lhat\u00f3 szerver egy francia host \u00e1ltal) t\u00e1rolj\u00e1k, \u00e9s 6 h\u00f3napig t\u00e1rolj\u00e1k. Ezeket a cookie-kat csak a webhely forgalm\u00e1ra \u00e9s haszn\u00e1lat\u00e1ra vonatkoz\u00f3 n\u00e9vtelen statisztik\u00e1k m\u00e9r\u00e9s\u00e9re, nyomon k\u00f6vet\u00e9si \u00e9s szolg\u00e1ltat\u00e1sfejleszt\u00e9si c\u00e9lokra haszn\u00e1lj\u00e1k. Ezeket nem haszn\u00e1lj\u00e1k a felhaszn\u00e1l\u00f3 m\u00e1s webhelyeken val\u00f3 b\u00f6ng\u00e9sz\u00e9si szok\u00e1sainak nyomon k\u00f6vet\u00e9s\u00e9re. Ezeknek a cookie-knak a gy\u0171jt\u00e9se att\u00f3l f\u00fcgg, hogy a felhaszn\u00e1l\u00f3 elfogadja-e a webhely megnyit\u00e1sakor megjelen\u0151 bannert.<\/li>\n<\/ul><p>A webhely megoszt\u00e1si funkci\u00f3kat is k\u00edn\u00e1l a LinkedIn k\u00f6z\u00f6ss\u00e9gi h\u00e1l\u00f3zaton. Ebben a tekintetben k\u00e9rj\u00fck, vegye figyelembe, hogy a k\u00f6z\u00f6ss\u00e9gi h\u00e1l\u00f3zat \u00e1ltal k\u00edn\u00e1lt funkci\u00f3k haszn\u00e1lata val\u00f3sz\u00edn\u0171leg a LinkedIn webhely \u00e1ltal kezelt \u00e9s let\u00e9tbe helyezett cookie-kat gener\u00e1l. Ezek a cookie-k csak akkor helyezhet\u0151k el, ha a LinkedIn funkci\u00f3it haszn\u00e1lj\u00e1k, k\u00fcl\u00f6n\u00f6sen az al\u00e1bbiakkal \u00f6sszef\u00fcgg\u00e9sben: <strong>alt-edic.eu<\/strong>, amikor megosztja a LinkedIn-en. K\u00e9rj\u00fck, olvassa el a LinkedIn cookie-kezel\u00e9si szab\u00e1lyzat\u00e1t. Ezen cookie-k \u00e9lettartama nem haladja meg a 13 h\u00f3napot.<\/p><p>Megtagadhatja a cookie-k haszn\u00e1lat\u00e1t, amelyek nem mentes\u00fclnek a hozz\u00e1j\u00e1rul\u00e1s al\u00f3l, vagy letilthatja azok t\u00e1rol\u00e1s\u00e1t a sz\u00e1m\u00edt\u00f3g\u00e9p\u00e9n:<\/p><ul class=\"wp-block-list\">\n<li>Amikor el\u0151sz\u00f6r haszn\u00e1lja a webhelyet, kattintson a cookie-kezel\u00e9si bannerre, amely lehet\u0151v\u00e9 teszi az \u00f6sszes cookie elfogad\u00e1s\u00e1t vagy elutas\u00edt\u00e1s\u00e1t, vagy a preferenci\u00e1k kezel\u00e9s\u00e9t.<\/li>\n\n\n\n<li>B\u00e1rmikor, az oldal alj\u00e1n tal\u00e1lhat\u00f3 \u201es\u00fctik\u201d gombra kattintva.<\/li>\n\n\n\n<li>B\u00e1rmikor haszn\u00e1lhatja a b\u00f6ng\u00e9sz\u0151 be\u00e1ll\u00edt\u00e1sait: b\u00f6ng\u00e9sz\u0151je \u201ene k\u00f6vess\u201d funkci\u00f3j\u00e1nak haszn\u00e1lat\u00e1val.<\/li>\n<\/ul><h2 class=\"wp-block-heading\">Az \u00d6n jogainak gyakorl\u00e1sa<\/h2><p>\u00d6nnek b\u00e1rmikor jog\u00e1ban \u00e1ll szem\u00e9lyes adataihoz hozz\u00e1f\u00e9rni, azokat helyesb\u00edteni, ellenezni \u00e9s t\u00f6r\u00f6lni.<\/p><p>Az ALT-EDIC \u00e9s annak k\u00fcl\u00f6nb\u00f6z\u0151 r\u00e9szlegei \u00e1ltal v\u00e9gzett szem\u00e9lyesadat-feldolgoz\u00e1ssal kapcsolatos t\u00e1j\u00e9koztat\u00e1s\u00e9rt vagy jogainak gyakorl\u00e1s\u00e1\u00e9rt (hozz\u00e1f\u00e9r\u00e9shez, helyesb\u00edt\u00e9shez vagy t\u00f6rl\u00e9shez val\u00f3 jog, az adatkezel\u00e9s korl\u00e1toz\u00e1s\u00e1hoz val\u00f3 jog, adathordozhat\u00f3s\u00e1ghoz val\u00f3 jog \u00e9s tiltakoz\u00e1shoz val\u00f3 jog) forduljon adatv\u00e9delmi tisztvisel\u0151nkh\u00f6z (DPO) az al\u00e1bbi c\u00edmen: dpdalt-edic.eu.<\/p><p>Az adatv\u00e9delmi tisztvisel\u0151vel postai \u00faton is felveheti a kapcsolatot a k\u00f6vetkez\u0151 c\u00edmen:<br>ALT-EDIC<br>Az adatv\u00e9delmi tisztvisel\u0151 r\u00e9sz\u00e9re<br>1 hely Aristide Briand<br>02600 Villers-Cotter\u00eats<br>Franciaorsz\u00e1g<\/p><p>\u00d6nnek jog\u00e1ban \u00e1ll panaszt tenni az illet\u00e9kes fel\u00fcgyeleti hat\u00f3s\u00e1gn\u00e1l (<a href=\"https:\/\/www.cnil.fr\/fr\" title=\"\">CNIL<\/a>) ha \u00fagy v\u00e9li, hogy az ALT-EDIC nem tartotta tiszteletben az \u00d6n jogait. Tudjon meg t\u00f6bbet az \u00d6nt megillet\u0151 jogokr\u00f3l: <a href=\"https:\/\/www.cnil.fr\/fr\/reglement-europeen-protection-donnees\/chapitre3\" title=\"\">CNIL \u2013 Droits de la personne<\/a> (franci\u00e1ul)<\/p><h2 class=\"wp-block-heading\">V\u00e9djegy<\/h2><p>Az Alt-Edic v\u00e9djegye \u00e9s log\u00f3ja ipari tulajdonjog \u00e1ltal v\u00e9dett v\u00e9djegy.<\/p><p>A v\u00e9djegynek \u00e9s log\u00f3j\u00e1nak a jogosultak kifejezett enged\u00e9lye n\u00e9lk\u00fcli teljes vagy r\u00e9szleges t\u00f6bbsz\u00f6r\u00f6z\u00e9se ez\u00e9rt szigor\u00faan tilos, \u00e9s a szellemi tulajdonr\u00f3l sz\u00f3l\u00f3 t\u00f6rv\u00e9nyk\u00f6nyv \u00e9rtelm\u00e9ben hamis\u00edt\u00e1snak min\u0151s\u00fcl.<\/p><h2 class=\"wp-block-heading\">Sz\u00f6veges tartalom \u00e9s k\u00e9pek<\/h2><p>Az Alt-Edic weboldalon tal\u00e1lhat\u00f3 \u00f6sszes sz\u00f6veges tartalom \u00e9s k\u00e9p az Alt-Edic tulajdon\u00e1t k\u00e9pezi.<br>E sz\u00f6vegeknek \u00e9s k\u00e9peknek a jogosultak kifejezett enged\u00e9lye n\u00e9lk\u00fcli teljes vagy r\u00e9szleges t\u00f6bbsz\u00f6r\u00f6z\u00e9se ez\u00e9rt szigor\u00faan tilos, \u00e9s a szellemi tulajdonr\u00f3l sz\u00f3l\u00f3 t\u00f6rv\u00e9nyk\u00f6nyv \u00e9rtelm\u00e9ben hamis\u00edt\u00e1snak min\u0151s\u00fcl.<\/p><h2 class=\"wp-block-heading\">Hiperhivatkoz\u00e1sok<\/h2><ul class=\"wp-block-list\">\n<li>1. Kimen\u0151 linkek az Alt-Edic-t\u0151l<\/li>\n<\/ul><p>Az Alt-Edic m\u00e9ly hiperhivatkoz\u00e1sokat biztos\u00edt, amelyek harmadik f\u00e9l webhelyeire mutatnak. Ezek a linkek vagy hivatkoz\u00e1sok nem jelentik a tartalmuk j\u00f3v\u00e1hagy\u00e1s\u00e1t vagy \u00e9rv\u00e9nyes\u00edt\u00e9s\u00e9t. Az Alt-Edic semmilyen esetben sem felel\u0151s az ilyen weboldalak tartalm\u00e1\u00e9rt, \u00e9s nem v\u00e1llal felel\u0151ss\u00e9get az ezekb\u0151l ered\u0151 k\u00e1rok\u00e9rt vagy k\u00e1rok\u00e9rt.<\/p><p>A m\u00e1s webhelyekre mutat\u00f3 m\u00e9ly hiperhivatkoz\u00e1sokat kiz\u00e1r\u00f3lag a k\u00e9nyelem \u00e9rdek\u00e9ben k\u00edn\u00e1lj\u00e1k fel a Felhaszn\u00e1l\u00f3knak, \u00e9s azok semmilyen k\u00f6telezetts\u00e9get nem keletkeztetnek az Alt-Edic rov\u00e1s\u00e1ra, amely nem rendelkezik eszk\u00f6z\u00f6kkel az \u00edgy hivatkozott webhelyek vagy azok fejl\u0151d\u00e9s\u00e9nek \u00e9s friss\u00edt\u00e9seinek nyomon k\u00f6vet\u00e9s\u00e9re \u00e9s fel\u00fcgyelet\u00e9re. A felhaszn\u00e1l\u00f3knak hivatkozniuk kell a partnerint\u00e9zm\u00e9nyek webhelyeinek jogi k\u00f6zlem\u00e9nyeire \u00e9s \u00e1ltal\u00e1nos haszn\u00e1lati felt\u00e9teleire.<\/p><ul class=\"wp-block-list\">\n<li>2. Linkek az Alt-Edichez<\/li>\n<\/ul><p>Az Alt-Edic egy oldal\u00e1ra mutat\u00f3 hipertext linkek l\u00e9trehoz\u00e1sa ingyenes, felt\u00e9ve, hogy ez nem befoly\u00e1solja az Alt-Edic anyagi vagy erk\u00f6lcsi \u00e9rdekeit, \u00e9s nem okoz zavart a Szolg\u00e1ltat\u00e1sok \u00e9s \/ vagy a Tartalom forr\u00e1s\u00e1val kapcsolatban.<\/p><h2 class=\"wp-block-heading\">Felel\u0151ss\u00e9g \u00e9s hiba<\/h2><p>Az Alt-Edic weboldalon megjelen\u0151 inform\u00e1ci\u00f3k csak t\u00e1j\u00e9koztat\u00f3 jelleg\u0171ek. B\u00e1rmikor \u00e9s el\u0151zetes \u00e9rtes\u00edt\u00e9s n\u00e9lk\u00fcl m\u00f3dos\u00edthat\u00f3.<\/p><p>Az Alt-Edic nem vonhat\u00f3 felel\u0151ss\u00e9gre olyan k\u00f6zvetlen vagy k\u00f6zvetett, el\u0151re l\u00e1that\u00f3 vagy el\u0151re nem l\u00e1that\u00f3 k\u00e1rok\u00e9rt, mint p\u00e9ld\u00e1ul bev\u00e9telkies\u00e9s vagy nyeres\u00e9gkies\u00e9s, adatveszt\u00e9s, berendez\u00e9sek elveszt\u00e9se \u00e9s jav\u00edt\u00e1si k\u00f6lts\u00e9gek, helyre\u00e1ll\u00edt\u00e1s vagy reproduk\u00e1l\u00e1s, amelyek a webhely szolg\u00e1ltat\u00e1sainak \u00e9s tartalm\u00e1nak haszn\u00e1lat\u00e1b\u00f3l \u00e9s \/ vagy nem haszn\u00e1lat\u00e1b\u00f3l erednek.<\/p><p>Az Alt-Edic\u00e9rt felel\u0151s csapat gondoss\u00e1ga \u00e9s ellen\u0151rz\u00e9se ellen\u00e9re hib\u00e1k, hib\u00e1k vagy nem sz\u00e1nd\u00e9kos mulaszt\u00e1sok maradhatnak. Ha \u00e9szrev\u00e9teleit vagy panaszait szeretn\u00e9 elk\u00fcldeni nek\u00fcnk, vegye fel vel\u00fcnk a kapcsolatot a k\u00f6vetkez\u0151 c\u00edmen:<br>ALT-EDIC<br>1 hely Aristide Briand<br>02600 Villers-Cotter\u00eats<br>Franciaorsz\u00e1g<\/p><p><\/p><\/p>","protected":false},"excerpt":{"rendered":"<p>Az alt-edic.eu weboldalr\u00f3l sz\u00e1rmaz\u00f3 szem\u00e9lyes adatok kezel\u00e9se az Eur\u00f3pai Parlament \u00e9s a Tan\u00e1cs 2016. \u00e1prilis 27-i (EU) 2016\/679 rendelet\u00e9vel (RGPD) \u00e9s az inform\u00e1ci\u00f3s technol\u00f3gi\u00e1r\u00f3l, f\u00e1jlokr\u00f3l \u00e9s szabads\u00e1gokr\u00f3l sz\u00f3l\u00f3 1978. janu\u00e1r 6-i 78-17. sz\u00e1m\u00fa francia t\u00f6rv\u00e9nnyel \u00f6sszhangban t\u00f6rt\u00e9nik. S\u00fctik kezel\u00e9se Amikor \u00d6n [...]<\/p>","protected":false},"author":1,"featured_media":0,"parent":0,"menu_order":0,"comment_status":"closed","ping_status":"closed","template":"","meta":{"footnotes":""},"class_list":["post-3","page","type-page","status-publish","hentry"],"aioseo_notices":[],"_links":{"self":[{"href":"https:\/\/www.alt-edic.eu\/hu\/wp-json\/wp\/v2\/pages\/3","targetHints":{"allow":["GET"]}}],"collection":[{"href":"https:\/\/www.alt-edic.eu\/hu\/wp-json\/wp\/v2\/pages"}],"about":[{"href":"https:\/\/www.alt-edic.eu\/hu\/wp-json\/wp\/v2\/types\/page"}],"author":[{"embeddable":true,"href":"https:\/\/www.alt-edic.eu\/hu\/wp-json\/wp\/v2\/users\/1"}],"replies":[{"embeddable":true,"href":"https:\/\/www.alt-edic.eu\/hu\/wp-json\/wp\/v2\/comments?post=3"}],"version-history":[{"count":0,"href":"https:\/\/www.alt-edic.eu\/hu\/wp-json\/wp\/v2\/pages\/3\/revisions"}],"wp:attachment":[{"href":"https:\/\/www.alt-edic.eu\/hu\/wp-json\/wp\/v2\/media?parent=3"}],"curies":[{"name":"wp","href":"https:\/\/api.w.org\/{rel}","templated":true}]}}