{"id":10575,"date":"2025-02-04T07:44:01","date_gmt":"2025-02-04T06:44:01","guid":{"rendered":"https:\/\/alt-edic.eu\/?page_id=10575"},"modified":"2026-01-20T10:11:27","modified_gmt":"2026-01-20T09:11:27","slug":"openeurollm","status":"publish","type":"page","link":"https:\/\/www.alt-edic.eu\/hu\/projects\/openeurollm\/","title":{"rendered":"<p>OpenEuroLLM<\/p>"},"content":{"rendered":"<div data-elementor-type=\"wp-page\" data-elementor-id=\"10575\" class=\"elementor elementor-10575\" data-elementor-post-type=\"page\">\n\t\t\t\t\t\t<section class=\"elementor-section elementor-top-section elementor-element elementor-element-1577bd88 elementor-section-stretched elementor-section-boxed elementor-section-height-default elementor-section-height-default\" data-id=\"1577bd88\" data-element_type=\"section\" data-e-type=\"section\" data-settings='{\"stretch_section\":\"section-stretched\",\"background_background\":\"gradient\"}'>\n\t\t\t\t\t\t<div class=\"elementor-container elementor-column-gap-extended\">\n\t\t\t\t\t<div class=\"elementor-column elementor-col-50 elementor-top-column elementor-element elementor-element-70dc39ba\" data-id=\"70dc39ba\" data-element_type=\"column\" data-e-type=\"column\">\n\t\t\t<div class=\"elementor-widget-wrap elementor-element-populated\">\n\t\t\t\t\t\t<div class=\"elementor-element elementor-element-51cabebb elementor-widget elementor-widget-heading\" data-id=\"51cabebb\" data-element_type=\"widget\" data-e-type=\"widget\" data-widget_type=\"heading.default\">\n\t\t\t\t<div class=\"elementor-widget-container\">\n\t\t\t\t\t<h1 class=\"elementor-heading-title elementor-size-default\">OpenEuroLLM<\/h1>\t\t\t\t<\/div>\n\t\t\t\t<\/div>\n\t\t\t\t<div class=\"elementor-element elementor-element-1f4ee8af elementor-widget elementor-widget-text-editor\" data-id=\"1f4ee8af\" data-element_type=\"widget\" data-e-type=\"widget\" data-widget_type=\"text-editor.default\">\n\t\t\t\t<div class=\"elementor-widget-container\">\n\t\t\t\t\t\t\t\t\t<p><strong>Az OpenEuroLLM (Open European Family of Large Language Models) projekt \u00f6sszefogja Eur\u00f3pa vezet\u0151 MI-v\u00e1llalatait \u00e9s kutat\u00f3int\u00e9zeteit, hogy \u00faj gener\u00e1ci\u00f3s ny\u00edlt forr\u00e1sk\u00f3d\u00fa nyelvi modelleket fejlesszenek ki.<\/strong><\/p>\t\t\t\t\t\t\t\t<\/div>\n\t\t\t\t<\/div>\n\t\t\t\t\t<\/div>\n\t\t<\/div>\n\t\t\t\t<div class=\"elementor-column elementor-col-50 elementor-top-column elementor-element elementor-element-286565d9 elementor-hidden-tablet elementor-hidden-phone\" data-id=\"286565d9\" data-element_type=\"column\" data-e-type=\"column\">\n\t\t\t<div class=\"elementor-widget-wrap\">\n\t\t\t\t\t\t\t<\/div>\n\t\t<\/div>\n\t\t\t\t\t<\/div>\n\t\t<\/section>\n\t\t\t\t<section class=\"elementor-section elementor-top-section elementor-element elementor-element-2a82150a elementor-section-stretched elementor-section-boxed elementor-section-height-default elementor-section-height-default\" data-id=\"2a82150a\" data-element_type=\"section\" data-e-type=\"section\" data-settings='{\"stretch_section\":\"section-stretched\"}'>\n\t\t\t\t\t\t<div class=\"elementor-container elementor-column-gap-extended\">\n\t\t\t\t\t<div class=\"elementor-column elementor-col-50 elementor-top-column elementor-element elementor-element-4dc940b2 elementor-invisible\" data-id=\"4dc940b2\" data-element_type=\"column\" data-e-type=\"column\" data-settings='{\"animation\":\"slide-left\",\"animation_delay\":200}'>\n\t\t\t<div class=\"elementor-widget-wrap elementor-element-populated\">\n\t\t\t\t\t\t<div class=\"elementor-element elementor-element-2fa08fbe elementor-widget elementor-widget-text-editor\" data-id=\"2fa08fbe\" data-element_type=\"widget\" data-e-type=\"widget\" data-widget_type=\"text-editor.default\">\n\t\t\t\t<div class=\"elementor-widget-container\">\n\t\t\t\t\t\t\t\t\t<p>Az OpenEuroLLM projekt nagy teljes\u00edtm\u00e9ny\u0171, t\u00f6bbnyelv\u0171, nagy nyelvi alapmodellek csal\u00e1dj\u00e1t \u00e9p\u00edti fel a kereskedelmi, ipari \u00e9s k\u00f6zszolg\u00e1ltat\u00e1sok sz\u00e1m\u00e1ra. Az \u00e1tl\u00e1that\u00f3 \u00e9s megfelel\u0151 ny\u00edlt forr\u00e1sk\u00f3d\u00fa modellek demokratiz\u00e1lj\u00e1k a magas sz\u00ednvonal\u00fa mesters\u00e9gesintelligencia-technol\u00f3gi\u00e1khoz val\u00f3 hozz\u00e1f\u00e9r\u00e9st, \u00e9s meger\u0151s\u00edtik az eur\u00f3pai v\u00e1llalatok azon k\u00e9pess\u00e9g\u00e9t, hogy versenyezzenek a glob\u00e1lis piacon, valamint az \u00e1llami szervezetek sz\u00e1m\u00e1ra, hogy hat\u00e9kony k\u00f6zszolg\u00e1ltat\u00e1sokat ny\u00fajtsanak. A projekt konzorciuma 20 vezet\u0151 eur\u00f3pai kutat\u00f3int\u00e9zetet \u00e9s EuroHPC k\u00f6zpontot t\u00f6m\u00f6r\u00edt, amelyeket a K\u00e1roly Egyetem (Csehorsz\u00e1g) koordin\u00e1l \u00e9s az AMD Silo AI (Finnorsz\u00e1g) k\u00f6z\u00f6sen vezet. Az ALT-EDIC a nyelvi adatok l\u00e9trehoz\u00e1s\u00e1ra \u00e9s kezel\u00e9s\u00e9re, a nyelvi technol\u00f3gia \u00e9rt\u00e9kel\u00e9s\u00e9re \u00e9s a k\u00f6z\u00f6ss\u00e9g\u00e9p\u00edt\u00e9sre val\u00f3 k\u00e9pess\u00e9g\u00e9t hozza a projektbe.<\/p>\t\t\t\t\t\t\t\t<\/div>\n\t\t\t\t<\/div>\n\t\t\t\t\t<\/div>\n\t\t<\/div>\n\t\t\t\t<div class=\"elementor-column elementor-col-50 elementor-top-column elementor-element elementor-element-169741bd elementor-hidden-tablet elementor-hidden-phone elementor-invisible\" data-id=\"169741bd\" data-element_type=\"column\" data-e-type=\"column\" data-settings='{\"animation\":\"slide-right\"}'>\n\t\t\t<div class=\"elementor-widget-wrap elementor-element-populated\">\n\t\t\t\t\t\t<div class=\"elementor-element elementor-element-47d0ea elementor-widget elementor-widget-image\" data-id=\"47d0ea\" data-element_type=\"widget\" data-e-type=\"widget\" data-widget_type=\"image.default\">\n\t\t\t\t<div class=\"elementor-widget-container\">\n\t\t\t\t\t\t\t\t\t\t\t\t\t\t\t<img fetchpriority=\"high\" decoding=\"async\" width=\"800\" height=\"537\" src=\"https:\/\/www.alt-edic.eu\/wp-content\/uploads\/2026\/01\/Project-page-images-3-e1768900277855.png\" class=\"attachment-full size-full wp-image-11112\" alt=\"\" srcset=\"https:\/\/www.alt-edic.eu\/wp-content\/uploads\/2026\/01\/Project-page-images-3-e1768900277855.png 800w, https:\/\/www.alt-edic.eu\/wp-content\/uploads\/2026\/01\/Project-page-images-3-e1768900277855-300x201.png 300w, https:\/\/www.alt-edic.eu\/wp-content\/uploads\/2026\/01\/Project-page-images-3-e1768900277855-768x516.png 768w, https:\/\/www.alt-edic.eu\/wp-content\/uploads\/2026\/01\/Project-page-images-3-e1768900277855-18x12.png 18w\" sizes=\"(max-width: 800px) 100vw, 800px\">\t\t\t\t\t\t\t\t\t\t\t\t\t\t\t<\/div>\n\t\t\t\t<\/div>\n\t\t\t\t\t<\/div>\n\t\t<\/div>\n\t\t\t\t\t<\/div>\n\t\t<\/section>\n\t\t<div class=\"elementor-element elementor-element-8ed64da e-flex e-con-boxed e-con e-parent\" data-id=\"8ed64da\" data-element_type=\"container\" data-e-type=\"container\">\n\t\t\t\t\t<div class=\"e-con-inner\">\n\t\t\t\t<div class=\"elementor-element elementor-element-41c7d55 elementor-widget__width-initial elementor-widget elementor-widget-text-editor\" data-id=\"41c7d55\" data-element_type=\"widget\" data-e-type=\"widget\" data-widget_type=\"text-editor.default\">\n\t\t\t\t<div class=\"elementor-widget-container\">\n\t\t\t\t\t\t\t\t\t<p>Az OpenEuroLLM projekt \u00f6sszhangban van Eur\u00f3pa versenyk\u00e9pess\u00e9g\u00e9nek \u00e9s digit\u00e1lis szuverenit\u00e1s\u00e1nak jav\u00edt\u00e1s\u00e1val. A projekt kiv\u00e1l\u00f3 p\u00e9lda arra, hogy milyen t\u00edpus\u00fa technol\u00f3giai infrastrukt\u00far\u00e1ra van sz\u00fcks\u00e9g az eur\u00f3pai mesters\u00e9gesintelligencia-term\u00e9kek fejleszt\u00e9s\u00e9re \u00e9s finom\u00edt\u00e1s\u00e1ra vonatkoz\u00f3 k\u00fcsz\u00f6b\u00e9rt\u00e9kek cs\u00f6kkent\u00e9s\u00e9hez, bizony\u00edtva az \u00e1tl\u00e1that\u00f3s\u00e1g, a nyitotts\u00e1g \u00e9s a k\u00f6z\u00f6ss\u00e9gi r\u00e9szv\u00e9tel er\u0151ss\u00e9g\u00e9t, az eur\u00f3pai technol\u00f3giai \u00f6kosziszt\u00e9m\u00e1ban sz\u00e9les k\u00f6rben elismert \u00e9rt\u00e9keket. A modelleket Eur\u00f3pa szil\u00e1rd szab\u00e1lyoz\u00e1si keret\u00e9n bel\u00fcl dolgozz\u00e1k ki, biztos\u00edtva az eur\u00f3pai \u00e9rt\u00e9kekkel val\u00f3 \u00f6sszhangot, ugyanakkor fenntartva a technol\u00f3giai kiv\u00e1l\u00f3s\u00e1got.<\/p><p>A ny\u00edlt forr\u00e1sk\u00f3d\u00fa \u00e9s ny\u00edlt tudom\u00e1nyos k\u00f6z\u00f6ss\u00e9gekkel, p\u00e9ld\u00e1ul a LAION-nal, a ny\u00edlt tudom\u00e1nyokkal \u00e9s az OpenML-lel, valamint a projekt Ny\u00edlt Strat\u00e9giai Partners\u00e9gi Test\u00fclet\u00e9ben \u00f6sszegy\u0171lt tov\u00e1bbi szak\u00e9rt\u0151kkel egy\u00fcttm\u0171k\u00f6dve az OpenEuroLLM biztos\u00edtja, hogy a modellek, a szoftverek, az adatok \u00e9s az \u00e9rt\u00e9kel\u00e9s teljesen nyitottak legyenek, \u00e9s finomhangolhat\u00f3k \u00e9s az egyes ipari \u00e9s k\u00f6zszf\u00e9rabeli ig\u00e9nyekhez igaz\u00edthat\u00f3k legyenek. Ezek a t\u00f6bbnyelv\u0171 modellek meg\u0151rzik mind a nyelvi, mind a kultur\u00e1lis soksz\u00edn\u0171s\u00e9get, lehet\u0151v\u00e9 t\u00e9ve az eur\u00f3pai v\u00e1llalatok sz\u00e1m\u00e1ra, hogy magas sz\u00ednvonal\u00fa term\u00e9keket \u00e9s szolg\u00e1ltat\u00e1sokat fejlesszenek ki a mesters\u00e9ges intelligencia kor\u00e1ban.<\/p><p>A projekt, amely elnyerte a STEP (Strat\u00e9giai Technol\u00f3gi\u00e1k Eur\u00f3pai Platformja) pecs\u00e9tj\u00e9t, felhaszn\u00e1lja a kor\u00e1bbi eur\u00f3pai projektek t\u00e1mogat\u00e1s\u00e1t, valamint a partnerek tapasztalatait \u00e9s eredm\u00e9nyeit, bele\u00e9rtve a j\u00f3 min\u0151s\u00e9g\u0171 adatok nagy adatt\u00e1rait \u00e9s a kor\u00e1bban kifejlesztett k\u00eds\u00e9rleti LLM-eket. A programot az Eur\u00f3pai Bizotts\u00e1g finansz\u00edrozza a Digit\u00e1lis Eur\u00f3pa program keret\u00e9ben, \u00e9s 2025. febru\u00e1r 1-j\u00e9n indult 3 \u00e9ves id\u0151tartamra.<\/p><p>Tov\u00e1bbi inform\u00e1ci\u00f3k el\u00e9rhet\u0151k <a href=\"https:\/\/www.mff.cuni.cz\/en\/public\/news\/charles-university-as-the-main-coordinator-of-the-openeurollm-project\"><span style=\"text-decoration: underline;\">itt<\/span><\/a>.<\/p>\t\t\t\t\t\t\t\t<\/div>\n\t\t\t\t<\/div>\n\t\t\t\t\t<\/div>\n\t\t\t\t<\/div>\n\t\t\t\t<\/div>","protected":false},"excerpt":{"rendered":"<p>OpenEuroLLM Az OpenEuroLLM (Open European Family of Large Language Models) projekt \u00f6sszefogja Eur\u00f3pa vezet\u0151 MI-v\u00e1llalatait \u00e9s kutat\u00f3int\u00e9zeteit, hogy \u00faj gener\u00e1ci\u00f3s ny\u00edlt forr\u00e1sk\u00f3d\u00fa nyelvi modelleket fejlesszenek ki. Az OpenEuroLLM projekt nagy teljes\u00edtm\u00e9ny\u0171, t\u00f6bbnyelv\u0171, nagy nyelvi alapmodellek csal\u00e1dj\u00e1t \u00e9p\u00edti ki a kereskedelmi, ipari \u00e9s k\u00f6zszolg\u00e1ltat\u00e1sok sz\u00e1m\u00e1ra. Az \u00e1tl\u00e1that\u00f3 \u00e9s megfelel\u0151 ny\u00edlt forr\u00e1sk\u00f3d\u00fa modellek demokratiz\u00e1lj\u00e1k a hozz\u00e1f\u00e9r\u00e9st [\u2026]<\/p>","protected":false},"author":1,"featured_media":0,"parent":9229,"menu_order":0,"comment_status":"closed","ping_status":"closed","template":"","meta":{"footnotes":""},"class_list":["post-10575","page","type-page","status-publish","hentry"],"aioseo_notices":[],"_links":{"self":[{"href":"https:\/\/www.alt-edic.eu\/hu\/wp-json\/wp\/v2\/pages\/10575","targetHints":{"allow":["GET"]}}],"collection":[{"href":"https:\/\/www.alt-edic.eu\/hu\/wp-json\/wp\/v2\/pages"}],"about":[{"href":"https:\/\/www.alt-edic.eu\/hu\/wp-json\/wp\/v2\/types\/page"}],"author":[{"embeddable":true,"href":"https:\/\/www.alt-edic.eu\/hu\/wp-json\/wp\/v2\/users\/1"}],"replies":[{"embeddable":true,"href":"https:\/\/www.alt-edic.eu\/hu\/wp-json\/wp\/v2\/comments?post=10575"}],"version-history":[{"count":0,"href":"https:\/\/www.alt-edic.eu\/hu\/wp-json\/wp\/v2\/pages\/10575\/revisions"}],"up":[{"embeddable":true,"href":"https:\/\/www.alt-edic.eu\/hu\/wp-json\/wp\/v2\/pages\/9229"}],"wp:attachment":[{"href":"https:\/\/www.alt-edic.eu\/hu\/wp-json\/wp\/v2\/media?parent=10575"}],"curies":[{"name":"wp","href":"https:\/\/api.w.org\/{rel}","templated":true}]}}