{"id":10281,"date":"2024-12-04T21:15:45","date_gmt":"2024-12-04T21:15:45","guid":{"rendered":"https:\/\/alt-edic.eu\/?page_id=10281"},"modified":"2026-01-29T01:39:58","modified_gmt":"2026-01-29T00:39:58","slug":"llms4eu","status":"publish","type":"page","link":"https:\/\/www.alt-edic.eu\/hu\/projects\/llms4eu\/","title":{"rendered":"<p>LLMs4EU<\/p>"},"content":{"rendered":"<div data-elementor-type=\"wp-page\" data-elementor-id=\"10281\" class=\"elementor elementor-10281\" data-elementor-post-type=\"page\">\n\t\t\t\t\t\t<section class=\"elementor-section elementor-top-section elementor-element elementor-element-1577bd88 elementor-section-stretched elementor-section-boxed elementor-section-height-default elementor-section-height-default\" data-id=\"1577bd88\" data-element_type=\"section\" data-e-type=\"section\" data-settings='{\"stretch_section\":\"section-stretched\",\"background_background\":\"gradient\"}'>\n\t\t\t\t\t\t<div class=\"elementor-container elementor-column-gap-extended\">\n\t\t\t\t\t<div class=\"elementor-column elementor-col-50 elementor-top-column elementor-element elementor-element-70dc39ba\" data-id=\"70dc39ba\" data-element_type=\"column\" data-e-type=\"column\">\n\t\t\t<div class=\"elementor-widget-wrap elementor-element-populated\">\n\t\t\t\t\t\t<div class=\"elementor-element elementor-element-51cabebb elementor-widget elementor-widget-heading\" data-id=\"51cabebb\" data-element_type=\"widget\" data-e-type=\"widget\" data-widget_type=\"heading.default\">\n\t\t\t\t<div class=\"elementor-widget-container\">\n\t\t\t\t\t<h1 class=\"elementor-heading-title elementor-size-default\">LLMs4EU<\/h1>\t\t\t\t<\/div>\n\t\t\t\t<\/div>\n\t\t\t\t<div class=\"elementor-element elementor-element-1f4ee8af elementor-widget elementor-widget-text-editor\" data-id=\"1f4ee8af\" data-element_type=\"widget\" data-e-type=\"widget\" data-widget_type=\"text-editor.default\">\n\t\t\t\t<div class=\"elementor-widget-container\">\n\t\t\t\t\t\t\t\t\t<p>A <strong>LLMs4EU (az Eur\u00f3pai Uni\u00f3 nagy nyelvi modelljei)<\/strong> a projektet az ALT-EDIC koordin\u00e1lja, \u00e9s az eur\u00f3pai LLM-\u00f6kosziszt\u00e9ma sz\u00e1mos partner\u00e9t fogja t\u00e1mogatni. Lehet\u0151v\u00e9 teszi sz\u00e1mukra, hogy megfelel\u0151 min\u0151s\u00e9g\u0171 \u00e9s mennyis\u00e9g\u0171 nyelvi adatot gy\u0171jtsenek ahhoz, hogy nagy nyelvi alapmodelleket, valamint konkr\u00e9t nyelvekhez, ter\u00fcletekhez vagy ipar\u00e1gakhoz igaz\u00edtott modelleket \u00e9p\u00edtsenek ki, \u00e9s c\u00e9lzott t\u00e1mogat\u00e1st \u00e9s szolg\u00e1ltat\u00e1sokat ny\u00fajtsanak, amelyek lehet\u0151v\u00e9 teszik m\u00e1sok sz\u00e1m\u00e1ra a rendelkez\u00e9sre \u00e1ll\u00f3 modellek finomhangol\u00e1s\u00e1t.<\/p>\t\t\t\t\t\t\t\t<\/div>\n\t\t\t\t<\/div>\n\t\t\t\t\t<\/div>\n\t\t<\/div>\n\t\t\t\t<div class=\"elementor-column elementor-col-50 elementor-top-column elementor-element elementor-element-286565d9 elementor-hidden-tablet elementor-hidden-phone\" data-id=\"286565d9\" data-element_type=\"column\" data-e-type=\"column\">\n\t\t\t<div class=\"elementor-widget-wrap\">\n\t\t\t\t\t\t\t<\/div>\n\t\t<\/div>\n\t\t\t\t\t<\/div>\n\t\t<\/section>\n\t\t\t\t<section class=\"elementor-section elementor-top-section elementor-element elementor-element-2a82150a elementor-section-stretched elementor-section-boxed elementor-section-height-default elementor-section-height-default\" data-id=\"2a82150a\" data-element_type=\"section\" data-e-type=\"section\" data-settings='{\"stretch_section\":\"section-stretched\"}'>\n\t\t\t\t\t\t<div class=\"elementor-container elementor-column-gap-extended\">\n\t\t\t\t\t<div class=\"elementor-column elementor-col-50 elementor-top-column elementor-element elementor-element-4dc940b2 elementor-invisible\" data-id=\"4dc940b2\" data-element_type=\"column\" data-e-type=\"column\" data-settings='{\"animation\":\"slide-left\",\"animation_delay\":200}'>\n\t\t\t<div class=\"elementor-widget-wrap elementor-element-populated\">\n\t\t\t\t\t\t<div class=\"elementor-element elementor-element-2fa08fbe elementor-widget elementor-widget-text-editor\" data-id=\"2fa08fbe\" data-element_type=\"widget\" data-e-type=\"widget\" data-widget_type=\"text-editor.default\">\n\t\t\t\t<div class=\"elementor-widget-container\">\n\t\t\t\t\t\t\t\t\t<p>Az LLMs4EU projekt c\u00e9lja, hogy a gazdas\u00e1gi \u00e9s tudom\u00e1nyos szerepl\u0151k k\u00f6z\u00f6tti egy\u00fcttm\u0171k\u00f6d\u00e9s r\u00e9v\u00e9n meg\u0151rizze az eur\u00f3pai nyelvi \u00e9s kultur\u00e1lis soksz\u00edn\u0171s\u00e9get a digit\u00e1lis korban. A nyelvi modellek k\u00e9pz\u00e9s\u00e9hez sz\u00fcks\u00e9ges er\u0151forr\u00e1sok hi\u00e1nya miatt egyes eur\u00f3pai nyelvek eset\u00e9ben fenn\u00e1ll a vesz\u00e9lye annak, hogy a mesters\u00e9ges intelligencia generat\u00edv fejleszt\u00e9s\u00e9n k\u00edv\u00fcl maradnak. A projekt c\u00e9lja tov\u00e1bb\u00e1, hogy \u00f6sszefogja Eur\u00f3pa n\u00e9h\u00e1ny vezet\u0151 szerepl\u0151j\u00e9t a generat\u00edv mesters\u00e9ges intelligencia ter\u00fclet\u00e9n annak biztos\u00edt\u00e1sa \u00e9rdek\u00e9ben, hogy az eur\u00f3pai v\u00e1llalatok \u00e9s k\u00fcl\u00f6n\u00f6sen a kkv-k hozz\u00e1f\u00e9rjenek azokhoz az eszk\u00f6z\u00f6kh\u00f6z \u00e9s er\u0151forr\u00e1sokhoz, amelyek r\u00e9v\u00e9n versenyk\u00e9pess\u00e9 v\u00e1lhatnak a nyelvi technol\u00f3gi\u00e1k \u00e9s k\u00fcl\u00f6n\u00f6sen a nagy nyelvi modellek (LLM-ek) tekintet\u00e9ben. A projekt \u00f6t alkalmaz\u00e1si ter\u00fcletre \u00f6sszpontos\u00edt: energia, t\u00e1vk\u00f6zl\u00e9s, idegenforgalom, k\u00f6zszolg\u00e1ltat\u00e1sok \u00e9s tudom\u00e1ny.<\/p>\t\t\t\t\t\t\t\t<\/div>\n\t\t\t\t<\/div>\n\t\t\t\t\t<\/div>\n\t\t<\/div>\n\t\t\t\t<div class=\"elementor-column elementor-col-50 elementor-top-column elementor-element elementor-element-169741bd elementor-hidden-tablet elementor-hidden-phone elementor-invisible\" data-id=\"169741bd\" data-element_type=\"column\" data-e-type=\"column\" data-settings='{\"animation\":\"slide-right\"}'>\n\t\t\t<div class=\"elementor-widget-wrap elementor-element-populated\">\n\t\t\t\t\t\t<div class=\"elementor-element elementor-element-47d0ea elementor-widget elementor-widget-image\" data-id=\"47d0ea\" data-element_type=\"widget\" data-e-type=\"widget\" data-widget_type=\"image.default\">\n\t\t\t\t<div class=\"elementor-widget-container\">\n\t\t\t\t\t\t\t\t\t\t\t\t\t\t\t<img fetchpriority=\"high\" decoding=\"async\" width=\"800\" height=\"495\" src=\"https:\/\/www.alt-edic.eu\/wp-content\/uploads\/2026\/01\/LLMs4EU-e1768900210939.png\" class=\"attachment-full size-full wp-image-11108\" alt=\"\" srcset=\"https:\/\/www.alt-edic.eu\/wp-content\/uploads\/2026\/01\/LLMs4EU-e1768900210939.png 800w, https:\/\/www.alt-edic.eu\/wp-content\/uploads\/2026\/01\/LLMs4EU-e1768900210939-300x186.png 300w, https:\/\/www.alt-edic.eu\/wp-content\/uploads\/2026\/01\/LLMs4EU-e1768900210939-768x475.png 768w, https:\/\/www.alt-edic.eu\/wp-content\/uploads\/2026\/01\/LLMs4EU-e1768900210939-18x12.png 18w\" sizes=\"(max-width: 800px) 100vw, 800px\">\t\t\t\t\t\t\t\t\t\t\t\t\t\t\t<\/div>\n\t\t\t\t<\/div>\n\t\t\t\t\t<\/div>\n\t\t<\/div>\n\t\t\t\t\t<\/div>\n\t\t<\/section>\n\t\t<div class=\"elementor-element elementor-element-8ed64da e-flex e-con-boxed e-con e-parent\" data-id=\"8ed64da\" data-element_type=\"container\" data-e-type=\"container\">\n\t\t\t\t\t<div class=\"e-con-inner\">\n\t\t\t\t<div class=\"elementor-element elementor-element-41c7d55 elementor-widget__width-initial elementor-widget elementor-widget-text-editor\" data-id=\"41c7d55\" data-element_type=\"widget\" data-e-type=\"widget\" data-widget_type=\"text-editor.default\">\n\t\t\t\t<div class=\"elementor-widget-container\">\n\t\t\t\t\t\t\t\t\t<p>A c\u00e9l az, hogy az LLM-eket \u00e9s a hasznos\u00edt\u00e1sukhoz sz\u00fcks\u00e9ges \u00f6sszes eszk\u00f6zt ny\u00edlt m\u00f3don el\u00e9rhet\u0151v\u00e9 tegy\u00e9k az EU valamennyi nyelv\u00e9n, kihaszn\u00e1lva a megl\u00e9v\u0151 eur\u00f3pai programokat \u00e9s kompetenci\u00e1kat. Az eur\u00f3pai v\u00e1llalatok sz\u00e1m\u00e1ra hozz\u00e1f\u00e9rhet\u0151v\u00e9 tett eszk\u00f6z\u00f6k az LLM-ek k\u00e9pz\u00e9s\u00e9t\u0151l az eur\u00f3pai jogszab\u00e1lyoknak (MI-jogszab\u00e1ly, GDPR stb.) val\u00f3 megfelel\u00e9s\u00fck biztos\u00edt\u00e1s\u00e1ig minden l\u00e9p\u00e9sre kiterjednek.<\/p><p>Az ALT-EDIC k\u00f6r\u00e9 l\u00e9trehozott konzorcium 20 orsz\u00e1gban m\u0171k\u00f6d\u0151 szervezeteket foglal mag\u00e1ban, ami j\u00f3 f\u00f6ldrajzi \u00e9s nyelvi lefedetts\u00e9get biztos\u00edt. A projekt k\u00fcl\u00f6nb\u00f6z\u0151 relev\u00e1ns felhaszn\u00e1l\u00e1si eseteket dolgoz ki annak bizony\u00edt\u00e1s\u00e1ra, hogy az eur\u00f3pai szerepl\u0151k k\u00e9pesek egy\u00fcttm\u0171k\u00f6dni a k\u00fcl\u00f6nb\u00f6z\u0151 gazdas\u00e1gi \u00e1gazatokhoz igaz\u00edtott eszk\u00f6z\u00f6k l\u00e9trehoz\u00e1sa \u00e9rdek\u00e9ben, \u00e9s az \u00f6sszes uni\u00f3s nyelv lefedetts\u00e9g\u00e9t a sz\u00fcks\u00e9ges adatk\u00e9szletek projekt \u00e1ltali l\u00e9trehoz\u00e1sa \u00e9s beszerz\u00e9se biztos\u00edtja.<\/p><p>A projekt \u2013 t\u00f6bbek k\u00f6z\u00f6tt harmadik feleknek ny\u00fajtott p\u00e9nz\u00fcgyi t\u00e1mogat\u00e1s r\u00e9v\u00e9n \u2013 c\u00e9lzott t\u00e1mogat\u00e1st \u00e9s szolg\u00e1ltat\u00e1sokat fog ny\u00fajtani, k\u00fcl\u00f6n\u00f6sen a kkv-k sz\u00e1m\u00e1ra, hogy megk\u00f6nny\u00edtse a rendelkez\u00e9sre \u00e1ll\u00f3 modellek finomhangol\u00e1s\u00e1t.<\/p><p>A projektet a Digit\u00e1lis Eur\u00f3pa program finansz\u00edrozza. 2025 m\u00e1rcius\u00e1ban kezd\u0151d\u00f6tt, h\u00e1rom\u00e9ves id\u0151tartamra.<\/p><p>Tov\u00e1bbi inform\u00e1ci\u00f3k\u00e9rt l\u00e1togasson el a <a href=\"https:\/\/www.llms4eu.eu\">Az LLMs4EU projekt honlapja.<\/a><\/p>\t\t\t\t\t\t\t\t<\/div>\n\t\t\t\t<\/div>\n\t\t\t\t\t<\/div>\n\t\t\t\t<\/div>\n\t\t\t\t<\/div>","protected":false},"excerpt":{"rendered":"<p>LLMs4EU Az LLMs4EU (Large Language Models for the European Union) projektet az ALT-EDIC koordin\u00e1lja, \u00e9s az eur\u00f3pai LLM-\u00f6kosziszt\u00e9ma sz\u00e1mos partner\u00e9t fogja t\u00e1mogatni. Ez lehet\u0151v\u00e9 teszi sz\u00e1mukra, hogy \u00f6sszegy\u0171jts\u00e9k a nyelvi adatokat megfelel\u0151 min\u0151s\u00e9gben \u00e9s mennyis\u00e9gben, hogy nagy nyelvi alapmodelleket, valamint a konkr\u00e9t [...]<\/p>","protected":false},"author":1,"featured_media":0,"parent":9229,"menu_order":0,"comment_status":"closed","ping_status":"closed","template":"","meta":{"footnotes":""},"class_list":["post-10281","page","type-page","status-publish","hentry"],"aioseo_notices":[],"_links":{"self":[{"href":"https:\/\/www.alt-edic.eu\/hu\/wp-json\/wp\/v2\/pages\/10281","targetHints":{"allow":["GET"]}}],"collection":[{"href":"https:\/\/www.alt-edic.eu\/hu\/wp-json\/wp\/v2\/pages"}],"about":[{"href":"https:\/\/www.alt-edic.eu\/hu\/wp-json\/wp\/v2\/types\/page"}],"author":[{"embeddable":true,"href":"https:\/\/www.alt-edic.eu\/hu\/wp-json\/wp\/v2\/users\/1"}],"replies":[{"embeddable":true,"href":"https:\/\/www.alt-edic.eu\/hu\/wp-json\/wp\/v2\/comments?post=10281"}],"version-history":[{"count":0,"href":"https:\/\/www.alt-edic.eu\/hu\/wp-json\/wp\/v2\/pages\/10281\/revisions"}],"up":[{"embeddable":true,"href":"https:\/\/www.alt-edic.eu\/hu\/wp-json\/wp\/v2\/pages\/9229"}],"wp:attachment":[{"href":"https:\/\/www.alt-edic.eu\/hu\/wp-json\/wp\/v2\/media?parent=10281"}],"curies":[{"name":"wp","href":"https:\/\/api.w.org\/{rel}","templated":true}]}}