{"id":8959,"date":"2024-10-03T19:52:24","date_gmt":"2024-10-03T19:52:24","guid":{"rendered":"https:\/\/alt-edic.eu\/?page_id=8959"},"modified":"2024-10-30T14:34:14","modified_gmt":"2024-10-30T14:34:14","slug":"legal-notices","status":"publish","type":"page","link":"https:\/\/www.alt-edic.eu\/ga\/legal-notices\/","title":{"rendered":"<p>F\u00f3gra\u00ed Dl\u00edthi\u00fala<\/p>"},"content":{"rendered":"<h2 class=\"wp-block-heading\"><br>1- Foilsitheoir<p>An su\u00edomh gr\u00e9as\u00e1in <a href=\"https:\/\/www.alt-edic.eu\/ga\/\">https:\/\/alt-edic.eu\/<\/a> arna fhoilsi\u00fa ag an gComhghuaill\u00edocht um Theicneola\u00edochta\u00ed Teanga (ALT-EDIC), Cuibhreannas don Bhonneagar Digiteach Eorpach arna bhun\u00fa le Cinneadh (AE) 2024\/458 \u00f3n gCoimisi\u00fan Eorpach agus at\u00e1 cl\u00e1raithe sa Fhrainc mar chomhlachas (loi 1901), at\u00e1 cl\u00e1raithe faoin uimhir W024005363 agus faoin uimhir SIRET 929\u00a0059\u00a0178\u00a000012.<\/p><p>T\u00e1 ceanncheathr\u00fa na Comhghuaill\u00edochta um Theicneola\u00edochta\u00ed Teanga lonnaithe 1 \u00e1it Aristide Briand, 02600 Villers-Cotter\u00eats (an Fhrainc).<br><\/p><h2 class=\"wp-block-heading\">2- Sti\u00farth\u00f3ir foilseach\u00e1in<\/h2><p>Is \u00e9 Thibault GROUAS, Cathaoirleach ALT-EDIC, sti\u00farth\u00f3ir an fhoilseach\u00e1in.<\/p><h2 class=\"wp-block-heading\">3- \u00d3st\u00e1il<\/h2><p>An su\u00edomh gr\u00e9as\u00e1in <a href=\"https:\/\/www.alt-edic.eu\/ga\/\">https:\/\/alt-edic.eu\/<\/a> T\u00e1 s\u00e9 \u00e1 \u00f3st\u00e1il ag OVH, 2, rue Kellermann, 59100 Roubaix.<br><\/p><h2 class=\"wp-block-heading\">4- Su\u00edomh gr\u00e9as\u00e1in ALT-EDIC a fhorbairt<\/h2><p>An su\u00edomh gr\u00e9as\u00e1in <a href=\"https:\/\/www.alt-edic.eu\/ga\/%20\/\">https:\/\/alt-edic.eu\/ <\/a>B\u2019\u00e9 Benjamin Vedel a d\u2019fhorbair an t-albam.<\/p><h2 class=\"wp-block-heading\">5- Faisn\u00e9is faoi shonra\u00ed pearsanta a bhail\u00edtear ar an su\u00edomh Gr\u00e9as\u00e1in.<\/h2><p>N\u00ed f\u00e9idir leis na sonra\u00ed a bhail\u00edtear ar shu\u00edomh gr\u00e9as\u00e1in na Comhghuaill\u00edochta um Theicneola\u00edocht Teanga teacht ach \u00f3 chl\u00e1r\u00fa deonach ag \u00fas\u00e1ideoir\u00ed ar sheoladh r\u00edomhphoist agus\/n\u00f3 ar shonra\u00ed pearsanta a ligeann d\u00f3ibh teagmh\u00e1il a dh\u00e9anamh le foireann na Comhghuaill\u00edochta um Theicneola\u00edocht Teanga \u00f3n leathanach Teagmh\u00e1la, c\u00e9 is moite de sheolta\u00ed IP cuairteoir\u00ed, a thaifeadtar go huathoibr\u00edoch le c\u00f3rais \u00e1r n-uirlise anail\u00edse tr\u00e1chta Matomo.<\/p><p>Bail\u00edtear seolta\u00ed IP na n-\u00fas\u00e1ideoir\u00ed agus a naisc \u00e9ags\u00fala le su\u00edomh gr\u00e9as\u00e1in na Comhghuaill\u00edochta um Theicneola\u00edocht Teanga chun gur f\u00e9idir faireach\u00e1n staitisti\u00fail a dh\u00e9anamh ar lucht f\u00e9achana \u00e1r su\u00edmh gr\u00e9as\u00e1in tr\u00ed \u00fas\u00e1id a bhaint as uirlis Matomo (leagan foinse oscailte ar f\u00e1il ag <a href=\"https:\/\/fr.matomo.org\/\">https:\/\/fr.matomo.org\/<\/a>).<\/p><p>Is \u00e9 Cathaoirleach an Chomhghuaill\u00edocht um Theicneola\u00edocht Teanga rialaitheoir na pr\u00f3ise\u00e1la sonra\u00ed pearsanta go l\u00e9ir ar shu\u00edomh gr\u00e9as\u00e1in an Chomhghuaill\u00edocht um Theicneola\u00edocht Teanga.<\/p><p><\/p><\/h2>","protected":false},"excerpt":{"rendered":"<p>1- Foilsitheoir T\u00e1 an su\u00edomh gr\u00e9as\u00e1in https:\/\/alt-edic.eu\/ foilsithe ag an gComhghuaill\u00edocht um Theicneola\u00edochta\u00ed Teanga (ALT-EDIC), Cuibhreannas don Bhonneagar Digiteach Eorpach a buna\u00edodh le Cinneadh (AE) 2024\/458 \u00f3n gCoimisi\u00fan Eorpach agus at\u00e1 cl\u00e1raithe sa Fhrainc mar chomhlachas (loi 1901), at\u00e1 cl\u00e1raithe faoi uimhir W024005363 agus uimhir SIRET 929\u00a0059\u00a0178\u00a000012. Ceanncheathr\u00fa na Comhghuaill\u00edochta um Theanga [...]<\/p>","protected":false},"author":1,"featured_media":0,"parent":0,"menu_order":0,"comment_status":"closed","ping_status":"closed","template":"","meta":{"footnotes":""},"class_list":["post-8959","page","type-page","status-publish","hentry"],"aioseo_notices":[],"_links":{"self":[{"href":"https:\/\/www.alt-edic.eu\/ga\/wp-json\/wp\/v2\/pages\/8959","targetHints":{"allow":["GET"]}}],"collection":[{"href":"https:\/\/www.alt-edic.eu\/ga\/wp-json\/wp\/v2\/pages"}],"about":[{"href":"https:\/\/www.alt-edic.eu\/ga\/wp-json\/wp\/v2\/types\/page"}],"author":[{"embeddable":true,"href":"https:\/\/www.alt-edic.eu\/ga\/wp-json\/wp\/v2\/users\/1"}],"replies":[{"embeddable":true,"href":"https:\/\/www.alt-edic.eu\/ga\/wp-json\/wp\/v2\/comments?post=8959"}],"version-history":[{"count":0,"href":"https:\/\/www.alt-edic.eu\/ga\/wp-json\/wp\/v2\/pages\/8959\/revisions"}],"wp:attachment":[{"href":"https:\/\/www.alt-edic.eu\/ga\/wp-json\/wp\/v2\/media?parent=8959"}],"curies":[{"name":"wp","href":"https:\/\/api.w.org\/{rel}","templated":true}]}}