{"id":8944,"date":"2024-10-03T19:38:42","date_gmt":"2024-10-03T19:38:42","guid":{"rendered":"https:\/\/alt-edic.eu\/?page_id=8944"},"modified":"2025-01-29T14:36:58","modified_gmt":"2025-01-29T13:36:58","slug":"governance","status":"publish","type":"page","link":"https:\/\/www.alt-edic.eu\/ga\/governance\/","title":{"rendered":"<p>Rialachas<\/p>"},"content":{"rendered":"<div data-elementor-type=\"wp-page\" data-elementor-id=\"8944\" class=\"elementor elementor-8944\" data-elementor-post-type=\"page\">\n\t\t\t\t\t\t<section class=\"elementor-section elementor-top-section elementor-element elementor-element-83d6e06 elementor-section-stretched elementor-section-boxed elementor-section-height-default elementor-section-height-default\" data-id=\"83d6e06\" data-element_type=\"section\" data-e-type=\"section\" data-settings='{\"stretch_section\":\"section-stretched\",\"background_background\":\"gradient\"}'>\n\t\t\t\t\t\t<div class=\"elementor-container elementor-column-gap-extended\">\n\t\t\t\t\t<div class=\"elementor-column elementor-col-50 elementor-top-column elementor-element elementor-element-5ad19a07\" data-id=\"5ad19a07\" data-element_type=\"column\" data-e-type=\"column\">\n\t\t\t<div class=\"elementor-widget-wrap elementor-element-populated\">\n\t\t\t\t\t\t<div class=\"elementor-element elementor-element-17b6f034 elementor-widget elementor-widget-heading\" data-id=\"17b6f034\" data-element_type=\"widget\" data-e-type=\"widget\" data-widget_type=\"heading.default\">\n\t\t\t\t<div class=\"elementor-widget-container\">\n\t\t\t\t\t<h1 class=\"elementor-heading-title elementor-size-default\">Rialachas<\/h1>\t\t\t\t<\/div>\n\t\t\t\t<\/div>\n\t\t\t\t<div class=\"elementor-element elementor-element-793ec4e6 elementor-widget elementor-widget-text-editor\" data-id=\"793ec4e6\" data-element_type=\"widget\" data-e-type=\"widget\" data-widget_type=\"text-editor.default\">\n\t\t\t\t<div class=\"elementor-widget-container\">\n\t\t\t\t\t\t\t\t\t<p>An Comhaontas um Theicneola\u00edochta\u00ed Teanga (ALT-EDIC)<span style=\"text-decoration: underline; color: #99ccff;\"> <a style=\"color: #99ccff; text-decoration: underline;\" href=\"https:\/\/digital-strategy.ec.europa.eu\/en\/policies\/edic\"><span style=\"color: #ffffff; text-decoration: underline;\">Cuibhreannas don Bhonneagar Digiteach Eorpach<\/span><\/a><\/span>, cine\u00e1l strucht\u00fair dhl\u00edthi\u00fail a crutha\u00edodh faoin <span style=\"text-decoration: underline; color: #ffffff;\"><span style=\"text-decoration: underline;\"><a style=\"color: #ffffff; text-decoration: underline;\" href=\"https:\/\/digital-strategy.ec.europa.eu\/en\/library\/digital-decade-policy-programme-2030\">Cl\u00e1r Beartais 2030 don Deac\u00e1id Dhigiteach<\/a><\/span><\/span>. T\u00e1 s\u00e9 \u00e1 rial\u00fa ag Tion\u00f3l de Chomhalta\u00ed at\u00e1 comhdh\u00e9anta de Bhallst\u00e1it <span style=\"color: #ffffff;\"><a style=\"color: #ffffff;\" href=\"https:\/\/eur-lex.europa.eu\/EN\/legal-content\/summary\/agreement-on-the-european-economic-area.html\"><span style=\"text-decoration: underline;\">An Limist\u00e9ar Eorpach Eacnama\u00edoch (LEE)<\/span><\/a><\/span>&nbsp; agus tuarasc\u00e1lacha chuig an gCoimisi\u00fan Eorpach. <\/p>\t\t\t\t\t\t\t\t<\/div>\n\t\t\t\t<\/div>\n\t\t\t\t\t<\/div>\n\t\t<\/div>\n\t\t\t\t<div class=\"elementor-column elementor-col-50 elementor-top-column elementor-element elementor-element-75c15e62 elementor-hidden-tablet elementor-hidden-phone\" data-id=\"75c15e62\" data-element_type=\"column\" data-e-type=\"column\">\n\t\t\t<div class=\"elementor-widget-wrap\">\n\t\t\t\t\t\t\t<\/div>\n\t\t<\/div>\n\t\t\t\t\t<\/div>\n\t\t<\/section>\n\t\t\t\t<section class=\"elementor-section elementor-top-section elementor-element elementor-element-178c1fff elementor-section-stretched elementor-section-boxed elementor-section-height-default elementor-section-height-default\" data-id=\"178c1fff\" data-element_type=\"section\" data-e-type=\"section\" data-settings='{\"stretch_section\":\"section-stretched\"}'>\n\t\t\t\t\t\t<div class=\"elementor-container elementor-column-gap-extended\">\n\t\t\t\t\t<div class=\"elementor-column elementor-col-100 elementor-top-column elementor-element elementor-element-1c5552e\" data-id=\"1c5552e\" data-element_type=\"column\" data-e-type=\"column\">\n\t\t\t<div class=\"elementor-widget-wrap elementor-element-populated\">\n\t\t\t\t\t\t<div class=\"elementor-element elementor-element-4b36844 elementor-widget elementor-widget-text-editor\" data-id=\"4b36844\" data-element_type=\"widget\" data-e-type=\"widget\" data-widget_type=\"text-editor.default\">\n\t\t\t\t<div class=\"elementor-widget-container\">\n\t\t\t\t\t\t\t\t\t<h2>Comhlachta\u00ed cinnteoireachta agus comhairleacha<\/h2><p>T\u00e1 an <strong>Tion\u00f3l na gComhalta\u00ed<\/strong> Is \u00e9 (AoM) comhlacht rialaithe ALT-EDIC. Toghann s\u00ed cathaoirleach agus leaschathaoirleach as measc a comhalta\u00ed. Is \u00e9 AoM a cheapann Sti\u00farth\u00f3ir ALT-EDIC.<\/p><p>T\u00e1 an <strong>Sti\u00farth\u00f3ir<\/strong> is \u00e9 ionada\u00ed dl\u00edthi\u00fail ALT-EDIC \u00e9, d\u00e9anann s\u00e9 a ghn\u00edomha\u00edochta\u00ed \u00f3 l\u00e1 go l\u00e1, agus t\u00e1 s\u00e9 i gceannas ar chinnt\u00ed AoM a chur chun feidhme.<\/p><p>T\u00e1 an <strong>Coiste Treoshu\u00edmh Strait\u00e9isigh<\/strong>, ar a bhfuil ionadaithe na bhFeisir\u00ed, arna dtoghadh ag AoM agus ag ALT-EDIC? <strong>Cuibhreannas Tionscla\u00edoch<\/strong>, taca\u00edonn s\u00e9 le AoM agus leis an Sti\u00farth\u00f3ir.<\/p><p>T\u00e1 an <strong>An Bord Comhairleach Eola\u00edoch agus Teicni\u00fail<\/strong> agus <strong>An Bord Comhairleach Dl\u00edthi\u00fail agus Eitice<\/strong>, ar saineolaithe \u00f3 r\u00e9ims\u00ed \u00e1bhartha iad araon, is \u00e9 AoM a cheapann iad.<\/p><h2>Ionadaithe ALT-EDIC<\/h2><ul><li>Cathaoirleach AoM: An tUasal Thibault GROUAS<\/li><li>AoM Leas-Chathaoirleach: An tUasal Juan Martinez SAMALEA<\/li><\/ul><h2>Doicim\u00e9id tagartha<\/h2><h3>Cinneadh \u00f3n gCoimisi\u00fan maidir le ALT-EDIC a chruth\u00fa<\/h3><ul><li><a href=\"https:\/\/eur-lex.europa.eu\/eli\/dec_impl\/2024\/458\/oj\">Cinneadh Cur Chun Feidhme \u00f3n gCoimisi\u00fan maidir le Cuibhreannas don Bhonneagar Digiteach Eorpach a bhun\u00fa don Chomhghuaill\u00edocht um Theicneola\u00edochta\u00ed Teanga (ALT-EDIC)<\/a><\/li><\/ul><h3>Reachtanna ALT-EDIC<\/h3><ul><li><a style=\"color: #000000;\" href=\"https:\/\/alt-edic.eu\/wp-content\/uploads\/2025\/01\/2024-12-17-Adopted-ALT-EDIC-Statutes-v3.0.2.pdf\"><u>Leagan B\u00e9arla<\/u><\/a><\/li><li><a style=\"color: #000000;\" href=\"https:\/\/alt-edic.eu\/wp-content\/uploads\/2025\/01\/2024-12-17-Adopted-ALT-EDIC-Statutes-v3.0.2-FR.pdf\"><u>Leagan na Fraincise<\/u><\/a><\/li><\/ul><h3>R\u00fain AoM ALT-EDIC<\/h3><ul><li><span style=\"text-decoration: underline;\"><a style=\"outline: 0px;\" href=\"https:\/\/alt-edic.eu\/wp-content\/uploads\/2024\/12\/27-09-2024-Adopted-ALT-EDIC-Resolutions.pdf\">R\u00fan ALT-EDIC arna ghlacadh an 27 Me\u00e1n F\u00f3mhair 2024<\/a><\/span><\/li><li><span style=\"text-decoration: underline;\"><a style=\"outline: 0px;\" href=\"https:\/\/alt-edic.eu\/wp-content\/uploads\/2024\/12\/28_08_2024-Adopted-ALT-EDIC-Resolution.pdf\">R\u00fan ALT-EDIC arna ghlacadh an 28 L\u00fanasa 2024<\/a><\/span><\/li><li><span style=\"text-decoration: underline;\"><a href=\"https:\/\/alt-edic.eu\/wp-content\/uploads\/2024\/12\/27-05-2024-Adopted-Resolutions.pdf\">R\u00fan ALT-EDIC arna ghlacadh an 27 Bealtaine 2024<\/a><\/span><\/li><li><a href=\"https:\/\/alt-edic.eu\/wp-content\/uploads\/2024\/12\/8_03_2024-Adopted-ALT-EDIC-Resolution.pdf\"><span style=\"text-decoration: underline;\">R\u00fan ALT-EDIC arna ghlacadh an 8 M\u00e1rta 2024<\/span><\/a><\/li><\/ul>\t\t\t\t\t\t\t\t<\/div>\n\t\t\t\t<\/div>\n\t\t\t\t\t<\/div>\n\t\t<\/div>\n\t\t\t\t\t<\/div>\n\t\t<\/section>\n\t\t\t\t<\/div>","protected":false},"excerpt":{"rendered":"<p>Rialachas Is Cuibhreannas don Bhonneagar Digiteach Eorpach \u00e9 an Chomhghuaill\u00edocht um Theicneola\u00edochta\u00ed Teanga (ALT-EDIC), cine\u00e1l strucht\u00fair dhl\u00edthi\u00fail a crutha\u00edodh faoi Chl\u00e1r Beartais 2030 don Deac\u00e1id Dhigiteach. T\u00e1 s\u00e9 \u00e1 rial\u00fa ag Tion\u00f3l de Chomhalta\u00ed at\u00e1 comhdh\u00e9anta de Bhallst\u00e1it an Limist\u00e9ir Eorpaigh Eacnama\u00edoch (LEE) agus tuairisc\u00edonn s\u00e9 don Choimisi\u00fan Eorpach. * Comhlachta\u00ed cinnteoireachta agus comhairleacha _ The [\u2026]<\/p>","protected":false},"author":1,"featured_media":0,"parent":0,"menu_order":0,"comment_status":"closed","ping_status":"closed","template":"","meta":{"footnotes":""},"class_list":["post-8944","page","type-page","status-publish","hentry"],"aioseo_notices":[],"_links":{"self":[{"href":"https:\/\/www.alt-edic.eu\/ga\/wp-json\/wp\/v2\/pages\/8944","targetHints":{"allow":["GET"]}}],"collection":[{"href":"https:\/\/www.alt-edic.eu\/ga\/wp-json\/wp\/v2\/pages"}],"about":[{"href":"https:\/\/www.alt-edic.eu\/ga\/wp-json\/wp\/v2\/types\/page"}],"author":[{"embeddable":true,"href":"https:\/\/www.alt-edic.eu\/ga\/wp-json\/wp\/v2\/users\/1"}],"replies":[{"embeddable":true,"href":"https:\/\/www.alt-edic.eu\/ga\/wp-json\/wp\/v2\/comments?post=8944"}],"version-history":[{"count":0,"href":"https:\/\/www.alt-edic.eu\/ga\/wp-json\/wp\/v2\/pages\/8944\/revisions"}],"wp:attachment":[{"href":"https:\/\/www.alt-edic.eu\/ga\/wp-json\/wp\/v2\/media?parent=8944"}],"curies":[{"name":"wp","href":"https:\/\/api.w.org\/{rel}","templated":true}]}}