{"id":10714,"date":"2025-03-06T08:00:12","date_gmt":"2025-03-06T07:00:12","guid":{"rendered":"https:\/\/alt-edic.eu\/?page_id=10714"},"modified":"2026-02-26T12:21:06","modified_gmt":"2026-02-26T11:21:06","slug":"industrial-consortium","status":"publish","type":"page","link":"https:\/\/www.alt-edic.eu\/ga\/industrial-consortium\/","title":{"rendered":"<p>Cuibhreannas tionscla\u00edoch<\/p>"},"content":{"rendered":"<div data-elementor-type=\"wp-page\" data-elementor-id=\"10714\" class=\"elementor elementor-10714\" data-elementor-post-type=\"page\">\n\t\t\t\t\t\t<section class=\"elementor-section elementor-top-section elementor-element elementor-element-83d6e06 elementor-section-stretched elementor-section-boxed elementor-section-height-default elementor-section-height-default\" data-id=\"83d6e06\" data-element_type=\"section\" data-e-type=\"section\" data-settings='{\"stretch_section\":\"section-stretched\",\"background_background\":\"gradient\"}'>\n\t\t\t\t\t\t<div class=\"elementor-container elementor-column-gap-extended\">\n\t\t\t\t\t<div class=\"elementor-column elementor-col-50 elementor-top-column elementor-element elementor-element-5ad19a07\" data-id=\"5ad19a07\" data-element_type=\"column\" data-e-type=\"column\">\n\t\t\t<div class=\"elementor-widget-wrap elementor-element-populated\">\n\t\t\t\t\t\t<div class=\"elementor-element elementor-element-17b6f034 elementor-widget elementor-widget-heading\" data-id=\"17b6f034\" data-element_type=\"widget\" data-e-type=\"widget\" data-widget_type=\"heading.default\">\n\t\t\t\t<div class=\"elementor-widget-container\">\n\t\t\t\t\t<h1 class=\"elementor-heading-title elementor-size-default\">Cuibhreannas Tionscla\u00edoch<\/h1>\t\t\t\t<\/div>\n\t\t\t\t<\/div>\n\t\t\t\t<div class=\"elementor-element elementor-element-793ec4e6 elementor-widget elementor-widget-text-editor\" data-id=\"793ec4e6\" data-element_type=\"widget\" data-e-type=\"widget\" data-widget_type=\"text-editor.default\">\n\t\t\t\t<div class=\"elementor-widget-container\">\n\t\t\t\t\t\t\t\t\t<p>Cuireann Cuibhreannas Tionscla\u00edoch ALT-EDIC treoir ar f\u00e1il maidir le tosa\u00edochta\u00ed forbartha Teicneola\u00edochta\u00ed Teanga do ALT-EDIC agus cuireann s\u00e9 f\u00f3ram ar f\u00e1il chun tionscadail nua a mhionsaothr\u00fa.<\/p>\t\t\t\t\t\t\t\t<\/div>\n\t\t\t\t<\/div>\n\t\t\t\t\t<\/div>\n\t\t<\/div>\n\t\t\t\t<div class=\"elementor-column elementor-col-50 elementor-top-column elementor-element elementor-element-75c15e62 elementor-hidden-tablet elementor-hidden-phone\" data-id=\"75c15e62\" data-element_type=\"column\" data-e-type=\"column\">\n\t\t\t<div class=\"elementor-widget-wrap elementor-element-populated\">\n\t\t\t\t\t\t\t<\/div>\n\t\t<\/div>\n\t\t\t\t\t<\/div>\n\t\t<\/section>\n\t\t\t\t<section class=\"elementor-section elementor-top-section elementor-element elementor-element-178c1fff elementor-section-stretched elementor-section-boxed elementor-section-height-default elementor-section-height-default\" data-id=\"178c1fff\" data-element_type=\"section\" data-e-type=\"section\" data-settings='{\"stretch_section\":\"section-stretched\"}'>\n\t\t\t\t\t\t<div class=\"elementor-container elementor-column-gap-extended\">\n\t\t\t\t\t<div class=\"elementor-column elementor-col-100 elementor-top-column elementor-element elementor-element-1c5552e\" data-id=\"1c5552e\" data-element_type=\"column\" data-e-type=\"column\">\n\t\t\t<div class=\"elementor-widget-wrap elementor-element-populated\">\n\t\t\t\t\t\t<div class=\"elementor-element elementor-element-4b36844 elementor-widget elementor-widget-text-editor\" data-id=\"4b36844\" data-element_type=\"widget\" data-e-type=\"widget\" data-widget_type=\"text-editor.default\">\n\t\t\t\t<div class=\"elementor-widget-container\">\n\t\t\t\t\t\t\t\t\t<h2>R\u00e9amhr\u00e1<\/h2><p>Rannchuid\u00edonn Cuibhreannas Tionscla\u00edoch ALT-EDIC le rialachas ALT-EDIC. Bh\u00ed a fhoirmi\u00fa <a href=\"https:\/\/www.alt-edic.eu\/ga\/news\/registration-to-join-the-alt-edic-industrial-consortium-is-open\/\"><u>Scaoileadh \u00e9 ar an 6 M\u00e1rta, 2025<\/u><\/a>.<\/p><p>Is \u00e9 is aidhm don Chomhghuaill\u00edocht um Theicneola\u00edochta\u00ed Teanga (ALT-EDIC) bonneagar coiteann Eorpach a fhorbairt i dteicneola\u00edochta\u00ed teanga chun acmhainneacht na hEorpa a mh\u00e9ad\u00fa, borradh a chur faoin ioma\u00edochas agus chun tac\u00fa le h\u00e9ags\u00falacht teanga agus saibhreas cult\u00fartha na hEorpa.<\/p><p>Beidh r\u00f3l t\u00e1bhachtach ag an mbonneagar digiteach agus ag an \u00e9iceach\u00f3ras digiteach timpeall ar ALT-EDIC maidir le hoidhreacht shaibhir theangacha na hEorpa a thabhairt isteach i r\u00e9 IS tr\u00ed bhunachair sonra\u00ed choiteanna a bhaili\u00fa agus a \u00f3st\u00e1il, meast\u00f3ireachta\u00ed oibiacht\u00fala a \u00e1irithi\u00fa, samhlacha teanga a oili\u00faint, agus seirbh\u00eds\u00ed a chur in \u00fas\u00e1id maidir leis na samhlacha sin. Beidh na gn\u00edomha\u00edochta\u00ed sin r\u00edth\u00e1bhachtach chun seasamh le h\u00e1bhar cult\u00fartha Eorpach i r\u00e9 an ollt\u00e1irgthe ag c\u00f3rais intleachta saorga. Le comhar Eorpach maidir leis na gn\u00edomha\u00edochta\u00ed sin, d\u00e9anfar mais chritici\u00fail cumhachta agus saineolais teicneola\u00edochta a ghiar\u00e1il chun an sprioc sin a bhaint amach.<\/p><p>Rachaidh na gn\u00edomha\u00edochta\u00ed sin go l\u00e9ir chun tairbhe do phobal IS na hEorpa ina ioml\u00e1ine, agus chun iad a chur chun feidhme n\u00ed m\u00f3r don Chomhghuaill\u00edocht teicneola\u00edocht agus sol\u00e1thraithe seirbh\u00edse IS, cuideachta\u00ed, eagra\u00edochta\u00ed taighde agus gn\u00edomhaithe institi\u00faideacha a ch\u00f3nascadh ina Ballst\u00e1it uile. Tabharfar taca\u00edocht airgeadais do ALT-EDIC agus d\u00e1 chomhph\u00e1irtithe tr\u00ed ghlaonna ar thogra\u00ed faoi chl\u00e1ir an Aontais Eorpaigh a fhreagairt.<\/p><h2>Comhdh\u00e9anamh cuibhreannais<\/h2><p>T\u00e1 an Cuibhreannas Tionscla\u00edoch oscailte do <strong>fiontair agus eagra\u00edochta\u00ed taca\u00edochta gn\u00f3<\/strong> a bhfuil suim acu i dTeicneola\u00edochta\u00ed Teanga agus <strong>at\u00e1 bunaithe sa Limist\u00e9ar Eorpach Eacnama\u00edoch (LEE)<\/strong>.<\/p><h2>Tairbh\u00ed<\/h2><p>D\u00e9anfaidh comhalta\u00ed an Chuibhreannais Thionscla\u00edoch an m\u00e9id seo a leanas: <strong>treoir a chur ar f\u00e1il maidir le tosa\u00edochta\u00ed forbartha LT <\/strong>agus <strong>ionadaithe tofa<\/strong> <strong>An Coiste um Threo Strait\u00e9iseach (SOC)<\/strong>. Glacfaidh SOC treoshu\u00edmh strait\u00e9iseacha bhliant\u00fala n\u00f3 ilbhliant\u00fala maidir le cur chun feidhme ALT-EDIC a chuirfear faoi bhr\u00e1id Thion\u00f3l na gComhalta\u00ed ALT-EDIC lena bhformheas.<\/p><p>Cuirfidh an Cuibhreannas Tionscla\u00edoch ar f\u00e1il freisin <strong>F\u00f3ram chun comhoibri\u00fa a fhorbairt agus tionscadail nua a mhionsaothr\u00fa<\/strong> maidir le Teicneola\u00edochta\u00ed Teanga, go h\u00e1irithe tionscadail lena mbaineann sonra\u00ed comhroinnte agus meast\u00f3ireachta\u00ed compar\u00e1ideacha a bhf\u00e9adfaidh ALT-EDIC tac\u00fa leo.<\/p><h2>Cl\u00e1r\u00fa agus aml\u00edne<\/h2><p>F\u00e9adfaidh eagra\u00edochta\u00ed a iarraidh dul isteach sa Chuibhreannas Tionscail tr\u00e1th ar bith. T\u00e1 an fhoirm chl\u00e1r\u00fach\u00e1in ar f\u00e1il anseo <a href=\"https:\/\/ec.europa.eu\/eusurvey\/runner\/ALT_EDIC_Industrial_Consortium_Registration_Form\"><u>anseo<\/u><\/a>. T\u00e1 rannph\u00e1irt\u00edocht \u00e9ifeachtach faoi r\u00e9ir bhail\u00edocht\u00fa inch\u00e1ilitheacht na heagra\u00edochta.<\/p><p>T\u00e1 cruinni\u00fa tosaigh an Chuibhreannais Thionscla\u00edoch beartaithe sa ch\u00e9ad r\u00e1ithe de 2026. Tion\u00f3lfar tuilleadh cruinnithe dh\u00e1 uair sa bhliain ar a laghad, ar l\u00edne n\u00f3 i bhform\u00e1id hibrideach.<\/p>\t\t\t\t\t\t\t\t<\/div>\n\t\t\t\t<\/div>\n\t\t\t\t\t<\/div>\n\t\t<\/div>\n\t\t\t\t\t<\/div>\n\t\t<\/section>\n\t\t\t\t<\/div>","protected":false},"excerpt":{"rendered":"<p>Cuibhreannas Tionscla\u00edoch Cuireann Cuibhreannas Tionscla\u00edoch ALT-EDIC treoir ar f\u00e1il maidir le tosa\u00edochta\u00ed forbartha Teicneola\u00edochta\u00ed Teanga do ALT-EDIC agus cuireann s\u00e9 f\u00f3ram ar f\u00e1il chun tionscadail nua a mhionsaothr\u00fa. R\u00e9amhr\u00e1 Cuireann Cuibhreannas Tionscla\u00edoch ALT-EDIC le rialachas ALT-EDIC. Seoladh a fhoirmi\u00fa ar 6 M\u00e1rta, 2025. T\u00e1 s\u00e9 mar aidhm ag an gComhghuaill\u00edocht um Theicneola\u00edochta\u00ed Teanga (ALT-EDIC) bonneagar coiteann Eorpach a fhorbairt [...]<\/p>","protected":false},"author":1,"featured_media":0,"parent":0,"menu_order":0,"comment_status":"closed","ping_status":"closed","template":"","meta":{"footnotes":""},"class_list":["post-10714","page","type-page","status-publish","hentry"],"aioseo_notices":[],"_links":{"self":[{"href":"https:\/\/www.alt-edic.eu\/ga\/wp-json\/wp\/v2\/pages\/10714","targetHints":{"allow":["GET"]}}],"collection":[{"href":"https:\/\/www.alt-edic.eu\/ga\/wp-json\/wp\/v2\/pages"}],"about":[{"href":"https:\/\/www.alt-edic.eu\/ga\/wp-json\/wp\/v2\/types\/page"}],"author":[{"embeddable":true,"href":"https:\/\/www.alt-edic.eu\/ga\/wp-json\/wp\/v2\/users\/1"}],"replies":[{"embeddable":true,"href":"https:\/\/www.alt-edic.eu\/ga\/wp-json\/wp\/v2\/comments?post=10714"}],"version-history":[{"count":0,"href":"https:\/\/www.alt-edic.eu\/ga\/wp-json\/wp\/v2\/pages\/10714\/revisions"}],"wp:attachment":[{"href":"https:\/\/www.alt-edic.eu\/ga\/wp-json\/wp\/v2\/media?parent=10714"}],"curies":[{"name":"wp","href":"https:\/\/api.w.org\/{rel}","templated":true}]}}