{"id":10575,"date":"2025-02-04T07:44:01","date_gmt":"2025-02-04T06:44:01","guid":{"rendered":"https:\/\/alt-edic.eu\/?page_id=10575"},"modified":"2026-01-20T10:11:27","modified_gmt":"2026-01-20T09:11:27","slug":"openeurollm","status":"publish","type":"page","link":"https:\/\/www.alt-edic.eu\/ga\/projects\/openeurollm\/","title":{"rendered":"<p>OpenEuroLLM<\/p>"},"content":{"rendered":"<div data-elementor-type=\"wp-page\" data-elementor-id=\"10575\" class=\"elementor elementor-10575\" data-elementor-post-type=\"page\">\n\t\t\t\t\t\t<section class=\"elementor-section elementor-top-section elementor-element elementor-element-1577bd88 elementor-section-stretched elementor-section-boxed elementor-section-height-default elementor-section-height-default\" data-id=\"1577bd88\" data-element_type=\"section\" data-e-type=\"section\" data-settings='{\"stretch_section\":\"section-stretched\",\"background_background\":\"gradient\"}'>\n\t\t\t\t\t\t<div class=\"elementor-container elementor-column-gap-extended\">\n\t\t\t\t\t<div class=\"elementor-column elementor-col-50 elementor-top-column elementor-element elementor-element-70dc39ba\" data-id=\"70dc39ba\" data-element_type=\"column\" data-e-type=\"column\">\n\t\t\t<div class=\"elementor-widget-wrap elementor-element-populated\">\n\t\t\t\t\t\t<div class=\"elementor-element elementor-element-51cabebb elementor-widget elementor-widget-heading\" data-id=\"51cabebb\" data-element_type=\"widget\" data-e-type=\"widget\" data-widget_type=\"heading.default\">\n\t\t\t\t<div class=\"elementor-widget-container\">\n\t\t\t\t\t<h1 class=\"elementor-heading-title elementor-size-default\">OpenEuroLLM<\/h1>\t\t\t\t<\/div>\n\t\t\t\t<\/div>\n\t\t\t\t<div class=\"elementor-element elementor-element-1f4ee8af elementor-widget elementor-widget-text-editor\" data-id=\"1f4ee8af\" data-element_type=\"widget\" data-e-type=\"widget\" data-widget_type=\"text-editor.default\">\n\t\t\t\t<div class=\"elementor-widget-container\">\n\t\t\t\t\t\t\t\t\t<p><strong>Leis an tionscadal OpenEuroLLM (Teaghlach Oscailte Eorpach na Samhlacha M\u00f3ra Teanga), tugtar le ch\u00e9ile pr\u00edomhchuideachta\u00ed agus institi\u00faid\u00ed taighde IS na hEorpa chun samhlacha teanga foinse oscailte den ch\u00e9ad ghl\u00fain eile a fhorbairt.<\/strong><\/p>\t\t\t\t\t\t\t\t<\/div>\n\t\t\t\t<\/div>\n\t\t\t\t\t<\/div>\n\t\t<\/div>\n\t\t\t\t<div class=\"elementor-column elementor-col-50 elementor-top-column elementor-element elementor-element-286565d9 elementor-hidden-tablet elementor-hidden-phone\" data-id=\"286565d9\" data-element_type=\"column\" data-e-type=\"column\">\n\t\t\t<div class=\"elementor-widget-wrap\">\n\t\t\t\t\t\t\t<\/div>\n\t\t<\/div>\n\t\t\t\t\t<\/div>\n\t\t<\/section>\n\t\t\t\t<section class=\"elementor-section elementor-top-section elementor-element elementor-element-2a82150a elementor-section-stretched elementor-section-boxed elementor-section-height-default elementor-section-height-default\" data-id=\"2a82150a\" data-element_type=\"section\" data-e-type=\"section\" data-settings='{\"stretch_section\":\"section-stretched\"}'>\n\t\t\t\t\t\t<div class=\"elementor-container elementor-column-gap-extended\">\n\t\t\t\t\t<div class=\"elementor-column elementor-col-50 elementor-top-column elementor-element elementor-element-4dc940b2 elementor-invisible\" data-id=\"4dc940b2\" data-element_type=\"column\" data-e-type=\"column\" data-settings='{\"animation\":\"slide-left\",\"animation_delay\":200}'>\n\t\t\t<div class=\"elementor-widget-wrap elementor-element-populated\">\n\t\t\t\t\t\t<div class=\"elementor-element elementor-element-2fa08fbe elementor-widget elementor-widget-text-editor\" data-id=\"2fa08fbe\" data-element_type=\"widget\" data-e-type=\"widget\" data-widget_type=\"text-editor.default\">\n\t\t\t\t<div class=\"elementor-widget-container\">\n\t\t\t\t\t\t\t\t\t<p>T\u00f3gfaidh an tionscadal OpenEuroLLM teaghlach de bhunsamhlacha ardfheidhm\u00edochta ilteangacha m\u00f3ra teanga le haghaidh seirbh\u00eds\u00ed tr\u00e1cht\u00e1la, tionscla\u00edocha agus poibl\u00ed. D\u00e9anfaidh na samhlacha foinse oscailte tr\u00e9dhearcacha comhl\u00edontacha rochtain ar theicneola\u00edochta\u00ed intleachta saorga ardch\u00e1il\u00edochta a dhaonlath\u00fa agus neart\u00f3idh siad cumas cuideachta\u00ed Eorpacha dul san ioma\u00edocht ar mhargadh domhanda agus eagra\u00edochta\u00ed poibl\u00ed chun seirbh\u00eds\u00ed poibl\u00ed a bhfuil tionchar acu a th\u00e1irgeadh. Bail\u00edonn cuibhreannas an tionscadail 20 ceann de phr\u00edomhinstiti\u00faid\u00ed taighde na hEorpa agus ionaid EuroHPC arna gcomhord\u00fa ag Ollscoil Charles (an tSeicia) agus arna gcomhsti\u00faradh ag AMD Silo AI (an Fhionlainn). Tugann ALT-EDIC a chumas chun sonra\u00ed teanga a chruth\u00fa agus a bhainisti\u00fa, meast\u00f3ireacht a dh\u00e9anamh ar theicneola\u00edocht teanga, agus t\u00f3g\u00e1il pobail don tionscadal.<\/p>\t\t\t\t\t\t\t\t<\/div>\n\t\t\t\t<\/div>\n\t\t\t\t\t<\/div>\n\t\t<\/div>\n\t\t\t\t<div class=\"elementor-column elementor-col-50 elementor-top-column elementor-element elementor-element-169741bd elementor-hidden-tablet elementor-hidden-phone elementor-invisible\" data-id=\"169741bd\" data-element_type=\"column\" data-e-type=\"column\" data-settings='{\"animation\":\"slide-right\"}'>\n\t\t\t<div class=\"elementor-widget-wrap elementor-element-populated\">\n\t\t\t\t\t\t<div class=\"elementor-element elementor-element-47d0ea elementor-widget elementor-widget-image\" data-id=\"47d0ea\" data-element_type=\"widget\" data-e-type=\"widget\" data-widget_type=\"image.default\">\n\t\t\t\t<div class=\"elementor-widget-container\">\n\t\t\t\t\t\t\t\t\t\t\t\t\t\t\t<img fetchpriority=\"high\" decoding=\"async\" width=\"800\" height=\"537\" src=\"https:\/\/www.alt-edic.eu\/wp-content\/uploads\/2026\/01\/Project-page-images-3-e1768900277855.png\" class=\"attachment-full size-full wp-image-11112\" alt=\"\" srcset=\"https:\/\/www.alt-edic.eu\/wp-content\/uploads\/2026\/01\/Project-page-images-3-e1768900277855.png 800w, https:\/\/www.alt-edic.eu\/wp-content\/uploads\/2026\/01\/Project-page-images-3-e1768900277855-300x201.png 300w, https:\/\/www.alt-edic.eu\/wp-content\/uploads\/2026\/01\/Project-page-images-3-e1768900277855-768x516.png 768w, https:\/\/www.alt-edic.eu\/wp-content\/uploads\/2026\/01\/Project-page-images-3-e1768900277855-18x12.png 18w\" sizes=\"(max-width: 800px) 100vw, 800px\">\t\t\t\t\t\t\t\t\t\t\t\t\t\t\t<\/div>\n\t\t\t\t<\/div>\n\t\t\t\t\t<\/div>\n\t\t<\/div>\n\t\t\t\t\t<\/div>\n\t\t<\/section>\n\t\t<div class=\"elementor-element elementor-element-8ed64da e-flex e-con-boxed e-con e-parent\" data-id=\"8ed64da\" data-element_type=\"container\" data-e-type=\"container\">\n\t\t\t\t\t<div class=\"e-con-inner\">\n\t\t\t\t<div class=\"elementor-element elementor-element-41c7d55 elementor-widget__width-initial elementor-widget elementor-widget-text-editor\" data-id=\"41c7d55\" data-element_type=\"widget\" data-e-type=\"widget\" data-widget_type=\"text-editor.default\">\n\t\t\t\t<div class=\"elementor-widget-container\">\n\t\t\t\t\t\t\t\t\t<p>T\u00e1 tionscadal OpenEuroLLM ail\u00ednithe leis an ng\u00e1 at\u00e1 le hioma\u00edochas agus ceannasacht dhigiteach na hEorpa a fheabhs\u00fa. Is sampla den scoth \u00e9 an tionscadal den chine\u00e1l bonneagair teicneola\u00edochta is g\u00e1 chun tairseacha a \u00edsli\u00fa maidir le forbairt agus mionchoigeart\u00fa t\u00e1irg\u00ed intleachta saorga Eorpacha, rud a l\u00e9ir\u00edonn neart na tr\u00e9dhearcachta, na hoscailteachta agus rannph\u00e1irt\u00edocht an phobail, luachanna a aithn\u00edtear den chuid is m\u00f3 ar fud \u00e9iceach\u00f3ras teicneola\u00edochta na hEorpa. Forbr\u00f3far na samhlacha laistigh de chreat rial\u00e1la l\u00e1idir na hEorpa, lena n-\u00e1iritheofar ail\u00edni\u00fa le luachanna Eorpacha agus barr feabhais teicneola\u00edochta \u00e1 choinne\u00e1il ag an am c\u00e9anna.<\/p><p>Tr\u00ed chomhoibri\u00fa le pobail eola\u00edochta oscailte agus oscailte mar LAION, OpenML, agus saineolaithe breise sa r\u00e9imse a chuirtear le ch\u00e9ile i mBord Comhph\u00e1irt\u00edochta Strait\u00e9is\u00ed Oscailte an tionscadail, \u00e1iritheoidh OpenEuroLLM go mbeidh na samhlacha, na bogearra\u00ed, na sonra\u00ed agus an mheast\u00f3ireacht go hioml\u00e1n oscailte agus gur f\u00e9idir iad a mhionchoigeart\u00fa agus a theagasc do riachtanais shonracha tionscail agus earn\u00e1la poibl\u00ed. Leis na samhlacha ilteangacha sin, caomhna\u00edtear an \u00e9ags\u00falacht teanga agus chult\u00fartha araon, rud a chuireann ar chumas cuideachta\u00ed Eorpacha t\u00e1irg\u00ed agus seirbh\u00eds\u00ed ardch\u00e1il\u00edochta a fhorbairt i r\u00e9 na hintleachta saorga.<\/p><p>D\u00e9anann an tionscadal, ar bronnadh s\u00e9ala STEP (Ard\u00e1n Teicneola\u00edochta\u00ed Strait\u00e9iseacha don Eoraip) air, taca\u00edocht a ghiar\u00e1il \u00f3 thionscadail Eorpacha roimhe seo agus \u00f3 thaith\u00ed na gcomhph\u00e1irtithe agus a dtortha\u00ed, lena n-\u00e1ir\u00edtear st\u00f3rtha m\u00f3ra sonra\u00ed ardch\u00e1il\u00edochta agus LLManna p\u00edol\u00f3tacha a forbra\u00edodh roimhe seo. T\u00e1 s\u00e9 maoinithe ag an gCoimisi\u00fan Eorpach faoin gCl\u00e1r don Eoraip Dhigiteach agus cuireadh t\u00fas leis an 1 Feabhra 2025, ar feadh tr\u00e9imhse 3 bliana.<\/p><p>T\u00e1 tuilleadh eolais ar f\u00e1il anseo <a href=\"https:\/\/www.mff.cuni.cz\/en\/public\/news\/charles-university-as-the-main-coordinator-of-the-openeurollm-project\"><span style=\"text-decoration: underline;\">anseo<\/span><\/a>.<\/p>\t\t\t\t\t\t\t\t<\/div>\n\t\t\t\t<\/div>\n\t\t\t\t\t<\/div>\n\t\t\t\t<\/div>\n\t\t\t\t<\/div>","protected":false},"excerpt":{"rendered":"<p>OpenEuroLLM Bail\u00edonn an tionscadal OpenEuroLLM (Teaghlach Oscailte Eorpach na Samhlacha M\u00f3ra Teanga) pr\u00edomhchuideachta\u00ed agus institi\u00faid\u00ed taighde IS na hEorpa le ch\u00e9ile chun samhlacha teanga foinse oscailte den ch\u00e9ad ghl\u00fain eile a fhorbairt. T\u00f3gfaidh an tionscadal OpenEuroLLM gr\u00fapa de bhunsamhlacha teanga ardfheidhm\u00edochta, ilteangacha agus m\u00f3ra le haghaidh seirbh\u00eds\u00ed tr\u00e1cht\u00e1la, tionscla\u00edocha agus poibl\u00ed. \u00b7 D\u00e9anfaidh na samhlacha foinse oscailte tr\u00e9dhearcacha agus comhl\u00edontacha rochtain ar [\u2026] a dhaonlath\u00fa<\/p>","protected":false},"author":1,"featured_media":0,"parent":9229,"menu_order":0,"comment_status":"closed","ping_status":"closed","template":"","meta":{"footnotes":""},"class_list":["post-10575","page","type-page","status-publish","hentry"],"aioseo_notices":[],"_links":{"self":[{"href":"https:\/\/www.alt-edic.eu\/ga\/wp-json\/wp\/v2\/pages\/10575","targetHints":{"allow":["GET"]}}],"collection":[{"href":"https:\/\/www.alt-edic.eu\/ga\/wp-json\/wp\/v2\/pages"}],"about":[{"href":"https:\/\/www.alt-edic.eu\/ga\/wp-json\/wp\/v2\/types\/page"}],"author":[{"embeddable":true,"href":"https:\/\/www.alt-edic.eu\/ga\/wp-json\/wp\/v2\/users\/1"}],"replies":[{"embeddable":true,"href":"https:\/\/www.alt-edic.eu\/ga\/wp-json\/wp\/v2\/comments?post=10575"}],"version-history":[{"count":0,"href":"https:\/\/www.alt-edic.eu\/ga\/wp-json\/wp\/v2\/pages\/10575\/revisions"}],"up":[{"embeddable":true,"href":"https:\/\/www.alt-edic.eu\/ga\/wp-json\/wp\/v2\/pages\/9229"}],"wp:attachment":[{"href":"https:\/\/www.alt-edic.eu\/ga\/wp-json\/wp\/v2\/media?parent=10575"}],"curies":[{"name":"wp","href":"https:\/\/api.w.org\/{rel}","templated":true}]}}