{"id":10281,"date":"2024-12-04T21:15:45","date_gmt":"2024-12-04T21:15:45","guid":{"rendered":"https:\/\/alt-edic.eu\/?page_id=10281"},"modified":"2026-01-29T01:39:58","modified_gmt":"2026-01-29T00:39:58","slug":"llms4eu","status":"publish","type":"page","link":"https:\/\/www.alt-edic.eu\/ga\/projects\/llms4eu\/","title":{"rendered":"<p>LLMs4EU<\/p>"},"content":{"rendered":"<div data-elementor-type=\"wp-page\" data-elementor-id=\"10281\" class=\"elementor elementor-10281\" data-elementor-post-type=\"page\">\n\t\t\t\t\t\t<section class=\"elementor-section elementor-top-section elementor-element elementor-element-1577bd88 elementor-section-stretched elementor-section-boxed elementor-section-height-default elementor-section-height-default\" data-id=\"1577bd88\" data-element_type=\"section\" data-e-type=\"section\" data-settings='{\"stretch_section\":\"section-stretched\",\"background_background\":\"gradient\"}'>\n\t\t\t\t\t\t<div class=\"elementor-container elementor-column-gap-extended\">\n\t\t\t\t\t<div class=\"elementor-column elementor-col-50 elementor-top-column elementor-element elementor-element-70dc39ba\" data-id=\"70dc39ba\" data-element_type=\"column\" data-e-type=\"column\">\n\t\t\t<div class=\"elementor-widget-wrap elementor-element-populated\">\n\t\t\t\t\t\t<div class=\"elementor-element elementor-element-51cabebb elementor-widget elementor-widget-heading\" data-id=\"51cabebb\" data-element_type=\"widget\" data-e-type=\"widget\" data-widget_type=\"heading.default\">\n\t\t\t\t<div class=\"elementor-widget-container\">\n\t\t\t\t\t<h1 class=\"elementor-heading-title elementor-size-default\">LLMs4EU<\/h1>\t\t\t\t<\/div>\n\t\t\t\t<\/div>\n\t\t\t\t<div class=\"elementor-element elementor-element-1f4ee8af elementor-widget elementor-widget-text-editor\" data-id=\"1f4ee8af\" data-element_type=\"widget\" data-e-type=\"widget\" data-widget_type=\"text-editor.default\">\n\t\t\t\t<div class=\"elementor-widget-container\">\n\t\t\t\t\t\t\t\t\t<p>T\u00e1 an <strong>LLMs4EU (M\u00fanla\u00ed M\u00f3ra Teanga don Aontas Eorpach)<\/strong> Is \u00e9 ALT-EDIC a chomhorda\u00edonn an tionscadal agus tac\u00f3idh s\u00e9 le l\u00edon m\u00f3r comhph\u00e1irtithe in \u00e9iceach\u00f3ras LLM na hEorpa. Cuirfidh s\u00e9 ar a gcumas sonra\u00ed teanga a bhaili\u00fa ar ch\u00e1il\u00edocht agus ar chainn\u00edocht leordh\u00f3thanach chun bunsamhlacha teanga m\u00f3ra a th\u00f3g\u00e1il chomh maith le samhlacha at\u00e1 curtha in oiri\u00faint do theangacha, d\u2019fhearainn n\u00f3 do thionscail shonracha, agus chun taca\u00edocht agus seirbh\u00eds\u00ed tiomnaithe a chur ar f\u00e1il lena gcuirfear ar chumas daoine eile na samhlacha at\u00e1 ar f\u00e1il a mhionchoigeart\u00fa.<\/p>\t\t\t\t\t\t\t\t<\/div>\n\t\t\t\t<\/div>\n\t\t\t\t\t<\/div>\n\t\t<\/div>\n\t\t\t\t<div class=\"elementor-column elementor-col-50 elementor-top-column elementor-element elementor-element-286565d9 elementor-hidden-tablet elementor-hidden-phone\" data-id=\"286565d9\" data-element_type=\"column\" data-e-type=\"column\">\n\t\t\t<div class=\"elementor-widget-wrap\">\n\t\t\t\t\t\t\t<\/div>\n\t\t<\/div>\n\t\t\t\t\t<\/div>\n\t\t<\/section>\n\t\t\t\t<section class=\"elementor-section elementor-top-section elementor-element elementor-element-2a82150a elementor-section-stretched elementor-section-boxed elementor-section-height-default elementor-section-height-default\" data-id=\"2a82150a\" data-element_type=\"section\" data-e-type=\"section\" data-settings='{\"stretch_section\":\"section-stretched\"}'>\n\t\t\t\t\t\t<div class=\"elementor-container elementor-column-gap-extended\">\n\t\t\t\t\t<div class=\"elementor-column elementor-col-50 elementor-top-column elementor-element elementor-element-4dc940b2 elementor-invisible\" data-id=\"4dc940b2\" data-element_type=\"column\" data-e-type=\"column\" data-settings='{\"animation\":\"slide-left\",\"animation_delay\":200}'>\n\t\t\t<div class=\"elementor-widget-wrap elementor-element-populated\">\n\t\t\t\t\t\t<div class=\"elementor-element elementor-element-2fa08fbe elementor-widget elementor-widget-text-editor\" data-id=\"2fa08fbe\" data-element_type=\"widget\" data-e-type=\"widget\" data-widget_type=\"text-editor.default\">\n\t\t\t\t<div class=\"elementor-widget-container\">\n\t\t\t\t\t\t\t\t\t<p>Is \u00e9 is aidhm do thionscadal LLMs4EU \u00e9ags\u00falacht teanga agus chult\u00fartha na hEorpa a chaomhn\u00fa sa r\u00e9 dhigiteach tr\u00ed chomhar idir gn\u00edomhaithe eacnama\u00edocha agus acad\u00fala. Go deimhin, t\u00e1 roinnt teangacha Eorpacha faoi bhagairt a bheith f\u00e1gtha ar leataobh \u00f3 fhorbairt ghini\u00fanach IS mar gheall ar an easpa acmhainn\u00ed chun oili\u00faint a chur ar shamhlacha teanga. Ina theannta sin, t\u00e1 s\u00e9 beartaithe leis an tionscadal roinnt de phr\u00edomhghn\u00edomhaithe na hEorpa i r\u00e9imse na hintleachta saorga gini\u00fana\u00ed a thabhairt le ch\u00e9ile chun a \u00e1irithi\u00fa go mbeidh rochtain ag cuideachta\u00ed Eorpacha agus go h\u00e1irithe FBManna ar na huirlis\u00ed agus na hacmhainn\u00ed chun bheith ioma\u00edoch maidir le teicneola\u00edochta\u00ed teanga agus go h\u00e1irithe M\u00fanla\u00ed M\u00f3ra Teanga (LLManna). D\u00edr\u00edonn an tionscadal ar ch\u00faig r\u00e9imse iarratais: fuinneamh, teileachumars\u00e1id, turas\u00f3ireacht, seirbh\u00eds\u00ed poibl\u00ed, agus eola\u00edocht.<\/p>\t\t\t\t\t\t\t\t<\/div>\n\t\t\t\t<\/div>\n\t\t\t\t\t<\/div>\n\t\t<\/div>\n\t\t\t\t<div class=\"elementor-column elementor-col-50 elementor-top-column elementor-element elementor-element-169741bd elementor-hidden-tablet elementor-hidden-phone elementor-invisible\" data-id=\"169741bd\" data-element_type=\"column\" data-e-type=\"column\" data-settings='{\"animation\":\"slide-right\"}'>\n\t\t\t<div class=\"elementor-widget-wrap elementor-element-populated\">\n\t\t\t\t\t\t<div class=\"elementor-element elementor-element-47d0ea elementor-widget elementor-widget-image\" data-id=\"47d0ea\" data-element_type=\"widget\" data-e-type=\"widget\" data-widget_type=\"image.default\">\n\t\t\t\t<div class=\"elementor-widget-container\">\n\t\t\t\t\t\t\t\t\t\t\t\t\t\t\t<img fetchpriority=\"high\" decoding=\"async\" width=\"800\" height=\"495\" src=\"https:\/\/www.alt-edic.eu\/wp-content\/uploads\/2026\/01\/LLMs4EU-e1768900210939.png\" class=\"attachment-full size-full wp-image-11108\" alt=\"\" srcset=\"https:\/\/www.alt-edic.eu\/wp-content\/uploads\/2026\/01\/LLMs4EU-e1768900210939.png 800w, https:\/\/www.alt-edic.eu\/wp-content\/uploads\/2026\/01\/LLMs4EU-e1768900210939-300x186.png 300w, https:\/\/www.alt-edic.eu\/wp-content\/uploads\/2026\/01\/LLMs4EU-e1768900210939-768x475.png 768w, https:\/\/www.alt-edic.eu\/wp-content\/uploads\/2026\/01\/LLMs4EU-e1768900210939-18x12.png 18w\" sizes=\"(max-width: 800px) 100vw, 800px\">\t\t\t\t\t\t\t\t\t\t\t\t\t\t\t<\/div>\n\t\t\t\t<\/div>\n\t\t\t\t\t<\/div>\n\t\t<\/div>\n\t\t\t\t\t<\/div>\n\t\t<\/section>\n\t\t<div class=\"elementor-element elementor-element-8ed64da e-flex e-con-boxed e-con e-parent\" data-id=\"8ed64da\" data-element_type=\"container\" data-e-type=\"container\">\n\t\t\t\t\t<div class=\"e-con-inner\">\n\t\t\t\t<div class=\"elementor-element elementor-element-41c7d55 elementor-widget__width-initial elementor-widget elementor-widget-text-editor\" data-id=\"41c7d55\" data-element_type=\"widget\" data-e-type=\"widget\" data-widget_type=\"text-editor.default\">\n\t\t\t\t<div class=\"elementor-widget-container\">\n\t\t\t\t\t\t\t\t\t<p>Is \u00e9 an sprioc LLManna agus na huirlis\u00ed go l\u00e9ir is g\u00e1 chun iad a shaothr\u00fa i dteangacha uile an Aontais a chur ar f\u00e1il ar bhealach oscailte tr\u00ed leas a bhaint as cl\u00e1ir agus inni\u00falachta\u00ed Eorpacha at\u00e1 ann cheana. Cl\u00fad\u00f3idh na huirlis\u00ed a chuirfear ar f\u00e1il do chuideachta\u00ed Eorpacha na c\u00e9imeanna go l\u00e9ir \u00f3 oili\u00faint LLManna go dt\u00ed a gcomhr\u00e9ireacht le reachta\u00edocht na hEorpa a chinnti\u00fa (An tAcht IS, GDPR, srl.).<\/p><p>\u00c1ir\u00edtear leis an gcuibhreannas a crutha\u00edodh timpeall ALT-EDIC eagra\u00edochta\u00ed at\u00e1 ag obair i 20 t\u00edr, rud a chinnt\u00edonn cumhdach maith geografach agus teanga. Leis an tionscadal, forbr\u00f3far c\u00e1sanna \u00fas\u00e1ide \u00e1bhartha \u00e9ags\u00fala chun l\u00e9iri\u00fa a thabhairt ar chumas na ngn\u00edomhaithe Eorpacha oibri\u00fa le ch\u00e9ile chun uirlis\u00ed oiri\u00fanaithe a chruth\u00fa d\u2019earn\u00e1lacha eacnama\u00edocha \u00e9ags\u00fala, agus \u00e1iritheofar cumhdach theangacha uile an Aontais tr\u00ed na tacair sonra\u00ed is g\u00e1 a chruth\u00fa agus a fh\u00e1il leis an tionscadal.<\/p><p>Leis an tionscadal, lena n-\u00e1ir\u00edtear tr\u00ed Thaca\u00edocht Airgeadais do Thr\u00ed\u00fa P\u00e1irtithe, sol\u00e1thr\u00f3far taca\u00edocht agus seirbh\u00eds\u00ed tiomnaithe, go h\u00e1irithe do FBManna, chun mionchoigeart\u00fa na samhlacha at\u00e1 ar f\u00e1il a \u00e9asc\u00fa.<\/p><p>T\u00e1 an tionscadal \u00e1 mhaoini\u00fa ag an gCl\u00e1r don Eoraip Dhigiteach. Cuireadh t\u00fas leis i m\u00ed an Mh\u00e1rta 2025, ar feadh tr\u00e9imhse 3 bliana.<\/p><p>Chun tuilleadh eolais a fh\u00e1il, tabhair cuairt ar <a href=\"https:\/\/www.llms4eu.eu\">Su\u00edomh gr\u00e9as\u00e1in thionscadal LLMs4EU.<\/a><\/p>\t\t\t\t\t\t\t\t<\/div>\n\t\t\t\t<\/div>\n\t\t\t\t\t<\/div>\n\t\t\t\t<\/div>\n\t\t\t\t<\/div>","protected":false},"excerpt":{"rendered":"<p>LLMs4EU Is \u00e9 ALT-EDIC a chomhorda\u00edonn an tionscadal LLMs4EU (Samhlacha M\u00f3ra Teanga don Aontas Eorpach) agus tac\u00f3idh s\u00e9 le l\u00edon m\u00f3r comhph\u00e1irtithe in \u00e9iceach\u00f3ras LLM na hEorpa. Cuirfidh s\u00e9 ar a gcumas sonra\u00ed teanga ar ch\u00e1il\u00edocht agus ar chainn\u00edocht leordh\u00f3thanach a bhaili\u00fa chun bunsamhlacha teanga m\u00f3ra a th\u00f3g\u00e1il chomh maith le samhlacha at\u00e1 curtha in oiri\u00faint do [...] shonracha<\/p>","protected":false},"author":1,"featured_media":0,"parent":9229,"menu_order":0,"comment_status":"closed","ping_status":"closed","template":"","meta":{"footnotes":""},"class_list":["post-10281","page","type-page","status-publish","hentry"],"aioseo_notices":[],"_links":{"self":[{"href":"https:\/\/www.alt-edic.eu\/ga\/wp-json\/wp\/v2\/pages\/10281","targetHints":{"allow":["GET"]}}],"collection":[{"href":"https:\/\/www.alt-edic.eu\/ga\/wp-json\/wp\/v2\/pages"}],"about":[{"href":"https:\/\/www.alt-edic.eu\/ga\/wp-json\/wp\/v2\/types\/page"}],"author":[{"embeddable":true,"href":"https:\/\/www.alt-edic.eu\/ga\/wp-json\/wp\/v2\/users\/1"}],"replies":[{"embeddable":true,"href":"https:\/\/www.alt-edic.eu\/ga\/wp-json\/wp\/v2\/comments?post=10281"}],"version-history":[{"count":0,"href":"https:\/\/www.alt-edic.eu\/ga\/wp-json\/wp\/v2\/pages\/10281\/revisions"}],"up":[{"embeddable":true,"href":"https:\/\/www.alt-edic.eu\/ga\/wp-json\/wp\/v2\/pages\/9229"}],"wp:attachment":[{"href":"https:\/\/www.alt-edic.eu\/ga\/wp-json\/wp\/v2\/media?parent=10281"}],"curies":[{"name":"wp","href":"https:\/\/api.w.org\/{rel}","templated":true}]}}