{"id":8956,"date":"2024-10-03T19:49:01","date_gmt":"2024-10-03T19:49:01","guid":{"rendered":"https:\/\/alt-edic.eu\/?page_id=8956"},"modified":"2026-02-20T16:58:54","modified_gmt":"2026-02-20T15:58:54","slug":"site-map","status":"publish","type":"page","link":"https:\/\/www.alt-edic.eu\/fr\/site-map\/","title":{"rendered":"<p>Plan du site<\/p>"},"content":{"rendered":"<div data-elementor-type=\"wp-page\" data-elementor-id=\"8956\" class=\"elementor elementor-8956\" data-elementor-post-type=\"page\">\n\t\t\t\t<div class=\"elementor-element elementor-element-93e5c7d e-flex e-con-boxed e-con e-parent\" data-id=\"93e5c7d\" data-element_type=\"container\" data-e-type=\"container\">\n\t\t\t\t\t<div class=\"e-con-inner\">\n\t\t\t\t<div class=\"elementor-element elementor-element-ea8f1ca elementor-widget elementor-widget-text-editor\" data-id=\"ea8f1ca\" data-element_type=\"widget\" data-e-type=\"widget\" data-widget_type=\"text-editor.default\">\n\t\t\t\t<div class=\"elementor-widget-container\">\n\t\t\t\t\t\t\t\t\t<ul>\n<li><a href=\"https:\/\/www.alt-edic.eu\/fr\/\">Accueil<\/a><\/li>\n<li><a href=\"https:\/\/www.alt-edic.eu\/fr\/about-alt-edic\/\">\u00c0 propos de nous<\/a><\/li>\n<li><a href=\"https:\/\/www.alt-edic.eu\/fr\/what-is-an-edic\/\">Qu'est-ce qu'un EDIC<\/a><\/li>\n<li><a href=\"https:\/\/www.alt-edic.eu\/fr\/the-cite-internationale-de-la-langue-francaise\/\">Localisation<\/a><\/li>\n<li><a href=\"https:\/\/www.alt-edic.eu\/fr\/governance\/\">Gouvernance<\/a><\/li>\n<li><a href=\"https:\/\/www.alt-edic.eu\/fr\/consortium\/\">Consortium<\/a><\/li>\n<li><a href=\"https:\/\/www.alt-edic.eu\/fr\/projects\/\">Nos Projets<\/a><\/li>\n<li><a href=\"https:\/\/www.alt-edic.eu\/fr\/job-offers\/\">Offres d'emploi<\/a><\/li>\n<li><a href=\"https:\/\/www.alt-edic.eu\/fr\/blog\/\">Actualit\u00e9s &amp; \u00c9v\u00e9nements<\/a><\/li>\n<li><a href=\"https:\/\/www.alt-edic.eu\/fr\/contact\/\">Contactez-nous<\/a><\/li>\n<li><a href=\"https:\/\/www.alt-edic.eu\/fr\/legal-notices\/\">Mentions l\u00e9gales<\/a><\/li>\n<li><a href=\"https:\/\/www.alt-edic.eu\/fr\/privacy-policy\/\">Politique de confidentialit\u00e9<\/a><\/li>\n<li><a href=\"https:\/\/www.alt-edic.eu\/fr\/accessibility\/\">Accessibilit\u00e9<\/a><\/li>\n<\/ul>\t\t\t\t\t\t\t\t<\/div>\n\t\t\t\t<\/div>\n\t\t\t\t\t<\/div>\n\t\t\t\t<\/div>\n\t\t\t\t<\/div>","protected":false},"excerpt":{"rendered":"<p>Accueil \u00c0 propos de nous Qu'est-ce qu'un CIED Lieu Gouvernance Consortium Nos projets Offres d'emploi Nouvelles &amp; \u00c9v\u00e9nements Contactez-nous Mentions l\u00e9gales Politique de confidentialit\u00e9 Accessibilit\u00e9<\/p>","protected":false},"author":1,"featured_media":0,"parent":0,"menu_order":0,"comment_status":"closed","ping_status":"closed","template":"","meta":{"footnotes":""},"class_list":["post-8956","page","type-page","status-publish","hentry"],"aioseo_notices":[],"_links":{"self":[{"href":"https:\/\/www.alt-edic.eu\/fr\/wp-json\/wp\/v2\/pages\/8956","targetHints":{"allow":["GET"]}}],"collection":[{"href":"https:\/\/www.alt-edic.eu\/fr\/wp-json\/wp\/v2\/pages"}],"about":[{"href":"https:\/\/www.alt-edic.eu\/fr\/wp-json\/wp\/v2\/types\/page"}],"author":[{"embeddable":true,"href":"https:\/\/www.alt-edic.eu\/fr\/wp-json\/wp\/v2\/users\/1"}],"replies":[{"embeddable":true,"href":"https:\/\/www.alt-edic.eu\/fr\/wp-json\/wp\/v2\/comments?post=8956"}],"version-history":[{"count":0,"href":"https:\/\/www.alt-edic.eu\/fr\/wp-json\/wp\/v2\/pages\/8956\/revisions"}],"wp:attachment":[{"href":"https:\/\/www.alt-edic.eu\/fr\/wp-json\/wp\/v2\/media?parent=8956"}],"curies":[{"name":"wp","href":"https:\/\/api.w.org\/{rel}","templated":true}]}}