{"id":3,"date":"2024-08-18T14:41:06","date_gmt":"2024-08-18T14:41:06","guid":{"rendered":"https:\/\/alt-edic.eu\/?page_id=3"},"modified":"2024-12-13T10:53:32","modified_gmt":"2024-12-13T09:53:32","slug":"privacy-policy","status":"publish","type":"page","link":"https:\/\/www.alt-edic.eu\/fi\/privacy-policy\/","title":{"rendered":"<p>Tietosuojak\u00e4yt\u00e4nt\u00f6<\/p>"},"content":{"rendered":"<p><p>Alt-edic.eu-verkkosivuston henkil\u00f6tietojen k\u00e4sittelyss\u00e4 noudatetaan Euroopan parlamentin ja neuvoston asetusta (EU) 2016\/679, annettu 27 p\u00e4iv\u00e4n\u00e4 huhtikuuta 2016 (tunnetaan nimell\u00e4 RGPD) ja Ranskan lakia nro 78-17, annettu 6 p\u00e4iv\u00e4n\u00e4 tammikuuta 1978, tietotekniikasta, tiedostoista ja vapauksista.<\/p><h2 class=\"wp-block-heading\">Ev\u00e4steiden hallinta<\/h2><p>Kun vierailet <strong>alt-edic.eu <\/strong>verkkosivusto, ev\u00e4steet voidaan sijoittaa tietokoneellesi, matkapuhelimeesi tai tablet-laitteeseesi. Kun k\u00e4yt\u00e4t sivustoa, n\u00e4ytet\u00e4\u00e4n banneri, joka osoittaa ev\u00e4steiden l\u00e4sn\u00e4olon, jolloin voit hyv\u00e4ksy\u00e4 ne, kielt\u00e4yty\u00e4 niist\u00e4 tai hallita mieltymyksi\u00e4si ev\u00e4steen avulla.<\/p><p>K\u00e4ytet\u00e4\u00e4n kahdenlaisia ev\u00e4steit\u00e4:<\/p><ul class=\"wp-block-list\">\n<li>Sivuston asianmukaisen toiminnan kannalta v\u00e4ltt\u00e4m\u00e4tt\u00f6m\u00e4t ev\u00e4steet, jotka eiv\u00e4t tallenna henkil\u00f6tietoja ja jotka n\u00e4in ollen eiv\u00e4t CNIL:n suositusten mukaisesti edellyt\u00e4 ennakkosuostumusta. N\u00e4m\u00e4 ev\u00e4steet aktivoidaan suoraan, jopa ilman k\u00e4ytt\u00e4j\u00e4n positiivista toimintaa.<\/li>\n\n\n\n<li>Matomo-liikenneanalyysity\u00f6kalulla ker\u00e4tyt yleis\u00f6mittausev\u00e4steet (avoimen koodin versio saatavilla osoitteessa <a href=\"https:\/\/fr.matomo.org\/\">https:\/\/fr.matomo.org\/<\/a>): N\u00e4m\u00e4 ev\u00e4steet tallentavat henkil\u00f6tietoja (IP-osoite, sijainti). N\u00e4m\u00e4 tiedot tallennetaan OVH:n palvelimelle (ranskalainen palvelin sijaitsee Ranskassa) ja s\u00e4ilytet\u00e4\u00e4n 6 kuukauden ajan. N\u00e4it\u00e4 ev\u00e4steit\u00e4 k\u00e4ytet\u00e4\u00e4n vain sivuston liikennett\u00e4 ja k\u00e4ytt\u00f6\u00e4 koskevien anonyymien tilastotietojen mittaamiseen, seurantaan ja palvelun parantamiseen. Niit\u00e4 ei k\u00e4ytet\u00e4 k\u00e4ytt\u00e4j\u00e4n selaustottumusten seuraamiseen muilla sivustoilla. N\u00e4iden ev\u00e4steiden ker\u00e4\u00e4minen edellytt\u00e4\u00e4, ett\u00e4 k\u00e4ytt\u00e4j\u00e4 hyv\u00e4ksyy bannerin, joka tulee n\u00e4kyviin, kun sivusto avataan.<\/li>\n<\/ul><p>Sivusto tarjoaa my\u00f6s jakamistoimintoja LinkedIn-yhteis\u00f6palvelussa. Huomaa t\u00e4ss\u00e4 yhteydess\u00e4, ett\u00e4 t\u00e4m\u00e4n sosiaalisen verkoston tarjoamien ominaisuuksien k\u00e4ytt\u00f6 todenn\u00e4k\u00f6isesti tuottaa LinkedIn-sivuston hallinnoimia ja tallentamia ev\u00e4steit\u00e4. N\u00e4it\u00e4 ev\u00e4steit\u00e4 voidaan tallentaa vain, kun k\u00e4yt\u00e4t LinkedInin toimintoja, erityisesti <strong>alt-edic.eu<\/strong>, kun jaat LinkedIniss\u00e4. Kehotamme sinua tutustumaan LinkedInin ev\u00e4steiden hallintak\u00e4yt\u00e4nt\u00f6\u00f6n. N\u00e4iden ev\u00e4steiden k\u00e4ytt\u00f6ik\u00e4 ei ylit\u00e4 13 kuukautta.<\/p><p>Voit kielt\u00e4\u00e4 sellaisten ev\u00e4steiden k\u00e4yt\u00f6n, joita ei ole vapautettu suostumuksesta, tai poistaa niiden tallennuksen tietokoneeltasi:<\/p><ul class=\"wp-block-list\">\n<li>Kun k\u00e4yt\u00e4t sivustoa ensimm\u00e4isen kerran, klikkaamalla ev\u00e4steiden hallintabanneria, jonka avulla voit hyv\u00e4ksy\u00e4 tai hyl\u00e4t\u00e4 kaikki ev\u00e4steet tai hallita asetuksiasi.<\/li>\n\n\n\n<li>Voit milloin tahansa napsauttaa sivun alalaidassa olevaa \"ev\u00e4steet\"-painiketta.<\/li>\n\n\n\n<li>Voit milloin tahansa k\u00e4ytt\u00e4\u00e4 selaimesi asetuksia: k\u00e4ytt\u00e4m\u00e4ll\u00e4 selaimesi \u201d\u00c4l\u00e4 seuraa\u201d -toimintoa.<\/li>\n<\/ul><h2 class=\"wp-block-heading\">Oikeuksiesi k\u00e4ytt\u00e4minen<\/h2><p>Sinulla on oikeus tarkastella, oikaista, vastustaa ja poistaa henkil\u00f6tietojasi milloin tahansa.<\/p><p>Jos sinulla on ALT-EDICin ja sen eri osastojen suorittamaa henkil\u00f6tietojen k\u00e4sittely\u00e4 koskevia tietoja tai haluat k\u00e4ytt\u00e4\u00e4 oikeuksiasi (oikeus saada p\u00e4\u00e4sy tietoihin, oikaista tai poistaa niit\u00e4, oikeus rajoittaa k\u00e4sittely\u00e4, oikeus siirt\u00e4\u00e4 tiedot j\u00e4rjestelm\u00e4st\u00e4 toiseen ja oikeus vastustaa tietojen k\u00e4sittely\u00e4), voit ottaa yhteytt\u00e4 tietosuojavastaavaamme (DPO) seuraavassa osoitteessa: dpdalt-edic.eu.<\/p><p>Voit my\u00f6s ottaa yhteytt\u00e4 tietosuojavastaavaan postitse seuraavaan osoitteeseen:<br>ALT-EDIC<br>Tiedoksi tietosuojavastaavalle (DPO)<br>1 sija Aristide Briand<br>02600 Villers-Cotter\u00eats<br>Ranska<\/p><p>Sinulla on my\u00f6s oikeus tehd\u00e4 valitus toimivaltaiselle valvontaviranomaiselle (<a href=\"https:\/\/www.cnil.fr\/fr\" title=\"\">CNIL<\/a>) jos katsot, ett\u00e4 ALT-EDIC ei ole kunnioittanut oikeuksiasi. Lue lis\u00e4\u00e4 oikeuksistasi: <a href=\"https:\/\/www.cnil.fr\/fr\/reglement-europeen-protection-donnees\/chapitre3\" title=\"\">CNIL \u2013 Droits de la personne<\/a> (ranskaksi)<\/p><h2 class=\"wp-block-heading\">Tavaramerkki<\/h2><p>Alt-Edicin tavaramerkki ja logo ovat teollisoikeudella suojattuja tavaramerkkej\u00e4.<\/p><p>T\u00e4m\u00e4n tavaramerkin ja sen logon t\u00e4ydellinen tai osittainen kopiointi ilman oikeudenhaltijoiden nimenomaista lupaa on n\u00e4in ollen ehdottomasti kielletty, ja se on teollis- ja tekij\u00e4noikeuslaissa tarkoitettu v\u00e4\u00e4rent\u00e4misrikos.<\/p><h2 class=\"wp-block-heading\">Tekstisis\u00e4lt\u00f6 ja kuvat<\/h2><p>Kaikki Alt-Edicin verkkosivustolla tarjottava tekstisis\u00e4lt\u00f6 ja kuvat ovat Alt-Edicin omaisuutta.<br>N\u00e4iden tekstien ja kuvien t\u00e4ydellinen tai osittainen kopiointi ilman niiden oikeudenhaltijoiden nimenomaista lupaa on n\u00e4in ollen ehdottomasti kielletty, ja se on teollis- ja tekij\u00e4noikeuslaissa tarkoitettu v\u00e4\u00e4rent\u00e4misrikos.<\/p><h2 class=\"wp-block-heading\">Hyperlinkit<\/h2><ul class=\"wp-block-list\">\n<li>1. L\u00e4htev\u00e4t linkit Alt-Edicist\u00e4<\/li>\n<\/ul><p>Alt-Edic tarjoaa syvi\u00e4 hyperlinkkej\u00e4, jotka osoittavat kolmannen osapuolen sivustoihin. N\u00e4m\u00e4 linkit tai viittaukset eiv\u00e4t merkitse niiden sis\u00e4ll\u00f6n hyv\u00e4ksymist\u00e4 tai vahvistamista. Alt-Edic ei ole miss\u00e4\u00e4n tapauksessa vastuussa t\u00e4llaisten verkkosivustojen sis\u00e4ll\u00f6st\u00e4 eik\u00e4 siit\u00e4 aiheutuvista vahingoista.<\/p><p>Syvi\u00e4 hyperlinkkej\u00e4 muille sivustoille tarjotaan k\u00e4ytt\u00e4jille vain mukavuuden vuoksi, eiv\u00e4tk\u00e4 ne aiheuta mink\u00e4\u00e4nlaisia velvoitteita Alt-Edicin kustannuksella, jolla ei ole keinoja seurata ja valvoa viitattuja sivustoja tai niiden kehityst\u00e4 ja p\u00e4ivityksi\u00e4. K\u00e4ytt\u00e4jien on tutustuttava yhteisty\u00f6kumppanilaitosten sivustojen oikeudellisiin huomautuksiin ja yleisiin k\u00e4ytt\u00f6ehtoihin.<\/p><ul class=\"wp-block-list\">\n<li>2. Linkit Alt-Ediciin<\/li>\n<\/ul><p>Hypertekstilinkkien luominen Alt-Edicin sivulle on ilmaista edellytt\u00e4en, ett\u00e4 se ei vaikuta Alt-Edicin materiaalisiin tai moraalisiin etuihin eik\u00e4 aiheuta sekaannusta Palvelujen ja\/tai Sis\u00e4ll\u00f6n l\u00e4hteest\u00e4.<\/p><h2 class=\"wp-block-heading\">Vastuu ja virhe<\/h2><p>Alt-Edicin verkkosivustolla n\u00e4kyv\u00e4t tiedot on tarkoitettu vain tiedoksi. Sit\u00e4 voidaan muuttaa milloin tahansa ja ilman ennakkoilmoitusta.<\/p><p>Alt-Edici\u00e4 ei voida pit\u00e4\u00e4 vastuussa suorista tai ep\u00e4suorista, ennakoitavista tai ennakoimattomista vahingoista, kuten tulojen tai voittojen menetyksest\u00e4, tietojen menetyksest\u00e4, laitteiden menetyksest\u00e4 ja korjauskustannuksista, palautuksesta tai j\u00e4ljent\u00e4misest\u00e4, joka johtuu sivuston palvelujen ja sis\u00e4ll\u00f6n k\u00e4yt\u00f6st\u00e4 ja\/tai kyvytt\u00f6myydest\u00e4 k\u00e4ytt\u00e4\u00e4 niit\u00e4.<\/p><p>Alt-Edicist\u00e4 vastaavan tiimin huolellisuudesta ja tarkastuksista huolimatta virheit\u00e4, vikoja tai tahattomia laiminly\u00f6ntej\u00e4 voi j\u00e4\u00e4d\u00e4. Jos haluat l\u00e4hett\u00e4\u00e4 meille kommentteja tai valituksia, voit ottaa meihin yhteytt\u00e4 seuraavaan osoitteeseen:<br>ALT-EDIC<br>1 sija Aristide Briand<br>02600 Villers-Cotter\u00eats<br>Ranska<\/p><p><\/p><\/p>","protected":false},"excerpt":{"rendered":"<p>Alt-edic.eu-verkkosivuston henkil\u00f6tietojen k\u00e4sittelyss\u00e4 noudatetaan Euroopan parlamentin ja neuvoston asetusta (EU) 2016\/679, annettu 27 p\u00e4iv\u00e4n\u00e4 huhtikuuta 2016 (tunnetaan nimell\u00e4 RGPD) ja Ranskan lakia nro 78-17, annettu 6 p\u00e4iv\u00e4n\u00e4 tammikuuta 1978, tietotekniikasta, tiedostoista ja vapauksista. Ev\u00e4steiden hallinta Kun [...]<\/p>","protected":false},"author":1,"featured_media":0,"parent":0,"menu_order":0,"comment_status":"closed","ping_status":"closed","template":"","meta":{"footnotes":""},"class_list":["post-3","page","type-page","status-publish","hentry"],"aioseo_notices":[],"_links":{"self":[{"href":"https:\/\/www.alt-edic.eu\/fi\/wp-json\/wp\/v2\/pages\/3","targetHints":{"allow":["GET"]}}],"collection":[{"href":"https:\/\/www.alt-edic.eu\/fi\/wp-json\/wp\/v2\/pages"}],"about":[{"href":"https:\/\/www.alt-edic.eu\/fi\/wp-json\/wp\/v2\/types\/page"}],"author":[{"embeddable":true,"href":"https:\/\/www.alt-edic.eu\/fi\/wp-json\/wp\/v2\/users\/1"}],"replies":[{"embeddable":true,"href":"https:\/\/www.alt-edic.eu\/fi\/wp-json\/wp\/v2\/comments?post=3"}],"version-history":[{"count":0,"href":"https:\/\/www.alt-edic.eu\/fi\/wp-json\/wp\/v2\/pages\/3\/revisions"}],"wp:attachment":[{"href":"https:\/\/www.alt-edic.eu\/fi\/wp-json\/wp\/v2\/media?parent=3"}],"curies":[{"name":"wp","href":"https:\/\/api.w.org\/{rel}","templated":true}]}}