{"id":8959,"date":"2024-10-03T19:52:24","date_gmt":"2024-10-03T19:52:24","guid":{"rendered":"https:\/\/alt-edic.eu\/?page_id=8959"},"modified":"2024-10-30T14:34:14","modified_gmt":"2024-10-30T14:34:14","slug":"legal-notices","status":"publish","type":"page","link":"https:\/\/www.alt-edic.eu\/et\/legal-notices\/","title":{"rendered":"<p>\u00d5igusteave<\/p>"},"content":{"rendered":"<h2 class=\"wp-block-heading\"><br>1 \u2013 Kirjastaja<p>Veebileht <a href=\"https:\/\/www.alt-edic.eu\/et\/\">https:\/\/alt-edic.eu\/<\/a> mille on avaldanud keeletehnoloogia liit (ALT-EDIC), Euroopa digitaristu konsortsium, mis on loodud Euroopa Komisjoni otsusega (EL) 2024\/458 ja registreeritud Prantsusmaal \u00fchendusena (loi 1901), registreeritud numbrite W024005363 ja SIRET-numbri 929 059 178 00012 all.<\/p><p>Keeletehnoloogia liidu peakorter asub aadressil Aristide Briand, 02600 Villers-Cotter\u00eats (Prantsusmaa).<br><\/p><h2 class=\"wp-block-heading\">2- V\u00e4ljaande direktor<\/h2><p>V\u00e4ljaande direktor on ALT-EDICu esimees Thibault GROUAS.<\/p><h2 class=\"wp-block-heading\">3- Hosting<\/h2><p>Veebileht <a href=\"https:\/\/www.alt-edic.eu\/et\/\">https:\/\/alt-edic.eu\/<\/a> Selle majutuskoha majutaja on OVH, 2, rue Kellermann, 59100 Roubaix.<br><\/p><h2 class=\"wp-block-heading\">ALT-EDICi veebisaidi arendamine<\/h2><p>Veebileht <a href=\"https:\/\/www.alt-edic.eu\/et\/%20\/\">https:\/\/alt-edic.eu\/ <\/a>Selle t\u00f6\u00f6tas v\u00e4lja Benjamin Vedel.<\/p><h2 class=\"wp-block-heading\">Teave veebilehel kogutud isikuandmete kohta.<\/h2><p>Language Technology Alliance\u2019i veebisaidil kogutud andmed v\u00f5ivad p\u00e4rineda \u00fcksnes sellise e-posti aadressi ja\/v\u00f5i isikuandmete vabatahtlikust registreerimisest kasutajate poolt, mis v\u00f5imaldab neil v\u00f5tta kontaktilehe kaudu \u00fchendust Language Technology Alliance\u2019i meeskonnaga, v\u00e4lja arvatud k\u00fclastajate IP-aadressid, mis salvestatakse automaatselt meie Matomo liiklusanal\u00fc\u00fcsi vahendi s\u00fcsteemides.<\/p><p>Kasutajate IP-aadresse ja nende erinevaid \u00fchendusi Language Technology Alliance\u2019i veebisaidiga kogutakse selleks, et v\u00f5imaldada meie veebisaidi vaatajaskonna statistilist j\u00e4lgimist Matomo t\u00f6\u00f6riista abil (avatud l\u00e4htekoodiga versioon on k\u00e4ttesaadav aadressil <a href=\"https:\/\/fr.matomo.org\/\">https:\/\/fr.matomo.org\/<\/a>).<\/p><p>Kogu isikuandmete t\u00f6\u00f6tlemise vastutav t\u00f6\u00f6tleja keeletehnoloogia liidu veebisaidil on keeletehnoloogia liidu esimees.<\/p><p><\/p><\/h2>","protected":false},"excerpt":{"rendered":"<p>1- Kirjastaja Veebisaidi https:\/\/alt-edic.eu\/ on avaldanud Euroopa Komisjoni otsusega (EL) 2024\/458 loodud Euroopa digitaristu konsortsium Alliance for Language Technologies (ALT-EDIC), mis on Prantsusmaal registreeritud \u00fchendusena (loi 1901), registreeritud numbrite W024005363 ja SIRET-numbri 929 059 178 00012 all. Keeleliidu peakorter [...]<\/p>","protected":false},"author":1,"featured_media":0,"parent":0,"menu_order":0,"comment_status":"closed","ping_status":"closed","template":"","meta":{"footnotes":""},"class_list":["post-8959","page","type-page","status-publish","hentry"],"aioseo_notices":[],"_links":{"self":[{"href":"https:\/\/www.alt-edic.eu\/et\/wp-json\/wp\/v2\/pages\/8959","targetHints":{"allow":["GET"]}}],"collection":[{"href":"https:\/\/www.alt-edic.eu\/et\/wp-json\/wp\/v2\/pages"}],"about":[{"href":"https:\/\/www.alt-edic.eu\/et\/wp-json\/wp\/v2\/types\/page"}],"author":[{"embeddable":true,"href":"https:\/\/www.alt-edic.eu\/et\/wp-json\/wp\/v2\/users\/1"}],"replies":[{"embeddable":true,"href":"https:\/\/www.alt-edic.eu\/et\/wp-json\/wp\/v2\/comments?post=8959"}],"version-history":[{"count":0,"href":"https:\/\/www.alt-edic.eu\/et\/wp-json\/wp\/v2\/pages\/8959\/revisions"}],"wp:attachment":[{"href":"https:\/\/www.alt-edic.eu\/et\/wp-json\/wp\/v2\/media?parent=8959"}],"curies":[{"name":"wp","href":"https:\/\/api.w.org\/{rel}","templated":true}]}}