{"id":10714,"date":"2025-03-06T08:00:12","date_gmt":"2025-03-06T07:00:12","guid":{"rendered":"https:\/\/alt-edic.eu\/?page_id=10714"},"modified":"2026-02-26T12:21:06","modified_gmt":"2026-02-26T11:21:06","slug":"industrial-consortium","status":"publish","type":"page","link":"https:\/\/www.alt-edic.eu\/et\/industrial-consortium\/","title":{"rendered":"<p>T\u00f6\u00f6stuskonsortsium<\/p>"},"content":{"rendered":"<div data-elementor-type=\"wp-page\" data-elementor-id=\"10714\" class=\"elementor elementor-10714\" data-elementor-post-type=\"page\">\n\t\t\t\t\t\t<section class=\"elementor-section elementor-top-section elementor-element elementor-element-83d6e06 elementor-section-stretched elementor-section-boxed elementor-section-height-default elementor-section-height-default\" data-id=\"83d6e06\" data-element_type=\"section\" data-e-type=\"section\" data-settings='{\"stretch_section\":\"section-stretched\",\"background_background\":\"gradient\"}'>\n\t\t\t\t\t\t<div class=\"elementor-container elementor-column-gap-extended\">\n\t\t\t\t\t<div class=\"elementor-column elementor-col-50 elementor-top-column elementor-element elementor-element-5ad19a07\" data-id=\"5ad19a07\" data-element_type=\"column\" data-e-type=\"column\">\n\t\t\t<div class=\"elementor-widget-wrap elementor-element-populated\">\n\t\t\t\t\t\t<div class=\"elementor-element elementor-element-17b6f034 elementor-widget elementor-widget-heading\" data-id=\"17b6f034\" data-element_type=\"widget\" data-e-type=\"widget\" data-widget_type=\"heading.default\">\n\t\t\t\t<div class=\"elementor-widget-container\">\n\t\t\t\t\t<h1 class=\"elementor-heading-title elementor-size-default\">T\u00f6\u00f6stuskonsortsium<\/h1>\t\t\t\t<\/div>\n\t\t\t\t<\/div>\n\t\t\t\t<div class=\"elementor-element elementor-element-793ec4e6 elementor-widget elementor-widget-text-editor\" data-id=\"793ec4e6\" data-element_type=\"widget\" data-e-type=\"widget\" data-widget_type=\"text-editor.default\">\n\t\t\t\t<div class=\"elementor-widget-container\">\n\t\t\t\t\t\t\t\t\t<p>ALT-EDICi t\u00f6\u00f6stuskonsortsium annab suuniseid ALT-EDICi keeletehnoloogia arendamise prioriteetide kohta ja pakub foorumit uute projektide v\u00e4ljat\u00f6\u00f6tamiseks.<\/p>\t\t\t\t\t\t\t\t<\/div>\n\t\t\t\t<\/div>\n\t\t\t\t\t<\/div>\n\t\t<\/div>\n\t\t\t\t<div class=\"elementor-column elementor-col-50 elementor-top-column elementor-element elementor-element-75c15e62 elementor-hidden-tablet elementor-hidden-phone\" data-id=\"75c15e62\" data-element_type=\"column\" data-e-type=\"column\">\n\t\t\t<div class=\"elementor-widget-wrap elementor-element-populated\">\n\t\t\t\t\t\t\t<\/div>\n\t\t<\/div>\n\t\t\t\t\t<\/div>\n\t\t<\/section>\n\t\t\t\t<section class=\"elementor-section elementor-top-section elementor-element elementor-element-178c1fff elementor-section-stretched elementor-section-boxed elementor-section-height-default elementor-section-height-default\" data-id=\"178c1fff\" data-element_type=\"section\" data-e-type=\"section\" data-settings='{\"stretch_section\":\"section-stretched\"}'>\n\t\t\t\t\t\t<div class=\"elementor-container elementor-column-gap-extended\">\n\t\t\t\t\t<div class=\"elementor-column elementor-col-100 elementor-top-column elementor-element elementor-element-1c5552e\" data-id=\"1c5552e\" data-element_type=\"column\" data-e-type=\"column\">\n\t\t\t<div class=\"elementor-widget-wrap elementor-element-populated\">\n\t\t\t\t\t\t<div class=\"elementor-element elementor-element-4b36844 elementor-widget elementor-widget-text-editor\" data-id=\"4b36844\" data-element_type=\"widget\" data-e-type=\"widget\" data-widget_type=\"text-editor.default\">\n\t\t\t\t<div class=\"elementor-widget-container\">\n\t\t\t\t\t\t\t\t\t<h2>Sissejuhatus<\/h2><p>ALT-EDICi t\u00f6\u00f6stuskonsortsium aitab kaasa ALT-EDICi juhtimisele. Selle moodustamine oli <a href=\"https:\/\/www.alt-edic.eu\/et\/news\/registration-to-join-the-alt-edic-industrial-consortium-is-open\/\"><u>k\u00e4ivitatud 6. m\u00e4rtsil 2025<\/u><\/a>.<\/p><p>Keeletehnoloogia liidu (ALT-EDIC) eesm\u00e4rk on t\u00f6\u00f6tada keeletehnoloogia valdkonnas v\u00e4lja \u00fchine Euroopa taristu, et suurendada Euroopa suutlikkust, suurendada konkurentsiv\u00f5imet ning toetada Euroopa keelelist mitmekesisust ja kultuurilist rikkust.<\/p><p>ALT-EDICut \u00fcmbritsev digitaristu ja -\u00f6kos\u00fcsteem m\u00e4ngib olulist rolli Euroopa keelte rikkaliku p\u00e4randi toomisel tehisintellekti ajastusse, kogudes ja majutades \u00fchiseid andmebaase, tagades objektiivsed hindamised, keele\u00f5ppemudelid ja v\u00f5ttes nende mudelite p\u00f5hjal kasutusele teenused. Need meetmed on olulised, et s\u00e4ilitada Euroopa kultuurisisu tehisintellektis\u00fcsteemide masstootmise ajastul. Euroopa koost\u00f6\u00f6 nende meetmete alal v\u00f5imendab selle eesm\u00e4rgi saavutamiseks vajalikku tahtej\u00f5udu ja tehnoloogilist oskusteavet.<\/p><p>K\u00f5ik need meetmed toovad kasu Euroopa tehisintellekti kogukonnale tervikuna ning nende rakendamine n\u00f5uab, et liit \u00fchendaks tehisintellekti tehnoloogia ja teenuste pakkujad, ettev\u00f5tted, teadusasutused ja institutsioonilised osalejad k\u00f5igis oma liikmesriikides. ALT-EDICit ja tema partnereid toetatakse rahaliselt, vastates Euroopa Liidu programmide projektikonkurssidele.<\/p><h2>Konsortsiumi koosseis<\/h2><p>T\u00f6\u00f6stuskonsortsium on avatud <strong>ettev\u00f5tted ja ettev\u00f5tlust toetavad organisatsioonid<\/strong> kes on huvitatud keeletehnoloogiast ja <strong>asutatud Euroopa Majanduspiirkonnas (EMP)<\/strong>.<\/p><h2>Eelised<\/h2><p>T\u00f6\u00f6stuskonsortsiumi liikmed <strong>anda suuniseid Leedu arenguprioriteetide kohta <\/strong>ja <strong>esindajaid valima<\/strong> <strong>strateegilise suunamise komitees (SOC)<\/strong>. SOCi sektsioon v\u00f5tab vastu iga-aastased v\u00f5i mitmeaastased strateegilised suunised ALT-EDICi rakendamiseks, mis esitatakse heakskiitmiseks ALT-EDICi liikmete kogule.<\/p><p>T\u00f6\u00f6stuskonsortsium pakub ka <strong>foorum koost\u00f6\u00f6 arendamiseks ja uute projektide v\u00e4ljat\u00f6\u00f6tamiseks<\/strong> keeletehnoloogia valdkonnas, eelk\u00f5ige projektid, mis h\u00f5lmavad jagatud andmeid ja v\u00f5rdlevaid hindamisi, mida ALT-EDIC v\u00f5ib toetada.<\/p><h2>Registreerimine ja ajakava<\/h2><p>Organisatsioonid v\u00f5ivad igal ajal taotleda t\u00f6\u00f6stuskonsortsiumiga \u00fchinemist. Registreerimisvorm on k\u00e4ttesaadav <a href=\"https:\/\/ec.europa.eu\/eusurvey\/runner\/ALT_EDIC_Industrial_Consortium_Registration_Form\"><u>siin<\/u><\/a>. T\u00f5husa osalemise eelduseks on organisatsiooni rahastamisk\u00f5lblikkuse kinnitamine.<\/p><p>T\u00f6\u00f6stuskonsortsiumi avakoosolek on kavas 2026. aasta esimeses kvartalis. J\u00e4rgmised koosolekud toimuvad v\u00e4hemalt kaks korda aastas veebis v\u00f5i h\u00fcbriidvormis.<\/p>\t\t\t\t\t\t\t\t<\/div>\n\t\t\t\t<\/div>\n\t\t\t\t\t<\/div>\n\t\t<\/div>\n\t\t\t\t\t<\/div>\n\t\t<\/section>\n\t\t\t\t<\/div>","protected":false},"excerpt":{"rendered":"<p>T\u00f6\u00f6stuskonsortsium ALT-EDICi t\u00f6\u00f6stuskonsortsium annab suuniseid keeletehnoloogia arendamise prioriteetide kohta ALT-EDICi jaoks ja pakub foorumit uute projektide v\u00e4ljat\u00f6\u00f6tamiseks. Sissejuhatus ALT-EDICi t\u00f6\u00f6stuskonsortsium aitab kaasa ALT-EDICi juhtimisele. Selle moodustamine algas 6. m\u00e4rtsil 2025. Keeletehnoloogiate liidu (ALT-EDIC) eesm\u00e4rk on arendada \u00fchist Euroopa infrastruktuuri [...]<\/p>","protected":false},"author":1,"featured_media":0,"parent":0,"menu_order":0,"comment_status":"closed","ping_status":"closed","template":"","meta":{"footnotes":""},"class_list":["post-10714","page","type-page","status-publish","hentry"],"aioseo_notices":[],"_links":{"self":[{"href":"https:\/\/www.alt-edic.eu\/et\/wp-json\/wp\/v2\/pages\/10714","targetHints":{"allow":["GET"]}}],"collection":[{"href":"https:\/\/www.alt-edic.eu\/et\/wp-json\/wp\/v2\/pages"}],"about":[{"href":"https:\/\/www.alt-edic.eu\/et\/wp-json\/wp\/v2\/types\/page"}],"author":[{"embeddable":true,"href":"https:\/\/www.alt-edic.eu\/et\/wp-json\/wp\/v2\/users\/1"}],"replies":[{"embeddable":true,"href":"https:\/\/www.alt-edic.eu\/et\/wp-json\/wp\/v2\/comments?post=10714"}],"version-history":[{"count":0,"href":"https:\/\/www.alt-edic.eu\/et\/wp-json\/wp\/v2\/pages\/10714\/revisions"}],"wp:attachment":[{"href":"https:\/\/www.alt-edic.eu\/et\/wp-json\/wp\/v2\/media?parent=10714"}],"curies":[{"name":"wp","href":"https:\/\/api.w.org\/{rel}","templated":true}]}}