{"id":9562,"date":"2024-11-13T15:46:28","date_gmt":"2024-11-13T15:46:28","guid":{"rendered":"https:\/\/alt-edic.eu\/?page_id=9562"},"modified":"2026-01-20T10:08:28","modified_gmt":"2026-01-20T09:08:28","slug":"alt-edic4eu","status":"publish","type":"page","link":"https:\/\/www.alt-edic.eu\/es\/projects\/alt-edic4eu\/","title":{"rendered":"<p>ALT-EDIC4EU<\/p>"},"content":{"rendered":"<div data-elementor-type=\"wp-page\" data-elementor-id=\"9562\" class=\"elementor elementor-9562\" data-elementor-post-type=\"page\">\n\t\t\t\t\t\t<section class=\"elementor-section elementor-top-section elementor-element elementor-element-38b2e338 elementor-section-stretched elementor-section-boxed elementor-section-height-default elementor-section-height-default\" data-id=\"38b2e338\" data-element_type=\"section\" data-e-type=\"section\" data-settings='{\"stretch_section\":\"section-stretched\",\"background_background\":\"gradient\"}'>\n\t\t\t\t\t\t<div class=\"elementor-container elementor-column-gap-extended\">\n\t\t\t\t\t<div class=\"elementor-column elementor-col-50 elementor-top-column elementor-element elementor-element-5567c6b7\" data-id=\"5567c6b7\" data-element_type=\"column\" data-e-type=\"column\">\n\t\t\t<div class=\"elementor-widget-wrap elementor-element-populated\">\n\t\t\t\t\t\t<div class=\"elementor-element elementor-element-5a3c773d elementor-widget elementor-widget-heading\" data-id=\"5a3c773d\" data-element_type=\"widget\" data-e-type=\"widget\" data-widget_type=\"heading.default\">\n\t\t\t\t<div class=\"elementor-widget-container\">\n\t\t\t\t\t<h1 class=\"elementor-heading-title elementor-size-default\">ALT-EDIC4EU<\/h1>\t\t\t\t<\/div>\n\t\t\t\t<\/div>\n\t\t\t\t<div class=\"elementor-element elementor-element-201ba98d elementor-widget elementor-widget-text-editor\" data-id=\"201ba98d\" data-element_type=\"widget\" data-e-type=\"widget\" data-widget_type=\"text-editor.default\">\n\t\t\t\t<div class=\"elementor-widget-container\">\n\t\t\t\t\t\t\t\t\t<p>El <strong>ALT-EDIC4EU (Alianza para las Tecnolog\u00edas Ling\u00fc\u00edsticas para la Uni\u00f3n Europea<\/strong><strong>)<\/strong> El proyecto ALT-EDIC es el primer proyecto del ALT-EDIC y permite intensificar sus actividades.<\/p>\t\t\t\t\t\t\t\t<\/div>\n\t\t\t\t<\/div>\n\t\t\t\t\t<\/div>\n\t\t<\/div>\n\t\t\t\t<div class=\"elementor-column elementor-col-50 elementor-top-column elementor-element elementor-element-38e32ce9 elementor-hidden-tablet elementor-hidden-phone\" data-id=\"38e32ce9\" data-element_type=\"column\" data-e-type=\"column\">\n\t\t\t<div class=\"elementor-widget-wrap\">\n\t\t\t\t\t\t\t<\/div>\n\t\t<\/div>\n\t\t\t\t\t<\/div>\n\t\t<\/section>\n\t\t\t\t<section class=\"elementor-section elementor-top-section elementor-element elementor-element-3b229526 elementor-section-stretched elementor-section-boxed elementor-section-height-default elementor-section-height-default\" data-id=\"3b229526\" data-element_type=\"section\" data-e-type=\"section\" data-settings='{\"stretch_section\":\"section-stretched\"}'>\n\t\t\t\t\t\t<div class=\"elementor-container elementor-column-gap-extended\">\n\t\t\t\t\t<div class=\"elementor-column elementor-col-50 elementor-top-column elementor-element elementor-element-1172f807 elementor-invisible\" data-id=\"1172f807\" data-element_type=\"column\" data-e-type=\"column\" data-settings='{\"animation\":\"slide-left\",\"animation_delay\":200}'>\n\t\t\t<div class=\"elementor-widget-wrap elementor-element-populated\">\n\t\t\t\t\t\t<div class=\"elementor-element elementor-element-63aaa287 elementor-widget elementor-widget-text-editor\" data-id=\"63aaa287\" data-element_type=\"widget\" data-e-type=\"widget\" data-widget_type=\"text-editor.default\">\n\t\t\t\t<div class=\"elementor-widget-container\">\n\t\t\t\t\t\t\t\t\t<p>El proyecto ALT-EDIC4EU permitir\u00e1 al ALT-EDIC acelerar el desarrollo de una infraestructura robusta y escalable y federar el Ecosistema Europeo de Tecnolog\u00eda Ling\u00fc\u00edstica. Se ha elaborado mediante amplias consultas con expertos, instituciones, organismos p\u00fablicos e industrias de \u00e1mbitos estrat\u00e9gicos. Participan 9 socios para una financiaci\u00f3n total de la UE de 4 millones de euros del programa Europa Digital a trav\u00e9s de la convocatoria DIGITAL-2024-AI-06. Comienza en enero de 2025, por una duraci\u00f3n de 48 meses.<\/p>\t\t\t\t\t\t\t\t<\/div>\n\t\t\t\t<\/div>\n\t\t\t\t\t<\/div>\n\t\t<\/div>\n\t\t\t\t<div class=\"elementor-column elementor-col-50 elementor-top-column elementor-element elementor-element-453f0c05 elementor-hidden-tablet elementor-hidden-phone elementor-invisible\" data-id=\"453f0c05\" data-element_type=\"column\" data-e-type=\"column\" data-settings='{\"animation\":\"slide-right\"}'>\n\t\t\t<div class=\"elementor-widget-wrap elementor-element-populated\">\n\t\t\t\t\t\t<div class=\"elementor-element elementor-element-5786163e elementor-widget elementor-widget-image\" data-id=\"5786163e\" data-element_type=\"widget\" data-e-type=\"widget\" data-widget_type=\"image.default\">\n\t\t\t\t<div class=\"elementor-widget-container\">\n\t\t\t\t\t\t\t\t\t\t\t\t\t\t\t<img fetchpriority=\"high\" decoding=\"async\" width=\"800\" height=\"575\" src=\"https:\/\/www.alt-edic.eu\/wp-content\/uploads\/2026\/01\/ALT-EDIC4EU-e1768900086139.png\" class=\"attachment-full size-full wp-image-11104\" alt=\"\" srcset=\"https:\/\/www.alt-edic.eu\/wp-content\/uploads\/2026\/01\/ALT-EDIC4EU-e1768900086139.png 800w, https:\/\/www.alt-edic.eu\/wp-content\/uploads\/2026\/01\/ALT-EDIC4EU-e1768900086139-300x216.png 300w, https:\/\/www.alt-edic.eu\/wp-content\/uploads\/2026\/01\/ALT-EDIC4EU-e1768900086139-768x552.png 768w, https:\/\/www.alt-edic.eu\/wp-content\/uploads\/2026\/01\/ALT-EDIC4EU-e1768900086139-18x12.png 18w\" sizes=\"(max-width: 800px) 100vw, 800px\">\t\t\t\t\t\t\t\t\t\t\t\t\t\t\t<\/div>\n\t\t\t\t<\/div>\n\t\t\t\t\t<\/div>\n\t\t<\/div>\n\t\t\t\t\t<\/div>\n\t\t<\/section>\n\t\t<div class=\"elementor-element elementor-element-239a76f e-flex e-con-boxed e-con e-parent\" data-id=\"239a76f\" data-element_type=\"container\" data-e-type=\"container\">\n\t\t\t\t\t<div class=\"e-con-inner\">\n\t\t\t\t<div class=\"elementor-element elementor-element-e81970f elementor-widget elementor-widget-heading\" data-id=\"e81970f\" data-element_type=\"widget\" data-e-type=\"widget\" data-widget_type=\"heading.default\">\n\t\t\t\t<div class=\"elementor-widget-container\">\n\t\t\t\t\t<p class=\"elementor-heading-title elementor-size-default\">9 estructuras diferentes participan en este proyecto bajo la coordinaci\u00f3n de la ALT-EDIC:<\/p>\t\t\t\t<\/div>\n\t\t\t\t<\/div>\n\t\t\t\t\t<\/div>\n\t\t\t\t<\/div>\n\t\t<div class=\"elementor-element elementor-element-33e76df e-grid e-con-boxed e-con e-parent\" data-id=\"33e76df\" data-element_type=\"container\" data-e-type=\"container\">\n\t\t\t\t\t<div class=\"e-con-inner\">\n\t\t\t\t<div class=\"elementor-element elementor-element-2185a92 elementor-widget elementor-widget-heading\" data-id=\"2185a92\" data-element_type=\"widget\" data-e-type=\"widget\" data-widget_type=\"heading.default\">\n\t\t\t\t<div class=\"elementor-widget-container\">\n\t\t\t\t\t<p class=\"elementor-heading-title elementor-size-default\">ALT-EDIC<\/p>\t\t\t\t<\/div>\n\t\t\t\t<\/div>\n\t\t\t\t<div class=\"elementor-element elementor-element-b550f7d elementor-widget elementor-widget-image\" data-id=\"b550f7d\" data-element_type=\"widget\" data-e-type=\"widget\" data-widget_type=\"image.default\">\n\t\t\t\t<div class=\"elementor-widget-container\">\n\t\t\t\t\t\t\t\t\t\t\t\t\t\t\t<img decoding=\"async\" width=\"2779\" height=\"541\" src=\"https:\/\/www.alt-edic.eu\/wp-content\/uploads\/2024\/09\/logo_alt-edic_blue_on_white.png\" class=\"attachment-full size-full wp-image-8868\" alt=\"Logotipo Alt-Edic azul\" srcset=\"https:\/\/www.alt-edic.eu\/wp-content\/uploads\/2024\/09\/logo_alt-edic_blue_on_white.png 2779w, https:\/\/www.alt-edic.eu\/wp-content\/uploads\/2024\/09\/logo_alt-edic_blue_on_white-300x58.png 300w, https:\/\/www.alt-edic.eu\/wp-content\/uploads\/2024\/09\/logo_alt-edic_blue_on_white-1024x199.png 1024w, https:\/\/www.alt-edic.eu\/wp-content\/uploads\/2024\/09\/logo_alt-edic_blue_on_white-768x150.png 768w, https:\/\/www.alt-edic.eu\/wp-content\/uploads\/2024\/09\/logo_alt-edic_blue_on_white-1536x299.png 1536w, https:\/\/www.alt-edic.eu\/wp-content\/uploads\/2024\/09\/logo_alt-edic_blue_on_white-2048x399.png 2048w, https:\/\/www.alt-edic.eu\/wp-content\/uploads\/2024\/09\/logo_alt-edic_blue_on_white-18x4.png 18w\" sizes=\"(max-width: 2779px) 100vw, 2779px\">\t\t\t\t\t\t\t\t\t\t\t\t\t\t\t<\/div>\n\t\t\t\t<\/div>\n\t\t\t\t\t<\/div>\n\t\t\t\t<\/div>\n\t\t<div class=\"elementor-element elementor-element-f4db2dd e-grid e-con-boxed e-con e-parent\" data-id=\"f4db2dd\" data-element_type=\"container\" data-e-type=\"container\">\n\t\t\t\t\t<div class=\"e-con-inner\">\n\t\t\t\t<div class=\"elementor-element elementor-element-7d895d7 elementor-widget elementor-widget-heading\" data-id=\"7d895d7\" data-element_type=\"widget\" data-e-type=\"widget\" data-widget_type=\"heading.default\">\n\t\t\t\t<div class=\"elementor-widget-container\">\n\t\t\t\t\t<p class=\"elementor-heading-title elementor-size-default\">ATHENA RC<\/p>\t\t\t\t<\/div>\n\t\t\t\t<\/div>\n\t\t\t\t<div class=\"elementor-element elementor-element-ee393f0 elementor-widget elementor-widget-image\" data-id=\"ee393f0\" data-element_type=\"widget\" data-e-type=\"widget\" data-widget_type=\"image.default\">\n\t\t\t\t<div class=\"elementor-widget-container\">\n\t\t\t\t\t\t\t\t\t\t\t\t\t\t\t<img decoding=\"async\" width=\"300\" height=\"83\" src=\"https:\/\/www.alt-edic.eu\/wp-content\/uploads\/2024\/11\/Athena_Horizontal-Ext_EN-page-001-3-300x83.jpg\" class=\"attachment-medium size-medium wp-image-9568\" alt=\"LOGOTIPO DE ATHENA\" srcset=\"https:\/\/www.alt-edic.eu\/wp-content\/uploads\/2024\/11\/Athena_Horizontal-Ext_EN-page-001-3-300x83.jpg 300w, https:\/\/www.alt-edic.eu\/wp-content\/uploads\/2024\/11\/Athena_Horizontal-Ext_EN-page-001-3-18x5.jpg 18w, https:\/\/www.alt-edic.eu\/wp-content\/uploads\/2024\/11\/Athena_Horizontal-Ext_EN-page-001-3.jpg 393w\" sizes=\"(max-width: 300px) 100vw, 300px\">\t\t\t\t\t\t\t\t\t\t\t\t\t\t\t<\/div>\n\t\t\t\t<\/div>\n\t\t\t\t\t<\/div>\n\t\t\t\t<\/div>\n\t\t<div class=\"elementor-element elementor-element-47afe93 e-grid e-con-boxed e-con e-parent\" data-id=\"47afe93\" data-element_type=\"container\" data-e-type=\"container\">\n\t\t\t\t\t<div class=\"e-con-inner\">\n\t\t\t\t<div class=\"elementor-element elementor-element-17e0dad elementor-widget elementor-widget-heading\" data-id=\"17e0dad\" data-element_type=\"widget\" data-e-type=\"widget\" data-widget_type=\"heading.default\">\n\t\t\t\t<div class=\"elementor-widget-container\">\n\t\t\t\t\t<p class=\"elementor-heading-title elementor-size-default\">TILDE<\/p>\t\t\t\t<\/div>\n\t\t\t\t<\/div>\n\t\t\t\t<div class=\"elementor-element elementor-element-c5e4276 elementor-widget elementor-widget-image\" data-id=\"c5e4276\" data-element_type=\"widget\" data-e-type=\"widget\" data-widget_type=\"image.default\">\n\t\t\t\t<div class=\"elementor-widget-container\">\n\t\t\t\t\t\t\t\t\t\t\t\t\t\t\t<img decoding=\"async\" src=\"https:\/\/www.alt-edic.eu\/wp-content\/uploads\/elementor\/thumbs\/Tilde-qzyrt5he7afsuor41rkmh98sv99b18iuw11wo5to88.png\" title=\"Tilde\" alt=\"LOGOTIPO TILDE\" loading=\"lazy\">\t\t\t\t\t\t\t\t\t\t\t\t\t\t\t<\/div>\n\t\t\t\t<\/div>\n\t\t\t\t\t<\/div>\n\t\t\t\t<\/div>\n\t\t<div class=\"elementor-element elementor-element-9f9c26c e-grid e-con-boxed e-con e-parent\" data-id=\"9f9c26c\" data-element_type=\"container\" data-e-type=\"container\">\n\t\t\t\t\t<div class=\"e-con-inner\">\n\t\t\t\t<div class=\"elementor-element elementor-element-c76b449 elementor-widget elementor-widget-heading\" data-id=\"c76b449\" data-element_type=\"widget\" data-e-type=\"widget\" data-widget_type=\"heading.default\">\n\t\t\t\t<div class=\"elementor-widget-container\">\n\t\t\t\t\t<p class=\"elementor-heading-title elementor-size-default\">AGENCIA DE DISTRIBUCI\u00d3N DE EVALUACIONES Y RECURSOS LING\u00dc\u00cdSTICOS (ELDA)<\/p>\t\t\t\t<\/div>\n\t\t\t\t<\/div>\n\t\t\t\t<div class=\"elementor-element elementor-element-de31968 elementor-widget elementor-widget-image\" data-id=\"de31968\" data-element_type=\"widget\" data-e-type=\"widget\" data-widget_type=\"image.default\">\n\t\t\t\t<div class=\"elementor-widget-container\">\n\t\t\t\t\t\t\t\t\t\t\t\t\t\t\t<img loading=\"lazy\" decoding=\"async\" width=\"150\" height=\"150\" src=\"https:\/\/www.alt-edic.eu\/wp-content\/uploads\/2024\/11\/elda_logo-150x150.jpg\" class=\"attachment-thumbnail size-thumbnail wp-image-9570\" alt=\"LOGOTIPO DE ELDA\" srcset=\"https:\/\/www.alt-edic.eu\/wp-content\/uploads\/2024\/11\/elda_logo-150x150.jpg 150w, https:\/\/www.alt-edic.eu\/wp-content\/uploads\/2024\/11\/elda_logo-12x12.jpg 12w, https:\/\/www.alt-edic.eu\/wp-content\/uploads\/2024\/11\/elementor\/thumbs\/elda_logo-qx03zc4dlorlej2zfxsfoktxw0525quvu5zspghaso.jpg 100w, https:\/\/www.alt-edic.eu\/wp-content\/uploads\/2024\/11\/elda_logo.jpg 200w\" sizes=\"(max-width: 150px) 100vw, 150px\">\t\t\t\t\t\t\t\t\t\t\t\t\t\t\t<\/div>\n\t\t\t\t<\/div>\n\t\t\t\t\t<\/div>\n\t\t\t\t<\/div>\n\t\t<div class=\"elementor-element elementor-element-adbb9e7 e-grid e-con-boxed e-con e-parent\" data-id=\"adbb9e7\" data-element_type=\"container\" data-e-type=\"container\">\n\t\t\t\t\t<div class=\"e-con-inner\">\n\t\t\t\t<div class=\"elementor-element elementor-element-1fa6588 elementor-widget elementor-widget-heading\" data-id=\"1fa6588\" data-element_type=\"widget\" data-e-type=\"widget\" data-widget_type=\"heading.default\">\n\t\t\t\t<div class=\"elementor-widget-container\">\n\t\t\t\t\t<p class=\"elementor-heading-title elementor-size-default\">UNIVERZITA KARLOVA<\/p>\t\t\t\t<\/div>\n\t\t\t\t<\/div>\n\t\t\t\t<div class=\"elementor-element elementor-element-8635150 elementor-widget elementor-widget-image\" data-id=\"8635150\" data-element_type=\"widget\" data-e-type=\"widget\" data-widget_type=\"image.default\">\n\t\t\t\t<div class=\"elementor-widget-container\">\n\t\t\t\t\t\t\t\t\t\t\t\t\t\t\t<img loading=\"lazy\" decoding=\"async\" width=\"300\" height=\"111\" src=\"https:\/\/www.alt-edic.eu\/wp-content\/uploads\/2024\/11\/images-300x111.png\" class=\"attachment-medium size-medium wp-image-9571\" alt=\"UNIVERZITA KARLOVA LOGO\" srcset=\"https:\/\/www.alt-edic.eu\/wp-content\/uploads\/2024\/11\/images-300x111.png 300w, https:\/\/www.alt-edic.eu\/wp-content\/uploads\/2024\/11\/images-18x7.png 18w, https:\/\/www.alt-edic.eu\/wp-content\/uploads\/2024\/11\/images.png 369w\" sizes=\"(max-width: 300px) 100vw, 300px\">\t\t\t\t\t\t\t\t\t\t\t\t\t\t\t<\/div>\n\t\t\t\t<\/div>\n\t\t\t\t\t<\/div>\n\t\t\t\t<\/div>\n\t\t<div class=\"elementor-element elementor-element-23681b7 e-grid e-con-boxed e-con e-parent\" data-id=\"23681b7\" data-element_type=\"container\" data-e-type=\"container\">\n\t\t\t\t\t<div class=\"e-con-inner\">\n\t\t\t\t<div class=\"elementor-element elementor-element-4b48093 elementor-widget elementor-widget-heading\" data-id=\"4b48093\" data-element_type=\"widget\" data-e-type=\"widget\" data-widget_type=\"heading.default\">\n\t\t\t\t<div class=\"elementor-widget-container\">\n\t\t\t\t\t<p class=\"elementor-heading-title elementor-size-default\">INSTITUTO JOZEF STEFAN (JSI)<\/p>\t\t\t\t<\/div>\n\t\t\t\t<\/div>\n\t\t\t\t<div class=\"elementor-element elementor-element-151c0d1 elementor-widget elementor-widget-image\" data-id=\"151c0d1\" data-element_type=\"widget\" data-e-type=\"widget\" data-widget_type=\"image.default\">\n\t\t\t\t<div class=\"elementor-widget-container\">\n\t\t\t\t\t\t\t\t\t\t\t\t\t\t\t<img loading=\"lazy\" decoding=\"async\" width=\"300\" height=\"86\" src=\"https:\/\/www.alt-edic.eu\/wp-content\/uploads\/2024\/11\/JSI-Logo-002-300x86.jpg\" class=\"attachment-medium size-medium wp-image-9573\" alt=\"Logotipo de JSI\" srcset=\"https:\/\/www.alt-edic.eu\/wp-content\/uploads\/2024\/11\/JSI-Logo-002-300x86.jpg 300w, https:\/\/www.alt-edic.eu\/wp-content\/uploads\/2024\/11\/JSI-Logo-002-1024x292.jpg 1024w, https:\/\/www.alt-edic.eu\/wp-content\/uploads\/2024\/11\/JSI-Logo-002-768x219.jpg 768w, https:\/\/www.alt-edic.eu\/wp-content\/uploads\/2024\/11\/JSI-Logo-002-18x5.jpg 18w, https:\/\/www.alt-edic.eu\/wp-content\/uploads\/2024\/11\/JSI-Logo-002.jpg 1121w\" sizes=\"(max-width: 300px) 100vw, 300px\">\t\t\t\t\t\t\t\t\t\t\t\t\t\t\t<\/div>\n\t\t\t\t<\/div>\n\t\t\t\t\t<\/div>\n\t\t\t\t<\/div>\n\t\t<div class=\"elementor-element elementor-element-fb69a9f e-grid e-con-boxed e-con e-parent\" data-id=\"fb69a9f\" data-element_type=\"container\" data-e-type=\"container\">\n\t\t\t\t\t<div class=\"e-con-inner\">\n\t\t\t\t<div class=\"elementor-element elementor-element-2d92075 elementor-widget elementor-widget-heading\" data-id=\"2d92075\" data-element_type=\"widget\" data-e-type=\"widget\" data-widget_type=\"heading.default\">\n\t\t\t\t<div class=\"elementor-widget-container\">\n\t\t\t\t\t<p class=\"elementor-heading-title elementor-size-default\">FONDAZIONE BRUNO KESSLER (FBK)<\/p>\t\t\t\t<\/div>\n\t\t\t\t<\/div>\n\t\t\t\t<div class=\"elementor-element elementor-element-86ebc9a elementor-widget elementor-widget-image\" data-id=\"86ebc9a\" data-element_type=\"widget\" data-e-type=\"widget\" data-widget_type=\"image.default\">\n\t\t\t\t<div class=\"elementor-widget-container\">\n\t\t\t\t\t\t\t\t\t\t\t\t\t\t\t<img loading=\"lazy\" decoding=\"async\" width=\"150\" height=\"150\" src=\"https:\/\/www.alt-edic.eu\/wp-content\/uploads\/2024\/11\/unnamed-150x150.png\" class=\"attachment-thumbnail size-thumbnail wp-image-9574\" alt=\"LOGOTIPO FONDAZIONE BRUNO KESSLER\" srcset=\"https:\/\/www.alt-edic.eu\/wp-content\/uploads\/2024\/11\/unnamed-150x150.png 150w, https:\/\/www.alt-edic.eu\/wp-content\/uploads\/2024\/11\/unnamed-300x300.png 300w, https:\/\/www.alt-edic.eu\/wp-content\/uploads\/2024\/11\/unnamed-12x12.png 12w, https:\/\/www.alt-edic.eu\/wp-content\/uploads\/2024\/11\/unnamed.png 512w\" sizes=\"(max-width: 150px) 100vw, 150px\">\t\t\t\t\t\t\t\t\t\t\t\t\t\t\t<\/div>\n\t\t\t\t<\/div>\n\t\t\t\t\t<\/div>\n\t\t\t\t<\/div>\n\t\t<div class=\"elementor-element elementor-element-9652c0e e-grid e-con-boxed e-con e-parent\" data-id=\"9652c0e\" data-element_type=\"container\" data-e-type=\"container\">\n\t\t\t\t\t<div class=\"e-con-inner\">\n\t\t\t\t<div class=\"elementor-element elementor-element-2618a57 elementor-widget elementor-widget-heading\" data-id=\"2618a57\" data-element_type=\"widget\" data-e-type=\"widget\" data-widget_type=\"heading.default\">\n\t\t\t\t<div class=\"elementor-widget-container\">\n\t\t\t\t\t<p class=\"elementor-heading-title elementor-size-default\">POLITECHNIKA WROCLAWSKA<\/p>\t\t\t\t<\/div>\n\t\t\t\t<\/div>\n\t\t\t\t<div class=\"elementor-element elementor-element-e12e91d elementor-widget elementor-widget-image\" data-id=\"e12e91d\" data-element_type=\"widget\" data-e-type=\"widget\" data-widget_type=\"image.default\">\n\t\t\t\t<div class=\"elementor-widget-container\">\n\t\t\t\t\t\t\t\t\t\t\t\t\t\t\t<img loading=\"lazy\" decoding=\"async\" width=\"150\" height=\"150\" src=\"https:\/\/www.alt-edic.eu\/wp-content\/uploads\/2024\/11\/Pwr-150x150.png\" class=\"attachment-thumbnail size-thumbnail wp-image-9575\" alt=\"Logotipo de Politechnika wroclawska\" srcset=\"https:\/\/www.alt-edic.eu\/wp-content\/uploads\/2024\/11\/Pwr-150x150.png 150w, https:\/\/www.alt-edic.eu\/wp-content\/uploads\/2024\/11\/Pwr-300x300.png 300w, https:\/\/www.alt-edic.eu\/wp-content\/uploads\/2024\/11\/Pwr-12x12.png 12w, https:\/\/www.alt-edic.eu\/wp-content\/uploads\/2024\/11\/Pwr.png 400w\" sizes=\"(max-width: 150px) 100vw, 150px\">\t\t\t\t\t\t\t\t\t\t\t\t\t\t\t<\/div>\n\t\t\t\t<\/div>\n\t\t\t\t\t<\/div>\n\t\t\t\t<\/div>\n\t\t<div class=\"elementor-element elementor-element-7170359 e-grid e-con-boxed e-con e-parent\" data-id=\"7170359\" data-element_type=\"container\" data-e-type=\"container\">\n\t\t\t\t\t<div class=\"e-con-inner\">\n\t\t\t\t<div class=\"elementor-element elementor-element-bc6b0ac elementor-widget elementor-widget-heading\" data-id=\"bc6b0ac\" data-element_type=\"widget\" data-e-type=\"widget\" data-widget_type=\"heading.default\">\n\t\t\t\t<div class=\"elementor-widget-container\">\n\t\t\t\t\t<p class=\"elementor-heading-title elementor-size-default\">UNIVERSIDAD DE GRANADA<\/p>\t\t\t\t<\/div>\n\t\t\t\t<\/div>\n\t\t\t\t<div class=\"elementor-element elementor-element-2c1b736 elementor-widget elementor-widget-image\" data-id=\"2c1b736\" data-element_type=\"widget\" data-e-type=\"widget\" data-widget_type=\"image.default\">\n\t\t\t\t<div class=\"elementor-widget-container\">\n\t\t\t\t\t\t\t\t\t\t\t\t\t\t\t<img loading=\"lazy\" decoding=\"async\" width=\"300\" height=\"169\" src=\"https:\/\/www.alt-edic.eu\/wp-content\/uploads\/2024\/11\/Universidad-de-Granada-Embleme-300x169.jpg\" class=\"attachment-medium size-medium wp-image-9576\" alt=\"LOGOTIPO DE LA UNIVERSIDAD DE GRANADA\" srcset=\"https:\/\/www.alt-edic.eu\/wp-content\/uploads\/2024\/11\/Universidad-de-Granada-Embleme-300x169.jpg 300w, https:\/\/www.alt-edic.eu\/wp-content\/uploads\/2024\/11\/Universidad-de-Granada-Embleme-1024x576.jpg 1024w, https:\/\/www.alt-edic.eu\/wp-content\/uploads\/2024\/11\/Universidad-de-Granada-Embleme-768x432.jpg 768w, https:\/\/www.alt-edic.eu\/wp-content\/uploads\/2024\/11\/Universidad-de-Granada-Embleme-1536x864.jpg 1536w, https:\/\/www.alt-edic.eu\/wp-content\/uploads\/2024\/11\/Universidad-de-Granada-Embleme-18x10.jpg 18w, https:\/\/www.alt-edic.eu\/wp-content\/uploads\/2024\/11\/Universidad-de-Granada-Embleme.jpg 1920w\" sizes=\"(max-width: 300px) 100vw, 300px\">\t\t\t\t\t\t\t\t\t\t\t\t\t\t\t<\/div>\n\t\t\t\t<\/div>\n\t\t\t\t\t<\/div>\n\t\t\t\t<\/div>\n\t\t<div class=\"elementor-element elementor-element-afcee7a e-flex e-con-boxed e-con e-parent\" data-id=\"afcee7a\" data-element_type=\"container\" data-e-type=\"container\">\n\t\t\t\t\t<div class=\"e-con-inner\">\n\t\t\t\t<div class=\"elementor-element elementor-element-f6e4dcc elementor-widget elementor-widget-text-editor\" data-id=\"f6e4dcc\" data-element_type=\"widget\" data-e-type=\"widget\" data-widget_type=\"text-editor.default\">\n\t\t\t\t<div class=\"elementor-widget-container\">\n\t\t\t\t\t\t\t\t\t<p>El proyecto ALT-EDIC4EU se dedica al desarrollo de la infraestructura global ALT-EDIC, incluido un centro europeo para la evaluaci\u00f3n de las tecnolog\u00edas ling\u00fc\u00edsticas, el mapeo din\u00e1mico del panorama de las tecnolog\u00edas ling\u00fc\u00edsticas europeas y los modelos ling\u00fc\u00edsticos de gran tama\u00f1o, y la organizaci\u00f3n de sesiones de formaci\u00f3n, talleres y eventos. Sobre la base de sus capacidades y experiencia en la aplicaci\u00f3n de infraestructuras de tecnolog\u00edas ling\u00fc\u00edsticas europeas, as\u00ed como de espacios nacionales de datos y modelos ling\u00fc\u00edsticos de gran tama\u00f1o, los socios de ALT-EDIC4EU comenzar\u00e1n a desarrollar sus componentes y servicios t\u00e9cnicos y pondr\u00e1n en marcha sus estrategias de participaci\u00f3n, comunicaci\u00f3n y difusi\u00f3n.<\/p><p>El proyecto ALT-EDIC4EU responde a la necesidad de construir y reforzar un ecosistema europeo en torno a las grandes lenguas y los modelos de IA, en un contexto en el que la mayor\u00eda de las innovaciones tecnol\u00f3gicas provienen de fuera de Europa y solo en algunas lenguas. Este proyecto proporcionar\u00e1 a los pa\u00edses europeos una mejor autonom\u00eda para el uso y el intercambio de datos europeos y reducir\u00e1 la dependencia de tecnolog\u00edas de fuera de Europa, preservando al mismo tiempo la diversidad ling\u00fc\u00edstica europea.<\/p>\t\t\t\t\t\t\t\t<\/div>\n\t\t\t\t<\/div>\n\t\t\t\t\t<\/div>\n\t\t\t\t<\/div>\n\t\t\t\t<\/div>","protected":false},"excerpt":{"rendered":"<p>ALT-EDIC4EU El proyecto ALT-EDIC4EU (Alianza para las Tecnolog\u00edas Ling\u00fc\u00edsticas de la Uni\u00f3n Europea) es el primer proyecto del ALT-EDIC y permite intensificar sus actividades. El proyecto ALT-EDIC4EU permitir\u00e1 al ALT-EDIC acelerar el desarrollo de una infraestructura robusta y escalable y federar el ecosistema europeo de tecnolog\u00eda ling\u00fc\u00edstica. Ha sido [...]<\/p>","protected":false},"author":1,"featured_media":0,"parent":9229,"menu_order":0,"comment_status":"closed","ping_status":"closed","template":"","meta":{"footnotes":""},"class_list":["post-9562","page","type-page","status-publish","hentry"],"aioseo_notices":[],"_links":{"self":[{"href":"https:\/\/www.alt-edic.eu\/es\/wp-json\/wp\/v2\/pages\/9562","targetHints":{"allow":["GET"]}}],"collection":[{"href":"https:\/\/www.alt-edic.eu\/es\/wp-json\/wp\/v2\/pages"}],"about":[{"href":"https:\/\/www.alt-edic.eu\/es\/wp-json\/wp\/v2\/types\/page"}],"author":[{"embeddable":true,"href":"https:\/\/www.alt-edic.eu\/es\/wp-json\/wp\/v2\/users\/1"}],"replies":[{"embeddable":true,"href":"https:\/\/www.alt-edic.eu\/es\/wp-json\/wp\/v2\/comments?post=9562"}],"version-history":[{"count":0,"href":"https:\/\/www.alt-edic.eu\/es\/wp-json\/wp\/v2\/pages\/9562\/revisions"}],"up":[{"embeddable":true,"href":"https:\/\/www.alt-edic.eu\/es\/wp-json\/wp\/v2\/pages\/9229"}],"wp:attachment":[{"href":"https:\/\/www.alt-edic.eu\/es\/wp-json\/wp\/v2\/media?parent=9562"}],"curies":[{"name":"wp","href":"https:\/\/api.w.org\/{rel}","templated":true}]}}