{"id":8956,"date":"2024-10-03T19:49:01","date_gmt":"2024-10-03T19:49:01","guid":{"rendered":"https:\/\/alt-edic.eu\/?page_id=8956"},"modified":"2026-02-20T16:58:54","modified_gmt":"2026-02-20T15:58:54","slug":"site-map","status":"publish","type":"page","link":"https:\/\/www.alt-edic.eu\/es\/site-map\/","title":{"rendered":"<p>Mapa del sitio<\/p>"},"content":{"rendered":"<div data-elementor-type=\"wp-page\" data-elementor-id=\"8956\" class=\"elementor elementor-8956\" data-elementor-post-type=\"page\">\n\t\t\t\t<div class=\"elementor-element elementor-element-93e5c7d e-flex e-con-boxed e-con e-parent\" data-id=\"93e5c7d\" data-element_type=\"container\" data-e-type=\"container\">\n\t\t\t\t\t<div class=\"e-con-inner\">\n\t\t\t\t<div class=\"elementor-element elementor-element-ea8f1ca elementor-widget elementor-widget-text-editor\" data-id=\"ea8f1ca\" data-element_type=\"widget\" data-e-type=\"widget\" data-widget_type=\"text-editor.default\">\n\t\t\t\t<div class=\"elementor-widget-container\">\n\t\t\t\t\t\t\t\t\t<ul>\n<li><a href=\"https:\/\/www.alt-edic.eu\/es\/\">Hogar<\/a><\/li>\n<li><a href=\"https:\/\/www.alt-edic.eu\/es\/about-alt-edic\/\">Acerca de nosotros<\/a><\/li>\n<li><a href=\"https:\/\/www.alt-edic.eu\/es\/what-is-an-edic\/\">\u00bfQu\u00e9 es un EDIC?<\/a><\/li>\n<li><a href=\"https:\/\/www.alt-edic.eu\/es\/the-cite-internationale-de-la-langue-francaise\/\">Ubicaci\u00f3n<\/a><\/li>\n<li><a href=\"https:\/\/www.alt-edic.eu\/es\/governance\/\">Gobernanza<\/a><\/li>\n<li><a href=\"https:\/\/www.alt-edic.eu\/es\/consortium\/\">Consorcio<\/a><\/li>\n<li><a href=\"https:\/\/www.alt-edic.eu\/es\/projects\/\">Nuestros proyectos<\/a><\/li>\n<li><a href=\"https:\/\/www.alt-edic.eu\/es\/job-offers\/\">Ofertas de empleo<\/a><\/li>\n<li><a href=\"https:\/\/www.alt-edic.eu\/es\/blog\/\">Noticias &amp; Eventos<\/a><\/li>\n<li><a href=\"https:\/\/www.alt-edic.eu\/es\/contact\/\">Cont\u00e1ctenos<\/a><\/li>\n<li><a href=\"https:\/\/www.alt-edic.eu\/es\/legal-notices\/\">Avisos legales<\/a><\/li>\n<li><a href=\"https:\/\/www.alt-edic.eu\/es\/privacy-policy\/\">Pol\u00edtica de privacidad<\/a><\/li>\n<li><a href=\"https:\/\/www.alt-edic.eu\/es\/accessibility\/\">Accesibilidad<\/a><\/li>\n<\/ul>\t\t\t\t\t\t\t\t<\/div>\n\t\t\t\t<\/div>\n\t\t\t\t\t<\/div>\n\t\t\t\t<\/div>\n\t\t\t\t<\/div>","protected":false},"excerpt":{"rendered":"<p>Inicio Sobre Nosotros Qu\u00e9 es un Consorcio EDIC Localizaci\u00f3n Gobernanza Nuestros Proyectos Ofertas de Trabajo Noticias &amp; Eventos Cont\u00e1ctenos Avisos Legales Pol\u00edtica de Privacidad Accesibilidad<\/p>","protected":false},"author":1,"featured_media":0,"parent":0,"menu_order":0,"comment_status":"closed","ping_status":"closed","template":"","meta":{"footnotes":""},"class_list":["post-8956","page","type-page","status-publish","hentry"],"aioseo_notices":[],"_links":{"self":[{"href":"https:\/\/www.alt-edic.eu\/es\/wp-json\/wp\/v2\/pages\/8956","targetHints":{"allow":["GET"]}}],"collection":[{"href":"https:\/\/www.alt-edic.eu\/es\/wp-json\/wp\/v2\/pages"}],"about":[{"href":"https:\/\/www.alt-edic.eu\/es\/wp-json\/wp\/v2\/types\/page"}],"author":[{"embeddable":true,"href":"https:\/\/www.alt-edic.eu\/es\/wp-json\/wp\/v2\/users\/1"}],"replies":[{"embeddable":true,"href":"https:\/\/www.alt-edic.eu\/es\/wp-json\/wp\/v2\/comments?post=8956"}],"version-history":[{"count":0,"href":"https:\/\/www.alt-edic.eu\/es\/wp-json\/wp\/v2\/pages\/8956\/revisions"}],"wp:attachment":[{"href":"https:\/\/www.alt-edic.eu\/es\/wp-json\/wp\/v2\/media?parent=8956"}],"curies":[{"name":"wp","href":"https:\/\/api.w.org\/{rel}","templated":true}]}}