{"id":8933,"date":"2024-10-02T20:59:20","date_gmt":"2024-10-02T20:59:20","guid":{"rendered":"https:\/\/alt-edic.eu\/?page_id=8933"},"modified":"2024-12-04T21:29:36","modified_gmt":"2024-12-04T21:29:36","slug":"accessibility","status":"publish","type":"page","link":"https:\/\/www.alt-edic.eu\/es\/accessibility\/","title":{"rendered":"<p>Accesibilidad<\/p>"},"content":{"rendered":"<div data-elementor-type=\"wp-page\" data-elementor-id=\"8933\" class=\"elementor elementor-8933\" data-elementor-post-type=\"page\">\n\t\t\t\t\t\t<section class=\"elementor-section elementor-top-section elementor-element elementor-element-1ad265a8 elementor-section-stretched elementor-section-boxed elementor-section-height-default elementor-section-height-default\" data-id=\"1ad265a8\" data-element_type=\"section\" data-e-type=\"section\" data-settings='{\"stretch_section\":\"section-stretched\",\"background_background\":\"gradient\"}'>\n\t\t\t\t\t\t<div class=\"elementor-container elementor-column-gap-extended\">\n\t\t\t\t\t<div class=\"elementor-column elementor-col-50 elementor-top-column elementor-element elementor-element-6150afc3\" data-id=\"6150afc3\" data-element_type=\"column\" data-e-type=\"column\">\n\t\t\t<div class=\"elementor-widget-wrap elementor-element-populated\">\n\t\t\t\t\t\t<div class=\"elementor-element elementor-element-4318ea5e elementor-widget elementor-widget-heading\" data-id=\"4318ea5e\" data-element_type=\"widget\" data-e-type=\"widget\" data-widget_type=\"heading.default\">\n\t\t\t\t<div class=\"elementor-widget-container\">\n\t\t\t\t\t<h1 class=\"elementor-heading-title elementor-size-default\">Declaraci\u00f3n de accesibilidad<\/h1>\t\t\t\t<\/div>\n\t\t\t\t<\/div>\n\t\t\t\t<div class=\"elementor-element elementor-element-6825d15e elementor-widget elementor-widget-text-editor\" data-id=\"6825d15e\" data-element_type=\"widget\" data-e-type=\"widget\" data-widget_type=\"text-editor.default\">\n\t\t\t\t<div class=\"elementor-widget-container\">\n\t\t\t\t\t\t\t\t\t<p>ALT-EDIC se compromete a hacer accesible su sitio web de conformidad con el art\u00edculo 47 de la ley n\u00b0 2005-102 del 11 de febrero de 2005.<\/p>\t\t\t\t\t\t\t\t<\/div>\n\t\t\t\t<\/div>\n\t\t\t\t\t<\/div>\n\t\t<\/div>\n\t\t\t\t<div class=\"elementor-column elementor-col-50 elementor-top-column elementor-element elementor-element-745957b9 elementor-hidden-tablet elementor-hidden-phone\" data-id=\"745957b9\" data-element_type=\"column\" data-e-type=\"column\">\n\t\t\t<div class=\"elementor-widget-wrap\">\n\t\t\t\t\t\t\t<\/div>\n\t\t<\/div>\n\t\t\t\t\t<\/div>\n\t\t<\/section>\n\t\t\t\t<section class=\"elementor-section elementor-top-section elementor-element elementor-element-283d2e88 elementor-section-stretched elementor-section-boxed elementor-section-height-default elementor-section-height-default\" data-id=\"283d2e88\" data-element_type=\"section\" data-e-type=\"section\" data-settings='{\"stretch_section\":\"section-stretched\"}'>\n\t\t\t\t\t\t<div class=\"elementor-container elementor-column-gap-extended\">\n\t\t\t\t\t<div class=\"elementor-column elementor-col-100 elementor-top-column elementor-element elementor-element-421f4ab elementor-invisible\" data-id=\"421f4ab\" data-element_type=\"column\" data-e-type=\"column\" data-settings='{\"animation\":\"slide-left\",\"animation_delay\":200}'>\n\t\t\t<div class=\"elementor-widget-wrap elementor-element-populated\">\n\t\t\t\t\t\t<div class=\"elementor-element elementor-element-c7e5855 elementor-widget elementor-widget-text-editor\" data-id=\"c7e5855\" data-element_type=\"widget\" data-e-type=\"widget\" data-widget_type=\"text-editor.default\">\n\t\t\t\t<div class=\"elementor-widget-container\">\n\t\t\t\t\t\t\t\t\t<p>Esta declaraci\u00f3n de accesibilidad se aplica a \u00e0 https:\/\/alt-edic.eu\/.<\/p>\n<h2>Estatuas de cumplimiento<\/h2>\n<p><span class=\"Y2IQFc\" lang=\"en\">Todav\u00eda no se ha llevado a cabo ninguna auditor\u00eda.<\/span><\/p>\n<p>https:\/\/alt-edic.eu\/ no es conforme con el repositorio de mejora de la accesibilidad general (<em>RGAA<\/em>), versi\u00f3n 4.1.2.<\/p>\n<p><span class=\"Y2IQFc\" lang=\"en\">Una auditor\u00eda de cumplimiento est\u00e1 bien planificada y el estado de cumplimiento se actualizar\u00e1 pronto.<\/span><\/p>\n<ul>\n<\/ul>\n<h2>Comentarios y contacto<\/h2>\n<p>Si no puede acceder a un contenido o servicio, puede ponerse en contacto con la persona responsable de que se dirija a una alternativa accesible u obtener el contenido de otra forma.<\/p>\n<ul>\n<li>Env\u00eda un mensaje a contact@alt-edic.eu<\/li>\n<\/ul>\n<h2>V\u00edas de apelaci\u00f3n<\/h2>\n<p>Este procedimiento debe utilizarse en los siguientes casos. Ha notificado al administrador del sitio web un problema de accesibilidad que le impide acceder a los contenidos o servicios del portal y no ha recibido una respuesta satisfactoria.<\/p>\n<ul>\n<li>Escriba un mensaje al Defensor de los Derechos Humanos (https:\/\/www.defenseurdesdroits.fr\/nous-contacter-355)<\/li>\n<li>P\u00f3ngase en contacto con su defensor de los derechos local (https:\/\/www.defenseurdesdroits.fr\/carte-des-delegues)<\/li>\n<li>Env\u00ede una carta por correo (gratis, no utilice sellos): <br>D\u00e9fenseur des droits <br>Respuesta libre <br>71120 75342 <br>Par\u00eds CEDEX 07<\/li>\n<\/ul>\t\t\t\t\t\t\t\t<\/div>\n\t\t\t\t<\/div>\n\t\t\t\t\t<\/div>\n\t\t<\/div>\n\t\t\t\t\t<\/div>\n\t\t<\/section>\n\t\t\t\t<\/div>","protected":false},"excerpt":{"rendered":"<p>Declaraci\u00f3n de accesibilidad ALT-EDIC se compromete a hacer accesible su sitio web de conformidad con el art\u00edculo 47 de la ley n\u00b0 2005-102 del 11 de febrero de 2005. Esta declaraci\u00f3n de accesibilidad se aplica a \u00e0 https:\/\/alt-edic.eu\/. Todav\u00eda no se ha realizado ninguna auditor\u00eda. https:\/\/alt-edic.eu\/ no es conforme con el Repositorio General de Mejora de la Accesibilidad (RGAA), versi\u00f3n 4.1.2. Una auditor\u00eda de cumplimiento es [\u2026]<\/p>","protected":false},"author":1,"featured_media":0,"parent":0,"menu_order":0,"comment_status":"closed","ping_status":"closed","template":"","meta":{"footnotes":""},"class_list":["post-8933","page","type-page","status-publish","hentry"],"aioseo_notices":[],"_links":{"self":[{"href":"https:\/\/www.alt-edic.eu\/es\/wp-json\/wp\/v2\/pages\/8933","targetHints":{"allow":["GET"]}}],"collection":[{"href":"https:\/\/www.alt-edic.eu\/es\/wp-json\/wp\/v2\/pages"}],"about":[{"href":"https:\/\/www.alt-edic.eu\/es\/wp-json\/wp\/v2\/types\/page"}],"author":[{"embeddable":true,"href":"https:\/\/www.alt-edic.eu\/es\/wp-json\/wp\/v2\/users\/1"}],"replies":[{"embeddable":true,"href":"https:\/\/www.alt-edic.eu\/es\/wp-json\/wp\/v2\/comments?post=8933"}],"version-history":[{"count":0,"href":"https:\/\/www.alt-edic.eu\/es\/wp-json\/wp\/v2\/pages\/8933\/revisions"}],"wp:attachment":[{"href":"https:\/\/www.alt-edic.eu\/es\/wp-json\/wp\/v2\/media?parent=8933"}],"curies":[{"name":"wp","href":"https:\/\/api.w.org\/{rel}","templated":true}]}}