{"id":10975,"date":"2025-11-03T18:02:10","date_gmt":"2025-11-03T17:02:10","guid":{"rendered":"https:\/\/www.alt-edic.eu\/?page_id=10975"},"modified":"2026-01-20T10:02:09","modified_gmt":"2026-01-20T09:02:09","slug":"llm-bridge","status":"publish","type":"page","link":"https:\/\/www.alt-edic.eu\/es\/projects\/llm-bridge\/","title":{"rendered":"<p>LLM-BRIDGE<\/p>"},"content":{"rendered":"<div data-elementor-type=\"wp-page\" data-elementor-id=\"10975\" class=\"elementor elementor-10975\" data-elementor-post-type=\"page\">\n\t\t\t\t\t\t<section class=\"elementor-section elementor-top-section elementor-element elementor-element-1577bd88 elementor-section-stretched elementor-section-boxed elementor-section-height-default elementor-section-height-default\" data-id=\"1577bd88\" data-element_type=\"section\" data-e-type=\"section\" data-settings='{\"stretch_section\":\"section-stretched\",\"background_background\":\"gradient\"}'>\n\t\t\t\t\t\t<div class=\"elementor-container elementor-column-gap-extended\">\n\t\t\t\t\t<div class=\"elementor-column elementor-col-50 elementor-top-column elementor-element elementor-element-70dc39ba\" data-id=\"70dc39ba\" data-element_type=\"column\" data-e-type=\"column\">\n\t\t\t<div class=\"elementor-widget-wrap elementor-element-populated\">\n\t\t\t\t\t\t<div class=\"elementor-element elementor-element-51cabebb elementor-widget elementor-widget-heading\" data-id=\"51cabebb\" data-element_type=\"widget\" data-e-type=\"widget\" data-widget_type=\"heading.default\">\n\t\t\t\t<div class=\"elementor-widget-container\">\n\t\t\t\t\t<h1 class=\"elementor-heading-title elementor-size-default\">LLM-BRIDGE<\/h1>\t\t\t\t<\/div>\n\t\t\t\t<\/div>\n\t\t\t\t<div class=\"elementor-element elementor-element-1f4ee8af elementor-widget elementor-widget-text-editor\" data-id=\"1f4ee8af\" data-element_type=\"widget\" data-e-type=\"widget\" data-widget_type=\"text-editor.default\">\n\t\t\t\t<div class=\"elementor-widget-container\">\n\t\t\t\t\t\t\t\t\t<p><strong style=\"background-color: transparent; color: #ffffff;\">El proyecto LLM Booster for Regional Innovation and Digital Growth in Europe&nbsp;<\/strong><strong style=\"background-color: transparent; color: #ffffff;\">&nbsp;(LLM-BRIDGE)&nbsp;<\/strong><strong style=\"background-color: transparent; color: #ffffff;\">apoya startups y scaleups en el dominio de r\u00e1pido crecimiento de los Grandes Modelos de Lenguaje (LLM).<\/strong><\/p>\t\t\t\t\t\t\t\t<\/div>\n\t\t\t\t<\/div>\n\t\t\t\t\t<\/div>\n\t\t<\/div>\n\t\t\t\t<div class=\"elementor-column elementor-col-50 elementor-top-column elementor-element elementor-element-286565d9 elementor-hidden-tablet elementor-hidden-phone\" data-id=\"286565d9\" data-element_type=\"column\" data-e-type=\"column\">\n\t\t\t<div class=\"elementor-widget-wrap\">\n\t\t\t\t\t\t\t<\/div>\n\t\t<\/div>\n\t\t\t\t\t<\/div>\n\t\t<\/section>\n\t\t\t\t<section class=\"elementor-section elementor-top-section elementor-element elementor-element-2a82150a elementor-section-stretched elementor-section-boxed elementor-section-height-default elementor-section-height-default\" data-id=\"2a82150a\" data-element_type=\"section\" data-e-type=\"section\" data-settings='{\"stretch_section\":\"section-stretched\"}'>\n\t\t\t\t\t\t<div class=\"elementor-container elementor-column-gap-extended\">\n\t\t\t\t\t<div class=\"elementor-column elementor-col-50 elementor-top-column elementor-element elementor-element-4dc940b2 elementor-invisible\" data-id=\"4dc940b2\" data-element_type=\"column\" data-e-type=\"column\" data-settings='{\"animation\":\"slide-left\",\"animation_delay\":200}'>\n\t\t\t<div class=\"elementor-widget-wrap elementor-element-populated\">\n\t\t\t\t\t\t<div class=\"elementor-element elementor-element-2fa08fbe elementor-widget__width-initial elementor-widget elementor-widget-text-editor\" data-id=\"2fa08fbe\" data-element_type=\"widget\" data-e-type=\"widget\" data-widget_type=\"text-editor.default\">\n\t\t\t\t<div class=\"elementor-widget-container\">\n\t\t\t\t\t\t\t\t\t<p>El&nbsp;<span style=\"text-decoration: underline;\"><a href=\"https:\/\/www.llm-bridge.eu\/\">Proyecto LLM-BRIDGE<\/a><\/span> tiene por objeto reforzar los ecosistemas nacionales de GenAI equipando a las empresas emergentes, las empresas en expansi\u00f3n, las incubadoras y los inversores con el apoyo necesario para construir y desplegar productos impulsados por la LLM.<\/p><p>El proyecto re\u00fane a un consorcio de socios de diez pa\u00edses europeos, coordinado por ALT-EDIC. Las capacidades de los socios para apoyar a las empresas emergentes y la innovaci\u00f3n se ven reforzadas por su experiencia t\u00e9cnica en GenAI y LLM. Estas capacidades ayudar\u00e1n a las startups y scaleups a integrar LLM de manera responsable y a escala. Juntos, el consorcio ofrecer\u00e1 tres programas de apoyo dedicados centrados en LLM:<\/p><p dir=\"ltr\" style=\"margin-top: 0pt; margin-bottom: 0pt; line-height: 1.38;\">&nbsp;<\/p>\t\t\t\t\t\t\t\t<\/div>\n\t\t\t\t<\/div>\n\t\t\t\t\t<\/div>\n\t\t<\/div>\n\t\t\t\t<div class=\"elementor-column elementor-col-50 elementor-top-column elementor-element elementor-element-169741bd elementor-hidden-tablet elementor-hidden-phone elementor-invisible\" data-id=\"169741bd\" data-element_type=\"column\" data-e-type=\"column\" data-settings='{\"animation\":\"slide-right\"}'>\n\t\t\t<div class=\"elementor-widget-wrap elementor-element-populated\">\n\t\t\t\t\t\t<div class=\"elementor-element elementor-element-47d0ea elementor-widget__width-initial elementor-widget elementor-widget-image\" data-id=\"47d0ea\" data-element_type=\"widget\" data-e-type=\"widget\" data-widget_type=\"image.default\">\n\t\t\t\t<div class=\"elementor-widget-container\">\n\t\t\t\t\t\t\t\t\t\t\t\t\t\t\t<img fetchpriority=\"high\" decoding=\"async\" width=\"800\" height=\"520\" src=\"https:\/\/www.alt-edic.eu\/wp-content\/uploads\/2026\/01\/Project-page-images-2-e1768899698813.png\" class=\"attachment-full size-full wp-image-11100\" alt=\"LLM-BRIDGE Informaci\u00f3n del proyecto\" srcset=\"https:\/\/www.alt-edic.eu\/wp-content\/uploads\/2026\/01\/Project-page-images-2-e1768899698813.png 800w, https:\/\/www.alt-edic.eu\/wp-content\/uploads\/2026\/01\/Project-page-images-2-e1768899698813-300x195.png 300w, https:\/\/www.alt-edic.eu\/wp-content\/uploads\/2026\/01\/Project-page-images-2-e1768899698813-768x499.png 768w, https:\/\/www.alt-edic.eu\/wp-content\/uploads\/2026\/01\/Project-page-images-2-e1768899698813-18x12.png 18w\" sizes=\"(max-width: 800px) 100vw, 800px\">\t\t\t\t\t\t\t\t\t\t\t\t\t\t\t<\/div>\n\t\t\t\t<\/div>\n\t\t\t\t\t<\/div>\n\t\t<\/div>\n\t\t\t\t\t<\/div>\n\t\t<\/section>\n\t\t<div class=\"elementor-element elementor-element-8ed64da e-flex e-con-boxed e-con e-parent\" data-id=\"8ed64da\" data-element_type=\"container\" data-e-type=\"container\">\n\t\t\t\t\t<div class=\"e-con-inner\">\n\t\t\t\t<div class=\"elementor-element elementor-element-41c7d55 elementor-widget__width-initial elementor-widget elementor-widget-text-editor\" data-id=\"41c7d55\" data-element_type=\"widget\" data-e-type=\"widget\" data-widget_type=\"text-editor.default\">\n\t\t\t\t<div class=\"elementor-widget-container\">\n\t\t\t\t\t\t\t\t\t<p dir=\"ltr\" style=\"margin-top: 0pt; margin-bottom: 0pt; line-height: 1.38;\"><strong style=\"color: #202124; font-family: Lato, Arial, sans-serif; font-size: 26px;\">Tres programas de impacto<\/strong><\/p><p dir=\"ltr\" style=\"margin-top: 0pt; margin-bottom: 0pt; line-height: 1.38;\"><strong style=\"color: #202124; font-family: Lato, Arial, sans-serif; font-size: 26px;\">&nbsp;<\/strong><\/p><p dir=\"ltr\" style=\"margin-top: 0pt; margin-bottom: 0pt; line-height: 1.38;\"><strong style=\"color: #202124; font-family: Lato, Arial, sans-serif; font-size: 19px;\">Programa de Educaci\u00f3n Empresarial<\/strong><\/p><p>Un programa de educaci\u00f3n estructurada para pre-semillas y startups de semillas. Los participantes recibir\u00e1n talleres y tutor\u00edas individuales sobre diversos temas, como la gesti\u00f3n empresarial, el entorno tecnol\u00f3gico y regulatorio, el acceso a la financiaci\u00f3n y las estrategias de desarrollo.<\/p><h4 style=\"font-family: Lato, Arial, sans-serif;\"><strong>Programa de incubaci\u00f3n de empresas<\/strong><\/h4><p>Servicios de incubaci\u00f3n dise\u00f1ados para acelerar la validaci\u00f3n de productos y clientes. Cuando sea posible, las startups recibir\u00e1n acceso a recursos t\u00e9cnicos personalizados, como conjuntos de datos e inform\u00e1tica, orientaci\u00f3n sobre el cumplimiento normativo y soporte para la adquisici\u00f3n de clientes. M\u00e1s de medio mill\u00f3n de euros se destinar\u00e1n a incubadoras y startups seleccionadas.<\/p><h4 style=\"font-family: Lato, Arial, sans-serif;\"><strong>Programa de aceleraci\u00f3n<\/strong><\/h4><p>Un programa de aceleraci\u00f3n para startups con el objetivo de obtener financiaci\u00f3n de la Serie A. El programa proporcionar\u00e1 apoyo personalizado en la preparaci\u00f3n para la inversi\u00f3n, la escala y el cumplimiento normativo. El programa culminar\u00e1 en un emparejamiento centrado en los inversores con los inversores.<\/p><p>LLM-BRIDGE est\u00e1 financiado por la Uni\u00f3n Europea en el marco del Programa Europa Digital y comenz\u00f3 el 1 de septiembre de 2025, por una duraci\u00f3n de tres a\u00f1os. En 2026 se dispondr\u00e1 de m\u00e1s informaci\u00f3n sobre la puesta en marcha de los programas.<\/p><p>&nbsp;<\/p><p>Para m\u00e1s informaci\u00f3n sobre el proyecto LLM-BRIDGE, visite el <span style=\"text-decoration: underline;\"><a href=\"https:\/\/www.llm-bridge.eu\/\">sitio web del proyecto<\/a><\/span>.<\/p>\t\t\t\t\t\t\t\t<\/div>\n\t\t\t\t<\/div>\n\t\t\t\t\t<\/div>\n\t\t\t\t<\/div>\n\t\t\t\t<\/div>","protected":false},"excerpt":{"rendered":"<p>LLM-BRIDGE El proyecto LLM Booster for Regional Innovation and Digital Growth in Europe (LLM-BRIDGE) apoya a startups y scaleups en el dominio de r\u00e1pido crecimiento de los Grandes Modelos Ling\u00fc\u00edsticos (LLM). El proyecto LLM-BRIDGE tiene como objetivo fortalecer los ecosistemas nacionales de GenAI equipando a nuevas empresas, empresas en expansi\u00f3n, incubadoras e inversores con el apoyo necesario para construir e implementar productos impulsados por LLM. El proyecto re\u00fane a un [\u2026]<\/p>","protected":false},"author":37,"featured_media":0,"parent":9229,"menu_order":0,"comment_status":"closed","ping_status":"closed","template":"","meta":{"footnotes":""},"class_list":["post-10975","page","type-page","status-publish","hentry"],"aioseo_notices":[],"_links":{"self":[{"href":"https:\/\/www.alt-edic.eu\/es\/wp-json\/wp\/v2\/pages\/10975","targetHints":{"allow":["GET"]}}],"collection":[{"href":"https:\/\/www.alt-edic.eu\/es\/wp-json\/wp\/v2\/pages"}],"about":[{"href":"https:\/\/www.alt-edic.eu\/es\/wp-json\/wp\/v2\/types\/page"}],"author":[{"embeddable":true,"href":"https:\/\/www.alt-edic.eu\/es\/wp-json\/wp\/v2\/users\/37"}],"replies":[{"embeddable":true,"href":"https:\/\/www.alt-edic.eu\/es\/wp-json\/wp\/v2\/comments?post=10975"}],"version-history":[{"count":0,"href":"https:\/\/www.alt-edic.eu\/es\/wp-json\/wp\/v2\/pages\/10975\/revisions"}],"up":[{"embeddable":true,"href":"https:\/\/www.alt-edic.eu\/es\/wp-json\/wp\/v2\/pages\/9229"}],"wp:attachment":[{"href":"https:\/\/www.alt-edic.eu\/es\/wp-json\/wp\/v2\/media?parent=10975"}],"curies":[{"name":"wp","href":"https:\/\/api.w.org\/{rel}","templated":true}]}}