{"id":8933,"date":"2024-10-02T20:59:20","date_gmt":"2024-10-02T20:59:20","guid":{"rendered":"https:\/\/alt-edic.eu\/?page_id=8933"},"modified":"2024-12-04T21:29:36","modified_gmt":"2024-12-04T21:29:36","slug":"accessibility","status":"publish","type":"page","link":"https:\/\/www.alt-edic.eu\/de\/accessibility\/","title":{"rendered":"<p>Zug\u00e4nglichkeit<\/p>"},"content":{"rendered":"<div data-elementor-type=\"wp-page\" data-elementor-id=\"8933\" class=\"elementor elementor-8933\" data-elementor-post-type=\"page\">\n\t\t\t\t\t\t<section class=\"elementor-section elementor-top-section elementor-element elementor-element-1ad265a8 elementor-section-stretched elementor-section-boxed elementor-section-height-default elementor-section-height-default\" data-id=\"1ad265a8\" data-element_type=\"section\" data-e-type=\"section\" data-settings='{\"stretch_section\":\"section-stretched\",\"background_background\":\"gradient\"}'>\n\t\t\t\t\t\t<div class=\"elementor-container elementor-column-gap-extended\">\n\t\t\t\t\t<div class=\"elementor-column elementor-col-50 elementor-top-column elementor-element elementor-element-6150afc3\" data-id=\"6150afc3\" data-element_type=\"column\" data-e-type=\"column\">\n\t\t\t<div class=\"elementor-widget-wrap elementor-element-populated\">\n\t\t\t\t\t\t<div class=\"elementor-element elementor-element-4318ea5e elementor-widget elementor-widget-heading\" data-id=\"4318ea5e\" data-element_type=\"widget\" data-e-type=\"widget\" data-widget_type=\"heading.default\">\n\t\t\t\t<div class=\"elementor-widget-container\">\n\t\t\t\t\t<h1 class=\"elementor-heading-title elementor-size-default\">Erkl\u00e4rung zur Barrierefreiheit<\/h1>\t\t\t\t<\/div>\n\t\t\t\t<\/div>\n\t\t\t\t<div class=\"elementor-element elementor-element-6825d15e elementor-widget elementor-widget-text-editor\" data-id=\"6825d15e\" data-element_type=\"widget\" data-e-type=\"widget\" data-widget_type=\"text-editor.default\">\n\t\t\t\t<div class=\"elementor-widget-container\">\n\t\t\t\t\t\t\t\t\t<p>ALT-EDIC verpflichtet sich, seine Website gem\u00e4\u00df Artikel 47 des Gesetzes Nr. 2005-102 vom 11. Februar 2005 zug\u00e4nglich zu machen.<\/p>\t\t\t\t\t\t\t\t<\/div>\n\t\t\t\t<\/div>\n\t\t\t\t\t<\/div>\n\t\t<\/div>\n\t\t\t\t<div class=\"elementor-column elementor-col-50 elementor-top-column elementor-element elementor-element-745957b9 elementor-hidden-tablet elementor-hidden-phone\" data-id=\"745957b9\" data-element_type=\"column\" data-e-type=\"column\">\n\t\t\t<div class=\"elementor-widget-wrap\">\n\t\t\t\t\t\t\t<\/div>\n\t\t<\/div>\n\t\t\t\t\t<\/div>\n\t\t<\/section>\n\t\t\t\t<section class=\"elementor-section elementor-top-section elementor-element elementor-element-283d2e88 elementor-section-stretched elementor-section-boxed elementor-section-height-default elementor-section-height-default\" data-id=\"283d2e88\" data-element_type=\"section\" data-e-type=\"section\" data-settings='{\"stretch_section\":\"section-stretched\"}'>\n\t\t\t\t\t\t<div class=\"elementor-container elementor-column-gap-extended\">\n\t\t\t\t\t<div class=\"elementor-column elementor-col-100 elementor-top-column elementor-element elementor-element-421f4ab elementor-invisible\" data-id=\"421f4ab\" data-element_type=\"column\" data-e-type=\"column\" data-settings='{\"animation\":\"slide-left\",\"animation_delay\":200}'>\n\t\t\t<div class=\"elementor-widget-wrap elementor-element-populated\">\n\t\t\t\t\t\t<div class=\"elementor-element elementor-element-c7e5855 elementor-widget elementor-widget-text-editor\" data-id=\"c7e5855\" data-element_type=\"widget\" data-e-type=\"widget\" data-widget_type=\"text-editor.default\">\n\t\t\t\t<div class=\"elementor-widget-container\">\n\t\t\t\t\t\t\t\t\t<p>Diese Erkl\u00e4rung zur Barrierefreiheit gilt f\u00fcr \u00e0 https:\/\/alt-edic.eu\/.<\/p>\n<h2>Compliance-Statuten<\/h2>\n<p><span class=\"Y2IQFc\" lang=\"en\">Es wurde noch keine Pr\u00fcfung durchgef\u00fchrt.<\/span><\/p>\n<p>https:\/\/alt-edic.eu\/ entspricht nicht dem Repository zur Verbesserung der allgemeinen Barrierefreiheit (<em>RGAA<\/em>), Version 4.1.2.<\/p>\n<p><span class=\"Y2IQFc\" lang=\"en\">Ein Compliance-Audit ist gut geplant und der Compliance-Status wird in K\u00fcrze aktualisiert.<\/span><\/p>\n<ul>\n<\/ul>\n<h2>Feedback und Kontakt<\/h2>\n<p>Wenn Sie nicht auf einen Inhalt oder eine Dienstleistung zugreifen k\u00f6nnen, k\u00f6nnen Sie sich an den Verantwortlichen wenden, um zu einer zug\u00e4nglichen Alternative weitergeleitet zu werden, oder den Inhalt in einer anderen Form erhalten.<\/p>\n<ul>\n<li>Senden Sie eine Nachricht an contact@alt-edic.eu<\/li>\n<\/ul>\n<h2>Alleen der Berufung<\/h2>\n<p>Dieses Verfahren sollte in den folgenden F\u00e4llen angewendet werden. Sie haben den Website-Manager \u00fcber ein Barrierefreiheitsproblem informiert, das Sie daran hindert, auf Inhalte oder Dienste auf dem Portal zuzugreifen, und Sie haben keine zufriedenstellende Antwort erhalten.<\/p>\n<ul>\n<li>Schreiben Sie eine Nachricht an den Rechtsverteidiger (https:\/\/www.defenseurdesdroits.fr\/nous-contacter-355)<\/li>\n<li>Wenden Sie sich an Ihren lokalen Rechteverteidiger (https:\/\/www.defenseurdesdroits.fr\/carte-des-delegues)<\/li>\n<li>Senden Sie einen Brief per Post (kostenlos, verwenden Sie keine Stempel) : <br>D\u00e9fenseur des droits <br>Libre r\u00e9ponse <br>71120 75342 <br>Paris CEDEX 07<\/li>\n<\/ul>\t\t\t\t\t\t\t\t<\/div>\n\t\t\t\t<\/div>\n\t\t\t\t\t<\/div>\n\t\t<\/div>\n\t\t\t\t\t<\/div>\n\t\t<\/section>\n\t\t\t\t<\/div>","protected":false},"excerpt":{"rendered":"<p>ALT-EDIC verpflichtet sich, seine Website gem\u00e4\u00df Artikel 47 des Gesetzes Nr. 2005-102 vom 11. Februar 2005 zug\u00e4nglich zu machen. Diese Erkl\u00e4rung zur Barrierefreiheit gilt f\u00fcr \u00e0 https:\/\/alt-edic.eu\/. Es wurde noch kein Audit durchgef\u00fchrt. https:\/\/alt-edic.eu\/ entspricht nicht dem General Accessibility Improvement Repository (RGAA), Version 4.1.2. Ein Compliance-Audit ist [\u2026]<\/p>","protected":false},"author":1,"featured_media":0,"parent":0,"menu_order":0,"comment_status":"closed","ping_status":"closed","template":"","meta":{"footnotes":""},"class_list":["post-8933","page","type-page","status-publish","hentry"],"aioseo_notices":[],"_links":{"self":[{"href":"https:\/\/www.alt-edic.eu\/de\/wp-json\/wp\/v2\/pages\/8933","targetHints":{"allow":["GET"]}}],"collection":[{"href":"https:\/\/www.alt-edic.eu\/de\/wp-json\/wp\/v2\/pages"}],"about":[{"href":"https:\/\/www.alt-edic.eu\/de\/wp-json\/wp\/v2\/types\/page"}],"author":[{"embeddable":true,"href":"https:\/\/www.alt-edic.eu\/de\/wp-json\/wp\/v2\/users\/1"}],"replies":[{"embeddable":true,"href":"https:\/\/www.alt-edic.eu\/de\/wp-json\/wp\/v2\/comments?post=8933"}],"version-history":[{"count":0,"href":"https:\/\/www.alt-edic.eu\/de\/wp-json\/wp\/v2\/pages\/8933\/revisions"}],"wp:attachment":[{"href":"https:\/\/www.alt-edic.eu\/de\/wp-json\/wp\/v2\/media?parent=8933"}],"curies":[{"name":"wp","href":"https:\/\/api.w.org\/{rel}","templated":true}]}}