{"id":8760,"date":"2024-08-19T14:45:10","date_gmt":"2024-08-19T14:45:10","guid":{"rendered":"https:\/\/alt-edic.eu\/?page_id=8760"},"modified":"2024-12-13T10:43:51","modified_gmt":"2024-12-13T09:43:51","slug":"what-is-an-edic","status":"publish","type":"page","link":"https:\/\/www.alt-edic.eu\/da\/what-is-an-edic\/","title":{"rendered":"<p>Hvad er et EDIC<\/p>"},"content":{"rendered":"<div data-elementor-type=\"wp-page\" data-elementor-id=\"8760\" class=\"elementor elementor-8760\" data-elementor-post-type=\"page\">\n\t\t\t\t\t\t<section class=\"elementor-section elementor-top-section elementor-element elementor-element-6ce15b86 elementor-section-stretched elementor-section-boxed elementor-section-height-default elementor-section-height-default\" data-id=\"6ce15b86\" data-element_type=\"section\" data-e-type=\"section\" data-settings='{\"stretch_section\":\"section-stretched\",\"background_background\":\"gradient\"}'>\n\t\t\t\t\t\t<div class=\"elementor-container elementor-column-gap-extended\">\n\t\t\t\t\t<div class=\"elementor-column elementor-col-50 elementor-top-column elementor-element elementor-element-2b0ff17f\" data-id=\"2b0ff17f\" data-element_type=\"column\" data-e-type=\"column\">\n\t\t\t<div class=\"elementor-widget-wrap elementor-element-populated\">\n\t\t\t\t\t\t<div class=\"elementor-element elementor-element-7dfb564d elementor-widget elementor-widget-heading\" data-id=\"7dfb564d\" data-element_type=\"widget\" data-e-type=\"widget\" data-widget_type=\"heading.default\">\n\t\t\t\t<div class=\"elementor-widget-container\">\n\t\t\t\t\t<h1 class=\"elementor-heading-title elementor-size-default\">Hvad er et EDIC?<\/h1>\t\t\t\t<\/div>\n\t\t\t\t<\/div>\n\t\t\t\t<div class=\"elementor-element elementor-element-49ebb3c5 elementor-widget elementor-widget-text-editor\" data-id=\"49ebb3c5\" data-element_type=\"widget\" data-e-type=\"widget\" data-widget_type=\"text-editor.default\">\n\t\t\t\t<div class=\"elementor-widget-container\">\n\t\t\t\t\t\t\t\t\t<div class=\"elementor-element elementor-element-e277c6 elementor-widget__width-initial elementor-widget elementor-widget-text-editor\" data-id=\"e277c6\" data-element_type=\"widget\" data-widget_type=\"text-editor.default\"><div class=\"elementor-widget-container\"><p>Et konsortium for en europ\u00e6isk digital infrastruktur (EDIC) er en type retlig struktur, der er oprettet under politikprogrammet for det digitale \u00e5rti 2030 for at s\u00e6tte EU's medlemsstater i stand til at samle ressourcerne p\u00e5 en effektiv m\u00e5de med henblik p\u00e5 at gennemf\u00f8re en f\u00e6lles digital infrastruktur.<\/p><\/div><\/div>\t\t\t\t\t\t\t\t<\/div>\n\t\t\t\t<\/div>\n\t\t\t\t\t<\/div>\n\t\t<\/div>\n\t\t\t\t<div class=\"elementor-column elementor-col-50 elementor-top-column elementor-element elementor-element-610ca725 elementor-hidden-tablet elementor-hidden-phone\" data-id=\"610ca725\" data-element_type=\"column\" data-e-type=\"column\">\n\t\t\t<div class=\"elementor-widget-wrap\">\n\t\t\t\t\t\t\t<\/div>\n\t\t<\/div>\n\t\t\t\t\t<\/div>\n\t\t<\/section>\n\t\t\t\t<section class=\"elementor-section elementor-top-section elementor-element elementor-element-1b631d26 elementor-section-stretched elementor-section-boxed elementor-section-height-default elementor-section-height-default\" data-id=\"1b631d26\" data-element_type=\"section\" data-e-type=\"section\" data-settings='{\"stretch_section\":\"section-stretched\"}'>\n\t\t\t\t\t\t<div class=\"elementor-container elementor-column-gap-extended\">\n\t\t\t\t\t<div class=\"elementor-column elementor-col-50 elementor-top-column elementor-element elementor-element-51bbcc16 elementor-invisible\" data-id=\"51bbcc16\" data-element_type=\"column\" data-e-type=\"column\" data-settings='{\"animation\":\"slide-left\",\"animation_delay\":200}'>\n\t\t\t<div class=\"elementor-widget-wrap elementor-element-populated\">\n\t\t\t\t\t\t<div class=\"elementor-element elementor-element-5669fbcf elementor-widget elementor-widget-text-editor\" data-id=\"5669fbcf\" data-element_type=\"widget\" data-e-type=\"widget\" data-widget_type=\"text-editor.default\">\n\t\t\t\t<div class=\"elementor-widget-container\">\n\t\t\t\t\t\t\t\t\t<p><span style=\"text-decoration: underline;\"><a href=\"https:\/\/digital-strategy.ec.europa.eu\/en\/policies\/edic\">Konsortier for europ\u00e6isk digital infrastruktur (EDIC'er)<\/a><\/span> blev indf\u00f8rt under <span style=\"text-decoration: underline;\"><a href=\"https:\/\/eur-lex.europa.eu\/eli\/dec\/2022\/2481\/oj\">Europa-Parlamentets og R\u00e5dets afg\u00f8relse (EU) 2022\/2481 af 14. december 2022<\/a><\/span> om oprettelse af <span style=\"text-decoration: underline;\"><a href=\"https:\/\/digital-strategy.ec.europa.eu\/en\/library\/digital-decade-policy-programme-2030\">Politikprogrammet for det digitale \u00e5rti 2030<\/a><\/span>.<\/p><p>Hovedform\u00e5let med EDIC'erne er at skabe en retlig ramme for investeringer i flerlandeprojekter, som p\u00e5 grund af deres omfang ikke kan oprettes effektivt af de enkelte medlemsstater. EDIC'er letter derfor koordineringen af finansieringen og muligg\u00f8r hurtig etablering og fleksibel gennemf\u00f8relse af flerlandeprojekter for at skabe incitamenter for medlemsstaterne, samtidig med at der sikres f\u00e6lles standarder og interoperabilitet.<\/p><p>Derudover bidrager EDIC'erne til:<\/p>\t\t\t\t\t\t\t\t<\/div>\n\t\t\t\t<\/div>\n\t\t\t\t<div class=\"elementor-element elementor-element-77c7f869 elementor-widget elementor-widget-text-editor\" data-id=\"77c7f869\" data-element_type=\"widget\" data-e-type=\"widget\" data-widget_type=\"text-editor.default\">\n\t\t\t\t<div class=\"elementor-widget-container\">\n\t\t\t\t\t\t\t\t\t<ul><li>styrkelse af Europas teknologiske ekspertise, lederskab, innovation og konkurrenceevne inden for kritiske teknologier<\/li><li>h\u00e5ndtering og l\u00f8sning af Unionens strategiske afh\u00e6ngighed i de digitale forsyningsk\u00e6der<\/li><li>\u00f8ge tilg\u00e6ngeligheden og fremme brugen af sikre digitale l\u00f8sninger<\/li><li>tilskyndelse til en inklusiv og b\u00e6redygtig digital omstilling af \u00f8konomien og samfundet<\/li><li>fremme af digitale f\u00e6rdigheder for borgerne og fremme af k\u00f8nsbalanceret deltagelse i uddannelses- og karrieremuligheder.<\/li><\/ul>\t\t\t\t\t\t\t\t<\/div>\n\t\t\t\t<\/div>\n\t\t\t\t<div class=\"elementor-element elementor-element-ee8d3e2 elementor-widget elementor-widget-text-editor\" data-id=\"ee8d3e2\" data-element_type=\"widget\" data-e-type=\"widget\" data-widget_type=\"text-editor.default\">\n\t\t\t\t<div class=\"elementor-widget-container\">\n\t\t\t\t\t\t\t\t\t<p>Yderligere oplysninger om EDIC'er er tilg\u00e6ngelige <a href=\"https:\/\/digital-strategy.ec.europa.eu\/en\/policies\/edic\">her<\/a>.<\/p><p>ALT-EDIC er et EDIC, der er dedikeret til sprogteknologier. Det g\u00f8r det muligt at samle de ressourcer, der er n\u00f8dvendige for at udvikle store sprogmodeller p\u00e5 en mere effektiv m\u00e5de, end noget medlemsland kunne g\u00f8re alene.<\/p>\t\t\t\t\t\t\t\t<\/div>\n\t\t\t\t<\/div>\n\t\t\t\t\t<\/div>\n\t\t<\/div>\n\t\t\t\t<div class=\"elementor-column elementor-col-50 elementor-top-column elementor-element elementor-element-df98f7c elementor-invisible\" data-id=\"df98f7c\" data-element_type=\"column\" data-e-type=\"column\" data-settings='{\"animation\":\"slide-left\",\"animation_delay\":200}'>\n\t\t\t<div class=\"elementor-widget-wrap elementor-element-populated\">\n\t\t\t\t\t\t<div class=\"elementor-element elementor-element-5ed9a92 elementor-widget elementor-widget-image\" data-id=\"5ed9a92\" data-element_type=\"widget\" data-e-type=\"widget\" data-widget_type=\"image.default\">\n\t\t\t\t<div class=\"elementor-widget-container\">\n\t\t\t\t\t\t\t\t\t\t\t\t\t\t\t<img fetchpriority=\"high\" decoding=\"async\" width=\"660\" height=\"371\" src=\"https:\/\/www.alt-edic.eu\/wp-content\/uploads\/2024\/10\/what-is-an-edic-1024x576.jpg\" class=\"attachment-large size-large wp-image-9172\" alt=\"Europ\u00e6isk flag med Edic\" srcset=\"https:\/\/www.alt-edic.eu\/wp-content\/uploads\/2024\/10\/what-is-an-edic-1024x576.jpg 1024w, https:\/\/www.alt-edic.eu\/wp-content\/uploads\/2024\/10\/what-is-an-edic-300x169.jpg 300w, https:\/\/www.alt-edic.eu\/wp-content\/uploads\/2024\/10\/what-is-an-edic-768x432.jpg 768w, https:\/\/www.alt-edic.eu\/wp-content\/uploads\/2024\/10\/what-is-an-edic-1536x864.jpg 1536w, https:\/\/www.alt-edic.eu\/wp-content\/uploads\/2024\/10\/what-is-an-edic-18x10.jpg 18w, https:\/\/www.alt-edic.eu\/wp-content\/uploads\/2024\/10\/what-is-an-edic.jpg 1920w\" sizes=\"(max-width: 660px) 100vw, 660px\">\t\t\t\t\t\t\t\t\t\t\t\t\t\t\t<\/div>\n\t\t\t\t<\/div>\n\t\t\t\t\t<\/div>\n\t\t<\/div>\n\t\t\t\t\t<\/div>\n\t\t<\/section>\n\t\t\t\t<\/div>","protected":false},"excerpt":{"rendered":"<p>Hvad er et EDIC? Et konsortium for en europ\u00e6isk digital infrastruktur (EDIC) er en type retlig struktur, der er oprettet under politikprogrammet for det digitale \u00e5rti 2030 for at s\u00e6tte EU's medlemsstater i stand til at samle ressourcerne p\u00e5 en effektiv m\u00e5de med henblik p\u00e5 at gennemf\u00f8re en f\u00e6lles digital infrastruktur. Konsortier for europ\u00e6isk digital infrastruktur (EDIC'er) blev indf\u00f8rt ved [\u2026] afg\u00f8relse (EU) 2022\/2481.<\/p>","protected":false},"author":1,"featured_media":0,"parent":0,"menu_order":0,"comment_status":"closed","ping_status":"closed","template":"","meta":{"footnotes":""},"class_list":["post-8760","page","type-page","status-publish","hentry"],"aioseo_notices":[],"_links":{"self":[{"href":"https:\/\/www.alt-edic.eu\/da\/wp-json\/wp\/v2\/pages\/8760","targetHints":{"allow":["GET"]}}],"collection":[{"href":"https:\/\/www.alt-edic.eu\/da\/wp-json\/wp\/v2\/pages"}],"about":[{"href":"https:\/\/www.alt-edic.eu\/da\/wp-json\/wp\/v2\/types\/page"}],"author":[{"embeddable":true,"href":"https:\/\/www.alt-edic.eu\/da\/wp-json\/wp\/v2\/users\/1"}],"replies":[{"embeddable":true,"href":"https:\/\/www.alt-edic.eu\/da\/wp-json\/wp\/v2\/comments?post=8760"}],"version-history":[{"count":0,"href":"https:\/\/www.alt-edic.eu\/da\/wp-json\/wp\/v2\/pages\/8760\/revisions"}],"wp:attachment":[{"href":"https:\/\/www.alt-edic.eu\/da\/wp-json\/wp\/v2\/media?parent=8760"}],"curies":[{"name":"wp","href":"https:\/\/api.w.org\/{rel}","templated":true}]}}